{"id":30901,"date":"2024-02-12T13:54:05","date_gmt":"2024-02-12T12:54:06","guid":{"rendered":"https:\/\/latty.com\/?post_type=product&#038;p=30901"},"modified":"2024-02-12T18:58:22","modified_gmt":"2024-02-12T17:58:22","slug":"lattymix-ru-6812-d-copie-copie","status":"publish","type":"product","link":"https:\/\/latty.com\/pt-br\/produit\/lattymix-ru-6812-d-copie-copie\/","title":{"rendered":"LATTYlub THERMOFLOW &#8211; Sistema auxiliar"},"content":{"rendered":"<p>O LATTYlub Thermoflow \u00e9 um sistema auxiliar instalado na sa\u00edda de fluido da barreira do selo mec\u00e2nico para manter continuamente uma quantidade ideal de fluido fora das faces. Ao permitir que o fluido seja renovado quando a temperatura entre as faces de atrito do selo mec\u00e2nico se torna muito alta, isso reduz drasticamente o consumo do fluido (geralmente \u00e1gua) necess\u00e1rio para o resfriamento. As principais vantagens s\u00e3o uma redu\u00e7\u00e3o consider\u00e1vel no consumo de \u00e1gua pelos selos mec\u00e2nicos. F\u00e1cil de instalar como um sistema 100% mec\u00e2nico, o mecanismo n\u00e3o \u00e9 afetado por varia\u00e7\u00f5es de press\u00e3o.<\/p>\n<p>Conhe\u00e7a nossa linha completa de SISTEMAS AUXILIARES para selos mec\u00e2nicos<\/p>\n","protected":false},"excerpt":{"rendered":"<p>CONTROLA E REGULA A TEMPERATURA EM SELOS MEC\u00c2NICOS<\/p>\n","protected":false},"featured_media":30857,"comment_status":"closed","ping_status":"closed","template":"","meta":{"content-type":""},"product_cat":[1584,1463,1464,1573],"product_tag":[],"yoast_head":"<!-- This site is optimized with the Yoast SEO plugin v22.1 - https:\/\/yoast.com\/wordpress\/plugins\/seo\/ -->\n<title>LATTYlub THERMOFLOW - Sistema auxiliar - LATTY<\/title>\n<meta name=\"description\" content=\"O LATTYlub Thermoflow \u00e9 um sistema auxiliar instalado na sa\u00edda de fluido da barreira do selo mec\u00e2nico para manter continuamente uma quantidade ideal de fluido fora das faces.\" \/>\n<meta name=\"robots\" content=\"index, follow, max-snippet:-1, max-image-preview:large, max-video-preview:-1\" \/>\n<link rel=\"canonical\" href=\"https:\/\/latty.com\/pt-br\/produit\/lattymix-ru-6812-d-copie-copie\/\" \/>\n<meta property=\"og:locale\" content=\"pt_BR\" \/>\n<meta property=\"og:type\" content=\"article\" \/>\n<meta property=\"og:title\" content=\"LATTYlub THERMOFLOW - Sistema auxiliar - LATTY\" \/>\n<meta property=\"og:description\" content=\"O LATTYlub Thermoflow \u00e9 um sistema auxiliar instalado na sa\u00edda de fluido da barreira do selo mec\u00e2nico para manter continuamente uma quantidade ideal de fluido fora das faces.\" \/>\n<meta property=\"og:url\" content=\"https:\/\/latty.com\/pt-br\/produit\/lattymix-ru-6812-d-copie-copie\/\" \/>\n<meta property=\"og:site_name\" content=\"GROUPE LATTY\" \/>\n<meta property=\"article:modified_time\" content=\"2024-02-12T17:58:22+00:00\" \/>\n<meta property=\"og:image\" content=\"https:\/\/latty.com\/wp-content\/uploads\/2024\/02\/LATTYlub-Thermoflow.png\" \/>\n\t<meta property=\"og:image:width\" content=\"345\" \/>\n\t<meta property=\"og:image:height\" content=\"526\" \/>\n\t<meta property=\"og:image:type\" content=\"image\/png\" \/>\n<meta name=\"twitter:card\" content=\"summary_large_image\" \/>\n<meta name=\"twitter:label1\" content=\"Est. tempo de leitura\" \/>\n\t<meta name=\"twitter:data1\" content=\"1 minuto\" \/>\n<script type=\"application\/ld+json\" class=\"yoast-schema-graph\">{\"@context\":\"https:\/\/schema.org\",\"@graph\":[{\"@type\":\"WebPage\",\"@id\":\"https:\/\/latty.com\/pt-br\/produit\/lattymix-ru-6812-d-copie-copie\/\",\"url\":\"https:\/\/latty.com\/pt-br\/produit\/lattymix-ru-6812-d-copie-copie\/\",\"name\":\"LATTYlub THERMOFLOW - Sistema auxiliar - LATTY\",\"isPartOf\":{\"@id\":\"https:\/\/latty.com\/pt-br\/#website\"},\"datePublished\":\"2024-02-12T12:54:06+00:00\",\"dateModified\":\"2024-02-12T17:58:22+00:00\",\"description\":\"O LATTYlub Thermoflow \u00e9 um sistema auxiliar instalado na sa\u00edda de fluido da barreira do selo mec\u00e2nico para manter continuamente uma quantidade ideal de fluido fora das faces.\",\"breadcrumb\":{\"@id\":\"https:\/\/latty.com\/pt-br\/produit\/lattymix-ru-6812-d-copie-copie\/#breadcrumb\"},\"inLanguage\":\"pt-BR\",\"potentialAction\":[{\"@type\":\"ReadAction\",\"target\":[\"https:\/\/latty.com\/pt-br\/produit\/lattymix-ru-6812-d-copie-copie\/\"]}]},{\"@type\":\"BreadcrumbList\",\"@id\":\"https:\/\/latty.com\/pt-br\/produit\/lattymix-ru-6812-d-copie-copie\/#breadcrumb\",\"itemListElement\":[{\"@type\":\"ListItem\",\"position\":1,\"name\":\"BEM-VINDO\",\"item\":\"https:\/\/latty.com\/pt-br\/\"},{\"@type\":\"ListItem\",\"position\":2,\"name\":\"Shop\",\"item\":\"https:\/\/latty.com\/pt-br\/shop\/\"},{\"@type\":\"ListItem\",\"position\":3,\"name\":\"Rotating machinery\",\"item\":\"https:\/\/latty.com\/pt-br\/categorie-produit\/rotating-machinery-pt\/\"},{\"@type\":\"ListItem\",\"position\":4,\"name\":\"LATTYlub THERMOFLOW &#8211; Sistema auxiliar\"}]},{\"@type\":\"WebSite\",\"@id\":\"https:\/\/latty.com\/pt-br\/#website\",\"url\":\"https:\/\/latty.com\/pt-br\/\",\"name\":\"GROUPE LATTY\",\"description\":\"Industrial Sealing Solutions\",\"potentialAction\":[{\"@type\":\"SearchAction\",\"target\":{\"@type\":\"EntryPoint\",\"urlTemplate\":\"https:\/\/latty.com\/pt-br\/?s={search_term_string}\"},\"query-input\":\"required name=search_term_string\"}],\"inLanguage\":\"pt-BR\"}]}<\/script>\n<!-- \/ Yoast SEO plugin. -->","yoast_head_json":{"title":"LATTYlub THERMOFLOW - Sistema auxiliar - LATTY","description":"O LATTYlub Thermoflow \u00e9 um sistema auxiliar instalado na sa\u00edda de fluido da barreira do selo mec\u00e2nico para manter continuamente uma quantidade ideal de fluido fora das faces.","robots":{"index":"index","follow":"follow","max-snippet":"max-snippet:-1","max-image-preview":"max-image-preview:large","max-video-preview":"max-video-preview:-1"},"canonical":"https:\/\/latty.com\/pt-br\/produit\/lattymix-ru-6812-d-copie-copie\/","og_locale":"pt_BR","og_type":"article","og_title":"LATTYlub THERMOFLOW - Sistema auxiliar - LATTY","og_description":"O LATTYlub Thermoflow \u00e9 um sistema auxiliar instalado na sa\u00edda de fluido da barreira do selo mec\u00e2nico para manter continuamente uma quantidade ideal de fluido fora das faces.","og_url":"https:\/\/latty.com\/pt-br\/produit\/lattymix-ru-6812-d-copie-copie\/","og_site_name":"GROUPE LATTY","article_modified_time":"2024-02-12T17:58:22+00:00","og_image":[{"width":345,"height":526,"url":"https:\/\/latty.com\/wp-content\/uploads\/2024\/02\/LATTYlub-Thermoflow.png","type":"image\/png"}],"twitter_card":"summary_large_image","twitter_misc":{"Est. tempo de leitura":"1 minuto"},"schema":{"@context":"https:\/\/schema.org","@graph":[{"@type":"WebPage","@id":"https:\/\/latty.com\/pt-br\/produit\/lattymix-ru-6812-d-copie-copie\/","url":"https:\/\/latty.com\/pt-br\/produit\/lattymix-ru-6812-d-copie-copie\/","name":"LATTYlub THERMOFLOW - Sistema auxiliar - LATTY","isPartOf":{"@id":"https:\/\/latty.com\/pt-br\/#website"},"datePublished":"2024-02-12T12:54:06+00:00","dateModified":"2024-02-12T17:58:22+00:00","description":"O LATTYlub Thermoflow \u00e9 um sistema auxiliar instalado na sa\u00edda de fluido da barreira do selo mec\u00e2nico para manter continuamente uma quantidade ideal de fluido fora das faces.","breadcrumb":{"@id":"https:\/\/latty.com\/pt-br\/produit\/lattymix-ru-6812-d-copie-copie\/#breadcrumb"},"inLanguage":"pt-BR","potentialAction":[{"@type":"ReadAction","target":["https:\/\/latty.com\/pt-br\/produit\/lattymix-ru-6812-d-copie-copie\/"]}]},{"@type":"BreadcrumbList","@id":"https:\/\/latty.com\/pt-br\/produit\/lattymix-ru-6812-d-copie-copie\/#breadcrumb","itemListElement":[{"@type":"ListItem","position":1,"name":"BEM-VINDO","item":"https:\/\/latty.com\/pt-br\/"},{"@type":"ListItem","position":2,"name":"Shop","item":"https:\/\/latty.com\/pt-br\/shop\/"},{"@type":"ListItem","position":3,"name":"Rotating machinery","item":"https:\/\/latty.com\/pt-br\/categorie-produit\/rotating-machinery-pt\/"},{"@type":"ListItem","position":4,"name":"LATTYlub THERMOFLOW &#8211; Sistema auxiliar"}]},{"@type":"WebSite","@id":"https:\/\/latty.com\/pt-br\/#website","url":"https:\/\/latty.com\/pt-br\/","name":"GROUPE LATTY","description":"Industrial Sealing Solutions","potentialAction":[{"@type":"SearchAction","target":{"@type":"EntryPoint","urlTemplate":"https:\/\/latty.com\/pt-br\/?s={search_term_string}"},"query-input":"required name=search_term_string"}],"inLanguage":"pt-BR"}]}},"_links":{"self":[{"href":"https:\/\/latty.com\/pt-br\/wp-json\/wp\/v2\/product\/30901"}],"collection":[{"href":"https:\/\/latty.com\/pt-br\/wp-json\/wp\/v2\/product"}],"about":[{"href":"https:\/\/latty.com\/pt-br\/wp-json\/wp\/v2\/types\/product"}],"replies":[{"embeddable":true,"href":"https:\/\/latty.com\/pt-br\/wp-json\/wp\/v2\/comments?post=30901"}],"wp:featuredmedia":[{"embeddable":true,"href":"https:\/\/latty.com\/pt-br\/wp-json\/wp\/v2\/media\/30857"}],"wp:attachment":[{"href":"https:\/\/latty.com\/pt-br\/wp-json\/wp\/v2\/media?parent=30901"}],"wp:term":[{"taxonomy":"product_cat","embeddable":true,"href":"https:\/\/latty.com\/pt-br\/wp-json\/wp\/v2\/product_cat?post=30901"},{"taxonomy":"product_tag","embeddable":true,"href":"https:\/\/latty.com\/pt-br\/wp-json\/wp\/v2\/product_tag?post=30901"}],"curies":[{"name":"wp","href":"https:\/\/api.w.org\/{rel}","templated":true}]}}