{"id":30893,"date":"2024-02-12T10:09:07","date_gmt":"2024-02-12T09:09:08","guid":{"rendered":"https:\/\/latty.com\/?post_type=product&#038;p=30893"},"modified":"2024-02-12T19:24:27","modified_gmt":"2024-02-12T18:24:27","slug":"lattylub-pot-sistema-auxiliar","status":"publish","type":"product","link":"https:\/\/latty.com\/pt-br\/produit\/lattylub-pot-sistema-auxiliar\/","title":{"rendered":"LATTYlub POT &#8211; Sistema auxiliar"},"content":{"rendered":"<p>Veda\u00e7\u00e3o padr\u00e3o de cartucho duplo, incluindo rolamentos vedados para toda a vida \u00fatil, para aplica\u00e7\u00f5es em vasos de entrada superior.<br \/>\nEsse cartucho duplo padr\u00e3o, constru\u00eddo na f\u00e1brica, testado e pr\u00e9-ajustado pronto para ser instalado, independentemente do sentido de rota\u00e7\u00e3o, com veda\u00e7\u00f5es mec\u00e2nicas, tipo U68. Rolamentos vedados para toda a vida, sem necessidade de clipes de ajuste. Capacidade de deflex\u00e3o axial do eixo de +\/- 2 mm, sem impacto na opera\u00e7\u00e3o. Veda\u00e7\u00f5es duplamente balanceadas e protegidas contra press\u00e3o reversa permitem a capacidade total de veda\u00e7\u00e3o durante condi\u00e7\u00f5es de perturba\u00e7\u00e3o do processo. Faces de veda\u00e7\u00e3o projetadas para resistir ao alto torque de partida e de ruptura. O acionamento positivo do eixo por meio do anel de acionamento comprimido significa que n\u00e3o h\u00e1 danos ao eixo ou \u00e0 luva. Independ\u00eancia dos dois selos mec\u00e2nicos para preservar a seguran\u00e7a do conjunto duplo. C\u00e2mara de veda\u00e7\u00e3o com anel em V que oferece prote\u00e7\u00e3o contra poss\u00edvel entrada de processo.<\/p>\n","protected":false},"excerpt":{"rendered":"<p>Tanque de lubrifica\u00e7\u00e3o COM ou SEM bobina.<\/p>\n","protected":false},"featured_media":30862,"comment_status":"closed","ping_status":"closed","template":"","meta":{"content-type":""},"product_cat":[1584,1463,1464,1573],"product_tag":[],"yoast_head":"<!-- This site is optimized with the Yoast SEO plugin v22.1 - https:\/\/yoast.com\/wordpress\/plugins\/seo\/ -->\n<title>LATTYlub POT - Sistema auxiliar - LATTY<\/title>\n<meta name=\"description\" content=\"Os sistemas auxiliares LATTYlub Pot permitem regular e controlar a temperatura dos seus sistemas de veda\u00e7\u00e3o para melhorar a vida \u00fatil dos equipamentos. Dessa forma, voc\u00ea pode otimizar o tempo de manuten\u00e7\u00e3o entre os trabalhos e garantir a prote\u00e7\u00e3o da sua equipe e dos equipamentos, al\u00e9m de proteger o meio ambiente por meio de uma economia significativa de \u00e1gua.\" \/>\n<meta name=\"robots\" content=\"index, follow, max-snippet:-1, max-image-preview:large, max-video-preview:-1\" \/>\n<link rel=\"canonical\" href=\"https:\/\/latty.com\/pt-br\/produit\/lattylub-pot-sistema-auxiliar\/\" \/>\n<meta property=\"og:locale\" content=\"pt_BR\" \/>\n<meta property=\"og:type\" content=\"article\" \/>\n<meta property=\"og:title\" content=\"LATTYlub POT - Sistema auxiliar - LATTY\" \/>\n<meta property=\"og:description\" content=\"Os sistemas auxiliares LATTYlub Pot permitem regular e controlar a temperatura dos seus sistemas de veda\u00e7\u00e3o para melhorar a vida \u00fatil dos equipamentos. Dessa forma, voc\u00ea pode otimizar o tempo de manuten\u00e7\u00e3o entre os trabalhos e garantir a prote\u00e7\u00e3o da sua equipe e dos equipamentos, al\u00e9m de proteger o meio ambiente por meio de uma economia significativa de \u00e1gua.\" \/>\n<meta property=\"og:url\" content=\"https:\/\/latty.com\/pt-br\/produit\/lattylub-pot-sistema-auxiliar\/\" \/>\n<meta property=\"og:site_name\" content=\"GROUPE LATTY\" \/>\n<meta property=\"article:modified_time\" content=\"2024-02-12T18:24:27+00:00\" \/>\n<meta property=\"og:image\" content=\"https:\/\/latty.com\/wp-content\/uploads\/2024\/02\/LATTYlub-Pot.png\" \/>\n\t<meta property=\"og:image:width\" content=\"345\" \/>\n\t<meta property=\"og:image:height\" content=\"526\" \/>\n\t<meta property=\"og:image:type\" content=\"image\/png\" \/>\n<meta name=\"twitter:card\" content=\"summary_large_image\" \/>\n<meta name=\"twitter:label1\" content=\"Est. tempo de leitura\" \/>\n\t<meta name=\"twitter:data1\" content=\"1 minuto\" \/>\n<script type=\"application\/ld+json\" class=\"yoast-schema-graph\">{\"@context\":\"https:\/\/schema.org\",\"@graph\":[{\"@type\":\"WebPage\",\"@id\":\"https:\/\/latty.com\/pt-br\/produit\/lattylub-pot-sistema-auxiliar\/\",\"url\":\"https:\/\/latty.com\/pt-br\/produit\/lattylub-pot-sistema-auxiliar\/\",\"name\":\"LATTYlub POT - Sistema auxiliar - LATTY\",\"isPartOf\":{\"@id\":\"https:\/\/latty.com\/pt-br\/#website\"},\"datePublished\":\"2024-02-12T09:09:08+00:00\",\"dateModified\":\"2024-02-12T18:24:27+00:00\",\"description\":\"Os sistemas auxiliares LATTYlub Pot permitem regular e controlar a temperatura dos seus sistemas de veda\u00e7\u00e3o para melhorar a vida \u00fatil dos equipamentos. Dessa forma, voc\u00ea pode otimizar o tempo de manuten\u00e7\u00e3o entre os trabalhos e garantir a prote\u00e7\u00e3o da sua equipe e dos equipamentos, al\u00e9m de proteger o meio ambiente por meio de uma economia significativa de \u00e1gua.\",\"breadcrumb\":{\"@id\":\"https:\/\/latty.com\/pt-br\/produit\/lattylub-pot-sistema-auxiliar\/#breadcrumb\"},\"inLanguage\":\"pt-BR\",\"potentialAction\":[{\"@type\":\"ReadAction\",\"target\":[\"https:\/\/latty.com\/pt-br\/produit\/lattylub-pot-sistema-auxiliar\/\"]}]},{\"@type\":\"BreadcrumbList\",\"@id\":\"https:\/\/latty.com\/pt-br\/produit\/lattylub-pot-sistema-auxiliar\/#breadcrumb\",\"itemListElement\":[{\"@type\":\"ListItem\",\"position\":1,\"name\":\"BEM-VINDO\",\"item\":\"https:\/\/latty.com\/pt-br\/\"},{\"@type\":\"ListItem\",\"position\":2,\"name\":\"Shop\",\"item\":\"https:\/\/latty.com\/pt-br\/shop\/\"},{\"@type\":\"ListItem\",\"position\":3,\"name\":\"Rotating machinery\",\"item\":\"https:\/\/latty.com\/pt-br\/categorie-produit\/rotating-machinery-pt\/\"},{\"@type\":\"ListItem\",\"position\":4,\"name\":\"LATTYlub POT &#8211; Sistema auxiliar\"}]},{\"@type\":\"WebSite\",\"@id\":\"https:\/\/latty.com\/pt-br\/#website\",\"url\":\"https:\/\/latty.com\/pt-br\/\",\"name\":\"GROUPE LATTY\",\"description\":\"Industrial Sealing Solutions\",\"potentialAction\":[{\"@type\":\"SearchAction\",\"target\":{\"@type\":\"EntryPoint\",\"urlTemplate\":\"https:\/\/latty.com\/pt-br\/?s={search_term_string}\"},\"query-input\":\"required name=search_term_string\"}],\"inLanguage\":\"pt-BR\"}]}<\/script>\n<!-- \/ Yoast SEO plugin. -->","yoast_head_json":{"title":"LATTYlub POT - Sistema auxiliar - LATTY","description":"Os sistemas auxiliares LATTYlub Pot permitem regular e controlar a temperatura dos seus sistemas de veda\u00e7\u00e3o para melhorar a vida \u00fatil dos equipamentos. Dessa forma, voc\u00ea pode otimizar o tempo de manuten\u00e7\u00e3o entre os trabalhos e garantir a prote\u00e7\u00e3o da sua equipe e dos equipamentos, al\u00e9m de proteger o meio ambiente por meio de uma economia significativa de \u00e1gua.","robots":{"index":"index","follow":"follow","max-snippet":"max-snippet:-1","max-image-preview":"max-image-preview:large","max-video-preview":"max-video-preview:-1"},"canonical":"https:\/\/latty.com\/pt-br\/produit\/lattylub-pot-sistema-auxiliar\/","og_locale":"pt_BR","og_type":"article","og_title":"LATTYlub POT - Sistema auxiliar - LATTY","og_description":"Os sistemas auxiliares LATTYlub Pot permitem regular e controlar a temperatura dos seus sistemas de veda\u00e7\u00e3o para melhorar a vida \u00fatil dos equipamentos. Dessa forma, voc\u00ea pode otimizar o tempo de manuten\u00e7\u00e3o entre os trabalhos e garantir a prote\u00e7\u00e3o da sua equipe e dos equipamentos, al\u00e9m de proteger o meio ambiente por meio de uma economia significativa de \u00e1gua.","og_url":"https:\/\/latty.com\/pt-br\/produit\/lattylub-pot-sistema-auxiliar\/","og_site_name":"GROUPE LATTY","article_modified_time":"2024-02-12T18:24:27+00:00","og_image":[{"width":345,"height":526,"url":"https:\/\/latty.com\/wp-content\/uploads\/2024\/02\/LATTYlub-Pot.png","type":"image\/png"}],"twitter_card":"summary_large_image","twitter_misc":{"Est. tempo de leitura":"1 minuto"},"schema":{"@context":"https:\/\/schema.org","@graph":[{"@type":"WebPage","@id":"https:\/\/latty.com\/pt-br\/produit\/lattylub-pot-sistema-auxiliar\/","url":"https:\/\/latty.com\/pt-br\/produit\/lattylub-pot-sistema-auxiliar\/","name":"LATTYlub POT - Sistema auxiliar - LATTY","isPartOf":{"@id":"https:\/\/latty.com\/pt-br\/#website"},"datePublished":"2024-02-12T09:09:08+00:00","dateModified":"2024-02-12T18:24:27+00:00","description":"Os sistemas auxiliares LATTYlub Pot permitem regular e controlar a temperatura dos seus sistemas de veda\u00e7\u00e3o para melhorar a vida \u00fatil dos equipamentos. Dessa forma, voc\u00ea pode otimizar o tempo de manuten\u00e7\u00e3o entre os trabalhos e garantir a prote\u00e7\u00e3o da sua equipe e dos equipamentos, al\u00e9m de proteger o meio ambiente por meio de uma economia significativa de \u00e1gua.","breadcrumb":{"@id":"https:\/\/latty.com\/pt-br\/produit\/lattylub-pot-sistema-auxiliar\/#breadcrumb"},"inLanguage":"pt-BR","potentialAction":[{"@type":"ReadAction","target":["https:\/\/latty.com\/pt-br\/produit\/lattylub-pot-sistema-auxiliar\/"]}]},{"@type":"BreadcrumbList","@id":"https:\/\/latty.com\/pt-br\/produit\/lattylub-pot-sistema-auxiliar\/#breadcrumb","itemListElement":[{"@type":"ListItem","position":1,"name":"BEM-VINDO","item":"https:\/\/latty.com\/pt-br\/"},{"@type":"ListItem","position":2,"name":"Shop","item":"https:\/\/latty.com\/pt-br\/shop\/"},{"@type":"ListItem","position":3,"name":"Rotating machinery","item":"https:\/\/latty.com\/pt-br\/categorie-produit\/rotating-machinery-pt\/"},{"@type":"ListItem","position":4,"name":"LATTYlub POT &#8211; Sistema auxiliar"}]},{"@type":"WebSite","@id":"https:\/\/latty.com\/pt-br\/#website","url":"https:\/\/latty.com\/pt-br\/","name":"GROUPE LATTY","description":"Industrial Sealing Solutions","potentialAction":[{"@type":"SearchAction","target":{"@type":"EntryPoint","urlTemplate":"https:\/\/latty.com\/pt-br\/?s={search_term_string}"},"query-input":"required name=search_term_string"}],"inLanguage":"pt-BR"}]}},"_links":{"self":[{"href":"https:\/\/latty.com\/pt-br\/wp-json\/wp\/v2\/product\/30893"}],"collection":[{"href":"https:\/\/latty.com\/pt-br\/wp-json\/wp\/v2\/product"}],"about":[{"href":"https:\/\/latty.com\/pt-br\/wp-json\/wp\/v2\/types\/product"}],"replies":[{"embeddable":true,"href":"https:\/\/latty.com\/pt-br\/wp-json\/wp\/v2\/comments?post=30893"}],"wp:featuredmedia":[{"embeddable":true,"href":"https:\/\/latty.com\/pt-br\/wp-json\/wp\/v2\/media\/30862"}],"wp:attachment":[{"href":"https:\/\/latty.com\/pt-br\/wp-json\/wp\/v2\/media?parent=30893"}],"wp:term":[{"taxonomy":"product_cat","embeddable":true,"href":"https:\/\/latty.com\/pt-br\/wp-json\/wp\/v2\/product_cat?post=30893"},{"taxonomy":"product_tag","embeddable":true,"href":"https:\/\/latty.com\/pt-br\/wp-json\/wp\/v2\/product_tag?post=30893"}],"curies":[{"name":"wp","href":"https:\/\/api.w.org\/{rel}","templated":true}]}}