{"id":32782,"date":"2025-02-11T12:33:00","date_gmt":"2025-02-11T11:33:00","guid":{"rendered":"https:\/\/latty.com\/productos-sin-pfas\/"},"modified":"2025-06-05T11:53:56","modified_gmt":"2025-06-05T09:53:56","slug":"solucoes-sem-pfaspfas","status":"publish","type":"page","link":"https:\/\/latty.com\/pt-br\/solucoes-sem-pfaspfas\/","title":{"rendered":"Solu\u00e7\u00f5es de veda\u00e7\u00e3o sem PFAS"},"content":{"rendered":"","protected":false},"excerpt":{"rendered":"","protected":false},"author":108,"featured_media":0,"parent":0,"menu_order":0,"comment_status":"closed","ping_status":"closed","template":"","meta":{"content-type":"","footnotes":""},"yoast_head":"<!-- This site is optimized with the Yoast SEO plugin v22.1 - https:\/\/yoast.com\/wordpress\/plugins\/seo\/ -->\n<title>Solu\u00e7\u00f5es de veda\u00e7\u00e3o- Produtos sem PFAS - GROUPE LATTY<\/title>\n<meta name=\"description\" content=\"Descubra as solu\u00e7\u00f5es de veda\u00e7\u00e3o do Latty Group que n\u00e3o cont\u00eam PFAS.\" \/>\n<meta name=\"robots\" content=\"index, follow, max-snippet:-1, max-image-preview:large, max-video-preview:-1\" \/>\n<link rel=\"canonical\" href=\"https:\/\/latty.com\/pt-br\/solucoes-sem-pfaspfas\/\" \/>\n<meta property=\"og:locale\" content=\"pt_BR\" \/>\n<meta property=\"og:type\" content=\"article\" \/>\n<meta property=\"og:title\" content=\"Solu\u00e7\u00f5es de veda\u00e7\u00e3o- Produtos sem PFAS - GROUPE LATTY\" \/>\n<meta property=\"og:description\" content=\"Descubra as solu\u00e7\u00f5es de veda\u00e7\u00e3o do Latty Group que n\u00e3o cont\u00eam PFAS.\" \/>\n<meta property=\"og:url\" content=\"https:\/\/latty.com\/pt-br\/solucoes-sem-pfaspfas\/\" \/>\n<meta property=\"og:site_name\" content=\"GROUPE LATTY\" \/>\n<meta property=\"article:modified_time\" content=\"2025-06-05T09:53:56+00:00\" \/>\n<meta name=\"twitter:card\" content=\"summary_large_image\" \/>\n<script type=\"application\/ld+json\" class=\"yoast-schema-graph\">{\"@context\":\"https:\/\/schema.org\",\"@graph\":[{\"@type\":\"WebPage\",\"@id\":\"https:\/\/latty.com\/pt-br\/solucoes-sem-pfaspfas\/\",\"url\":\"https:\/\/latty.com\/pt-br\/solucoes-sem-pfaspfas\/\",\"name\":\"Solu\u00e7\u00f5es de veda\u00e7\u00e3o- Produtos sem PFAS - GROUPE LATTY\",\"isPartOf\":{\"@id\":\"https:\/\/latty.com\/pt-br\/#website\"},\"datePublished\":\"2025-02-11T11:33:00+00:00\",\"dateModified\":\"2025-06-05T09:53:56+00:00\",\"description\":\"Descubra as solu\u00e7\u00f5es de veda\u00e7\u00e3o do Latty Group que n\u00e3o cont\u00eam PFAS.\",\"breadcrumb\":{\"@id\":\"https:\/\/latty.com\/pt-br\/solucoes-sem-pfaspfas\/#breadcrumb\"},\"inLanguage\":\"pt-BR\",\"potentialAction\":[{\"@type\":\"ReadAction\",\"target\":[\"https:\/\/latty.com\/pt-br\/solucoes-sem-pfaspfas\/\"]}]},{\"@type\":\"BreadcrumbList\",\"@id\":\"https:\/\/latty.com\/pt-br\/solucoes-sem-pfaspfas\/#breadcrumb\",\"itemListElement\":[{\"@type\":\"ListItem\",\"position\":1,\"name\":\"BEM-VINDO\",\"item\":\"https:\/\/latty.com\/pt-br\/\"},{\"@type\":\"ListItem\",\"position\":2,\"name\":\"Solu\u00e7\u00f5es de veda\u00e7\u00e3o sem PFAS\"}]},{\"@type\":\"WebSite\",\"@id\":\"https:\/\/latty.com\/pt-br\/#website\",\"url\":\"https:\/\/latty.com\/pt-br\/\",\"name\":\"GROUPE LATTY\",\"description\":\"Industrial Sealing Solutions\",\"potentialAction\":[{\"@type\":\"SearchAction\",\"target\":{\"@type\":\"EntryPoint\",\"urlTemplate\":\"https:\/\/latty.com\/pt-br\/?s={search_term_string}\"},\"query-input\":\"required name=search_term_string\"}],\"inLanguage\":\"pt-BR\"}]}<\/script>\n<!-- \/ Yoast SEO plugin. -->","yoast_head_json":{"title":"Solu\u00e7\u00f5es de veda\u00e7\u00e3o- Produtos sem PFAS - GROUPE LATTY","description":"Descubra as solu\u00e7\u00f5es de veda\u00e7\u00e3o do Latty Group que n\u00e3o cont\u00eam PFAS.","robots":{"index":"index","follow":"follow","max-snippet":"max-snippet:-1","max-image-preview":"max-image-preview:large","max-video-preview":"max-video-preview:-1"},"canonical":"https:\/\/latty.com\/pt-br\/solucoes-sem-pfaspfas\/","og_locale":"pt_BR","og_type":"article","og_title":"Solu\u00e7\u00f5es de veda\u00e7\u00e3o- Produtos sem PFAS - GROUPE LATTY","og_description":"Descubra as solu\u00e7\u00f5es de veda\u00e7\u00e3o do Latty Group que n\u00e3o cont\u00eam PFAS.","og_url":"https:\/\/latty.com\/pt-br\/solucoes-sem-pfaspfas\/","og_site_name":"GROUPE LATTY","article_modified_time":"2025-06-05T09:53:56+00:00","twitter_card":"summary_large_image","schema":{"@context":"https:\/\/schema.org","@graph":[{"@type":"WebPage","@id":"https:\/\/latty.com\/pt-br\/solucoes-sem-pfaspfas\/","url":"https:\/\/latty.com\/pt-br\/solucoes-sem-pfaspfas\/","name":"Solu\u00e7\u00f5es de veda\u00e7\u00e3o- Produtos sem PFAS - GROUPE LATTY","isPartOf":{"@id":"https:\/\/latty.com\/pt-br\/#website"},"datePublished":"2025-02-11T11:33:00+00:00","dateModified":"2025-06-05T09:53:56+00:00","description":"Descubra as solu\u00e7\u00f5es de veda\u00e7\u00e3o do Latty Group que n\u00e3o cont\u00eam PFAS.","breadcrumb":{"@id":"https:\/\/latty.com\/pt-br\/solucoes-sem-pfaspfas\/#breadcrumb"},"inLanguage":"pt-BR","potentialAction":[{"@type":"ReadAction","target":["https:\/\/latty.com\/pt-br\/solucoes-sem-pfaspfas\/"]}]},{"@type":"BreadcrumbList","@id":"https:\/\/latty.com\/pt-br\/solucoes-sem-pfaspfas\/#breadcrumb","itemListElement":[{"@type":"ListItem","position":1,"name":"BEM-VINDO","item":"https:\/\/latty.com\/pt-br\/"},{"@type":"ListItem","position":2,"name":"Solu\u00e7\u00f5es de veda\u00e7\u00e3o sem PFAS"}]},{"@type":"WebSite","@id":"https:\/\/latty.com\/pt-br\/#website","url":"https:\/\/latty.com\/pt-br\/","name":"GROUPE LATTY","description":"Industrial Sealing Solutions","potentialAction":[{"@type":"SearchAction","target":{"@type":"EntryPoint","urlTemplate":"https:\/\/latty.com\/pt-br\/?s={search_term_string}"},"query-input":"required name=search_term_string"}],"inLanguage":"pt-BR"}]}},"_links":{"self":[{"href":"https:\/\/latty.com\/pt-br\/wp-json\/wp\/v2\/pages\/32782"}],"collection":[{"href":"https:\/\/latty.com\/pt-br\/wp-json\/wp\/v2\/pages"}],"about":[{"href":"https:\/\/latty.com\/pt-br\/wp-json\/wp\/v2\/types\/page"}],"author":[{"embeddable":true,"href":"https:\/\/latty.com\/pt-br\/wp-json\/wp\/v2\/users\/108"}],"replies":[{"embeddable":true,"href":"https:\/\/latty.com\/pt-br\/wp-json\/wp\/v2\/comments?post=32782"}],"version-history":[{"count":4,"href":"https:\/\/latty.com\/pt-br\/wp-json\/wp\/v2\/pages\/32782\/revisions"}],"predecessor-version":[{"id":32885,"href":"https:\/\/latty.com\/pt-br\/wp-json\/wp\/v2\/pages\/32782\/revisions\/32885"}],"wp:attachment":[{"href":"https:\/\/latty.com\/pt-br\/wp-json\/wp\/v2\/media?parent=32782"}],"curies":[{"name":"wp","href":"https:\/\/api.w.org\/{rel}","templated":true}]}}