{"id":18203,"date":"2019-07-18T15:17:11","date_gmt":"2019-07-18T13:17:11","guid":{"rendered":"https:\/\/latty.com\/\/request-quote\/"},"modified":"2020-04-09T09:25:58","modified_gmt":"2020-04-09T07:25:58","slug":"request-quote","status":"publish","type":"page","link":"https:\/\/latty.com\/pt-br\/request-quote\/","title":{"rendered":"Request a quote"},"content":{"rendered":"\n<div class=\"woocommerce ywraq-wrapper\">\n\n\t\t\t<div id=\"yith-ywraq-message\"><div class=\"ywraq-question-message\">\n\t<\/div>\n<\/div>\n\t\t\n\t\t\t\t<div class=\"ywraq-form-table-wrapper \">\n\t\t\t<p class=\"ywraq_list_empty_message\">Sua lista est\u00e1 vazia, adicione produtos \u00e0 lista para enviar uma solicita\u00e7\u00e3o<p><p class=\"return-to-shop\"><a class=\"button wc-backward\" href=\"https:\/\/latty.com\/\/catalogue-produits\/\">Return<\/a><\/p>\n\t\t\t\t\t<\/div>\n\t<\/div>\n\n","protected":false},"excerpt":{"rendered":"","protected":false},"author":1,"featured_media":0,"parent":0,"menu_order":0,"comment_status":"closed","ping_status":"closed","template":"","meta":{"content-type":"","footnotes":""},"yoast_head":"<!-- This site is optimized with the Yoast SEO plugin v22.1 - https:\/\/yoast.com\/wordpress\/plugins\/seo\/ -->\n<title>Request a quote - GROUPE LATTY<\/title>\n<meta name=\"robots\" content=\"index, follow, max-snippet:-1, max-image-preview:large, max-video-preview:-1\" \/>\n<link rel=\"canonical\" href=\"https:\/\/latty.com\/pt-br\/request-quote\/\" \/>\n<meta property=\"og:locale\" content=\"pt_BR\" \/>\n<meta property=\"og:type\" content=\"article\" \/>\n<meta property=\"og:title\" content=\"Request a quote - GROUPE LATTY\" \/>\n<meta property=\"og:url\" content=\"https:\/\/latty.com\/pt-br\/request-quote\/\" \/>\n<meta property=\"og:site_name\" content=\"GROUPE LATTY\" \/>\n<meta property=\"article:modified_time\" content=\"2020-04-09T07:25:58+00:00\" \/>\n<meta name=\"twitter:card\" content=\"summary_large_image\" \/>\n<script type=\"application\/ld+json\" class=\"yoast-schema-graph\">{\"@context\":\"https:\/\/schema.org\",\"@graph\":[{\"@type\":\"WebPage\",\"@id\":\"https:\/\/latty.com\/pt-br\/request-quote\/\",\"url\":\"https:\/\/latty.com\/pt-br\/request-quote\/\",\"name\":\"Request a quote - GROUPE LATTY\",\"isPartOf\":{\"@id\":\"https:\/\/latty.com\/pt-br\/#website\"},\"datePublished\":\"2019-07-18T13:17:11+00:00\",\"dateModified\":\"2020-04-09T07:25:58+00:00\",\"breadcrumb\":{\"@id\":\"https:\/\/latty.com\/pt-br\/request-quote\/#breadcrumb\"},\"inLanguage\":\"pt-BR\",\"potentialAction\":[{\"@type\":\"ReadAction\",\"target\":[\"https:\/\/latty.com\/pt-br\/request-quote\/\"]}]},{\"@type\":\"BreadcrumbList\",\"@id\":\"https:\/\/latty.com\/pt-br\/request-quote\/#breadcrumb\",\"itemListElement\":[{\"@type\":\"ListItem\",\"position\":1,\"name\":\"BEM-VINDO\",\"item\":\"https:\/\/latty.com\/pt-br\/\"},{\"@type\":\"ListItem\",\"position\":2,\"name\":\"Request a quote\"}]},{\"@type\":\"WebSite\",\"@id\":\"https:\/\/latty.com\/pt-br\/#website\",\"url\":\"https:\/\/latty.com\/pt-br\/\",\"name\":\"GROUPE LATTY\",\"description\":\"Industrial Sealing Solutions\",\"potentialAction\":[{\"@type\":\"SearchAction\",\"target\":{\"@type\":\"EntryPoint\",\"urlTemplate\":\"https:\/\/latty.com\/pt-br\/?s={search_term_string}\"},\"query-input\":\"required name=search_term_string\"}],\"inLanguage\":\"pt-BR\"}]}<\/script>\n<!-- \/ Yoast SEO plugin. -->","yoast_head_json":{"title":"Request a quote - GROUPE LATTY","robots":{"index":"index","follow":"follow","max-snippet":"max-snippet:-1","max-image-preview":"max-image-preview:large","max-video-preview":"max-video-preview:-1"},"canonical":"https:\/\/latty.com\/pt-br\/request-quote\/","og_locale":"pt_BR","og_type":"article","og_title":"Request a quote - GROUPE LATTY","og_url":"https:\/\/latty.com\/pt-br\/request-quote\/","og_site_name":"GROUPE LATTY","article_modified_time":"2020-04-09T07:25:58+00:00","twitter_card":"summary_large_image","schema":{"@context":"https:\/\/schema.org","@graph":[{"@type":"WebPage","@id":"https:\/\/latty.com\/pt-br\/request-quote\/","url":"https:\/\/latty.com\/pt-br\/request-quote\/","name":"Request a quote - GROUPE LATTY","isPartOf":{"@id":"https:\/\/latty.com\/pt-br\/#website"},"datePublished":"2019-07-18T13:17:11+00:00","dateModified":"2020-04-09T07:25:58+00:00","breadcrumb":{"@id":"https:\/\/latty.com\/pt-br\/request-quote\/#breadcrumb"},"inLanguage":"pt-BR","potentialAction":[{"@type":"ReadAction","target":["https:\/\/latty.com\/pt-br\/request-quote\/"]}]},{"@type":"BreadcrumbList","@id":"https:\/\/latty.com\/pt-br\/request-quote\/#breadcrumb","itemListElement":[{"@type":"ListItem","position":1,"name":"BEM-VINDO","item":"https:\/\/latty.com\/pt-br\/"},{"@type":"ListItem","position":2,"name":"Request a quote"}]},{"@type":"WebSite","@id":"https:\/\/latty.com\/pt-br\/#website","url":"https:\/\/latty.com\/pt-br\/","name":"GROUPE LATTY","description":"Industrial Sealing Solutions","potentialAction":[{"@type":"SearchAction","target":{"@type":"EntryPoint","urlTemplate":"https:\/\/latty.com\/pt-br\/?s={search_term_string}"},"query-input":"required name=search_term_string"}],"inLanguage":"pt-BR"}]}},"_links":{"self":[{"href":"https:\/\/latty.com\/pt-br\/wp-json\/wp\/v2\/pages\/18203"}],"collection":[{"href":"https:\/\/latty.com\/pt-br\/wp-json\/wp\/v2\/pages"}],"about":[{"href":"https:\/\/latty.com\/pt-br\/wp-json\/wp\/v2\/types\/page"}],"author":[{"embeddable":true,"href":"https:\/\/latty.com\/pt-br\/wp-json\/wp\/v2\/users\/1"}],"replies":[{"embeddable":true,"href":"https:\/\/latty.com\/pt-br\/wp-json\/wp\/v2\/comments?post=18203"}],"version-history":[{"count":1,"href":"https:\/\/latty.com\/pt-br\/wp-json\/wp\/v2\/pages\/18203\/revisions"}],"predecessor-version":[{"id":18204,"href":"https:\/\/latty.com\/pt-br\/wp-json\/wp\/v2\/pages\/18203\/revisions\/18204"}],"wp:attachment":[{"href":"https:\/\/latty.com\/pt-br\/wp-json\/wp\/v2\/media?parent=18203"}],"curies":[{"name":"wp","href":"https:\/\/api.w.org\/{rel}","templated":true}]}}