{"id":18061,"date":"2019-10-02T11:05:39","date_gmt":"2019-10-02T09:05:39","guid":{"rendered":"https:\/\/latty.com\/\/products-catalog\/valve\/"},"modified":"2023-01-20T13:28:09","modified_gmt":"2023-01-20T12:28:09","slug":"vedacao-para-valvulas","status":"publish","type":"page","link":"https:\/\/latty.com\/pt-br\/catalogo-de-produtos\/vedacao-para-valvulas\/","title":{"rendered":"Veda\u00e7\u00e3o para v\u00e1lvulas"},"content":{"rendered":"","protected":false},"excerpt":{"rendered":"","protected":false},"author":1,"featured_media":0,"parent":18049,"menu_order":0,"comment_status":"closed","ping_status":"closed","template":"","meta":{"content-type":"","footnotes":""},"yoast_head":"<!-- This site is optimized with the Yoast SEO plugin v22.1 - https:\/\/yoast.com\/wordpress\/plugins\/seo\/ -->\n<title>Valves and Fitings - Industrial sealing - GROUPE LATTY<\/title>\n<meta name=\"description\" content=\"Packings for stuffing box composed of stamped rings and anti-extrusion rings adapted to each type of valve or industrial valve.\" \/>\n<meta name=\"robots\" content=\"index, follow, max-snippet:-1, max-image-preview:large, max-video-preview:-1\" \/>\n<link rel=\"canonical\" href=\"https:\/\/latty.com\/pt-br\/catalogo-de-produtos\/vedacao-para-valvulas\/\" \/>\n<meta property=\"og:locale\" content=\"pt_BR\" \/>\n<meta property=\"og:type\" content=\"article\" \/>\n<meta property=\"og:title\" content=\"Valves and Fitings - Industrial sealing - GROUPE LATTY\" \/>\n<meta property=\"og:description\" content=\"Packings for stuffing box composed of stamped rings and anti-extrusion rings adapted to each type of valve or industrial valve.\" \/>\n<meta property=\"og:url\" content=\"https:\/\/latty.com\/pt-br\/catalogo-de-produtos\/vedacao-para-valvulas\/\" \/>\n<meta property=\"og:site_name\" content=\"GROUPE LATTY\" \/>\n<meta property=\"article:modified_time\" content=\"2023-01-20T12:28:09+00:00\" \/>\n<meta name=\"twitter:card\" content=\"summary_large_image\" \/>\n<script type=\"application\/ld+json\" class=\"yoast-schema-graph\">{\"@context\":\"https:\/\/schema.org\",\"@graph\":[{\"@type\":\"WebPage\",\"@id\":\"https:\/\/latty.com\/pt-br\/catalogo-de-produtos\/vedacao-para-valvulas\/\",\"url\":\"https:\/\/latty.com\/pt-br\/catalogo-de-produtos\/vedacao-para-valvulas\/\",\"name\":\"Valves and Fitings - Industrial sealing - GROUPE LATTY\",\"isPartOf\":{\"@id\":\"https:\/\/latty.com\/pt-br\/#website\"},\"datePublished\":\"2019-10-02T09:05:39+00:00\",\"dateModified\":\"2023-01-20T12:28:09+00:00\",\"description\":\"Packings for stuffing box composed of stamped rings and anti-extrusion rings adapted to each type of valve or industrial valve.\",\"breadcrumb\":{\"@id\":\"https:\/\/latty.com\/pt-br\/catalogo-de-produtos\/vedacao-para-valvulas\/#breadcrumb\"},\"inLanguage\":\"pt-BR\",\"potentialAction\":[{\"@type\":\"ReadAction\",\"target\":[\"https:\/\/latty.com\/pt-br\/catalogo-de-produtos\/vedacao-para-valvulas\/\"]}]},{\"@type\":\"BreadcrumbList\",\"@id\":\"https:\/\/latty.com\/pt-br\/catalogo-de-produtos\/vedacao-para-valvulas\/#breadcrumb\",\"itemListElement\":[{\"@type\":\"ListItem\",\"position\":1,\"name\":\"BEM-VINDO\",\"item\":\"https:\/\/latty.com\/pt-br\/\"},{\"@type\":\"ListItem\",\"position\":2,\"name\":\"Cat\u00e1logo\",\"item\":\"https:\/\/latty.com\/pt-br\/catalogo-de-produtos\/\"},{\"@type\":\"ListItem\",\"position\":3,\"name\":\"Veda\u00e7\u00e3o para v\u00e1lvulas\"}]},{\"@type\":\"WebSite\",\"@id\":\"https:\/\/latty.com\/pt-br\/#website\",\"url\":\"https:\/\/latty.com\/pt-br\/\",\"name\":\"GROUPE LATTY\",\"description\":\"Industrial Sealing Solutions\",\"potentialAction\":[{\"@type\":\"SearchAction\",\"target\":{\"@type\":\"EntryPoint\",\"urlTemplate\":\"https:\/\/latty.com\/pt-br\/?s={search_term_string}\"},\"query-input\":\"required name=search_term_string\"}],\"inLanguage\":\"pt-BR\"}]}<\/script>\n<!-- \/ Yoast SEO plugin. -->","yoast_head_json":{"title":"Valves and Fitings - Industrial sealing - GROUPE LATTY","description":"Packings for stuffing box composed of stamped rings and anti-extrusion rings adapted to each type of valve or industrial valve.","robots":{"index":"index","follow":"follow","max-snippet":"max-snippet:-1","max-image-preview":"max-image-preview:large","max-video-preview":"max-video-preview:-1"},"canonical":"https:\/\/latty.com\/pt-br\/catalogo-de-produtos\/vedacao-para-valvulas\/","og_locale":"pt_BR","og_type":"article","og_title":"Valves and Fitings - Industrial sealing - GROUPE LATTY","og_description":"Packings for stuffing box composed of stamped rings and anti-extrusion rings adapted to each type of valve or industrial valve.","og_url":"https:\/\/latty.com\/pt-br\/catalogo-de-produtos\/vedacao-para-valvulas\/","og_site_name":"GROUPE LATTY","article_modified_time":"2023-01-20T12:28:09+00:00","twitter_card":"summary_large_image","schema":{"@context":"https:\/\/schema.org","@graph":[{"@type":"WebPage","@id":"https:\/\/latty.com\/pt-br\/catalogo-de-produtos\/vedacao-para-valvulas\/","url":"https:\/\/latty.com\/pt-br\/catalogo-de-produtos\/vedacao-para-valvulas\/","name":"Valves and Fitings - Industrial sealing - GROUPE LATTY","isPartOf":{"@id":"https:\/\/latty.com\/pt-br\/#website"},"datePublished":"2019-10-02T09:05:39+00:00","dateModified":"2023-01-20T12:28:09+00:00","description":"Packings for stuffing box composed of stamped rings and anti-extrusion rings adapted to each type of valve or industrial valve.","breadcrumb":{"@id":"https:\/\/latty.com\/pt-br\/catalogo-de-produtos\/vedacao-para-valvulas\/#breadcrumb"},"inLanguage":"pt-BR","potentialAction":[{"@type":"ReadAction","target":["https:\/\/latty.com\/pt-br\/catalogo-de-produtos\/vedacao-para-valvulas\/"]}]},{"@type":"BreadcrumbList","@id":"https:\/\/latty.com\/pt-br\/catalogo-de-produtos\/vedacao-para-valvulas\/#breadcrumb","itemListElement":[{"@type":"ListItem","position":1,"name":"BEM-VINDO","item":"https:\/\/latty.com\/pt-br\/"},{"@type":"ListItem","position":2,"name":"Cat\u00e1logo","item":"https:\/\/latty.com\/pt-br\/catalogo-de-produtos\/"},{"@type":"ListItem","position":3,"name":"Veda\u00e7\u00e3o para v\u00e1lvulas"}]},{"@type":"WebSite","@id":"https:\/\/latty.com\/pt-br\/#website","url":"https:\/\/latty.com\/pt-br\/","name":"GROUPE LATTY","description":"Industrial Sealing Solutions","potentialAction":[{"@type":"SearchAction","target":{"@type":"EntryPoint","urlTemplate":"https:\/\/latty.com\/pt-br\/?s={search_term_string}"},"query-input":"required name=search_term_string"}],"inLanguage":"pt-BR"}]}},"_links":{"self":[{"href":"https:\/\/latty.com\/pt-br\/wp-json\/wp\/v2\/pages\/18061"}],"collection":[{"href":"https:\/\/latty.com\/pt-br\/wp-json\/wp\/v2\/pages"}],"about":[{"href":"https:\/\/latty.com\/pt-br\/wp-json\/wp\/v2\/types\/page"}],"author":[{"embeddable":true,"href":"https:\/\/latty.com\/pt-br\/wp-json\/wp\/v2\/users\/1"}],"replies":[{"embeddable":true,"href":"https:\/\/latty.com\/pt-br\/wp-json\/wp\/v2\/comments?post=18061"}],"version-history":[{"count":2,"href":"https:\/\/latty.com\/pt-br\/wp-json\/wp\/v2\/pages\/18061\/revisions"}],"predecessor-version":[{"id":18765,"href":"https:\/\/latty.com\/pt-br\/wp-json\/wp\/v2\/pages\/18061\/revisions\/18765"}],"up":[{"embeddable":true,"href":"https:\/\/latty.com\/pt-br\/wp-json\/wp\/v2\/pages\/18049"}],"wp:attachment":[{"href":"https:\/\/latty.com\/pt-br\/wp-json\/wp\/v2\/media?parent=18061"}],"curies":[{"name":"wp","href":"https:\/\/api.w.org\/{rel}","templated":true}]}}