{"id":30894,"date":"2024-02-12T10:09:07","date_gmt":"2024-02-12T09:09:08","guid":{"rendered":"https:\/\/latty.com\/?post_type=product&#038;p=30894"},"modified":"2024-02-12T19:19:02","modified_gmt":"2024-02-12T18:19:02","slug":"lattymix-ru-6812-d-copie","status":"publish","type":"product","link":"https:\/\/latty.com\/es\/productos\/lattymix-ru-6812-d-copie\/","title":{"rendered":"LATTYlub POT &#8211; Sistema auxiliar"},"content":{"rendered":"<p>Los sistemas auxiliares LATTYlub Pot le permiten regular y controlar la temperatura de sus sistemas de estanquidad, en particular de sus cierres mec\u00e1nicos, para mejorar la vida \u00fatil de sus equipos. De este modo, puede optimizar el tiempo de mantenimiento entre trabajos, proteger a su personal y sus equipos, y proteger el medio ambiente utilizando menos agua.<br \/>\nExisten diferentes versiones de LATTYlub POT:<br \/>\n&#8211; S\u00f3lo termosif\u00f3n, sin instrumentaci\u00f3n para delta lub\/pot altura 0,8m<br \/>\n&#8211; Kit de lubricaci\u00f3n con posible combinaci\u00f3n sin motobomba: termosif\u00f3n, term\u00f3metro de contacto, man\u00f3metro de contacto y regulador de nivel&#8230;<br \/>\n&#8211; Unidad de lubricaci\u00f3n (GDL) Kit de lubricaci\u00f3n con motobomba. Se pueden a\u00f1adir componentes. La unidad se instala en una placa de acero inoxidable lista para su uso.<\/p>\n<p>Descubra nuestra gama completa de SISTEMAS AUXILIARES para cierres mec\u00e1nicos<\/p>\n","protected":false},"excerpt":{"rendered":"<p>Dep\u00f3sito de lubricaci\u00f3n CON o SIN bobina.<\/p>\n","protected":false},"featured_media":30863,"comment_status":"closed","ping_status":"closed","template":"","meta":{"content-type":""},"product_cat":[858,972,857,872],"product_tag":[],"yoast_head":"<!-- This site is optimized with the Yoast SEO plugin v22.1 - https:\/\/yoast.com\/wordpress\/plugins\/seo\/ -->\n<title>LATTYlub POT - Sistema auxiliar - LATTY<\/title>\n<meta name=\"description\" content=\"Los sistemas auxiliares LATTYlub Pot le permiten regular y controlar la temperatura de sus sistemas de sellado para mejorar la vida \u00fatil de sus equipos. De este modo, podr\u00e1 optimizar el tiempo de mantenimiento entre trabajos y garantizar la protecci\u00f3n de su personal y sus equipos, adem\u00e1s de proteger el medio ambiente gracias a un importante ahorro de agua.\" \/>\n<meta name=\"robots\" content=\"index, follow, max-snippet:-1, max-image-preview:large, max-video-preview:-1\" \/>\n<link rel=\"canonical\" href=\"https:\/\/latty.com\/es\/productos\/lattymix-ru-6812-d-copie\/\" \/>\n<meta property=\"og:locale\" content=\"es_ES\" \/>\n<meta property=\"og:type\" content=\"article\" \/>\n<meta property=\"og:title\" content=\"LATTYlub POT - Sistema auxiliar - LATTY\" \/>\n<meta property=\"og:description\" content=\"Los sistemas auxiliares LATTYlub Pot le permiten regular y controlar la temperatura de sus sistemas de sellado para mejorar la vida \u00fatil de sus equipos. De este modo, podr\u00e1 optimizar el tiempo de mantenimiento entre trabajos y garantizar la protecci\u00f3n de su personal y sus equipos, adem\u00e1s de proteger el medio ambiente gracias a un importante ahorro de agua.\" \/>\n<meta property=\"og:url\" content=\"https:\/\/latty.com\/es\/productos\/lattymix-ru-6812-d-copie\/\" \/>\n<meta property=\"og:site_name\" content=\"GROUPE LATTY\" \/>\n<meta property=\"article:modified_time\" content=\"2024-02-12T18:19:02+00:00\" \/>\n<meta property=\"og:image\" content=\"https:\/\/latty.com\/wp-content\/uploads\/2024\/02\/LATTYlub-Pot.png\" \/>\n\t<meta property=\"og:image:width\" content=\"345\" \/>\n\t<meta property=\"og:image:height\" content=\"526\" \/>\n\t<meta property=\"og:image:type\" content=\"image\/png\" \/>\n<meta name=\"twitter:card\" content=\"summary_large_image\" \/>\n<meta name=\"twitter:label1\" content=\"Tiempo de lectura\" \/>\n\t<meta name=\"twitter:data1\" content=\"1 minuto\" \/>\n<script type=\"application\/ld+json\" class=\"yoast-schema-graph\">{\"@context\":\"https:\/\/schema.org\",\"@graph\":[{\"@type\":\"WebPage\",\"@id\":\"https:\/\/latty.com\/es\/productos\/lattymix-ru-6812-d-copie\/\",\"url\":\"https:\/\/latty.com\/es\/productos\/lattymix-ru-6812-d-copie\/\",\"name\":\"LATTYlub POT - Sistema auxiliar - LATTY\",\"isPartOf\":{\"@id\":\"https:\/\/latty.com\/es\/#website\"},\"datePublished\":\"2024-02-12T09:09:08+00:00\",\"dateModified\":\"2024-02-12T18:19:02+00:00\",\"description\":\"Los sistemas auxiliares LATTYlub Pot le permiten regular y controlar la temperatura de sus sistemas de sellado para mejorar la vida \u00fatil de sus equipos. De este modo, podr\u00e1 optimizar el tiempo de mantenimiento entre trabajos y garantizar la protecci\u00f3n de su personal y sus equipos, adem\u00e1s de proteger el medio ambiente gracias a un importante ahorro de agua.\",\"breadcrumb\":{\"@id\":\"https:\/\/latty.com\/es\/productos\/lattymix-ru-6812-d-copie\/#breadcrumb\"},\"inLanguage\":\"es\",\"potentialAction\":[{\"@type\":\"ReadAction\",\"target\":[\"https:\/\/latty.com\/es\/productos\/lattymix-ru-6812-d-copie\/\"]}]},{\"@type\":\"BreadcrumbList\",\"@id\":\"https:\/\/latty.com\/es\/productos\/lattymix-ru-6812-d-copie\/#breadcrumb\",\"itemListElement\":[{\"@type\":\"ListItem\",\"position\":1,\"name\":\"BIENVENIDA\",\"item\":\"https:\/\/latty.com\/es\/\"},{\"@type\":\"ListItem\",\"position\":2,\"name\":\"Tienda\",\"item\":\"https:\/\/latty.com\/es\/tienda\/\"},{\"@type\":\"ListItem\",\"position\":3,\"name\":\"Maquinaria rotativa\",\"item\":\"https:\/\/latty.com\/es\/categorie-produit\/maquinaria-rotativa\/\"},{\"@type\":\"ListItem\",\"position\":4,\"name\":\"LATTYlub POT &#8211; Sistema auxiliar\"}]},{\"@type\":\"WebSite\",\"@id\":\"https:\/\/latty.com\/es\/#website\",\"url\":\"https:\/\/latty.com\/es\/\",\"name\":\"GROUPE LATTY\",\"description\":\"Industrial Sealing Solutions\",\"potentialAction\":[{\"@type\":\"SearchAction\",\"target\":{\"@type\":\"EntryPoint\",\"urlTemplate\":\"https:\/\/latty.com\/es\/?s={search_term_string}\"},\"query-input\":\"required name=search_term_string\"}],\"inLanguage\":\"es\"}]}<\/script>\n<!-- \/ Yoast SEO plugin. -->","yoast_head_json":{"title":"LATTYlub POT - Sistema auxiliar - LATTY","description":"Los sistemas auxiliares LATTYlub Pot le permiten regular y controlar la temperatura de sus sistemas de sellado para mejorar la vida \u00fatil de sus equipos. De este modo, podr\u00e1 optimizar el tiempo de mantenimiento entre trabajos y garantizar la protecci\u00f3n de su personal y sus equipos, adem\u00e1s de proteger el medio ambiente gracias a un importante ahorro de agua.","robots":{"index":"index","follow":"follow","max-snippet":"max-snippet:-1","max-image-preview":"max-image-preview:large","max-video-preview":"max-video-preview:-1"},"canonical":"https:\/\/latty.com\/es\/productos\/lattymix-ru-6812-d-copie\/","og_locale":"es_ES","og_type":"article","og_title":"LATTYlub POT - Sistema auxiliar - LATTY","og_description":"Los sistemas auxiliares LATTYlub Pot le permiten regular y controlar la temperatura de sus sistemas de sellado para mejorar la vida \u00fatil de sus equipos. De este modo, podr\u00e1 optimizar el tiempo de mantenimiento entre trabajos y garantizar la protecci\u00f3n de su personal y sus equipos, adem\u00e1s de proteger el medio ambiente gracias a un importante ahorro de agua.","og_url":"https:\/\/latty.com\/es\/productos\/lattymix-ru-6812-d-copie\/","og_site_name":"GROUPE LATTY","article_modified_time":"2024-02-12T18:19:02+00:00","og_image":[{"width":345,"height":526,"url":"https:\/\/latty.com\/wp-content\/uploads\/2024\/02\/LATTYlub-Pot.png","type":"image\/png"}],"twitter_card":"summary_large_image","twitter_misc":{"Tiempo de lectura":"1 minuto"},"schema":{"@context":"https:\/\/schema.org","@graph":[{"@type":"WebPage","@id":"https:\/\/latty.com\/es\/productos\/lattymix-ru-6812-d-copie\/","url":"https:\/\/latty.com\/es\/productos\/lattymix-ru-6812-d-copie\/","name":"LATTYlub POT - Sistema auxiliar - LATTY","isPartOf":{"@id":"https:\/\/latty.com\/es\/#website"},"datePublished":"2024-02-12T09:09:08+00:00","dateModified":"2024-02-12T18:19:02+00:00","description":"Los sistemas auxiliares LATTYlub Pot le permiten regular y controlar la temperatura de sus sistemas de sellado para mejorar la vida \u00fatil de sus equipos. De este modo, podr\u00e1 optimizar el tiempo de mantenimiento entre trabajos y garantizar la protecci\u00f3n de su personal y sus equipos, adem\u00e1s de proteger el medio ambiente gracias a un importante ahorro de agua.","breadcrumb":{"@id":"https:\/\/latty.com\/es\/productos\/lattymix-ru-6812-d-copie\/#breadcrumb"},"inLanguage":"es","potentialAction":[{"@type":"ReadAction","target":["https:\/\/latty.com\/es\/productos\/lattymix-ru-6812-d-copie\/"]}]},{"@type":"BreadcrumbList","@id":"https:\/\/latty.com\/es\/productos\/lattymix-ru-6812-d-copie\/#breadcrumb","itemListElement":[{"@type":"ListItem","position":1,"name":"BIENVENIDA","item":"https:\/\/latty.com\/es\/"},{"@type":"ListItem","position":2,"name":"Tienda","item":"https:\/\/latty.com\/es\/tienda\/"},{"@type":"ListItem","position":3,"name":"Maquinaria rotativa","item":"https:\/\/latty.com\/es\/categorie-produit\/maquinaria-rotativa\/"},{"@type":"ListItem","position":4,"name":"LATTYlub POT &#8211; Sistema auxiliar"}]},{"@type":"WebSite","@id":"https:\/\/latty.com\/es\/#website","url":"https:\/\/latty.com\/es\/","name":"GROUPE LATTY","description":"Industrial Sealing Solutions","potentialAction":[{"@type":"SearchAction","target":{"@type":"EntryPoint","urlTemplate":"https:\/\/latty.com\/es\/?s={search_term_string}"},"query-input":"required name=search_term_string"}],"inLanguage":"es"}]}},"_links":{"self":[{"href":"https:\/\/latty.com\/es\/wp-json\/wp\/v2\/product\/30894"}],"collection":[{"href":"https:\/\/latty.com\/es\/wp-json\/wp\/v2\/product"}],"about":[{"href":"https:\/\/latty.com\/es\/wp-json\/wp\/v2\/types\/product"}],"replies":[{"embeddable":true,"href":"https:\/\/latty.com\/es\/wp-json\/wp\/v2\/comments?post=30894"}],"wp:featuredmedia":[{"embeddable":true,"href":"https:\/\/latty.com\/es\/wp-json\/wp\/v2\/media\/30863"}],"wp:attachment":[{"href":"https:\/\/latty.com\/es\/wp-json\/wp\/v2\/media?parent=30894"}],"wp:term":[{"taxonomy":"product_cat","embeddable":true,"href":"https:\/\/latty.com\/es\/wp-json\/wp\/v2\/product_cat?post=30894"},{"taxonomy":"product_tag","embeddable":true,"href":"https:\/\/latty.com\/es\/wp-json\/wp\/v2\/product_tag?post=30894"}],"curies":[{"name":"wp","href":"https:\/\/api.w.org\/{rel}","templated":true}]}}