{"id":28061,"date":"2022-07-12T16:13:59","date_gmt":"2022-07-12T14:13:59","guid":{"rendered":"https:\/\/latty.com\/\/produit\/lattymix-ru-6812-d\/"},"modified":"2026-04-15T17:52:37","modified_gmt":"2026-04-15T15:52:37","slug":"lattymix-ru-6812-d","status":"publish","type":"product","link":"https:\/\/latty.com\/es\/productos\/lattymix-ru-6812-d\/","title":{"rendered":"LATTYmix RU 6812 D"},"content":{"rendered":"<p>Cierre normalizado en cartucho doble lubricado, incorpora un rodamiento engrasado de por vida junto con cierres mec\u00e1nicos est\u00e1ndar. Destinado para aplicaciones de sellado superior en tanques.<br \/>\nConjunto est\u00e1ndar regulado y probado en f\u00e1brica, Independiente del sentido de rotaci\u00f3n, Cierres mec\u00e1nicos tipo U68, Rodamiento engrasado de por vida, Sin necesidad de girar calces de regulaci\u00f3n, Acepta dilataciones del eje por temperatura (con un desplazamiento axial de +\/- 2 mm), sin influir en su funcionamiento,<br \/>\nEn el caso de inversi\u00f3n de presi\u00f3n en el tanque, el cierre mec\u00e1nico lado producto se mantiene operativo por el sistema de fijaci\u00f3n de la cara estacionaria, Acepta pares de arranque importantes al usar piezas estacionarias encastadas, Sin marcado sobre el eje gracias a un sistema de fijaci\u00f3n pinzado, Los dos cierres mec\u00e1nicos son independientes lo que preserva la seguridad del montaje doble, Una junta en \u201cV\u201d protege al conjunto de posibles fuentes de contaminaci\u00f3n.<\/p>\n","protected":false},"excerpt":{"rendered":"<p>ESTANQUEIDAD SUPERIOR EN TANQUES DE INOX NORMALIZADA DIN 28136<\/p>\n","protected":false},"featured_media":10046,"comment_status":"open","ping_status":"closed","template":"","meta":{"content-type":""},"product_cat":[858,857,872],"product_tag":[],"yoast_head":"<!-- This site is optimized with the Yoast SEO plugin v22.1 - https:\/\/yoast.com\/wordpress\/plugins\/seo\/ -->\n<title>LATTYmix RU 6812 D - LATTY<\/title>\n<meta name=\"description\" content=\"ESTANQUEIDAD SUPERIOREN TANQUES DE INOXNORMALIZADA DIN 28136\" \/>\n<meta name=\"robots\" content=\"index, follow, max-snippet:-1, max-image-preview:large, max-video-preview:-1\" \/>\n<link rel=\"canonical\" href=\"https:\/\/latty.com\/es\/productos\/lattymix-ru-6812-d\/\" \/>\n<meta property=\"og:locale\" content=\"es_ES\" \/>\n<meta property=\"og:type\" content=\"article\" \/>\n<meta property=\"og:title\" content=\"LATTYmix RU 6812 D - LATTY\" \/>\n<meta property=\"og:description\" content=\"ESTANQUEIDAD SUPERIOREN TANQUES DE INOXNORMALIZADA DIN 28136\" \/>\n<meta property=\"og:url\" content=\"https:\/\/latty.com\/es\/productos\/lattymix-ru-6812-d\/\" \/>\n<meta property=\"og:site_name\" content=\"GROUPE LATTY\" \/>\n<meta property=\"article:modified_time\" content=\"2026-04-15T15:52:37+00:00\" \/>\n<meta property=\"og:image\" content=\"https:\/\/latty.com\/wp-content\/uploads\/2020\/01\/1740LATTYmix.jpg\" \/>\n\t<meta property=\"og:image:width\" content=\"1080\" \/>\n\t<meta property=\"og:image:height\" content=\"720\" \/>\n\t<meta property=\"og:image:type\" content=\"image\/jpeg\" \/>\n<meta name=\"twitter:card\" content=\"summary_large_image\" \/>\n<meta name=\"twitter:label1\" content=\"Tiempo de lectura\" \/>\n\t<meta name=\"twitter:data1\" content=\"1 minuto\" \/>\n<script type=\"application\/ld+json\" class=\"yoast-schema-graph\">{\"@context\":\"https:\/\/schema.org\",\"@graph\":[{\"@type\":\"WebPage\",\"@id\":\"https:\/\/latty.com\/es\/productos\/lattymix-ru-6812-d\/\",\"url\":\"https:\/\/latty.com\/es\/productos\/lattymix-ru-6812-d\/\",\"name\":\"LATTYmix RU 6812 D - LATTY\",\"isPartOf\":{\"@id\":\"https:\/\/latty.com\/es\/#website\"},\"datePublished\":\"2022-07-12T14:13:59+00:00\",\"dateModified\":\"2026-04-15T15:52:37+00:00\",\"description\":\"ESTANQUEIDAD SUPERIOREN TANQUES DE INOXNORMALIZADA DIN 28136\",\"breadcrumb\":{\"@id\":\"https:\/\/latty.com\/es\/productos\/lattymix-ru-6812-d\/#breadcrumb\"},\"inLanguage\":\"es\",\"potentialAction\":[{\"@type\":\"ReadAction\",\"target\":[\"https:\/\/latty.com\/es\/productos\/lattymix-ru-6812-d\/\"]}]},{\"@type\":\"BreadcrumbList\",\"@id\":\"https:\/\/latty.com\/es\/productos\/lattymix-ru-6812-d\/#breadcrumb\",\"itemListElement\":[{\"@type\":\"ListItem\",\"position\":1,\"name\":\"BIENVENIDA\",\"item\":\"https:\/\/latty.com\/es\/\"},{\"@type\":\"ListItem\",\"position\":2,\"name\":\"Tienda\",\"item\":\"https:\/\/latty.com\/es\/tienda\/\"},{\"@type\":\"ListItem\",\"position\":3,\"name\":\"Maquinaria rotativa\",\"item\":\"https:\/\/latty.com\/es\/categorie-produit\/maquinaria-rotativa\/\"},{\"@type\":\"ListItem\",\"position\":4,\"name\":\"LATTYmix RU 6812 D\"}]},{\"@type\":\"WebSite\",\"@id\":\"https:\/\/latty.com\/es\/#website\",\"url\":\"https:\/\/latty.com\/es\/\",\"name\":\"GROUPE LATTY\",\"description\":\"Industrial Sealing Solutions\",\"potentialAction\":[{\"@type\":\"SearchAction\",\"target\":{\"@type\":\"EntryPoint\",\"urlTemplate\":\"https:\/\/latty.com\/es\/?s={search_term_string}\"},\"query-input\":\"required name=search_term_string\"}],\"inLanguage\":\"es\"}]}<\/script>\n<!-- \/ Yoast SEO plugin. -->","yoast_head_json":{"title":"LATTYmix RU 6812 D - LATTY","description":"ESTANQUEIDAD SUPERIOREN TANQUES DE INOXNORMALIZADA DIN 28136","robots":{"index":"index","follow":"follow","max-snippet":"max-snippet:-1","max-image-preview":"max-image-preview:large","max-video-preview":"max-video-preview:-1"},"canonical":"https:\/\/latty.com\/es\/productos\/lattymix-ru-6812-d\/","og_locale":"es_ES","og_type":"article","og_title":"LATTYmix RU 6812 D - LATTY","og_description":"ESTANQUEIDAD SUPERIOREN TANQUES DE INOXNORMALIZADA DIN 28136","og_url":"https:\/\/latty.com\/es\/productos\/lattymix-ru-6812-d\/","og_site_name":"GROUPE LATTY","article_modified_time":"2026-04-15T15:52:37+00:00","og_image":[{"width":1080,"height":720,"url":"https:\/\/latty.com\/wp-content\/uploads\/2020\/01\/1740LATTYmix.jpg","type":"image\/jpeg"}],"twitter_card":"summary_large_image","twitter_misc":{"Tiempo de lectura":"1 minuto"},"schema":{"@context":"https:\/\/schema.org","@graph":[{"@type":"WebPage","@id":"https:\/\/latty.com\/es\/productos\/lattymix-ru-6812-d\/","url":"https:\/\/latty.com\/es\/productos\/lattymix-ru-6812-d\/","name":"LATTYmix RU 6812 D - LATTY","isPartOf":{"@id":"https:\/\/latty.com\/es\/#website"},"datePublished":"2022-07-12T14:13:59+00:00","dateModified":"2026-04-15T15:52:37+00:00","description":"ESTANQUEIDAD SUPERIOREN TANQUES DE INOXNORMALIZADA DIN 28136","breadcrumb":{"@id":"https:\/\/latty.com\/es\/productos\/lattymix-ru-6812-d\/#breadcrumb"},"inLanguage":"es","potentialAction":[{"@type":"ReadAction","target":["https:\/\/latty.com\/es\/productos\/lattymix-ru-6812-d\/"]}]},{"@type":"BreadcrumbList","@id":"https:\/\/latty.com\/es\/productos\/lattymix-ru-6812-d\/#breadcrumb","itemListElement":[{"@type":"ListItem","position":1,"name":"BIENVENIDA","item":"https:\/\/latty.com\/es\/"},{"@type":"ListItem","position":2,"name":"Tienda","item":"https:\/\/latty.com\/es\/tienda\/"},{"@type":"ListItem","position":3,"name":"Maquinaria rotativa","item":"https:\/\/latty.com\/es\/categorie-produit\/maquinaria-rotativa\/"},{"@type":"ListItem","position":4,"name":"LATTYmix RU 6812 D"}]},{"@type":"WebSite","@id":"https:\/\/latty.com\/es\/#website","url":"https:\/\/latty.com\/es\/","name":"GROUPE LATTY","description":"Industrial Sealing Solutions","potentialAction":[{"@type":"SearchAction","target":{"@type":"EntryPoint","urlTemplate":"https:\/\/latty.com\/es\/?s={search_term_string}"},"query-input":"required name=search_term_string"}],"inLanguage":"es"}]}},"_links":{"self":[{"href":"https:\/\/latty.com\/es\/wp-json\/wp\/v2\/product\/28061"}],"collection":[{"href":"https:\/\/latty.com\/es\/wp-json\/wp\/v2\/product"}],"about":[{"href":"https:\/\/latty.com\/es\/wp-json\/wp\/v2\/types\/product"}],"replies":[{"embeddable":true,"href":"https:\/\/latty.com\/es\/wp-json\/wp\/v2\/comments?post=28061"}],"wp:featuredmedia":[{"embeddable":true,"href":"https:\/\/latty.com\/es\/wp-json\/wp\/v2\/media\/10046"}],"wp:attachment":[{"href":"https:\/\/latty.com\/es\/wp-json\/wp\/v2\/media?parent=28061"}],"wp:term":[{"taxonomy":"product_cat","embeddable":true,"href":"https:\/\/latty.com\/es\/wp-json\/wp\/v2\/product_cat?post=28061"},{"taxonomy":"product_tag","embeddable":true,"href":"https:\/\/latty.com\/es\/wp-json\/wp\/v2\/product_tag?post=28061"}],"curies":[{"name":"wp","href":"https:\/\/api.w.org\/{rel}","templated":true}]}}