{"id":26997,"date":"2022-03-14T17:45:01","date_gmt":"2022-03-14T16:45:01","guid":{"rendered":"https:\/\/latty.com\/\/produit\/regulateur-debit-pression\/"},"modified":"2022-03-14T18:15:19","modified_gmt":"2022-03-14T17:15:19","slug":"regulateur-debit-pression","status":"publish","type":"product","link":"https:\/\/latty.com\/es\/productos\/regulateur-debit-pression\/","title":{"rendered":"Regulador de caudal \/ presi\u00f3n"},"content":{"rendered":"<p>El regulador de caudal est\u00e1 dise\u00f1ado para aplicaciones que requieren un flujo de agua ininterrumpido. Un caudal de agua adecuado para enfriamiento y lubricaci\u00f3n ahorra agua y energ\u00eda y reduce el mantenimiento. Su robusta construcci\u00f3n modular y sus numerosos accesorios lo hacen muy flexible.<\/p>\n","protected":false},"excerpt":{"rendered":"<p>Controla y monitorea el caudal y la presi\u00f3n del agua en los cierres mecanicos<\/p>\n","protected":false},"featured_media":27009,"comment_status":"closed","ping_status":"closed","template":"","meta":{"content-type":""},"product_cat":[858,972,857],"product_tag":[],"yoast_head":"<!-- This site is optimized with the Yoast SEO plugin v22.1 - https:\/\/yoast.com\/wordpress\/plugins\/seo\/ -->\n<title>Regulador de caudal \/ presi\u00f3n - LATTY<\/title>\n<meta name=\"description\" content=\"Controla y monitorea el caudal y la presi\u00f3n del agua en los cierres mecanicos\" \/>\n<meta name=\"robots\" content=\"index, follow, max-snippet:-1, max-image-preview:large, max-video-preview:-1\" \/>\n<link rel=\"canonical\" href=\"https:\/\/latty.com\/es\/productos\/regulateur-debit-pression\/\" \/>\n<meta property=\"og:locale\" content=\"es_ES\" \/>\n<meta property=\"og:type\" content=\"article\" \/>\n<meta property=\"og:title\" content=\"Regulador de caudal \/ presi\u00f3n - LATTY\" \/>\n<meta property=\"og:description\" content=\"Controla y monitorea el caudal y la presi\u00f3n del agua en los cierres mecanicos\" \/>\n<meta property=\"og:url\" content=\"https:\/\/latty.com\/es\/productos\/regulateur-debit-pression\/\" \/>\n<meta property=\"og:site_name\" content=\"GROUPE LATTY\" \/>\n<meta property=\"article:modified_time\" content=\"2022-03-14T17:15:19+00:00\" \/>\n<meta property=\"og:image\" content=\"https:\/\/latty.com\/wp-content\/uploads\/2022\/03\/CONTROLEUR-DEBIT-PRESSION.jpg\" \/>\n\t<meta property=\"og:image:width\" content=\"1080\" \/>\n\t<meta property=\"og:image:height\" content=\"720\" \/>\n\t<meta property=\"og:image:type\" content=\"image\/jpeg\" \/>\n<meta name=\"twitter:card\" content=\"summary_large_image\" \/>\n<script type=\"application\/ld+json\" class=\"yoast-schema-graph\">{\"@context\":\"https:\/\/schema.org\",\"@graph\":[{\"@type\":\"WebPage\",\"@id\":\"https:\/\/latty.com\/es\/productos\/regulateur-debit-pression\/\",\"url\":\"https:\/\/latty.com\/es\/productos\/regulateur-debit-pression\/\",\"name\":\"Regulador de caudal \/ presi\u00f3n - LATTY\",\"isPartOf\":{\"@id\":\"https:\/\/latty.com\/es\/#website\"},\"datePublished\":\"2022-03-14T16:45:01+00:00\",\"dateModified\":\"2022-03-14T17:15:19+00:00\",\"description\":\"Controla y monitorea el caudal y la presi\u00f3n del agua en los cierres mecanicos\",\"breadcrumb\":{\"@id\":\"https:\/\/latty.com\/es\/productos\/regulateur-debit-pression\/#breadcrumb\"},\"inLanguage\":\"es\",\"potentialAction\":[{\"@type\":\"ReadAction\",\"target\":[\"https:\/\/latty.com\/es\/productos\/regulateur-debit-pression\/\"]}]},{\"@type\":\"BreadcrumbList\",\"@id\":\"https:\/\/latty.com\/es\/productos\/regulateur-debit-pression\/#breadcrumb\",\"itemListElement\":[{\"@type\":\"ListItem\",\"position\":1,\"name\":\"BIENVENIDA\",\"item\":\"https:\/\/latty.com\/es\/\"},{\"@type\":\"ListItem\",\"position\":2,\"name\":\"Tienda\",\"item\":\"https:\/\/latty.com\/es\/tienda\/\"},{\"@type\":\"ListItem\",\"position\":3,\"name\":\"Herramientas y accesorios\",\"item\":\"https:\/\/latty.com\/es\/categorie-produit\/herramientas-y-accesorios\/\"},{\"@type\":\"ListItem\",\"position\":4,\"name\":\"Regulador de caudal \/ presi\u00f3n\"}]},{\"@type\":\"WebSite\",\"@id\":\"https:\/\/latty.com\/es\/#website\",\"url\":\"https:\/\/latty.com\/es\/\",\"name\":\"GROUPE LATTY\",\"description\":\"Industrial Sealing Solutions\",\"potentialAction\":[{\"@type\":\"SearchAction\",\"target\":{\"@type\":\"EntryPoint\",\"urlTemplate\":\"https:\/\/latty.com\/es\/?s={search_term_string}\"},\"query-input\":\"required name=search_term_string\"}],\"inLanguage\":\"es\"}]}<\/script>\n<!-- \/ Yoast SEO plugin. -->","yoast_head_json":{"title":"Regulador de caudal \/ presi\u00f3n - LATTY","description":"Controla y monitorea el caudal y la presi\u00f3n del agua en los cierres mecanicos","robots":{"index":"index","follow":"follow","max-snippet":"max-snippet:-1","max-image-preview":"max-image-preview:large","max-video-preview":"max-video-preview:-1"},"canonical":"https:\/\/latty.com\/es\/productos\/regulateur-debit-pression\/","og_locale":"es_ES","og_type":"article","og_title":"Regulador de caudal \/ presi\u00f3n - LATTY","og_description":"Controla y monitorea el caudal y la presi\u00f3n del agua en los cierres mecanicos","og_url":"https:\/\/latty.com\/es\/productos\/regulateur-debit-pression\/","og_site_name":"GROUPE LATTY","article_modified_time":"2022-03-14T17:15:19+00:00","og_image":[{"width":1080,"height":720,"url":"https:\/\/latty.com\/wp-content\/uploads\/2022\/03\/CONTROLEUR-DEBIT-PRESSION.jpg","type":"image\/jpeg"}],"twitter_card":"summary_large_image","schema":{"@context":"https:\/\/schema.org","@graph":[{"@type":"WebPage","@id":"https:\/\/latty.com\/es\/productos\/regulateur-debit-pression\/","url":"https:\/\/latty.com\/es\/productos\/regulateur-debit-pression\/","name":"Regulador de caudal \/ presi\u00f3n - LATTY","isPartOf":{"@id":"https:\/\/latty.com\/es\/#website"},"datePublished":"2022-03-14T16:45:01+00:00","dateModified":"2022-03-14T17:15:19+00:00","description":"Controla y monitorea el caudal y la presi\u00f3n del agua en los cierres mecanicos","breadcrumb":{"@id":"https:\/\/latty.com\/es\/productos\/regulateur-debit-pression\/#breadcrumb"},"inLanguage":"es","potentialAction":[{"@type":"ReadAction","target":["https:\/\/latty.com\/es\/productos\/regulateur-debit-pression\/"]}]},{"@type":"BreadcrumbList","@id":"https:\/\/latty.com\/es\/productos\/regulateur-debit-pression\/#breadcrumb","itemListElement":[{"@type":"ListItem","position":1,"name":"BIENVENIDA","item":"https:\/\/latty.com\/es\/"},{"@type":"ListItem","position":2,"name":"Tienda","item":"https:\/\/latty.com\/es\/tienda\/"},{"@type":"ListItem","position":3,"name":"Herramientas y accesorios","item":"https:\/\/latty.com\/es\/categorie-produit\/herramientas-y-accesorios\/"},{"@type":"ListItem","position":4,"name":"Regulador de caudal \/ presi\u00f3n"}]},{"@type":"WebSite","@id":"https:\/\/latty.com\/es\/#website","url":"https:\/\/latty.com\/es\/","name":"GROUPE LATTY","description":"Industrial Sealing Solutions","potentialAction":[{"@type":"SearchAction","target":{"@type":"EntryPoint","urlTemplate":"https:\/\/latty.com\/es\/?s={search_term_string}"},"query-input":"required name=search_term_string"}],"inLanguage":"es"}]}},"_links":{"self":[{"href":"https:\/\/latty.com\/es\/wp-json\/wp\/v2\/product\/26997"}],"collection":[{"href":"https:\/\/latty.com\/es\/wp-json\/wp\/v2\/product"}],"about":[{"href":"https:\/\/latty.com\/es\/wp-json\/wp\/v2\/types\/product"}],"replies":[{"embeddable":true,"href":"https:\/\/latty.com\/es\/wp-json\/wp\/v2\/comments?post=26997"}],"wp:featuredmedia":[{"embeddable":true,"href":"https:\/\/latty.com\/es\/wp-json\/wp\/v2\/media\/27009"}],"wp:attachment":[{"href":"https:\/\/latty.com\/es\/wp-json\/wp\/v2\/media?parent=26997"}],"wp:term":[{"taxonomy":"product_cat","embeddable":true,"href":"https:\/\/latty.com\/es\/wp-json\/wp\/v2\/product_cat?post=26997"},{"taxonomy":"product_tag","embeddable":true,"href":"https:\/\/latty.com\/es\/wp-json\/wp\/v2\/product_tag?post=26997"}],"curies":[{"name":"wp","href":"https:\/\/api.w.org\/{rel}","templated":true}]}}