{"id":26982,"date":"2022-03-14T16:15:34","date_gmt":"2022-03-14T15:15:34","guid":{"rendered":"https:\/\/latty.com\/\/produit\/lattyflon-5706\/"},"modified":"2022-03-23T10:46:07","modified_gmt":"2022-03-23T09:46:07","slug":"lattyflon-5706","status":"publish","type":"product","link":"https:\/\/latty.com\/es\/productos\/lattyflon-5706\/","title":{"rendered":"LATTYflon 5706"},"content":{"rendered":"<p>Empaquetadura compacta realizada a partir de hilos de meta-aramida blancos en las esquinas de la trenza, impregnados antes del trenzado con PTFE mediante<br \/>\nnuestro procedimiento Filcoat\u00ae, e hilos en las caras de roce de seda de PTFE. Durante la operaci\u00f3n de trenzado se realiza una lubricaci\u00f3n hasta el centro con una dispersi\u00f3n de PTFE. Los hilos de meta-aramida la dotan de una resistencia mec\u00e1nica excepcional. Los hilos de PTFE reducen la fricci\u00f3n y por tanto el desgaste del equipo. De todas formas para una mejor duraci\u00f3n del par eje\/empaquetadura aconsejamos un tratamiento de endurecimiento superficial. Resistente a la abrasi\u00f3n.<br \/>\nInsensible a la hidr\u00f3lisis, ya que no hay presencia de compuestos hidrolizables, y por tanto ning\u00fan riesgo de corrosi\u00f3n o de generaci\u00f3n de gas inflamable. Empaquetadura exenta de silicona.<\/p>\n","protected":false},"excerpt":{"rendered":"<p>Empaquetadura de Aramida \/ PTFE, utilizada en bombas alternativas alimentarias.<\/p>\n","protected":false},"featured_media":26961,"comment_status":"open","ping_status":"closed","template":"","meta":{"content-type":""},"product_cat":[890,857],"product_tag":[],"yoast_head":"<!-- This site is optimized with the Yoast SEO plugin v22.1 - https:\/\/yoast.com\/wordpress\/plugins\/seo\/ -->\n<title>LATTYflon 5706 - LATTY<\/title>\n<meta name=\"description\" content=\"Empaquetadura de Aramida \/ PTFE, utilizada en bombas alternativasalimentarias.\" \/>\n<meta name=\"robots\" content=\"index, follow, max-snippet:-1, max-image-preview:large, max-video-preview:-1\" \/>\n<link rel=\"canonical\" href=\"https:\/\/latty.com\/es\/productos\/lattyflon-5706\/\" \/>\n<meta property=\"og:locale\" content=\"es_ES\" \/>\n<meta property=\"og:type\" content=\"article\" \/>\n<meta property=\"og:title\" content=\"LATTYflon 5706 - LATTY\" \/>\n<meta property=\"og:description\" content=\"Empaquetadura de Aramida \/ PTFE, utilizada en bombas alternativasalimentarias.\" \/>\n<meta property=\"og:url\" content=\"https:\/\/latty.com\/es\/productos\/lattyflon-5706\/\" \/>\n<meta property=\"og:site_name\" content=\"GROUPE LATTY\" \/>\n<meta property=\"article:modified_time\" content=\"2022-03-23T09:46:07+00:00\" \/>\n<meta property=\"og:image\" content=\"https:\/\/latty.com\/wp-content\/uploads\/2022\/03\/GROUPE-LATTY-LATTYflon-5706.jpg\" \/>\n\t<meta property=\"og:image:width\" content=\"1348\" \/>\n\t<meta property=\"og:image:height\" content=\"899\" \/>\n\t<meta property=\"og:image:type\" content=\"image\/jpeg\" \/>\n<meta name=\"twitter:card\" content=\"summary_large_image\" \/>\n<meta name=\"twitter:label1\" content=\"Tiempo de lectura\" \/>\n\t<meta name=\"twitter:data1\" content=\"1 minuto\" \/>\n<script type=\"application\/ld+json\" class=\"yoast-schema-graph\">{\"@context\":\"https:\/\/schema.org\",\"@graph\":[{\"@type\":\"WebPage\",\"@id\":\"https:\/\/latty.com\/es\/productos\/lattyflon-5706\/\",\"url\":\"https:\/\/latty.com\/es\/productos\/lattyflon-5706\/\",\"name\":\"LATTYflon 5706 - LATTY\",\"isPartOf\":{\"@id\":\"https:\/\/latty.com\/es\/#website\"},\"datePublished\":\"2022-03-14T15:15:34+00:00\",\"dateModified\":\"2022-03-23T09:46:07+00:00\",\"description\":\"Empaquetadura de Aramida \/ PTFE, utilizada en bombas alternativasalimentarias.\",\"breadcrumb\":{\"@id\":\"https:\/\/latty.com\/es\/productos\/lattyflon-5706\/#breadcrumb\"},\"inLanguage\":\"es\",\"potentialAction\":[{\"@type\":\"ReadAction\",\"target\":[\"https:\/\/latty.com\/es\/productos\/lattyflon-5706\/\"]}]},{\"@type\":\"BreadcrumbList\",\"@id\":\"https:\/\/latty.com\/es\/productos\/lattyflon-5706\/#breadcrumb\",\"itemListElement\":[{\"@type\":\"ListItem\",\"position\":1,\"name\":\"BIENVENIDA\",\"item\":\"https:\/\/latty.com\/es\/\"},{\"@type\":\"ListItem\",\"position\":2,\"name\":\"Tienda\",\"item\":\"https:\/\/latty.com\/es\/tienda\/\"},{\"@type\":\"ListItem\",\"position\":3,\"name\":\"Maquinaria rotativa\",\"item\":\"https:\/\/latty.com\/es\/categorie-produit\/maquinaria-rotativa\/\"},{\"@type\":\"ListItem\",\"position\":4,\"name\":\"Empaquetaduras\",\"item\":\"https:\/\/latty.com\/es\/categorie-produit\/maquinaria-rotativa\/empaquetaduras\/\"},{\"@type\":\"ListItem\",\"position\":5,\"name\":\"LATTYflon 5706\"}]},{\"@type\":\"WebSite\",\"@id\":\"https:\/\/latty.com\/es\/#website\",\"url\":\"https:\/\/latty.com\/es\/\",\"name\":\"GROUPE LATTY\",\"description\":\"Industrial Sealing Solutions\",\"potentialAction\":[{\"@type\":\"SearchAction\",\"target\":{\"@type\":\"EntryPoint\",\"urlTemplate\":\"https:\/\/latty.com\/es\/?s={search_term_string}\"},\"query-input\":\"required name=search_term_string\"}],\"inLanguage\":\"es\"}]}<\/script>\n<!-- \/ Yoast SEO plugin. -->","yoast_head_json":{"title":"LATTYflon 5706 - LATTY","description":"Empaquetadura de Aramida \/ PTFE, utilizada en bombas alternativasalimentarias.","robots":{"index":"index","follow":"follow","max-snippet":"max-snippet:-1","max-image-preview":"max-image-preview:large","max-video-preview":"max-video-preview:-1"},"canonical":"https:\/\/latty.com\/es\/productos\/lattyflon-5706\/","og_locale":"es_ES","og_type":"article","og_title":"LATTYflon 5706 - LATTY","og_description":"Empaquetadura de Aramida \/ PTFE, utilizada en bombas alternativasalimentarias.","og_url":"https:\/\/latty.com\/es\/productos\/lattyflon-5706\/","og_site_name":"GROUPE LATTY","article_modified_time":"2022-03-23T09:46:07+00:00","og_image":[{"width":1348,"height":899,"url":"https:\/\/latty.com\/wp-content\/uploads\/2022\/03\/GROUPE-LATTY-LATTYflon-5706.jpg","type":"image\/jpeg"}],"twitter_card":"summary_large_image","twitter_misc":{"Tiempo de lectura":"1 minuto"},"schema":{"@context":"https:\/\/schema.org","@graph":[{"@type":"WebPage","@id":"https:\/\/latty.com\/es\/productos\/lattyflon-5706\/","url":"https:\/\/latty.com\/es\/productos\/lattyflon-5706\/","name":"LATTYflon 5706 - LATTY","isPartOf":{"@id":"https:\/\/latty.com\/es\/#website"},"datePublished":"2022-03-14T15:15:34+00:00","dateModified":"2022-03-23T09:46:07+00:00","description":"Empaquetadura de Aramida \/ PTFE, utilizada en bombas alternativasalimentarias.","breadcrumb":{"@id":"https:\/\/latty.com\/es\/productos\/lattyflon-5706\/#breadcrumb"},"inLanguage":"es","potentialAction":[{"@type":"ReadAction","target":["https:\/\/latty.com\/es\/productos\/lattyflon-5706\/"]}]},{"@type":"BreadcrumbList","@id":"https:\/\/latty.com\/es\/productos\/lattyflon-5706\/#breadcrumb","itemListElement":[{"@type":"ListItem","position":1,"name":"BIENVENIDA","item":"https:\/\/latty.com\/es\/"},{"@type":"ListItem","position":2,"name":"Tienda","item":"https:\/\/latty.com\/es\/tienda\/"},{"@type":"ListItem","position":3,"name":"Maquinaria rotativa","item":"https:\/\/latty.com\/es\/categorie-produit\/maquinaria-rotativa\/"},{"@type":"ListItem","position":4,"name":"Empaquetaduras","item":"https:\/\/latty.com\/es\/categorie-produit\/maquinaria-rotativa\/empaquetaduras\/"},{"@type":"ListItem","position":5,"name":"LATTYflon 5706"}]},{"@type":"WebSite","@id":"https:\/\/latty.com\/es\/#website","url":"https:\/\/latty.com\/es\/","name":"GROUPE LATTY","description":"Industrial Sealing Solutions","potentialAction":[{"@type":"SearchAction","target":{"@type":"EntryPoint","urlTemplate":"https:\/\/latty.com\/es\/?s={search_term_string}"},"query-input":"required name=search_term_string"}],"inLanguage":"es"}]}},"_links":{"self":[{"href":"https:\/\/latty.com\/es\/wp-json\/wp\/v2\/product\/26982"}],"collection":[{"href":"https:\/\/latty.com\/es\/wp-json\/wp\/v2\/product"}],"about":[{"href":"https:\/\/latty.com\/es\/wp-json\/wp\/v2\/types\/product"}],"replies":[{"embeddable":true,"href":"https:\/\/latty.com\/es\/wp-json\/wp\/v2\/comments?post=26982"}],"wp:featuredmedia":[{"embeddable":true,"href":"https:\/\/latty.com\/es\/wp-json\/wp\/v2\/media\/26961"}],"wp:attachment":[{"href":"https:\/\/latty.com\/es\/wp-json\/wp\/v2\/media?parent=26982"}],"wp:term":[{"taxonomy":"product_cat","embeddable":true,"href":"https:\/\/latty.com\/es\/wp-json\/wp\/v2\/product_cat?post=26982"},{"taxonomy":"product_tag","embeddable":true,"href":"https:\/\/latty.com\/es\/wp-json\/wp\/v2\/product_tag?post=26982"}],"curies":[{"name":"wp","href":"https:\/\/api.w.org\/{rel}","templated":true}]}}