{"id":16995,"date":"2020-02-11T20:13:21","date_gmt":"2020-02-17T13:38:15","guid":{"rendered":"http:\/\/lattydev.s187705.cjcom04.atester.fr\/produit\/lattygraf-tsp\/"},"modified":"2020-07-01T11:48:19","modified_gmt":"2020-07-01T09:48:19","slug":"lattygraf-tsp","status":"publish","type":"product","link":"https:\/\/latty.com\/es\/productos\/lattygraf-tsp\/","title":{"rendered":"LATTYgraf TSP"},"content":{"rendered":"<p>Empaquetadura fabricada con fibras continuas de carb\u00f3n, impregnadas con una mezcla de grafito. Muy bajo coeficiente de fricci\u00f3n, excelente recuperaci\u00f3n el\u00e1stica. Restricciones: precaucion en ambientes oxidantes.  Empaquetadura dedicada a las aplicaciones m\u00e1quinas rotativas, velocidades elevadas, temperaturas elevadas para fluidos limpios.<\/p>\n","protected":false},"excerpt":{"rendered":"<p>Alta Elasticidad &#8211; Baja Fricci\u00f3n<\/p>\n","protected":false},"featured_media":3920,"comment_status":"closed","ping_status":"open","template":"","meta":{"content-type":""},"product_cat":[890,857],"product_tag":[],"yoast_head":"<!-- This site is optimized with the Yoast SEO plugin v22.1 - https:\/\/yoast.com\/wordpress\/plugins\/seo\/ -->\n<title>LATTYgraf TSP - LATTY<\/title>\n<meta name=\"robots\" content=\"index, follow, max-snippet:-1, max-image-preview:large, max-video-preview:-1\" \/>\n<link rel=\"canonical\" href=\"https:\/\/latty.com\/es\/productos\/lattygraf-tsp\/\" \/>\n<meta property=\"og:locale\" content=\"es_ES\" \/>\n<meta property=\"og:type\" content=\"article\" \/>\n<meta property=\"og:title\" content=\"LATTYgraf TSP - LATTY\" \/>\n<meta property=\"og:description\" content=\"Alta Elasticidad - Baja Fricci\u00f3n\" \/>\n<meta property=\"og:url\" content=\"https:\/\/latty.com\/es\/productos\/lattygraf-tsp\/\" \/>\n<meta property=\"og:site_name\" content=\"GROUPE LATTY\" \/>\n<meta property=\"article:modified_time\" content=\"2020-07-01T09:48:19+00:00\" \/>\n<meta property=\"og:image\" content=\"https:\/\/latty.com\/wp-content\/uploads\/2019\/07\/2250LATTYgrafTSP.jpg\" \/>\n\t<meta property=\"og:image:width\" content=\"1080\" \/>\n\t<meta property=\"og:image:height\" content=\"720\" \/>\n\t<meta property=\"og:image:type\" content=\"image\/jpeg\" \/>\n<meta name=\"twitter:card\" content=\"summary_large_image\" \/>\n<script type=\"application\/ld+json\" class=\"yoast-schema-graph\">{\"@context\":\"https:\/\/schema.org\",\"@graph\":[{\"@type\":\"WebPage\",\"@id\":\"https:\/\/latty.com\/es\/productos\/lattygraf-tsp\/\",\"url\":\"https:\/\/latty.com\/es\/productos\/lattygraf-tsp\/\",\"name\":\"LATTYgraf TSP - LATTY\",\"isPartOf\":{\"@id\":\"https:\/\/latty.com\/es\/#website\"},\"datePublished\":\"2020-02-17T13:38:15+00:00\",\"dateModified\":\"2020-07-01T09:48:19+00:00\",\"breadcrumb\":{\"@id\":\"https:\/\/latty.com\/es\/productos\/lattygraf-tsp\/#breadcrumb\"},\"inLanguage\":\"es\",\"potentialAction\":[{\"@type\":\"ReadAction\",\"target\":[\"https:\/\/latty.com\/es\/productos\/lattygraf-tsp\/\"]}]},{\"@type\":\"BreadcrumbList\",\"@id\":\"https:\/\/latty.com\/es\/productos\/lattygraf-tsp\/#breadcrumb\",\"itemListElement\":[{\"@type\":\"ListItem\",\"position\":1,\"name\":\"BIENVENIDA\",\"item\":\"https:\/\/latty.com\/es\/\"},{\"@type\":\"ListItem\",\"position\":2,\"name\":\"Tienda\",\"item\":\"https:\/\/latty.com\/es\/tienda\/\"},{\"@type\":\"ListItem\",\"position\":3,\"name\":\"Maquinaria rotativa\",\"item\":\"https:\/\/latty.com\/es\/categorie-produit\/maquinaria-rotativa\/\"},{\"@type\":\"ListItem\",\"position\":4,\"name\":\"Empaquetaduras\",\"item\":\"https:\/\/latty.com\/es\/categorie-produit\/maquinaria-rotativa\/empaquetaduras\/\"},{\"@type\":\"ListItem\",\"position\":5,\"name\":\"LATTYgraf TSP\"}]},{\"@type\":\"WebSite\",\"@id\":\"https:\/\/latty.com\/es\/#website\",\"url\":\"https:\/\/latty.com\/es\/\",\"name\":\"GROUPE LATTY\",\"description\":\"Industrial Sealing Solutions\",\"potentialAction\":[{\"@type\":\"SearchAction\",\"target\":{\"@type\":\"EntryPoint\",\"urlTemplate\":\"https:\/\/latty.com\/es\/?s={search_term_string}\"},\"query-input\":\"required name=search_term_string\"}],\"inLanguage\":\"es\"}]}<\/script>\n<!-- \/ Yoast SEO plugin. -->","yoast_head_json":{"title":"LATTYgraf TSP - LATTY","robots":{"index":"index","follow":"follow","max-snippet":"max-snippet:-1","max-image-preview":"max-image-preview:large","max-video-preview":"max-video-preview:-1"},"canonical":"https:\/\/latty.com\/es\/productos\/lattygraf-tsp\/","og_locale":"es_ES","og_type":"article","og_title":"LATTYgraf TSP - LATTY","og_description":"Alta Elasticidad - Baja Fricci\u00f3n","og_url":"https:\/\/latty.com\/es\/productos\/lattygraf-tsp\/","og_site_name":"GROUPE LATTY","article_modified_time":"2020-07-01T09:48:19+00:00","og_image":[{"width":1080,"height":720,"url":"https:\/\/latty.com\/wp-content\/uploads\/2019\/07\/2250LATTYgrafTSP.jpg","type":"image\/jpeg"}],"twitter_card":"summary_large_image","schema":{"@context":"https:\/\/schema.org","@graph":[{"@type":"WebPage","@id":"https:\/\/latty.com\/es\/productos\/lattygraf-tsp\/","url":"https:\/\/latty.com\/es\/productos\/lattygraf-tsp\/","name":"LATTYgraf TSP - LATTY","isPartOf":{"@id":"https:\/\/latty.com\/es\/#website"},"datePublished":"2020-02-17T13:38:15+00:00","dateModified":"2020-07-01T09:48:19+00:00","breadcrumb":{"@id":"https:\/\/latty.com\/es\/productos\/lattygraf-tsp\/#breadcrumb"},"inLanguage":"es","potentialAction":[{"@type":"ReadAction","target":["https:\/\/latty.com\/es\/productos\/lattygraf-tsp\/"]}]},{"@type":"BreadcrumbList","@id":"https:\/\/latty.com\/es\/productos\/lattygraf-tsp\/#breadcrumb","itemListElement":[{"@type":"ListItem","position":1,"name":"BIENVENIDA","item":"https:\/\/latty.com\/es\/"},{"@type":"ListItem","position":2,"name":"Tienda","item":"https:\/\/latty.com\/es\/tienda\/"},{"@type":"ListItem","position":3,"name":"Maquinaria rotativa","item":"https:\/\/latty.com\/es\/categorie-produit\/maquinaria-rotativa\/"},{"@type":"ListItem","position":4,"name":"Empaquetaduras","item":"https:\/\/latty.com\/es\/categorie-produit\/maquinaria-rotativa\/empaquetaduras\/"},{"@type":"ListItem","position":5,"name":"LATTYgraf TSP"}]},{"@type":"WebSite","@id":"https:\/\/latty.com\/es\/#website","url":"https:\/\/latty.com\/es\/","name":"GROUPE LATTY","description":"Industrial Sealing Solutions","potentialAction":[{"@type":"SearchAction","target":{"@type":"EntryPoint","urlTemplate":"https:\/\/latty.com\/es\/?s={search_term_string}"},"query-input":"required name=search_term_string"}],"inLanguage":"es"}]}},"_links":{"self":[{"href":"https:\/\/latty.com\/es\/wp-json\/wp\/v2\/product\/16995"}],"collection":[{"href":"https:\/\/latty.com\/es\/wp-json\/wp\/v2\/product"}],"about":[{"href":"https:\/\/latty.com\/es\/wp-json\/wp\/v2\/types\/product"}],"replies":[{"embeddable":true,"href":"https:\/\/latty.com\/es\/wp-json\/wp\/v2\/comments?post=16995"}],"wp:featuredmedia":[{"embeddable":true,"href":"https:\/\/latty.com\/es\/wp-json\/wp\/v2\/media\/3920"}],"wp:attachment":[{"href":"https:\/\/latty.com\/es\/wp-json\/wp\/v2\/media?parent=16995"}],"wp:term":[{"taxonomy":"product_cat","embeddable":true,"href":"https:\/\/latty.com\/es\/wp-json\/wp\/v2\/product_cat?post=16995"},{"taxonomy":"product_tag","embeddable":true,"href":"https:\/\/latty.com\/es\/wp-json\/wp\/v2\/product_tag?post=16995"}],"curies":[{"name":"wp","href":"https:\/\/api.w.org\/{rel}","templated":true}]}}