{"id":16990,"date":"2020-02-11T20:13:21","date_gmt":"2020-02-17T13:38:15","guid":{"rendered":"http:\/\/lattydev.s187705.cjcom04.atester.fr\/produit\/lattygraf-reflex\/"},"modified":"2022-10-03T17:22:21","modified_gmt":"2022-10-03T15:22:21","slug":"lattygraf-reflex","status":"publish","type":"product","link":"https:\/\/latty.com\/es\/productos\/lattygraf-reflex\/","title":{"rendered":"LATTYgraf REFLEX NUC"},"content":{"rendered":"<p>Junta patentada compuesta de un anillo macizo de  grafito expandido LATTYgraf EBS mantenido en su sitio entre dos anillos de acero inoxidable usados como limitadores de compresi\u00f3n. La caracter\u00edstica principal de esta junta est\u00e1 relacionada con el contacto metal-metal. Durante la operaci\u00f3n, los anillos limitadores protegen al anillo de LATTYgraf EBS absorbiendo todos los esfuerzos mec\u00e1nicos de la tuber\u00eda, choques t\u00e9rmicos, etc. LATTYgraf REFLEX NUC est\u00e1 dise\u00f1ado para sellar en condiciones extremas y variables. Alta recuperaci\u00f3n el\u00e1stica. LATTYgraf REFLEX NUC, junta metal\/metal, de altas prestaciones, para aplicaciones nucleares.<\/p>\n","protected":false},"excerpt":{"rendered":"<p>Juntas de grafito de alto rendimiento, alta temperatura y alta presi\u00f3n<\/p>\n","protected":false},"featured_media":4024,"comment_status":"closed","ping_status":"closed","template":"","meta":{"content-type":""},"product_cat":[924,925],"product_tag":[],"yoast_head":"<!-- This site is optimized with the Yoast SEO plugin v22.1 - https:\/\/yoast.com\/wordpress\/plugins\/seo\/ -->\n<title>LATTYgraf REFLEX NUC - LATTY<\/title>\n<meta name=\"robots\" content=\"index, follow, max-snippet:-1, max-image-preview:large, max-video-preview:-1\" \/>\n<link rel=\"canonical\" href=\"https:\/\/latty.com\/es\/productos\/lattygraf-reflex\/\" \/>\n<meta property=\"og:locale\" content=\"es_ES\" \/>\n<meta property=\"og:type\" content=\"article\" \/>\n<meta property=\"og:title\" content=\"LATTYgraf REFLEX NUC - LATTY\" \/>\n<meta property=\"og:description\" content=\"Juntas de grafito de alto rendimiento, alta temperatura y alta presi\u00f3n\" \/>\n<meta property=\"og:url\" content=\"https:\/\/latty.com\/es\/productos\/lattygraf-reflex\/\" \/>\n<meta property=\"og:site_name\" content=\"GROUPE LATTY\" \/>\n<meta property=\"article:modified_time\" content=\"2022-10-03T15:22:21+00:00\" \/>\n<meta property=\"og:image\" content=\"https:\/\/latty.com\/wp-content\/uploads\/2019\/07\/2530LATTYgrafREFLEX.jpg\" \/>\n\t<meta property=\"og:image:width\" content=\"1080\" \/>\n\t<meta property=\"og:image:height\" content=\"720\" \/>\n\t<meta property=\"og:image:type\" content=\"image\/jpeg\" \/>\n<meta name=\"twitter:card\" content=\"summary_large_image\" \/>\n<script type=\"application\/ld+json\" class=\"yoast-schema-graph\">{\"@context\":\"https:\/\/schema.org\",\"@graph\":[{\"@type\":\"WebPage\",\"@id\":\"https:\/\/latty.com\/es\/productos\/lattygraf-reflex\/\",\"url\":\"https:\/\/latty.com\/es\/productos\/lattygraf-reflex\/\",\"name\":\"LATTYgraf REFLEX NUC - LATTY\",\"isPartOf\":{\"@id\":\"https:\/\/latty.com\/es\/#website\"},\"datePublished\":\"2020-02-17T13:38:15+00:00\",\"dateModified\":\"2022-10-03T15:22:21+00:00\",\"breadcrumb\":{\"@id\":\"https:\/\/latty.com\/es\/productos\/lattygraf-reflex\/#breadcrumb\"},\"inLanguage\":\"es\",\"potentialAction\":[{\"@type\":\"ReadAction\",\"target\":[\"https:\/\/latty.com\/es\/productos\/lattygraf-reflex\/\"]}]},{\"@type\":\"BreadcrumbList\",\"@id\":\"https:\/\/latty.com\/es\/productos\/lattygraf-reflex\/#breadcrumb\",\"itemListElement\":[{\"@type\":\"ListItem\",\"position\":1,\"name\":\"BIENVENIDA\",\"item\":\"https:\/\/latty.com\/es\/\"},{\"@type\":\"ListItem\",\"position\":2,\"name\":\"Tienda\",\"item\":\"https:\/\/latty.com\/es\/tienda\/\"},{\"@type\":\"ListItem\",\"position\":3,\"name\":\"Juntas Estaticas\",\"item\":\"https:\/\/latty.com\/es\/categorie-produit\/juntas-estaticas\/\"},{\"@type\":\"ListItem\",\"position\":4,\"name\":\"Sellado estatico\",\"item\":\"https:\/\/latty.com\/es\/categorie-produit\/juntas-estaticas\/sellado-estatico\/\"},{\"@type\":\"ListItem\",\"position\":5,\"name\":\"LATTYgraf REFLEX NUC\"}]},{\"@type\":\"WebSite\",\"@id\":\"https:\/\/latty.com\/es\/#website\",\"url\":\"https:\/\/latty.com\/es\/\",\"name\":\"GROUPE LATTY\",\"description\":\"Industrial Sealing Solutions\",\"potentialAction\":[{\"@type\":\"SearchAction\",\"target\":{\"@type\":\"EntryPoint\",\"urlTemplate\":\"https:\/\/latty.com\/es\/?s={search_term_string}\"},\"query-input\":\"required name=search_term_string\"}],\"inLanguage\":\"es\"}]}<\/script>\n<!-- \/ Yoast SEO plugin. -->","yoast_head_json":{"title":"LATTYgraf REFLEX NUC - LATTY","robots":{"index":"index","follow":"follow","max-snippet":"max-snippet:-1","max-image-preview":"max-image-preview:large","max-video-preview":"max-video-preview:-1"},"canonical":"https:\/\/latty.com\/es\/productos\/lattygraf-reflex\/","og_locale":"es_ES","og_type":"article","og_title":"LATTYgraf REFLEX NUC - LATTY","og_description":"Juntas de grafito de alto rendimiento, alta temperatura y alta presi\u00f3n","og_url":"https:\/\/latty.com\/es\/productos\/lattygraf-reflex\/","og_site_name":"GROUPE LATTY","article_modified_time":"2022-10-03T15:22:21+00:00","og_image":[{"width":1080,"height":720,"url":"https:\/\/latty.com\/wp-content\/uploads\/2019\/07\/2530LATTYgrafREFLEX.jpg","type":"image\/jpeg"}],"twitter_card":"summary_large_image","schema":{"@context":"https:\/\/schema.org","@graph":[{"@type":"WebPage","@id":"https:\/\/latty.com\/es\/productos\/lattygraf-reflex\/","url":"https:\/\/latty.com\/es\/productos\/lattygraf-reflex\/","name":"LATTYgraf REFLEX NUC - LATTY","isPartOf":{"@id":"https:\/\/latty.com\/es\/#website"},"datePublished":"2020-02-17T13:38:15+00:00","dateModified":"2022-10-03T15:22:21+00:00","breadcrumb":{"@id":"https:\/\/latty.com\/es\/productos\/lattygraf-reflex\/#breadcrumb"},"inLanguage":"es","potentialAction":[{"@type":"ReadAction","target":["https:\/\/latty.com\/es\/productos\/lattygraf-reflex\/"]}]},{"@type":"BreadcrumbList","@id":"https:\/\/latty.com\/es\/productos\/lattygraf-reflex\/#breadcrumb","itemListElement":[{"@type":"ListItem","position":1,"name":"BIENVENIDA","item":"https:\/\/latty.com\/es\/"},{"@type":"ListItem","position":2,"name":"Tienda","item":"https:\/\/latty.com\/es\/tienda\/"},{"@type":"ListItem","position":3,"name":"Juntas Estaticas","item":"https:\/\/latty.com\/es\/categorie-produit\/juntas-estaticas\/"},{"@type":"ListItem","position":4,"name":"Sellado estatico","item":"https:\/\/latty.com\/es\/categorie-produit\/juntas-estaticas\/sellado-estatico\/"},{"@type":"ListItem","position":5,"name":"LATTYgraf REFLEX NUC"}]},{"@type":"WebSite","@id":"https:\/\/latty.com\/es\/#website","url":"https:\/\/latty.com\/es\/","name":"GROUPE LATTY","description":"Industrial Sealing Solutions","potentialAction":[{"@type":"SearchAction","target":{"@type":"EntryPoint","urlTemplate":"https:\/\/latty.com\/es\/?s={search_term_string}"},"query-input":"required name=search_term_string"}],"inLanguage":"es"}]}},"_links":{"self":[{"href":"https:\/\/latty.com\/es\/wp-json\/wp\/v2\/product\/16990"}],"collection":[{"href":"https:\/\/latty.com\/es\/wp-json\/wp\/v2\/product"}],"about":[{"href":"https:\/\/latty.com\/es\/wp-json\/wp\/v2\/types\/product"}],"replies":[{"embeddable":true,"href":"https:\/\/latty.com\/es\/wp-json\/wp\/v2\/comments?post=16990"}],"wp:featuredmedia":[{"embeddable":true,"href":"https:\/\/latty.com\/es\/wp-json\/wp\/v2\/media\/4024"}],"wp:attachment":[{"href":"https:\/\/latty.com\/es\/wp-json\/wp\/v2\/media?parent=16990"}],"wp:term":[{"taxonomy":"product_cat","embeddable":true,"href":"https:\/\/latty.com\/es\/wp-json\/wp\/v2\/product_cat?post=16990"},{"taxonomy":"product_tag","embeddable":true,"href":"https:\/\/latty.com\/es\/wp-json\/wp\/v2\/product_tag?post=16990"}],"curies":[{"name":"wp","href":"https:\/\/api.w.org\/{rel}","templated":true}]}}