{"id":16976,"date":"2020-02-11T20:13:13","date_gmt":"2020-02-17T13:37:41","guid":{"rendered":"http:\/\/lattydev.s187705.cjcom04.atester.fr\/produit\/lattygraf-6995-ng\/"},"modified":"2024-12-02T12:16:48","modified_gmt":"2024-12-02T11:16:48","slug":"lattygraf-6995-ng","status":"publish","type":"product","link":"https:\/\/latty.com\/es\/productos\/lattygraf-6995-ng\/","title":{"rendered":"LATTYgraf 6995 NG"},"content":{"rendered":"<p>Empaquetadura constituida por hilos de grafito expandido de alta pureza (>98%) con camisa de hilos de Inconel, impregnados con una mezcla de grafito de alta pureza (>98%) que contiene un agente que mejora el coeficiente de fricci\u00f3n. LATTYgraf 6995 NG contiene un inhibidor de corrosi\u00f3n, resultado de un procedimiento exclusivo que garantiza una protecci\u00f3n ilimitada del husillo de las v\u00e1lvulas, as\u00ed como de la cajera y prensa estopas. Restricciones: precaucion en ambientes oxidantes. Disponible en anillos matrizados. Consulte con nosotros. Empaquetaduras de grafito expandido de pureza muy elevada, alt\u00edsimas prestaciones, de rozamientos reducidos. Resistencia notable en presiones muy elevadas.<\/p>\n","protected":false},"excerpt":{"rendered":"<p>LATTYgraf 6995 NG: nueva generaci\u00f3n de empaquetaduras para oponerse a las Emisiones Fugitivas<\/p>\n","protected":false},"featured_media":3844,"comment_status":"closed","ping_status":"closed","template":"","meta":{"content-type":""},"product_cat":[962,961],"product_tag":[],"yoast_head":"<!-- This site is optimized with the Yoast SEO plugin v22.1 - https:\/\/yoast.com\/wordpress\/plugins\/seo\/ -->\n<title>LATTYgraf 6995 NG - LATTY<\/title>\n<meta name=\"robots\" content=\"index, follow, max-snippet:-1, max-image-preview:large, max-video-preview:-1\" \/>\n<link rel=\"canonical\" href=\"https:\/\/latty.com\/es\/productos\/lattygraf-6995-ng\/\" \/>\n<meta property=\"og:locale\" content=\"es_ES\" \/>\n<meta property=\"og:type\" content=\"article\" \/>\n<meta property=\"og:title\" content=\"LATTYgraf 6995 NG - LATTY\" \/>\n<meta property=\"og:description\" content=\"LATTYgraf 6995 NG: nueva generaci\u00f3n de empaquetaduras para oponerse a las Emisiones Fugitivas\" \/>\n<meta property=\"og:url\" content=\"https:\/\/latty.com\/es\/productos\/lattygraf-6995-ng\/\" \/>\n<meta property=\"og:site_name\" content=\"GROUPE LATTY\" \/>\n<meta property=\"article:modified_time\" content=\"2024-12-02T11:16:48+00:00\" \/>\n<meta property=\"og:image\" content=\"https:\/\/latty.com\/wp-content\/uploads\/2019\/07\/3060LATTYgraf6995NG.jpg\" \/>\n\t<meta property=\"og:image:width\" content=\"1080\" \/>\n\t<meta property=\"og:image:height\" content=\"720\" \/>\n\t<meta property=\"og:image:type\" content=\"image\/jpeg\" \/>\n<meta name=\"twitter:card\" content=\"summary_large_image\" \/>\n<meta name=\"twitter:label1\" content=\"Tiempo de lectura\" \/>\n\t<meta name=\"twitter:data1\" content=\"1 minuto\" \/>\n<script type=\"application\/ld+json\" class=\"yoast-schema-graph\">{\"@context\":\"https:\/\/schema.org\",\"@graph\":[{\"@type\":\"WebPage\",\"@id\":\"https:\/\/latty.com\/es\/productos\/lattygraf-6995-ng\/\",\"url\":\"https:\/\/latty.com\/es\/productos\/lattygraf-6995-ng\/\",\"name\":\"LATTYgraf 6995 NG - LATTY\",\"isPartOf\":{\"@id\":\"https:\/\/latty.com\/es\/#website\"},\"datePublished\":\"2020-02-17T13:37:41+00:00\",\"dateModified\":\"2024-12-02T11:16:48+00:00\",\"breadcrumb\":{\"@id\":\"https:\/\/latty.com\/es\/productos\/lattygraf-6995-ng\/#breadcrumb\"},\"inLanguage\":\"es\",\"potentialAction\":[{\"@type\":\"ReadAction\",\"target\":[\"https:\/\/latty.com\/es\/productos\/lattygraf-6995-ng\/\"]}]},{\"@type\":\"BreadcrumbList\",\"@id\":\"https:\/\/latty.com\/es\/productos\/lattygraf-6995-ng\/#breadcrumb\",\"itemListElement\":[{\"@type\":\"ListItem\",\"position\":1,\"name\":\"BIENVENIDA\",\"item\":\"https:\/\/latty.com\/es\/\"},{\"@type\":\"ListItem\",\"position\":2,\"name\":\"Tienda\",\"item\":\"https:\/\/latty.com\/es\/tienda\/\"},{\"@type\":\"ListItem\",\"position\":3,\"name\":\"Valvulas\",\"item\":\"https:\/\/latty.com\/es\/categorie-produit\/valvulas\/\"},{\"@type\":\"ListItem\",\"position\":4,\"name\":\"Packings or Rings\",\"item\":\"https:\/\/latty.com\/es\/categorie-produit\/valvulas\/packings-or-rings-valvulas\/\"},{\"@type\":\"ListItem\",\"position\":5,\"name\":\"LATTYgraf 6995 NG\"}]},{\"@type\":\"WebSite\",\"@id\":\"https:\/\/latty.com\/es\/#website\",\"url\":\"https:\/\/latty.com\/es\/\",\"name\":\"GROUPE LATTY\",\"description\":\"Industrial Sealing Solutions\",\"potentialAction\":[{\"@type\":\"SearchAction\",\"target\":{\"@type\":\"EntryPoint\",\"urlTemplate\":\"https:\/\/latty.com\/es\/?s={search_term_string}\"},\"query-input\":\"required name=search_term_string\"}],\"inLanguage\":\"es\"}]}<\/script>\n<!-- \/ Yoast SEO plugin. -->","yoast_head_json":{"title":"LATTYgraf 6995 NG - LATTY","robots":{"index":"index","follow":"follow","max-snippet":"max-snippet:-1","max-image-preview":"max-image-preview:large","max-video-preview":"max-video-preview:-1"},"canonical":"https:\/\/latty.com\/es\/productos\/lattygraf-6995-ng\/","og_locale":"es_ES","og_type":"article","og_title":"LATTYgraf 6995 NG - LATTY","og_description":"LATTYgraf 6995 NG: nueva generaci\u00f3n de empaquetaduras para oponerse a las Emisiones Fugitivas","og_url":"https:\/\/latty.com\/es\/productos\/lattygraf-6995-ng\/","og_site_name":"GROUPE LATTY","article_modified_time":"2024-12-02T11:16:48+00:00","og_image":[{"width":1080,"height":720,"url":"https:\/\/latty.com\/wp-content\/uploads\/2019\/07\/3060LATTYgraf6995NG.jpg","type":"image\/jpeg"}],"twitter_card":"summary_large_image","twitter_misc":{"Tiempo de lectura":"1 minuto"},"schema":{"@context":"https:\/\/schema.org","@graph":[{"@type":"WebPage","@id":"https:\/\/latty.com\/es\/productos\/lattygraf-6995-ng\/","url":"https:\/\/latty.com\/es\/productos\/lattygraf-6995-ng\/","name":"LATTYgraf 6995 NG - LATTY","isPartOf":{"@id":"https:\/\/latty.com\/es\/#website"},"datePublished":"2020-02-17T13:37:41+00:00","dateModified":"2024-12-02T11:16:48+00:00","breadcrumb":{"@id":"https:\/\/latty.com\/es\/productos\/lattygraf-6995-ng\/#breadcrumb"},"inLanguage":"es","potentialAction":[{"@type":"ReadAction","target":["https:\/\/latty.com\/es\/productos\/lattygraf-6995-ng\/"]}]},{"@type":"BreadcrumbList","@id":"https:\/\/latty.com\/es\/productos\/lattygraf-6995-ng\/#breadcrumb","itemListElement":[{"@type":"ListItem","position":1,"name":"BIENVENIDA","item":"https:\/\/latty.com\/es\/"},{"@type":"ListItem","position":2,"name":"Tienda","item":"https:\/\/latty.com\/es\/tienda\/"},{"@type":"ListItem","position":3,"name":"Valvulas","item":"https:\/\/latty.com\/es\/categorie-produit\/valvulas\/"},{"@type":"ListItem","position":4,"name":"Packings or Rings","item":"https:\/\/latty.com\/es\/categorie-produit\/valvulas\/packings-or-rings-valvulas\/"},{"@type":"ListItem","position":5,"name":"LATTYgraf 6995 NG"}]},{"@type":"WebSite","@id":"https:\/\/latty.com\/es\/#website","url":"https:\/\/latty.com\/es\/","name":"GROUPE LATTY","description":"Industrial Sealing Solutions","potentialAction":[{"@type":"SearchAction","target":{"@type":"EntryPoint","urlTemplate":"https:\/\/latty.com\/es\/?s={search_term_string}"},"query-input":"required name=search_term_string"}],"inLanguage":"es"}]}},"_links":{"self":[{"href":"https:\/\/latty.com\/es\/wp-json\/wp\/v2\/product\/16976"}],"collection":[{"href":"https:\/\/latty.com\/es\/wp-json\/wp\/v2\/product"}],"about":[{"href":"https:\/\/latty.com\/es\/wp-json\/wp\/v2\/types\/product"}],"replies":[{"embeddable":true,"href":"https:\/\/latty.com\/es\/wp-json\/wp\/v2\/comments?post=16976"}],"wp:featuredmedia":[{"embeddable":true,"href":"https:\/\/latty.com\/es\/wp-json\/wp\/v2\/media\/3844"}],"wp:attachment":[{"href":"https:\/\/latty.com\/es\/wp-json\/wp\/v2\/media?parent=16976"}],"wp:term":[{"taxonomy":"product_cat","embeddable":true,"href":"https:\/\/latty.com\/es\/wp-json\/wp\/v2\/product_cat?post=16976"},{"taxonomy":"product_tag","embeddable":true,"href":"https:\/\/latty.com\/es\/wp-json\/wp\/v2\/product_tag?post=16976"}],"curies":[{"name":"wp","href":"https:\/\/api.w.org\/{rel}","templated":true}]}}