{"id":16972,"date":"2020-02-11T20:13:13","date_gmt":"2020-02-17T13:37:41","guid":{"rendered":"http:\/\/lattydev.s187705.cjcom04.atester.fr\/produit\/lattygraf-6940\/"},"modified":"2021-01-15T10:41:20","modified_gmt":"2021-01-15T09:41:20","slug":"lattygraf-6940","status":"publish","type":"product","link":"https:\/\/latty.com\/es\/productos\/lattygraf-6940\/","title":{"rendered":"LATTYgraf 6940"},"content":{"rendered":"<p>Empaquetadura fabricada con fibras de grafito expandido, reforzadas con alambres de Inconel y recubierta con una mezcla a base de grafito. LATTYgraf 6940 contiene un inhibidor de corrosi\u00f3n para proteger el husillo y la cajera de la v\u00e1lvula. Esta estructura especial resiste altas presiones sin extrusi\u00f3n del grafito. Restricciones: precaucion en ambientes oxidantes. Disponible en anillos matrizados. Consulte con nosotros. Empaquetaduras anti-extrusi\u00f3n, para aplicaciones de altas prestaciones y temperaturas elevadas.<\/p>\n","protected":false},"excerpt":{"rendered":"<p>Las Propiedades del Grafito Expandido. Con las Ventajas de la Empaquetadura. \u00a1 No se Necesitan Moldes de Matrizado ,<\/p>\n","protected":false},"featured_media":6639,"comment_status":"closed","ping_status":"closed","template":"","meta":{"content-type":""},"product_cat":[890,962,961],"product_tag":[],"yoast_head":"<!-- This site is optimized with the Yoast SEO plugin v22.1 - https:\/\/yoast.com\/wordpress\/plugins\/seo\/ -->\n<title>LATTYgraf 6940 - LATTY<\/title>\n<meta name=\"robots\" content=\"index, follow, max-snippet:-1, max-image-preview:large, max-video-preview:-1\" \/>\n<link rel=\"canonical\" href=\"https:\/\/latty.com\/es\/productos\/lattygraf-6940\/\" \/>\n<meta property=\"og:locale\" content=\"es_ES\" \/>\n<meta property=\"og:type\" content=\"article\" \/>\n<meta property=\"og:title\" content=\"LATTYgraf 6940 - LATTY\" \/>\n<meta property=\"og:description\" content=\"Las Propiedades del Grafito Expandido. Con las Ventajas de la Empaquetadura. \u00a1 No se Necesitan Moldes de Matrizado ,\" \/>\n<meta property=\"og:url\" content=\"https:\/\/latty.com\/es\/productos\/lattygraf-6940\/\" \/>\n<meta property=\"og:site_name\" content=\"GROUPE LATTY\" \/>\n<meta property=\"article:modified_time\" content=\"2021-01-15T09:41:20+00:00\" \/>\n<meta property=\"og:image\" content=\"https:\/\/latty.com\/wp-content\/uploads\/2019\/07\/3110LATTYgraf6940.jpg\" \/>\n\t<meta property=\"og:image:width\" content=\"1080\" \/>\n\t<meta property=\"og:image:height\" content=\"720\" \/>\n\t<meta property=\"og:image:type\" content=\"image\/jpeg\" \/>\n<meta name=\"twitter:card\" content=\"summary_large_image\" \/>\n<script type=\"application\/ld+json\" class=\"yoast-schema-graph\">{\"@context\":\"https:\/\/schema.org\",\"@graph\":[{\"@type\":\"WebPage\",\"@id\":\"https:\/\/latty.com\/es\/productos\/lattygraf-6940\/\",\"url\":\"https:\/\/latty.com\/es\/productos\/lattygraf-6940\/\",\"name\":\"LATTYgraf 6940 - LATTY\",\"isPartOf\":{\"@id\":\"https:\/\/latty.com\/es\/#website\"},\"datePublished\":\"2020-02-17T13:37:41+00:00\",\"dateModified\":\"2021-01-15T09:41:20+00:00\",\"breadcrumb\":{\"@id\":\"https:\/\/latty.com\/es\/productos\/lattygraf-6940\/#breadcrumb\"},\"inLanguage\":\"es\",\"potentialAction\":[{\"@type\":\"ReadAction\",\"target\":[\"https:\/\/latty.com\/es\/productos\/lattygraf-6940\/\"]}]},{\"@type\":\"BreadcrumbList\",\"@id\":\"https:\/\/latty.com\/es\/productos\/lattygraf-6940\/#breadcrumb\",\"itemListElement\":[{\"@type\":\"ListItem\",\"position\":1,\"name\":\"BIENVENIDA\",\"item\":\"https:\/\/latty.com\/es\/\"},{\"@type\":\"ListItem\",\"position\":2,\"name\":\"Tienda\",\"item\":\"https:\/\/latty.com\/es\/tienda\/\"},{\"@type\":\"ListItem\",\"position\":3,\"name\":\"Maquinaria rotativa\",\"item\":\"https:\/\/latty.com\/es\/categorie-produit\/maquinaria-rotativa\/\"},{\"@type\":\"ListItem\",\"position\":4,\"name\":\"Empaquetaduras\",\"item\":\"https:\/\/latty.com\/es\/categorie-produit\/maquinaria-rotativa\/empaquetaduras\/\"},{\"@type\":\"ListItem\",\"position\":5,\"name\":\"LATTYgraf 6940\"}]},{\"@type\":\"WebSite\",\"@id\":\"https:\/\/latty.com\/es\/#website\",\"url\":\"https:\/\/latty.com\/es\/\",\"name\":\"GROUPE LATTY\",\"description\":\"Industrial Sealing Solutions\",\"potentialAction\":[{\"@type\":\"SearchAction\",\"target\":{\"@type\":\"EntryPoint\",\"urlTemplate\":\"https:\/\/latty.com\/es\/?s={search_term_string}\"},\"query-input\":\"required name=search_term_string\"}],\"inLanguage\":\"es\"}]}<\/script>\n<!-- \/ Yoast SEO plugin. -->","yoast_head_json":{"title":"LATTYgraf 6940 - LATTY","robots":{"index":"index","follow":"follow","max-snippet":"max-snippet:-1","max-image-preview":"max-image-preview:large","max-video-preview":"max-video-preview:-1"},"canonical":"https:\/\/latty.com\/es\/productos\/lattygraf-6940\/","og_locale":"es_ES","og_type":"article","og_title":"LATTYgraf 6940 - LATTY","og_description":"Las Propiedades del Grafito Expandido. Con las Ventajas de la Empaquetadura. \u00a1 No se Necesitan Moldes de Matrizado ,","og_url":"https:\/\/latty.com\/es\/productos\/lattygraf-6940\/","og_site_name":"GROUPE LATTY","article_modified_time":"2021-01-15T09:41:20+00:00","og_image":[{"width":1080,"height":720,"url":"https:\/\/latty.com\/wp-content\/uploads\/2019\/07\/3110LATTYgraf6940.jpg","type":"image\/jpeg"}],"twitter_card":"summary_large_image","schema":{"@context":"https:\/\/schema.org","@graph":[{"@type":"WebPage","@id":"https:\/\/latty.com\/es\/productos\/lattygraf-6940\/","url":"https:\/\/latty.com\/es\/productos\/lattygraf-6940\/","name":"LATTYgraf 6940 - LATTY","isPartOf":{"@id":"https:\/\/latty.com\/es\/#website"},"datePublished":"2020-02-17T13:37:41+00:00","dateModified":"2021-01-15T09:41:20+00:00","breadcrumb":{"@id":"https:\/\/latty.com\/es\/productos\/lattygraf-6940\/#breadcrumb"},"inLanguage":"es","potentialAction":[{"@type":"ReadAction","target":["https:\/\/latty.com\/es\/productos\/lattygraf-6940\/"]}]},{"@type":"BreadcrumbList","@id":"https:\/\/latty.com\/es\/productos\/lattygraf-6940\/#breadcrumb","itemListElement":[{"@type":"ListItem","position":1,"name":"BIENVENIDA","item":"https:\/\/latty.com\/es\/"},{"@type":"ListItem","position":2,"name":"Tienda","item":"https:\/\/latty.com\/es\/tienda\/"},{"@type":"ListItem","position":3,"name":"Maquinaria rotativa","item":"https:\/\/latty.com\/es\/categorie-produit\/maquinaria-rotativa\/"},{"@type":"ListItem","position":4,"name":"Empaquetaduras","item":"https:\/\/latty.com\/es\/categorie-produit\/maquinaria-rotativa\/empaquetaduras\/"},{"@type":"ListItem","position":5,"name":"LATTYgraf 6940"}]},{"@type":"WebSite","@id":"https:\/\/latty.com\/es\/#website","url":"https:\/\/latty.com\/es\/","name":"GROUPE LATTY","description":"Industrial Sealing Solutions","potentialAction":[{"@type":"SearchAction","target":{"@type":"EntryPoint","urlTemplate":"https:\/\/latty.com\/es\/?s={search_term_string}"},"query-input":"required name=search_term_string"}],"inLanguage":"es"}]}},"_links":{"self":[{"href":"https:\/\/latty.com\/es\/wp-json\/wp\/v2\/product\/16972"}],"collection":[{"href":"https:\/\/latty.com\/es\/wp-json\/wp\/v2\/product"}],"about":[{"href":"https:\/\/latty.com\/es\/wp-json\/wp\/v2\/types\/product"}],"replies":[{"embeddable":true,"href":"https:\/\/latty.com\/es\/wp-json\/wp\/v2\/comments?post=16972"}],"wp:featuredmedia":[{"embeddable":true,"href":"https:\/\/latty.com\/es\/wp-json\/wp\/v2\/media\/6639"}],"wp:attachment":[{"href":"https:\/\/latty.com\/es\/wp-json\/wp\/v2\/media?parent=16972"}],"wp:term":[{"taxonomy":"product_cat","embeddable":true,"href":"https:\/\/latty.com\/es\/wp-json\/wp\/v2\/product_cat?post=16972"},{"taxonomy":"product_tag","embeddable":true,"href":"https:\/\/latty.com\/es\/wp-json\/wp\/v2\/product_tag?post=16972"}],"curies":[{"name":"wp","href":"https:\/\/api.w.org\/{rel}","templated":true}]}}