{"id":16971,"date":"2020-02-11T20:13:13","date_gmt":"2020-02-17T13:37:41","guid":{"rendered":"http:\/\/lattydev.s187705.cjcom04.atester.fr\/produit\/lattygraf-6745-ng\/"},"modified":"2021-08-02T10:07:15","modified_gmt":"2021-08-02T08:07:15","slug":"lattygraf-6745-ng","status":"publish","type":"product","link":"https:\/\/latty.com\/es\/productos\/lattygraf-6745-ng\/","title":{"rendered":"LATTYgraf 6745 NG"},"content":{"rendered":"<p>Empaquetadura constituida por hilos continuos de carb\u00f3n, impregnados hilo a hilo con PTFE por nuestro procedimiento exclusivo \u00ab Filcoat \u00bb y vueltos a tratar durante el trenzado con una mezcla a base de grafito y PTFE, lo que le permite tener muy buen comportamiento en bombas y v\u00e1lvulas. LATTYgraf 6745 NG contiene un inhibidor de corrosi\u00f3n, resultado de un procedimiento exclusivo que garantiza una protecci\u00f3n ilimitada del husillo de las v\u00e1lvulas, as\u00ed como de la cajera y prensa estopas Restricciones: precaucion en ambientes oxidantes. Consulte con nosotros. Empaquetadura carbono de rozamientos reducidos : para grifos, bombas y v\u00e1lvulas, presi\u00f3n elevada, temperatura elevada. Disponible por metros o en tramos preformados<\/p>\n","protected":false},"excerpt":{"rendered":"<p>LATTYgraf 6745 NG: la nueva generaci\u00f3n de empaquetadura de carb\u00f3n de baja fricci\u00f3n, para bombas y v\u00e1lvulas<\/p>\n","protected":false},"featured_media":3932,"comment_status":"closed","ping_status":"closed","template":"","meta":{"content-type":""},"product_cat":[890,857],"product_tag":[],"yoast_head":"<!-- This site is optimized with the Yoast SEO plugin v22.1 - https:\/\/yoast.com\/wordpress\/plugins\/seo\/ -->\n<title>LATTYgraf 6745 NG - LATTY<\/title>\n<meta name=\"robots\" content=\"index, follow, max-snippet:-1, max-image-preview:large, max-video-preview:-1\" \/>\n<link rel=\"canonical\" href=\"https:\/\/latty.com\/es\/productos\/lattygraf-6745-ng\/\" \/>\n<meta property=\"og:locale\" content=\"es_ES\" \/>\n<meta property=\"og:type\" content=\"article\" \/>\n<meta property=\"og:title\" content=\"LATTYgraf 6745 NG - LATTY\" \/>\n<meta property=\"og:description\" content=\"LATTYgraf 6745 NG: la nueva generaci\u00f3n de empaquetadura de carb\u00f3n de baja fricci\u00f3n, para bombas y v\u00e1lvulas\" \/>\n<meta property=\"og:url\" content=\"https:\/\/latty.com\/es\/productos\/lattygraf-6745-ng\/\" \/>\n<meta property=\"og:site_name\" content=\"GROUPE LATTY\" \/>\n<meta property=\"article:modified_time\" content=\"2021-08-02T08:07:15+00:00\" \/>\n<meta property=\"og:image\" content=\"https:\/\/latty.com\/wp-content\/uploads\/2019\/07\/2260LATTYgraf6745NG.jpg\" \/>\n\t<meta property=\"og:image:width\" content=\"1080\" \/>\n\t<meta property=\"og:image:height\" content=\"720\" \/>\n\t<meta property=\"og:image:type\" content=\"image\/jpeg\" \/>\n<meta name=\"twitter:card\" content=\"summary_large_image\" \/>\n<meta name=\"twitter:label1\" content=\"Tiempo de lectura\" \/>\n\t<meta name=\"twitter:data1\" content=\"1 minuto\" \/>\n<script type=\"application\/ld+json\" class=\"yoast-schema-graph\">{\"@context\":\"https:\/\/schema.org\",\"@graph\":[{\"@type\":\"WebPage\",\"@id\":\"https:\/\/latty.com\/es\/productos\/lattygraf-6745-ng\/\",\"url\":\"https:\/\/latty.com\/es\/productos\/lattygraf-6745-ng\/\",\"name\":\"LATTYgraf 6745 NG - LATTY\",\"isPartOf\":{\"@id\":\"https:\/\/latty.com\/es\/#website\"},\"datePublished\":\"2020-02-17T13:37:41+00:00\",\"dateModified\":\"2021-08-02T08:07:15+00:00\",\"breadcrumb\":{\"@id\":\"https:\/\/latty.com\/es\/productos\/lattygraf-6745-ng\/#breadcrumb\"},\"inLanguage\":\"es\",\"potentialAction\":[{\"@type\":\"ReadAction\",\"target\":[\"https:\/\/latty.com\/es\/productos\/lattygraf-6745-ng\/\"]}]},{\"@type\":\"BreadcrumbList\",\"@id\":\"https:\/\/latty.com\/es\/productos\/lattygraf-6745-ng\/#breadcrumb\",\"itemListElement\":[{\"@type\":\"ListItem\",\"position\":1,\"name\":\"BIENVENIDA\",\"item\":\"https:\/\/latty.com\/es\/\"},{\"@type\":\"ListItem\",\"position\":2,\"name\":\"Tienda\",\"item\":\"https:\/\/latty.com\/es\/tienda\/\"},{\"@type\":\"ListItem\",\"position\":3,\"name\":\"Maquinaria rotativa\",\"item\":\"https:\/\/latty.com\/es\/categorie-produit\/maquinaria-rotativa\/\"},{\"@type\":\"ListItem\",\"position\":4,\"name\":\"Empaquetaduras\",\"item\":\"https:\/\/latty.com\/es\/categorie-produit\/maquinaria-rotativa\/empaquetaduras\/\"},{\"@type\":\"ListItem\",\"position\":5,\"name\":\"LATTYgraf 6745 NG\"}]},{\"@type\":\"WebSite\",\"@id\":\"https:\/\/latty.com\/es\/#website\",\"url\":\"https:\/\/latty.com\/es\/\",\"name\":\"GROUPE LATTY\",\"description\":\"Industrial Sealing Solutions\",\"potentialAction\":[{\"@type\":\"SearchAction\",\"target\":{\"@type\":\"EntryPoint\",\"urlTemplate\":\"https:\/\/latty.com\/es\/?s={search_term_string}\"},\"query-input\":\"required name=search_term_string\"}],\"inLanguage\":\"es\"}]}<\/script>\n<!-- \/ Yoast SEO plugin. -->","yoast_head_json":{"title":"LATTYgraf 6745 NG - LATTY","robots":{"index":"index","follow":"follow","max-snippet":"max-snippet:-1","max-image-preview":"max-image-preview:large","max-video-preview":"max-video-preview:-1"},"canonical":"https:\/\/latty.com\/es\/productos\/lattygraf-6745-ng\/","og_locale":"es_ES","og_type":"article","og_title":"LATTYgraf 6745 NG - LATTY","og_description":"LATTYgraf 6745 NG: la nueva generaci\u00f3n de empaquetadura de carb\u00f3n de baja fricci\u00f3n, para bombas y v\u00e1lvulas","og_url":"https:\/\/latty.com\/es\/productos\/lattygraf-6745-ng\/","og_site_name":"GROUPE LATTY","article_modified_time":"2021-08-02T08:07:15+00:00","og_image":[{"width":1080,"height":720,"url":"https:\/\/latty.com\/wp-content\/uploads\/2019\/07\/2260LATTYgraf6745NG.jpg","type":"image\/jpeg"}],"twitter_card":"summary_large_image","twitter_misc":{"Tiempo de lectura":"1 minuto"},"schema":{"@context":"https:\/\/schema.org","@graph":[{"@type":"WebPage","@id":"https:\/\/latty.com\/es\/productos\/lattygraf-6745-ng\/","url":"https:\/\/latty.com\/es\/productos\/lattygraf-6745-ng\/","name":"LATTYgraf 6745 NG - LATTY","isPartOf":{"@id":"https:\/\/latty.com\/es\/#website"},"datePublished":"2020-02-17T13:37:41+00:00","dateModified":"2021-08-02T08:07:15+00:00","breadcrumb":{"@id":"https:\/\/latty.com\/es\/productos\/lattygraf-6745-ng\/#breadcrumb"},"inLanguage":"es","potentialAction":[{"@type":"ReadAction","target":["https:\/\/latty.com\/es\/productos\/lattygraf-6745-ng\/"]}]},{"@type":"BreadcrumbList","@id":"https:\/\/latty.com\/es\/productos\/lattygraf-6745-ng\/#breadcrumb","itemListElement":[{"@type":"ListItem","position":1,"name":"BIENVENIDA","item":"https:\/\/latty.com\/es\/"},{"@type":"ListItem","position":2,"name":"Tienda","item":"https:\/\/latty.com\/es\/tienda\/"},{"@type":"ListItem","position":3,"name":"Maquinaria rotativa","item":"https:\/\/latty.com\/es\/categorie-produit\/maquinaria-rotativa\/"},{"@type":"ListItem","position":4,"name":"Empaquetaduras","item":"https:\/\/latty.com\/es\/categorie-produit\/maquinaria-rotativa\/empaquetaduras\/"},{"@type":"ListItem","position":5,"name":"LATTYgraf 6745 NG"}]},{"@type":"WebSite","@id":"https:\/\/latty.com\/es\/#website","url":"https:\/\/latty.com\/es\/","name":"GROUPE LATTY","description":"Industrial Sealing Solutions","potentialAction":[{"@type":"SearchAction","target":{"@type":"EntryPoint","urlTemplate":"https:\/\/latty.com\/es\/?s={search_term_string}"},"query-input":"required name=search_term_string"}],"inLanguage":"es"}]}},"_links":{"self":[{"href":"https:\/\/latty.com\/es\/wp-json\/wp\/v2\/product\/16971"}],"collection":[{"href":"https:\/\/latty.com\/es\/wp-json\/wp\/v2\/product"}],"about":[{"href":"https:\/\/latty.com\/es\/wp-json\/wp\/v2\/types\/product"}],"replies":[{"embeddable":true,"href":"https:\/\/latty.com\/es\/wp-json\/wp\/v2\/comments?post=16971"}],"wp:featuredmedia":[{"embeddable":true,"href":"https:\/\/latty.com\/es\/wp-json\/wp\/v2\/media\/3932"}],"wp:attachment":[{"href":"https:\/\/latty.com\/es\/wp-json\/wp\/v2\/media?parent=16971"}],"wp:term":[{"taxonomy":"product_cat","embeddable":true,"href":"https:\/\/latty.com\/es\/wp-json\/wp\/v2\/product_cat?post=16971"},{"taxonomy":"product_tag","embeddable":true,"href":"https:\/\/latty.com\/es\/wp-json\/wp\/v2\/product_tag?post=16971"}],"curies":[{"name":"wp","href":"https:\/\/api.w.org\/{rel}","templated":true}]}}