{"id":16953,"date":"2020-02-11T20:13:05","date_gmt":"2020-02-17T13:37:20","guid":{"rendered":"http:\/\/lattydev.s187705.cjcom04.atester.fr\/produit\/lattyflon-5790-s\/"},"modified":"2022-10-20T09:39:06","modified_gmt":"2022-10-20T07:39:06","slug":"lattyflon-5790-s","status":"publish","type":"product","link":"https:\/\/latty.com\/es\/productos\/lattyflon-5790-s\/","title":{"rendered":"LATTYflon 5790 S"},"content":{"rendered":"<p>LATTY\u00aeflon 5790S es una empaquetadura con gran resistencia al desgaste en rotaci\u00f3n. LATTYflon 5790 est\u00e1 fabricada con nuevas fibras sint\u00e9ticas de elevada resistencia mec\u00e1nica y baja abrasi\u00f3n, lo que permite reducir el desgaste de camisas. Mediante nuestro procedimiento patentado FILCOAT se incorpora al centro del hilo, antes de su trenzado, un lubricante sin silicona con grandes propiedades des deslizamiento y antiabrasi\u00f3n. El bajo coeficiente de fricci\u00f3n permite ahorros substanciales de energ\u00eda.  Disponible en anillos matrizados. Consulte con nosotros. Empaquetadura blanca dedicada a las aplicaciones alimentarias, resistente mec\u00e1nicamente.<\/p>\n","protected":false},"excerpt":{"rendered":"<p>Empaquetadura alimentaria CE1935\/2004<\/p>\n","protected":false},"featured_media":3632,"comment_status":"closed","ping_status":"closed","template":"","meta":{"content-type":""},"product_cat":[890,857],"product_tag":[],"yoast_head":"<!-- This site is optimized with the Yoast SEO plugin v22.1 - https:\/\/yoast.com\/wordpress\/plugins\/seo\/ -->\n<title>LATTYflon 5790 S - LATTY<\/title>\n<meta name=\"robots\" content=\"index, follow, max-snippet:-1, max-image-preview:large, max-video-preview:-1\" \/>\n<link rel=\"canonical\" href=\"https:\/\/latty.com\/es\/productos\/lattyflon-5790-s\/\" \/>\n<meta property=\"og:locale\" content=\"es_ES\" \/>\n<meta property=\"og:type\" content=\"article\" \/>\n<meta property=\"og:title\" content=\"LATTYflon 5790 S - LATTY\" \/>\n<meta property=\"og:description\" content=\"Empaquetadura alimentaria CE1935\/2004\" \/>\n<meta property=\"og:url\" content=\"https:\/\/latty.com\/es\/productos\/lattyflon-5790-s\/\" \/>\n<meta property=\"og:site_name\" content=\"GROUPE LATTY\" \/>\n<meta property=\"article:modified_time\" content=\"2022-10-20T07:39:06+00:00\" \/>\n<meta property=\"og:image\" content=\"https:\/\/latty.com\/wp-content\/uploads\/2019\/07\/2120LATTYflon5790S.jpg\" \/>\n\t<meta property=\"og:image:width\" content=\"1080\" \/>\n\t<meta property=\"og:image:height\" content=\"720\" \/>\n\t<meta property=\"og:image:type\" content=\"image\/jpeg\" \/>\n<meta name=\"twitter:card\" content=\"summary_large_image\" \/>\n<script type=\"application\/ld+json\" class=\"yoast-schema-graph\">{\"@context\":\"https:\/\/schema.org\",\"@graph\":[{\"@type\":\"WebPage\",\"@id\":\"https:\/\/latty.com\/es\/productos\/lattyflon-5790-s\/\",\"url\":\"https:\/\/latty.com\/es\/productos\/lattyflon-5790-s\/\",\"name\":\"LATTYflon 5790 S - LATTY\",\"isPartOf\":{\"@id\":\"https:\/\/latty.com\/es\/#website\"},\"datePublished\":\"2020-02-17T13:37:20+00:00\",\"dateModified\":\"2022-10-20T07:39:06+00:00\",\"breadcrumb\":{\"@id\":\"https:\/\/latty.com\/es\/productos\/lattyflon-5790-s\/#breadcrumb\"},\"inLanguage\":\"es\",\"potentialAction\":[{\"@type\":\"ReadAction\",\"target\":[\"https:\/\/latty.com\/es\/productos\/lattyflon-5790-s\/\"]}]},{\"@type\":\"BreadcrumbList\",\"@id\":\"https:\/\/latty.com\/es\/productos\/lattyflon-5790-s\/#breadcrumb\",\"itemListElement\":[{\"@type\":\"ListItem\",\"position\":1,\"name\":\"BIENVENIDA\",\"item\":\"https:\/\/latty.com\/es\/\"},{\"@type\":\"ListItem\",\"position\":2,\"name\":\"Tienda\",\"item\":\"https:\/\/latty.com\/es\/tienda\/\"},{\"@type\":\"ListItem\",\"position\":3,\"name\":\"Maquinaria rotativa\",\"item\":\"https:\/\/latty.com\/es\/categorie-produit\/maquinaria-rotativa\/\"},{\"@type\":\"ListItem\",\"position\":4,\"name\":\"Empaquetaduras\",\"item\":\"https:\/\/latty.com\/es\/categorie-produit\/maquinaria-rotativa\/empaquetaduras\/\"},{\"@type\":\"ListItem\",\"position\":5,\"name\":\"LATTYflon 5790 S\"}]},{\"@type\":\"WebSite\",\"@id\":\"https:\/\/latty.com\/es\/#website\",\"url\":\"https:\/\/latty.com\/es\/\",\"name\":\"GROUPE LATTY\",\"description\":\"Industrial Sealing Solutions\",\"potentialAction\":[{\"@type\":\"SearchAction\",\"target\":{\"@type\":\"EntryPoint\",\"urlTemplate\":\"https:\/\/latty.com\/es\/?s={search_term_string}\"},\"query-input\":\"required name=search_term_string\"}],\"inLanguage\":\"es\"}]}<\/script>\n<!-- \/ Yoast SEO plugin. -->","yoast_head_json":{"title":"LATTYflon 5790 S - LATTY","robots":{"index":"index","follow":"follow","max-snippet":"max-snippet:-1","max-image-preview":"max-image-preview:large","max-video-preview":"max-video-preview:-1"},"canonical":"https:\/\/latty.com\/es\/productos\/lattyflon-5790-s\/","og_locale":"es_ES","og_type":"article","og_title":"LATTYflon 5790 S - LATTY","og_description":"Empaquetadura alimentaria CE1935\/2004","og_url":"https:\/\/latty.com\/es\/productos\/lattyflon-5790-s\/","og_site_name":"GROUPE LATTY","article_modified_time":"2022-10-20T07:39:06+00:00","og_image":[{"width":1080,"height":720,"url":"https:\/\/latty.com\/wp-content\/uploads\/2019\/07\/2120LATTYflon5790S.jpg","type":"image\/jpeg"}],"twitter_card":"summary_large_image","schema":{"@context":"https:\/\/schema.org","@graph":[{"@type":"WebPage","@id":"https:\/\/latty.com\/es\/productos\/lattyflon-5790-s\/","url":"https:\/\/latty.com\/es\/productos\/lattyflon-5790-s\/","name":"LATTYflon 5790 S - LATTY","isPartOf":{"@id":"https:\/\/latty.com\/es\/#website"},"datePublished":"2020-02-17T13:37:20+00:00","dateModified":"2022-10-20T07:39:06+00:00","breadcrumb":{"@id":"https:\/\/latty.com\/es\/productos\/lattyflon-5790-s\/#breadcrumb"},"inLanguage":"es","potentialAction":[{"@type":"ReadAction","target":["https:\/\/latty.com\/es\/productos\/lattyflon-5790-s\/"]}]},{"@type":"BreadcrumbList","@id":"https:\/\/latty.com\/es\/productos\/lattyflon-5790-s\/#breadcrumb","itemListElement":[{"@type":"ListItem","position":1,"name":"BIENVENIDA","item":"https:\/\/latty.com\/es\/"},{"@type":"ListItem","position":2,"name":"Tienda","item":"https:\/\/latty.com\/es\/tienda\/"},{"@type":"ListItem","position":3,"name":"Maquinaria rotativa","item":"https:\/\/latty.com\/es\/categorie-produit\/maquinaria-rotativa\/"},{"@type":"ListItem","position":4,"name":"Empaquetaduras","item":"https:\/\/latty.com\/es\/categorie-produit\/maquinaria-rotativa\/empaquetaduras\/"},{"@type":"ListItem","position":5,"name":"LATTYflon 5790 S"}]},{"@type":"WebSite","@id":"https:\/\/latty.com\/es\/#website","url":"https:\/\/latty.com\/es\/","name":"GROUPE LATTY","description":"Industrial Sealing Solutions","potentialAction":[{"@type":"SearchAction","target":{"@type":"EntryPoint","urlTemplate":"https:\/\/latty.com\/es\/?s={search_term_string}"},"query-input":"required name=search_term_string"}],"inLanguage":"es"}]}},"_links":{"self":[{"href":"https:\/\/latty.com\/es\/wp-json\/wp\/v2\/product\/16953"}],"collection":[{"href":"https:\/\/latty.com\/es\/wp-json\/wp\/v2\/product"}],"about":[{"href":"https:\/\/latty.com\/es\/wp-json\/wp\/v2\/types\/product"}],"replies":[{"embeddable":true,"href":"https:\/\/latty.com\/es\/wp-json\/wp\/v2\/comments?post=16953"}],"wp:featuredmedia":[{"embeddable":true,"href":"https:\/\/latty.com\/es\/wp-json\/wp\/v2\/media\/3632"}],"wp:attachment":[{"href":"https:\/\/latty.com\/es\/wp-json\/wp\/v2\/media?parent=16953"}],"wp:term":[{"taxonomy":"product_cat","embeddable":true,"href":"https:\/\/latty.com\/es\/wp-json\/wp\/v2\/product_cat?post=16953"},{"taxonomy":"product_tag","embeddable":true,"href":"https:\/\/latty.com\/es\/wp-json\/wp\/v2\/product_tag?post=16953"}],"curies":[{"name":"wp","href":"https:\/\/api.w.org\/{rel}","templated":true}]}}