{"id":16944,"date":"2020-02-11T20:13:05","date_gmt":"2020-02-17T13:37:20","guid":{"rendered":"http:\/\/lattydev.s187705.cjcom04.atester.fr\/produit\/lattyflon-3265-lm\/"},"modified":"2021-01-15T11:42:47","modified_gmt":"2021-01-15T10:42:47","slug":"lattyflon-3265-lm","status":"publish","type":"product","link":"https:\/\/latty.com\/es\/productos\/lattyflon-3265-lm\/","title":{"rendered":"LATTYflon 3265 LM"},"content":{"rendered":"<p>Empaquetadura constituida por un alma trenzada de hilos de carb\u00f3n impregnados con PTFE y recubierta por una camisa trenzada de hilos de PTFE impregnados y lubricados. Su estructura el\u00e1stica compuesta asegura la estanqueidad con un d\u00e9bil apriete, permitiendo un esfuerzo de maniobra reducido y una hist\u00e9resis \u00ednfima lo que permite mejorar la regulaci\u00f3n de los conductos fluidos. LATTYflon 3265LM contiene un inhibidor de corrosi\u00f3n, resultado de un procedimiento exclusivo que garantiza una protecci\u00f3n ilimitada del husillo de las v\u00e1lvulas, as\u00ed como de la cajera y prensa estopas. Disponible en anillos matrizados. Consulte con nosotros. Rozamiento muy reducido, ideal para v\u00e1lvulas de regulaci\u00f3n.<\/p>\n","protected":false},"excerpt":{"rendered":"<p>Empaquetadura que patina m\u00e1s que frota,<\/p>\n","protected":false},"featured_media":4072,"comment_status":"closed","ping_status":"closed","template":"","meta":{"content-type":""},"product_cat":[962,961],"product_tag":[],"yoast_head":"<!-- This site is optimized with the Yoast SEO plugin v22.1 - https:\/\/yoast.com\/wordpress\/plugins\/seo\/ -->\n<title>LATTYflon 3265 LM - LATTY<\/title>\n<meta name=\"robots\" content=\"index, follow, max-snippet:-1, max-image-preview:large, max-video-preview:-1\" \/>\n<link rel=\"canonical\" href=\"https:\/\/latty.com\/es\/productos\/lattyflon-3265-lm\/\" \/>\n<meta property=\"og:locale\" content=\"es_ES\" \/>\n<meta property=\"og:type\" content=\"article\" \/>\n<meta property=\"og:title\" content=\"LATTYflon 3265 LM - LATTY\" \/>\n<meta property=\"og:description\" content=\"Empaquetadura que patina m\u00e1s que frota,\" \/>\n<meta property=\"og:url\" content=\"https:\/\/latty.com\/es\/productos\/lattyflon-3265-lm\/\" \/>\n<meta property=\"og:site_name\" content=\"GROUPE LATTY\" \/>\n<meta property=\"article:modified_time\" content=\"2021-01-15T10:42:47+00:00\" \/>\n<meta property=\"og:image\" content=\"https:\/\/latty.com\/wp-content\/uploads\/2019\/07\/3080LATTYflon3265LM.jpg\" \/>\n\t<meta property=\"og:image:width\" content=\"1080\" \/>\n\t<meta property=\"og:image:height\" content=\"720\" \/>\n\t<meta property=\"og:image:type\" content=\"image\/jpeg\" \/>\n<meta name=\"twitter:card\" content=\"summary_large_image\" \/>\n<meta name=\"twitter:label1\" content=\"Tiempo de lectura\" \/>\n\t<meta name=\"twitter:data1\" content=\"1 minuto\" \/>\n<script type=\"application\/ld+json\" class=\"yoast-schema-graph\">{\"@context\":\"https:\/\/schema.org\",\"@graph\":[{\"@type\":\"WebPage\",\"@id\":\"https:\/\/latty.com\/es\/productos\/lattyflon-3265-lm\/\",\"url\":\"https:\/\/latty.com\/es\/productos\/lattyflon-3265-lm\/\",\"name\":\"LATTYflon 3265 LM - LATTY\",\"isPartOf\":{\"@id\":\"https:\/\/latty.com\/es\/#website\"},\"datePublished\":\"2020-02-17T13:37:20+00:00\",\"dateModified\":\"2021-01-15T10:42:47+00:00\",\"breadcrumb\":{\"@id\":\"https:\/\/latty.com\/es\/productos\/lattyflon-3265-lm\/#breadcrumb\"},\"inLanguage\":\"es\",\"potentialAction\":[{\"@type\":\"ReadAction\",\"target\":[\"https:\/\/latty.com\/es\/productos\/lattyflon-3265-lm\/\"]}]},{\"@type\":\"BreadcrumbList\",\"@id\":\"https:\/\/latty.com\/es\/productos\/lattyflon-3265-lm\/#breadcrumb\",\"itemListElement\":[{\"@type\":\"ListItem\",\"position\":1,\"name\":\"BIENVENIDA\",\"item\":\"https:\/\/latty.com\/es\/\"},{\"@type\":\"ListItem\",\"position\":2,\"name\":\"Tienda\",\"item\":\"https:\/\/latty.com\/es\/tienda\/\"},{\"@type\":\"ListItem\",\"position\":3,\"name\":\"Valvulas\",\"item\":\"https:\/\/latty.com\/es\/categorie-produit\/valvulas\/\"},{\"@type\":\"ListItem\",\"position\":4,\"name\":\"Packings or Rings\",\"item\":\"https:\/\/latty.com\/es\/categorie-produit\/valvulas\/packings-or-rings-valvulas\/\"},{\"@type\":\"ListItem\",\"position\":5,\"name\":\"LATTYflon 3265 LM\"}]},{\"@type\":\"WebSite\",\"@id\":\"https:\/\/latty.com\/es\/#website\",\"url\":\"https:\/\/latty.com\/es\/\",\"name\":\"GROUPE LATTY\",\"description\":\"Industrial Sealing Solutions\",\"potentialAction\":[{\"@type\":\"SearchAction\",\"target\":{\"@type\":\"EntryPoint\",\"urlTemplate\":\"https:\/\/latty.com\/es\/?s={search_term_string}\"},\"query-input\":\"required name=search_term_string\"}],\"inLanguage\":\"es\"}]}<\/script>\n<!-- \/ Yoast SEO plugin. -->","yoast_head_json":{"title":"LATTYflon 3265 LM - LATTY","robots":{"index":"index","follow":"follow","max-snippet":"max-snippet:-1","max-image-preview":"max-image-preview:large","max-video-preview":"max-video-preview:-1"},"canonical":"https:\/\/latty.com\/es\/productos\/lattyflon-3265-lm\/","og_locale":"es_ES","og_type":"article","og_title":"LATTYflon 3265 LM - LATTY","og_description":"Empaquetadura que patina m\u00e1s que frota,","og_url":"https:\/\/latty.com\/es\/productos\/lattyflon-3265-lm\/","og_site_name":"GROUPE LATTY","article_modified_time":"2021-01-15T10:42:47+00:00","og_image":[{"width":1080,"height":720,"url":"https:\/\/latty.com\/wp-content\/uploads\/2019\/07\/3080LATTYflon3265LM.jpg","type":"image\/jpeg"}],"twitter_card":"summary_large_image","twitter_misc":{"Tiempo de lectura":"1 minuto"},"schema":{"@context":"https:\/\/schema.org","@graph":[{"@type":"WebPage","@id":"https:\/\/latty.com\/es\/productos\/lattyflon-3265-lm\/","url":"https:\/\/latty.com\/es\/productos\/lattyflon-3265-lm\/","name":"LATTYflon 3265 LM - LATTY","isPartOf":{"@id":"https:\/\/latty.com\/es\/#website"},"datePublished":"2020-02-17T13:37:20+00:00","dateModified":"2021-01-15T10:42:47+00:00","breadcrumb":{"@id":"https:\/\/latty.com\/es\/productos\/lattyflon-3265-lm\/#breadcrumb"},"inLanguage":"es","potentialAction":[{"@type":"ReadAction","target":["https:\/\/latty.com\/es\/productos\/lattyflon-3265-lm\/"]}]},{"@type":"BreadcrumbList","@id":"https:\/\/latty.com\/es\/productos\/lattyflon-3265-lm\/#breadcrumb","itemListElement":[{"@type":"ListItem","position":1,"name":"BIENVENIDA","item":"https:\/\/latty.com\/es\/"},{"@type":"ListItem","position":2,"name":"Tienda","item":"https:\/\/latty.com\/es\/tienda\/"},{"@type":"ListItem","position":3,"name":"Valvulas","item":"https:\/\/latty.com\/es\/categorie-produit\/valvulas\/"},{"@type":"ListItem","position":4,"name":"Packings or Rings","item":"https:\/\/latty.com\/es\/categorie-produit\/valvulas\/packings-or-rings-valvulas\/"},{"@type":"ListItem","position":5,"name":"LATTYflon 3265 LM"}]},{"@type":"WebSite","@id":"https:\/\/latty.com\/es\/#website","url":"https:\/\/latty.com\/es\/","name":"GROUPE LATTY","description":"Industrial Sealing Solutions","potentialAction":[{"@type":"SearchAction","target":{"@type":"EntryPoint","urlTemplate":"https:\/\/latty.com\/es\/?s={search_term_string}"},"query-input":"required name=search_term_string"}],"inLanguage":"es"}]}},"_links":{"self":[{"href":"https:\/\/latty.com\/es\/wp-json\/wp\/v2\/product\/16944"}],"collection":[{"href":"https:\/\/latty.com\/es\/wp-json\/wp\/v2\/product"}],"about":[{"href":"https:\/\/latty.com\/es\/wp-json\/wp\/v2\/types\/product"}],"replies":[{"embeddable":true,"href":"https:\/\/latty.com\/es\/wp-json\/wp\/v2\/comments?post=16944"}],"wp:featuredmedia":[{"embeddable":true,"href":"https:\/\/latty.com\/es\/wp-json\/wp\/v2\/media\/4072"}],"wp:attachment":[{"href":"https:\/\/latty.com\/es\/wp-json\/wp\/v2\/media?parent=16944"}],"wp:term":[{"taxonomy":"product_cat","embeddable":true,"href":"https:\/\/latty.com\/es\/wp-json\/wp\/v2\/product_cat?post=16944"},{"taxonomy":"product_tag","embeddable":true,"href":"https:\/\/latty.com\/es\/wp-json\/wp\/v2\/product_tag?post=16944"}],"curies":[{"name":"wp","href":"https:\/\/api.w.org\/{rel}","templated":true}]}}