{"id":16925,"date":"2020-02-11T20:12:56","date_gmt":"2020-02-17T13:37:00","guid":{"rendered":"http:\/\/lattydev.s187705.cjcom04.atester.fr\/produit\/lattycarb-96\/"},"modified":"2021-01-15T11:49:56","modified_gmt":"2021-01-15T10:49:56","slug":"lattycarb-96","status":"publish","type":"product","link":"https:\/\/latty.com\/es\/productos\/lattycarb-96\/","title":{"rendered":"LATTYcarb 96"},"content":{"rendered":"<p>Material calandrado a base de fibras de carb\u00f3n y minerales seleccionadas, mezcladas con elast\u00f3meros sint\u00e9ticos. Tratamiento anti adhesivo en ambas caras. Restricciones: para fluidos altamente corrosivos usar LATTYgold 5 ACID. Junta polivalente a base de aramida\/carbono para todas las industrias.<\/p>\n","protected":false},"excerpt":{"rendered":"<p>Una hoja de carbono flexible y facil de recortar<\/p>\n","protected":false},"featured_media":4196,"comment_status":"closed","ping_status":"closed","template":"","meta":{"content-type":""},"product_cat":[924,925],"product_tag":[],"yoast_head":"<!-- This site is optimized with the Yoast SEO plugin v22.1 - https:\/\/yoast.com\/wordpress\/plugins\/seo\/ -->\n<title>LATTYcarb 96 - LATTY<\/title>\n<meta name=\"robots\" content=\"index, follow, max-snippet:-1, max-image-preview:large, max-video-preview:-1\" \/>\n<link rel=\"canonical\" href=\"https:\/\/latty.com\/es\/productos\/lattycarb-96\/\" \/>\n<meta property=\"og:locale\" content=\"es_ES\" \/>\n<meta property=\"og:type\" content=\"article\" \/>\n<meta property=\"og:title\" content=\"LATTYcarb 96 - LATTY\" \/>\n<meta property=\"og:description\" content=\"Una hoja de carbono flexible y facil de recortar\" \/>\n<meta property=\"og:url\" content=\"https:\/\/latty.com\/es\/productos\/lattycarb-96\/\" \/>\n<meta property=\"og:site_name\" content=\"GROUPE LATTY\" \/>\n<meta property=\"article:modified_time\" content=\"2021-01-15T10:49:56+00:00\" \/>\n<meta property=\"og:image\" content=\"https:\/\/latty.com\/wp-content\/uploads\/2019\/07\/2300LATTYcarb96.jpg\" \/>\n\t<meta property=\"og:image:width\" content=\"1080\" \/>\n\t<meta property=\"og:image:height\" content=\"720\" \/>\n\t<meta property=\"og:image:type\" content=\"image\/jpeg\" \/>\n<meta name=\"twitter:card\" content=\"summary_large_image\" \/>\n<script type=\"application\/ld+json\" class=\"yoast-schema-graph\">{\"@context\":\"https:\/\/schema.org\",\"@graph\":[{\"@type\":\"WebPage\",\"@id\":\"https:\/\/latty.com\/es\/productos\/lattycarb-96\/\",\"url\":\"https:\/\/latty.com\/es\/productos\/lattycarb-96\/\",\"name\":\"LATTYcarb 96 - LATTY\",\"isPartOf\":{\"@id\":\"https:\/\/latty.com\/es\/#website\"},\"datePublished\":\"2020-02-17T13:37:00+00:00\",\"dateModified\":\"2021-01-15T10:49:56+00:00\",\"breadcrumb\":{\"@id\":\"https:\/\/latty.com\/es\/productos\/lattycarb-96\/#breadcrumb\"},\"inLanguage\":\"es\",\"potentialAction\":[{\"@type\":\"ReadAction\",\"target\":[\"https:\/\/latty.com\/es\/productos\/lattycarb-96\/\"]}]},{\"@type\":\"BreadcrumbList\",\"@id\":\"https:\/\/latty.com\/es\/productos\/lattycarb-96\/#breadcrumb\",\"itemListElement\":[{\"@type\":\"ListItem\",\"position\":1,\"name\":\"BIENVENIDA\",\"item\":\"https:\/\/latty.com\/es\/\"},{\"@type\":\"ListItem\",\"position\":2,\"name\":\"Tienda\",\"item\":\"https:\/\/latty.com\/es\/tienda\/\"},{\"@type\":\"ListItem\",\"position\":3,\"name\":\"Juntas Estaticas\",\"item\":\"https:\/\/latty.com\/es\/categorie-produit\/juntas-estaticas\/\"},{\"@type\":\"ListItem\",\"position\":4,\"name\":\"Sellado estatico\",\"item\":\"https:\/\/latty.com\/es\/categorie-produit\/juntas-estaticas\/sellado-estatico\/\"},{\"@type\":\"ListItem\",\"position\":5,\"name\":\"LATTYcarb 96\"}]},{\"@type\":\"WebSite\",\"@id\":\"https:\/\/latty.com\/es\/#website\",\"url\":\"https:\/\/latty.com\/es\/\",\"name\":\"GROUPE LATTY\",\"description\":\"Industrial Sealing Solutions\",\"potentialAction\":[{\"@type\":\"SearchAction\",\"target\":{\"@type\":\"EntryPoint\",\"urlTemplate\":\"https:\/\/latty.com\/es\/?s={search_term_string}\"},\"query-input\":\"required name=search_term_string\"}],\"inLanguage\":\"es\"}]}<\/script>\n<!-- \/ Yoast SEO plugin. -->","yoast_head_json":{"title":"LATTYcarb 96 - LATTY","robots":{"index":"index","follow":"follow","max-snippet":"max-snippet:-1","max-image-preview":"max-image-preview:large","max-video-preview":"max-video-preview:-1"},"canonical":"https:\/\/latty.com\/es\/productos\/lattycarb-96\/","og_locale":"es_ES","og_type":"article","og_title":"LATTYcarb 96 - LATTY","og_description":"Una hoja de carbono flexible y facil de recortar","og_url":"https:\/\/latty.com\/es\/productos\/lattycarb-96\/","og_site_name":"GROUPE LATTY","article_modified_time":"2021-01-15T10:49:56+00:00","og_image":[{"width":1080,"height":720,"url":"https:\/\/latty.com\/wp-content\/uploads\/2019\/07\/2300LATTYcarb96.jpg","type":"image\/jpeg"}],"twitter_card":"summary_large_image","schema":{"@context":"https:\/\/schema.org","@graph":[{"@type":"WebPage","@id":"https:\/\/latty.com\/es\/productos\/lattycarb-96\/","url":"https:\/\/latty.com\/es\/productos\/lattycarb-96\/","name":"LATTYcarb 96 - LATTY","isPartOf":{"@id":"https:\/\/latty.com\/es\/#website"},"datePublished":"2020-02-17T13:37:00+00:00","dateModified":"2021-01-15T10:49:56+00:00","breadcrumb":{"@id":"https:\/\/latty.com\/es\/productos\/lattycarb-96\/#breadcrumb"},"inLanguage":"es","potentialAction":[{"@type":"ReadAction","target":["https:\/\/latty.com\/es\/productos\/lattycarb-96\/"]}]},{"@type":"BreadcrumbList","@id":"https:\/\/latty.com\/es\/productos\/lattycarb-96\/#breadcrumb","itemListElement":[{"@type":"ListItem","position":1,"name":"BIENVENIDA","item":"https:\/\/latty.com\/es\/"},{"@type":"ListItem","position":2,"name":"Tienda","item":"https:\/\/latty.com\/es\/tienda\/"},{"@type":"ListItem","position":3,"name":"Juntas Estaticas","item":"https:\/\/latty.com\/es\/categorie-produit\/juntas-estaticas\/"},{"@type":"ListItem","position":4,"name":"Sellado estatico","item":"https:\/\/latty.com\/es\/categorie-produit\/juntas-estaticas\/sellado-estatico\/"},{"@type":"ListItem","position":5,"name":"LATTYcarb 96"}]},{"@type":"WebSite","@id":"https:\/\/latty.com\/es\/#website","url":"https:\/\/latty.com\/es\/","name":"GROUPE LATTY","description":"Industrial Sealing Solutions","potentialAction":[{"@type":"SearchAction","target":{"@type":"EntryPoint","urlTemplate":"https:\/\/latty.com\/es\/?s={search_term_string}"},"query-input":"required name=search_term_string"}],"inLanguage":"es"}]}},"_links":{"self":[{"href":"https:\/\/latty.com\/es\/wp-json\/wp\/v2\/product\/16925"}],"collection":[{"href":"https:\/\/latty.com\/es\/wp-json\/wp\/v2\/product"}],"about":[{"href":"https:\/\/latty.com\/es\/wp-json\/wp\/v2\/types\/product"}],"replies":[{"embeddable":true,"href":"https:\/\/latty.com\/es\/wp-json\/wp\/v2\/comments?post=16925"}],"wp:featuredmedia":[{"embeddable":true,"href":"https:\/\/latty.com\/es\/wp-json\/wp\/v2\/media\/4196"}],"wp:attachment":[{"href":"https:\/\/latty.com\/es\/wp-json\/wp\/v2\/media?parent=16925"}],"wp:term":[{"taxonomy":"product_cat","embeddable":true,"href":"https:\/\/latty.com\/es\/wp-json\/wp\/v2\/product_cat?post=16925"},{"taxonomy":"product_tag","embeddable":true,"href":"https:\/\/latty.com\/es\/wp-json\/wp\/v2\/product_tag?post=16925"}],"curies":[{"name":"wp","href":"https:\/\/api.w.org\/{rel}","templated":true}]}}