{"id":16905,"date":"2020-02-11T20:12:48","date_gmt":"2020-02-17T13:36:33","guid":{"rendered":"http:\/\/lattydev.s187705.cjcom04.atester.fr\/produit\/caja-de-herramientad-de-corte\/"},"modified":"2022-10-03T17:24:13","modified_gmt":"2022-10-03T15:24:13","slug":"caja-de-herramientad-de-corte","status":"publish","type":"product","link":"https:\/\/latty.com\/es\/productos\/caja-de-herramientad-de-corte\/","title":{"rendered":"CAJA DE HERRAMIENTAS DE CORTE"},"content":{"rendered":"<p>Estos juegos de troqueles permiten cortar juntas de 2 a 60 mm de di\u00e1metro y hasta 420 mm gracias al comp\u00e1s con hoja de corte. Los troqueles se fijan en el mango muy f\u00e1cilmente, gracias al sistema de orejetas. Se pueden combinar para cortar una junta en una sola operaci\u00f3n con un corte perfectamente conc\u00e9ntrico.<\/p>\n","protected":false},"excerpt":{"rendered":"<p>Caja de herramientas de corte<\/p>\n","protected":false},"featured_media":27812,"comment_status":"closed","ping_status":"closed","template":"","meta":{"content-type":""},"product_cat":[972],"product_tag":[],"yoast_head":"<!-- This site is optimized with the Yoast SEO plugin v22.1 - https:\/\/yoast.com\/wordpress\/plugins\/seo\/ -->\n<title>CAJA DE HERRAMIENTAS DE CORTE - LATTY<\/title>\n<meta name=\"robots\" content=\"index, follow, max-snippet:-1, max-image-preview:large, max-video-preview:-1\" \/>\n<link rel=\"canonical\" href=\"https:\/\/latty.com\/es\/productos\/caja-de-herramientad-de-corte\/\" \/>\n<meta property=\"og:locale\" content=\"es_ES\" \/>\n<meta property=\"og:type\" content=\"article\" \/>\n<meta property=\"og:title\" content=\"CAJA DE HERRAMIENTAS DE CORTE - LATTY\" \/>\n<meta property=\"og:description\" content=\"Caja de herramientas de corte\" \/>\n<meta property=\"og:url\" content=\"https:\/\/latty.com\/es\/productos\/caja-de-herramientad-de-corte\/\" \/>\n<meta property=\"og:site_name\" content=\"GROUPE LATTY\" \/>\n<meta property=\"article:modified_time\" content=\"2022-10-03T15:24:13+00:00\" \/>\n<meta property=\"og:image\" content=\"https:\/\/latty.com\/wp-content\/uploads\/2020\/02\/Coffret-outils.jpg\" \/>\n\t<meta property=\"og:image:width\" content=\"1080\" \/>\n\t<meta property=\"og:image:height\" content=\"720\" \/>\n\t<meta property=\"og:image:type\" content=\"image\/jpeg\" \/>\n<meta name=\"twitter:card\" content=\"summary_large_image\" \/>\n<script type=\"application\/ld+json\" class=\"yoast-schema-graph\">{\"@context\":\"https:\/\/schema.org\",\"@graph\":[{\"@type\":\"WebPage\",\"@id\":\"https:\/\/latty.com\/es\/productos\/caja-de-herramientad-de-corte\/\",\"url\":\"https:\/\/latty.com\/es\/productos\/caja-de-herramientad-de-corte\/\",\"name\":\"CAJA DE HERRAMIENTAS DE CORTE - LATTY\",\"isPartOf\":{\"@id\":\"https:\/\/latty.com\/es\/#website\"},\"datePublished\":\"2020-02-17T13:36:33+00:00\",\"dateModified\":\"2022-10-03T15:24:13+00:00\",\"breadcrumb\":{\"@id\":\"https:\/\/latty.com\/es\/productos\/caja-de-herramientad-de-corte\/#breadcrumb\"},\"inLanguage\":\"es\",\"potentialAction\":[{\"@type\":\"ReadAction\",\"target\":[\"https:\/\/latty.com\/es\/productos\/caja-de-herramientad-de-corte\/\"]}]},{\"@type\":\"BreadcrumbList\",\"@id\":\"https:\/\/latty.com\/es\/productos\/caja-de-herramientad-de-corte\/#breadcrumb\",\"itemListElement\":[{\"@type\":\"ListItem\",\"position\":1,\"name\":\"BIENVENIDA\",\"item\":\"https:\/\/latty.com\/es\/\"},{\"@type\":\"ListItem\",\"position\":2,\"name\":\"Tienda\",\"item\":\"https:\/\/latty.com\/es\/tienda\/\"},{\"@type\":\"ListItem\",\"position\":3,\"name\":\"Herramientas y accesorios\",\"item\":\"https:\/\/latty.com\/es\/categorie-produit\/herramientas-y-accesorios\/\"},{\"@type\":\"ListItem\",\"position\":4,\"name\":\"CAJA DE HERRAMIENTAS DE CORTE\"}]},{\"@type\":\"WebSite\",\"@id\":\"https:\/\/latty.com\/es\/#website\",\"url\":\"https:\/\/latty.com\/es\/\",\"name\":\"GROUPE LATTY\",\"description\":\"Industrial Sealing Solutions\",\"potentialAction\":[{\"@type\":\"SearchAction\",\"target\":{\"@type\":\"EntryPoint\",\"urlTemplate\":\"https:\/\/latty.com\/es\/?s={search_term_string}\"},\"query-input\":\"required name=search_term_string\"}],\"inLanguage\":\"es\"}]}<\/script>\n<!-- \/ Yoast SEO plugin. -->","yoast_head_json":{"title":"CAJA DE HERRAMIENTAS DE CORTE - LATTY","robots":{"index":"index","follow":"follow","max-snippet":"max-snippet:-1","max-image-preview":"max-image-preview:large","max-video-preview":"max-video-preview:-1"},"canonical":"https:\/\/latty.com\/es\/productos\/caja-de-herramientad-de-corte\/","og_locale":"es_ES","og_type":"article","og_title":"CAJA DE HERRAMIENTAS DE CORTE - LATTY","og_description":"Caja de herramientas de corte","og_url":"https:\/\/latty.com\/es\/productos\/caja-de-herramientad-de-corte\/","og_site_name":"GROUPE LATTY","article_modified_time":"2022-10-03T15:24:13+00:00","og_image":[{"width":1080,"height":720,"url":"https:\/\/latty.com\/wp-content\/uploads\/2020\/02\/Coffret-outils.jpg","type":"image\/jpeg"}],"twitter_card":"summary_large_image","schema":{"@context":"https:\/\/schema.org","@graph":[{"@type":"WebPage","@id":"https:\/\/latty.com\/es\/productos\/caja-de-herramientad-de-corte\/","url":"https:\/\/latty.com\/es\/productos\/caja-de-herramientad-de-corte\/","name":"CAJA DE HERRAMIENTAS DE CORTE - LATTY","isPartOf":{"@id":"https:\/\/latty.com\/es\/#website"},"datePublished":"2020-02-17T13:36:33+00:00","dateModified":"2022-10-03T15:24:13+00:00","breadcrumb":{"@id":"https:\/\/latty.com\/es\/productos\/caja-de-herramientad-de-corte\/#breadcrumb"},"inLanguage":"es","potentialAction":[{"@type":"ReadAction","target":["https:\/\/latty.com\/es\/productos\/caja-de-herramientad-de-corte\/"]}]},{"@type":"BreadcrumbList","@id":"https:\/\/latty.com\/es\/productos\/caja-de-herramientad-de-corte\/#breadcrumb","itemListElement":[{"@type":"ListItem","position":1,"name":"BIENVENIDA","item":"https:\/\/latty.com\/es\/"},{"@type":"ListItem","position":2,"name":"Tienda","item":"https:\/\/latty.com\/es\/tienda\/"},{"@type":"ListItem","position":3,"name":"Herramientas y accesorios","item":"https:\/\/latty.com\/es\/categorie-produit\/herramientas-y-accesorios\/"},{"@type":"ListItem","position":4,"name":"CAJA DE HERRAMIENTAS DE CORTE"}]},{"@type":"WebSite","@id":"https:\/\/latty.com\/es\/#website","url":"https:\/\/latty.com\/es\/","name":"GROUPE LATTY","description":"Industrial Sealing Solutions","potentialAction":[{"@type":"SearchAction","target":{"@type":"EntryPoint","urlTemplate":"https:\/\/latty.com\/es\/?s={search_term_string}"},"query-input":"required name=search_term_string"}],"inLanguage":"es"}]}},"_links":{"self":[{"href":"https:\/\/latty.com\/es\/wp-json\/wp\/v2\/product\/16905"}],"collection":[{"href":"https:\/\/latty.com\/es\/wp-json\/wp\/v2\/product"}],"about":[{"href":"https:\/\/latty.com\/es\/wp-json\/wp\/v2\/types\/product"}],"replies":[{"embeddable":true,"href":"https:\/\/latty.com\/es\/wp-json\/wp\/v2\/comments?post=16905"}],"wp:featuredmedia":[{"embeddable":true,"href":"https:\/\/latty.com\/es\/wp-json\/wp\/v2\/media\/27812"}],"wp:attachment":[{"href":"https:\/\/latty.com\/es\/wp-json\/wp\/v2\/media?parent=16905"}],"wp:term":[{"taxonomy":"product_cat","embeddable":true,"href":"https:\/\/latty.com\/es\/wp-json\/wp\/v2\/product_cat?post=16905"},{"taxonomy":"product_tag","embeddable":true,"href":"https:\/\/latty.com\/es\/wp-json\/wp\/v2\/product_tag?post=16905"}],"curies":[{"name":"wp","href":"https:\/\/api.w.org\/{rel}","templated":true}]}}