{"id":16904,"date":"2020-02-11T20:12:48","date_gmt":"2020-02-17T13:36:33","guid":{"rendered":"http:\/\/lattydev.s187705.cjcom04.atester.fr\/produit\/cartseal-b-25\/"},"modified":"2020-07-01T11:46:16","modified_gmt":"2020-07-01T09:46:16","slug":"cartseal-b-25","status":"publish","type":"product","link":"https:\/\/latty.com\/es\/productos\/cartseal-b-25\/","title":{"rendered":"CARTseal B 25"},"content":{"rendered":"<p>Los cierres mec\u00e1nicos son soluciones de estanqueidad que se utilizan habitualmente en equipos rotativos. Est\u00e1n sometidos a desgaste, corrosi\u00f3n, abrasi\u00f3n, vibraciones y otros efectos, que obligan a realizar la mejor elecci\u00f3n. Cuando el montaje tiene un acceso dif\u00edcil o conlleva largas paradas de producci\u00f3n, la soluci\u00f3n es el Cierre mec\u00e1nico Partido LATTY CARTseal\u00ae B25.    El cierre mec\u00e1nico partido CARTseal\u00ae B25, f\u00e1cil y r\u00e1pido de instalar. Sencillo, r\u00e1pido y f\u00e1cil de instalar. Disminuci\u00f3n de los tiempos de mantenimiento. \u00danicamente dos subconjuntos por manipular. Pre-ajustado en f\u00e1brica, no hay que realizar ning\u00fan ajuste en el momento del montaje. Sin tener que prever el pegado de los elast\u00f3meros.<\/p>\n","protected":false},"excerpt":{"rendered":"<p>Cierre mec\u00e1nico partido<\/p>\n","protected":false},"featured_media":6643,"comment_status":"closed","ping_status":"open","template":"","meta":{"content-type":""},"product_cat":[858,857,872],"product_tag":[],"yoast_head":"<!-- This site is optimized with the Yoast SEO plugin v22.1 - https:\/\/yoast.com\/wordpress\/plugins\/seo\/ -->\n<title>CARTseal B 25 - LATTY<\/title>\n<meta name=\"robots\" content=\"index, follow, max-snippet:-1, max-image-preview:large, max-video-preview:-1\" \/>\n<link rel=\"canonical\" href=\"https:\/\/latty.com\/es\/productos\/cartseal-b-25\/\" \/>\n<meta property=\"og:locale\" content=\"es_ES\" \/>\n<meta property=\"og:type\" content=\"article\" \/>\n<meta property=\"og:title\" content=\"CARTseal B 25 - LATTY\" \/>\n<meta property=\"og:description\" content=\"Cierre mec\u00e1nico partido\" \/>\n<meta property=\"og:url\" content=\"https:\/\/latty.com\/es\/productos\/cartseal-b-25\/\" \/>\n<meta property=\"og:site_name\" content=\"GROUPE LATTY\" \/>\n<meta property=\"article:modified_time\" content=\"2020-07-01T09:46:16+00:00\" \/>\n<meta property=\"og:image\" content=\"https:\/\/latty.com\/wp-content\/uploads\/2019\/07\/1300CARTsealB25.jpg\" \/>\n\t<meta property=\"og:image:width\" content=\"1080\" \/>\n\t<meta property=\"og:image:height\" content=\"720\" \/>\n\t<meta property=\"og:image:type\" content=\"image\/jpeg\" \/>\n<meta name=\"twitter:card\" content=\"summary_large_image\" \/>\n<meta name=\"twitter:label1\" content=\"Tiempo de lectura\" \/>\n\t<meta name=\"twitter:data1\" content=\"1 minuto\" \/>\n<script type=\"application\/ld+json\" class=\"yoast-schema-graph\">{\"@context\":\"https:\/\/schema.org\",\"@graph\":[{\"@type\":\"WebPage\",\"@id\":\"https:\/\/latty.com\/es\/productos\/cartseal-b-25\/\",\"url\":\"https:\/\/latty.com\/es\/productos\/cartseal-b-25\/\",\"name\":\"CARTseal B 25 - LATTY\",\"isPartOf\":{\"@id\":\"https:\/\/latty.com\/es\/#website\"},\"datePublished\":\"2020-02-17T13:36:33+00:00\",\"dateModified\":\"2020-07-01T09:46:16+00:00\",\"breadcrumb\":{\"@id\":\"https:\/\/latty.com\/es\/productos\/cartseal-b-25\/#breadcrumb\"},\"inLanguage\":\"es\",\"potentialAction\":[{\"@type\":\"ReadAction\",\"target\":[\"https:\/\/latty.com\/es\/productos\/cartseal-b-25\/\"]}]},{\"@type\":\"BreadcrumbList\",\"@id\":\"https:\/\/latty.com\/es\/productos\/cartseal-b-25\/#breadcrumb\",\"itemListElement\":[{\"@type\":\"ListItem\",\"position\":1,\"name\":\"BIENVENIDA\",\"item\":\"https:\/\/latty.com\/es\/\"},{\"@type\":\"ListItem\",\"position\":2,\"name\":\"Tienda\",\"item\":\"https:\/\/latty.com\/es\/tienda\/\"},{\"@type\":\"ListItem\",\"position\":3,\"name\":\"Maquinaria rotativa\",\"item\":\"https:\/\/latty.com\/es\/categorie-produit\/maquinaria-rotativa\/\"},{\"@type\":\"ListItem\",\"position\":4,\"name\":\"Cierres Mecanicos\",\"item\":\"https:\/\/latty.com\/es\/categorie-produit\/maquinaria-rotativa\/cierres-mecanicos\/\"},{\"@type\":\"ListItem\",\"position\":5,\"name\":\"Montage en cartucho\",\"item\":\"https:\/\/latty.com\/es\/categorie-produit\/maquinaria-rotativa\/cierres-mecanicos\/montage-en-cartucho\/\"},{\"@type\":\"ListItem\",\"position\":6,\"name\":\"CARTseal B 25\"}]},{\"@type\":\"WebSite\",\"@id\":\"https:\/\/latty.com\/es\/#website\",\"url\":\"https:\/\/latty.com\/es\/\",\"name\":\"GROUPE LATTY\",\"description\":\"Industrial Sealing Solutions\",\"potentialAction\":[{\"@type\":\"SearchAction\",\"target\":{\"@type\":\"EntryPoint\",\"urlTemplate\":\"https:\/\/latty.com\/es\/?s={search_term_string}\"},\"query-input\":\"required name=search_term_string\"}],\"inLanguage\":\"es\"}]}<\/script>\n<!-- \/ Yoast SEO plugin. -->","yoast_head_json":{"title":"CARTseal B 25 - LATTY","robots":{"index":"index","follow":"follow","max-snippet":"max-snippet:-1","max-image-preview":"max-image-preview:large","max-video-preview":"max-video-preview:-1"},"canonical":"https:\/\/latty.com\/es\/productos\/cartseal-b-25\/","og_locale":"es_ES","og_type":"article","og_title":"CARTseal B 25 - LATTY","og_description":"Cierre mec\u00e1nico partido","og_url":"https:\/\/latty.com\/es\/productos\/cartseal-b-25\/","og_site_name":"GROUPE LATTY","article_modified_time":"2020-07-01T09:46:16+00:00","og_image":[{"width":1080,"height":720,"url":"https:\/\/latty.com\/wp-content\/uploads\/2019\/07\/1300CARTsealB25.jpg","type":"image\/jpeg"}],"twitter_card":"summary_large_image","twitter_misc":{"Tiempo de lectura":"1 minuto"},"schema":{"@context":"https:\/\/schema.org","@graph":[{"@type":"WebPage","@id":"https:\/\/latty.com\/es\/productos\/cartseal-b-25\/","url":"https:\/\/latty.com\/es\/productos\/cartseal-b-25\/","name":"CARTseal B 25 - LATTY","isPartOf":{"@id":"https:\/\/latty.com\/es\/#website"},"datePublished":"2020-02-17T13:36:33+00:00","dateModified":"2020-07-01T09:46:16+00:00","breadcrumb":{"@id":"https:\/\/latty.com\/es\/productos\/cartseal-b-25\/#breadcrumb"},"inLanguage":"es","potentialAction":[{"@type":"ReadAction","target":["https:\/\/latty.com\/es\/productos\/cartseal-b-25\/"]}]},{"@type":"BreadcrumbList","@id":"https:\/\/latty.com\/es\/productos\/cartseal-b-25\/#breadcrumb","itemListElement":[{"@type":"ListItem","position":1,"name":"BIENVENIDA","item":"https:\/\/latty.com\/es\/"},{"@type":"ListItem","position":2,"name":"Tienda","item":"https:\/\/latty.com\/es\/tienda\/"},{"@type":"ListItem","position":3,"name":"Maquinaria rotativa","item":"https:\/\/latty.com\/es\/categorie-produit\/maquinaria-rotativa\/"},{"@type":"ListItem","position":4,"name":"Cierres Mecanicos","item":"https:\/\/latty.com\/es\/categorie-produit\/maquinaria-rotativa\/cierres-mecanicos\/"},{"@type":"ListItem","position":5,"name":"Montage en cartucho","item":"https:\/\/latty.com\/es\/categorie-produit\/maquinaria-rotativa\/cierres-mecanicos\/montage-en-cartucho\/"},{"@type":"ListItem","position":6,"name":"CARTseal B 25"}]},{"@type":"WebSite","@id":"https:\/\/latty.com\/es\/#website","url":"https:\/\/latty.com\/es\/","name":"GROUPE LATTY","description":"Industrial Sealing Solutions","potentialAction":[{"@type":"SearchAction","target":{"@type":"EntryPoint","urlTemplate":"https:\/\/latty.com\/es\/?s={search_term_string}"},"query-input":"required name=search_term_string"}],"inLanguage":"es"}]}},"_links":{"self":[{"href":"https:\/\/latty.com\/es\/wp-json\/wp\/v2\/product\/16904"}],"collection":[{"href":"https:\/\/latty.com\/es\/wp-json\/wp\/v2\/product"}],"about":[{"href":"https:\/\/latty.com\/es\/wp-json\/wp\/v2\/types\/product"}],"replies":[{"embeddable":true,"href":"https:\/\/latty.com\/es\/wp-json\/wp\/v2\/comments?post=16904"}],"wp:featuredmedia":[{"embeddable":true,"href":"https:\/\/latty.com\/es\/wp-json\/wp\/v2\/media\/6643"}],"wp:attachment":[{"href":"https:\/\/latty.com\/es\/wp-json\/wp\/v2\/media?parent=16904"}],"wp:term":[{"taxonomy":"product_cat","embeddable":true,"href":"https:\/\/latty.com\/es\/wp-json\/wp\/v2\/product_cat?post=16904"},{"taxonomy":"product_tag","embeddable":true,"href":"https:\/\/latty.com\/es\/wp-json\/wp\/v2\/product_tag?post=16904"}],"curies":[{"name":"wp","href":"https:\/\/api.w.org\/{rel}","templated":true}]}}