{"id":16886,"date":"2020-02-11T20:12:40","date_gmt":"2020-02-17T13:36:08","guid":{"rendered":"http:\/\/lattydev.s187705.cjcom04.atester.fr\/produit\/maquina-cortadora-de-anillos-de-empaquetadura\/"},"modified":"2020-07-01T11:46:21","modified_gmt":"2020-07-01T09:46:21","slug":"maquina-cortadora-de-anillos-de-empaquetadura","status":"publish","type":"product","link":"https:\/\/latty.com\/es\/productos\/maquina-cortadora-de-anillos-de-empaquetadura\/","title":{"rendered":"MAQUINA CORTADORA DE ANILLOS DE EMPAQUETADURA"},"content":{"rendered":"<p>M\u00e1quina cortadora de anillos de empaquetadura. Facilita el corte de anillos a su dimensi\u00f3n exacta minimizando los errores de corte. F\u00e1cil de usar. Dimensionalmente fiable. Cortes limpios. Econ\u00f3mica.   Fiabilidad incrementada (reproductibilidad dimensional, cortes netos, etc. ), mantenimiento reducido, ahorro de cierre, utilizaci\u00f3n f\u00e1cil, aparato ligero y robusto.<\/p>\n","protected":false},"excerpt":{"rendered":"<p>Maquina cortadora de anillos de empaquetadura<\/p>\n","protected":false},"featured_media":4064,"comment_status":"closed","ping_status":"closed","template":"","meta":{"content-type":""},"product_cat":[972],"product_tag":[],"yoast_head":"<!-- This site is optimized with the Yoast SEO plugin v22.1 - https:\/\/yoast.com\/wordpress\/plugins\/seo\/ -->\n<title>MAQUINA CORTADORA DE ANILLOS DE EMPAQUETADURA - LATTY<\/title>\n<meta name=\"robots\" content=\"index, follow, max-snippet:-1, max-image-preview:large, max-video-preview:-1\" \/>\n<link rel=\"canonical\" href=\"https:\/\/latty.com\/es\/productos\/maquina-cortadora-de-anillos-de-empaquetadura\/\" \/>\n<meta property=\"og:locale\" content=\"es_ES\" \/>\n<meta property=\"og:type\" content=\"article\" \/>\n<meta property=\"og:title\" content=\"MAQUINA CORTADORA DE ANILLOS DE EMPAQUETADURA - LATTY\" \/>\n<meta property=\"og:description\" content=\"Maquina cortadora de anillos de empaquetadura\" \/>\n<meta property=\"og:url\" content=\"https:\/\/latty.com\/es\/productos\/maquina-cortadora-de-anillos-de-empaquetadura\/\" \/>\n<meta property=\"og:site_name\" content=\"GROUPE LATTY\" \/>\n<meta property=\"article:modified_time\" content=\"2020-07-01T09:46:21+00:00\" \/>\n<meta property=\"og:image\" content=\"https:\/\/latty.com\/wp-content\/uploads\/2019\/07\/4000CoupeTresse.jpg\" \/>\n\t<meta property=\"og:image:width\" content=\"1080\" \/>\n\t<meta property=\"og:image:height\" content=\"720\" \/>\n\t<meta property=\"og:image:type\" content=\"image\/jpeg\" \/>\n<meta name=\"twitter:card\" content=\"summary_large_image\" \/>\n<script type=\"application\/ld+json\" class=\"yoast-schema-graph\">{\"@context\":\"https:\/\/schema.org\",\"@graph\":[{\"@type\":\"WebPage\",\"@id\":\"https:\/\/latty.com\/es\/productos\/maquina-cortadora-de-anillos-de-empaquetadura\/\",\"url\":\"https:\/\/latty.com\/es\/productos\/maquina-cortadora-de-anillos-de-empaquetadura\/\",\"name\":\"MAQUINA CORTADORA DE ANILLOS DE EMPAQUETADURA - LATTY\",\"isPartOf\":{\"@id\":\"https:\/\/latty.com\/es\/#website\"},\"datePublished\":\"2020-02-17T13:36:08+00:00\",\"dateModified\":\"2020-07-01T09:46:21+00:00\",\"breadcrumb\":{\"@id\":\"https:\/\/latty.com\/es\/productos\/maquina-cortadora-de-anillos-de-empaquetadura\/#breadcrumb\"},\"inLanguage\":\"es\",\"potentialAction\":[{\"@type\":\"ReadAction\",\"target\":[\"https:\/\/latty.com\/es\/productos\/maquina-cortadora-de-anillos-de-empaquetadura\/\"]}]},{\"@type\":\"BreadcrumbList\",\"@id\":\"https:\/\/latty.com\/es\/productos\/maquina-cortadora-de-anillos-de-empaquetadura\/#breadcrumb\",\"itemListElement\":[{\"@type\":\"ListItem\",\"position\":1,\"name\":\"BIENVENIDA\",\"item\":\"https:\/\/latty.com\/es\/\"},{\"@type\":\"ListItem\",\"position\":2,\"name\":\"Tienda\",\"item\":\"https:\/\/latty.com\/es\/tienda\/\"},{\"@type\":\"ListItem\",\"position\":3,\"name\":\"Herramientas y accesorios\",\"item\":\"https:\/\/latty.com\/es\/categorie-produit\/herramientas-y-accesorios\/\"},{\"@type\":\"ListItem\",\"position\":4,\"name\":\"MAQUINA CORTADORA DE ANILLOS DE EMPAQUETADURA\"}]},{\"@type\":\"WebSite\",\"@id\":\"https:\/\/latty.com\/es\/#website\",\"url\":\"https:\/\/latty.com\/es\/\",\"name\":\"GROUPE LATTY\",\"description\":\"Industrial Sealing Solutions\",\"potentialAction\":[{\"@type\":\"SearchAction\",\"target\":{\"@type\":\"EntryPoint\",\"urlTemplate\":\"https:\/\/latty.com\/es\/?s={search_term_string}\"},\"query-input\":\"required name=search_term_string\"}],\"inLanguage\":\"es\"}]}<\/script>\n<!-- \/ Yoast SEO plugin. -->","yoast_head_json":{"title":"MAQUINA CORTADORA DE ANILLOS DE EMPAQUETADURA - LATTY","robots":{"index":"index","follow":"follow","max-snippet":"max-snippet:-1","max-image-preview":"max-image-preview:large","max-video-preview":"max-video-preview:-1"},"canonical":"https:\/\/latty.com\/es\/productos\/maquina-cortadora-de-anillos-de-empaquetadura\/","og_locale":"es_ES","og_type":"article","og_title":"MAQUINA CORTADORA DE ANILLOS DE EMPAQUETADURA - LATTY","og_description":"Maquina cortadora de anillos de empaquetadura","og_url":"https:\/\/latty.com\/es\/productos\/maquina-cortadora-de-anillos-de-empaquetadura\/","og_site_name":"GROUPE LATTY","article_modified_time":"2020-07-01T09:46:21+00:00","og_image":[{"width":1080,"height":720,"url":"https:\/\/latty.com\/wp-content\/uploads\/2019\/07\/4000CoupeTresse.jpg","type":"image\/jpeg"}],"twitter_card":"summary_large_image","schema":{"@context":"https:\/\/schema.org","@graph":[{"@type":"WebPage","@id":"https:\/\/latty.com\/es\/productos\/maquina-cortadora-de-anillos-de-empaquetadura\/","url":"https:\/\/latty.com\/es\/productos\/maquina-cortadora-de-anillos-de-empaquetadura\/","name":"MAQUINA CORTADORA DE ANILLOS DE EMPAQUETADURA - LATTY","isPartOf":{"@id":"https:\/\/latty.com\/es\/#website"},"datePublished":"2020-02-17T13:36:08+00:00","dateModified":"2020-07-01T09:46:21+00:00","breadcrumb":{"@id":"https:\/\/latty.com\/es\/productos\/maquina-cortadora-de-anillos-de-empaquetadura\/#breadcrumb"},"inLanguage":"es","potentialAction":[{"@type":"ReadAction","target":["https:\/\/latty.com\/es\/productos\/maquina-cortadora-de-anillos-de-empaquetadura\/"]}]},{"@type":"BreadcrumbList","@id":"https:\/\/latty.com\/es\/productos\/maquina-cortadora-de-anillos-de-empaquetadura\/#breadcrumb","itemListElement":[{"@type":"ListItem","position":1,"name":"BIENVENIDA","item":"https:\/\/latty.com\/es\/"},{"@type":"ListItem","position":2,"name":"Tienda","item":"https:\/\/latty.com\/es\/tienda\/"},{"@type":"ListItem","position":3,"name":"Herramientas y accesorios","item":"https:\/\/latty.com\/es\/categorie-produit\/herramientas-y-accesorios\/"},{"@type":"ListItem","position":4,"name":"MAQUINA CORTADORA DE ANILLOS DE EMPAQUETADURA"}]},{"@type":"WebSite","@id":"https:\/\/latty.com\/es\/#website","url":"https:\/\/latty.com\/es\/","name":"GROUPE LATTY","description":"Industrial Sealing Solutions","potentialAction":[{"@type":"SearchAction","target":{"@type":"EntryPoint","urlTemplate":"https:\/\/latty.com\/es\/?s={search_term_string}"},"query-input":"required name=search_term_string"}],"inLanguage":"es"}]}},"_links":{"self":[{"href":"https:\/\/latty.com\/es\/wp-json\/wp\/v2\/product\/16886"}],"collection":[{"href":"https:\/\/latty.com\/es\/wp-json\/wp\/v2\/product"}],"about":[{"href":"https:\/\/latty.com\/es\/wp-json\/wp\/v2\/types\/product"}],"replies":[{"embeddable":true,"href":"https:\/\/latty.com\/es\/wp-json\/wp\/v2\/comments?post=16886"}],"wp:featuredmedia":[{"embeddable":true,"href":"https:\/\/latty.com\/es\/wp-json\/wp\/v2\/media\/4064"}],"wp:attachment":[{"href":"https:\/\/latty.com\/es\/wp-json\/wp\/v2\/media?parent=16886"}],"wp:term":[{"taxonomy":"product_cat","embeddable":true,"href":"https:\/\/latty.com\/es\/wp-json\/wp\/v2\/product_cat?post=16886"},{"taxonomy":"product_tag","embeddable":true,"href":"https:\/\/latty.com\/es\/wp-json\/wp\/v2\/product_tag?post=16886"}],"curies":[{"name":"wp","href":"https:\/\/api.w.org\/{rel}","templated":true}]}}