{"id":10226,"date":"2019-07-18T15:17:11","date_gmt":"2019-07-18T13:17:11","guid":{"rendered":"http:\/\/lattydev.s187705.cjcom04.atester.fr\/request-quote\/"},"modified":"2020-02-10T17:45:53","modified_gmt":"2020-02-10T16:45:53","slug":"solicitar-presupuesto","status":"publish","type":"page","link":"https:\/\/latty.com\/es\/solicitar-presupuesto\/","title":{"rendered":"Solicitar presupuesto"},"content":{"rendered":"\n<div class=\"woocommerce ywraq-wrapper\">\n\n\t\t\t<div id=\"yith-ywraq-message\"><div class=\"ywraq-question-message\">\n\t<\/div>\n<\/div>\n\t\t\n\t\t\t\t<div class=\"ywraq-form-table-wrapper \">\n\t\t\t<p class=\"ywraq_list_empty_message\">Tu lista est\u00e1 vac\u00eda, a\u00f1ade productos a la lista para enviar una solicitud<p><p class=\"return-to-shop\"><a class=\"button wc-backward\" href=\"https:\/\/latty.com\/\/catalogue-produits\/\">Volver<\/a><\/p>\n\t\t\t\t\t<\/div>\n\t<\/div>\n\n","protected":false},"excerpt":{"rendered":"","protected":false},"author":1,"featured_media":0,"parent":0,"menu_order":0,"comment_status":"closed","ping_status":"closed","template":"","meta":{"content-type":"","footnotes":""},"yoast_head":"<!-- This site is optimized with the Yoast SEO plugin v22.1 - https:\/\/yoast.com\/wordpress\/plugins\/seo\/ -->\n<title>Solicitar presupuesto - GROUPE LATTY<\/title>\n<meta name=\"robots\" content=\"index, follow, max-snippet:-1, max-image-preview:large, max-video-preview:-1\" \/>\n<link rel=\"canonical\" href=\"https:\/\/latty.com\/es\/solicitar-presupuesto\/\" \/>\n<meta property=\"og:locale\" content=\"es_ES\" \/>\n<meta property=\"og:type\" content=\"article\" \/>\n<meta property=\"og:title\" content=\"Solicitar presupuesto - GROUPE LATTY\" \/>\n<meta property=\"og:url\" content=\"https:\/\/latty.com\/es\/solicitar-presupuesto\/\" \/>\n<meta property=\"og:site_name\" content=\"GROUPE LATTY\" \/>\n<meta property=\"article:modified_time\" content=\"2020-02-10T16:45:53+00:00\" \/>\n<meta name=\"twitter:card\" content=\"summary_large_image\" \/>\n<script type=\"application\/ld+json\" class=\"yoast-schema-graph\">{\"@context\":\"https:\/\/schema.org\",\"@graph\":[{\"@type\":\"WebPage\",\"@id\":\"https:\/\/latty.com\/es\/solicitar-presupuesto\/\",\"url\":\"https:\/\/latty.com\/es\/solicitar-presupuesto\/\",\"name\":\"Solicitar presupuesto - GROUPE LATTY\",\"isPartOf\":{\"@id\":\"https:\/\/latty.com\/es\/#website\"},\"datePublished\":\"2019-07-18T13:17:11+00:00\",\"dateModified\":\"2020-02-10T16:45:53+00:00\",\"breadcrumb\":{\"@id\":\"https:\/\/latty.com\/es\/solicitar-presupuesto\/#breadcrumb\"},\"inLanguage\":\"es\",\"potentialAction\":[{\"@type\":\"ReadAction\",\"target\":[\"https:\/\/latty.com\/es\/solicitar-presupuesto\/\"]}]},{\"@type\":\"BreadcrumbList\",\"@id\":\"https:\/\/latty.com\/es\/solicitar-presupuesto\/#breadcrumb\",\"itemListElement\":[{\"@type\":\"ListItem\",\"position\":1,\"name\":\"BIENVENIDA\",\"item\":\"https:\/\/latty.com\/es\/\"},{\"@type\":\"ListItem\",\"position\":2,\"name\":\"Solicitar presupuesto\"}]},{\"@type\":\"WebSite\",\"@id\":\"https:\/\/latty.com\/es\/#website\",\"url\":\"https:\/\/latty.com\/es\/\",\"name\":\"GROUPE LATTY\",\"description\":\"Industrial Sealing Solutions\",\"potentialAction\":[{\"@type\":\"SearchAction\",\"target\":{\"@type\":\"EntryPoint\",\"urlTemplate\":\"https:\/\/latty.com\/es\/?s={search_term_string}\"},\"query-input\":\"required name=search_term_string\"}],\"inLanguage\":\"es\"}]}<\/script>\n<!-- \/ Yoast SEO plugin. -->","yoast_head_json":{"title":"Solicitar presupuesto - GROUPE LATTY","robots":{"index":"index","follow":"follow","max-snippet":"max-snippet:-1","max-image-preview":"max-image-preview:large","max-video-preview":"max-video-preview:-1"},"canonical":"https:\/\/latty.com\/es\/solicitar-presupuesto\/","og_locale":"es_ES","og_type":"article","og_title":"Solicitar presupuesto - GROUPE LATTY","og_url":"https:\/\/latty.com\/es\/solicitar-presupuesto\/","og_site_name":"GROUPE LATTY","article_modified_time":"2020-02-10T16:45:53+00:00","twitter_card":"summary_large_image","schema":{"@context":"https:\/\/schema.org","@graph":[{"@type":"WebPage","@id":"https:\/\/latty.com\/es\/solicitar-presupuesto\/","url":"https:\/\/latty.com\/es\/solicitar-presupuesto\/","name":"Solicitar presupuesto - GROUPE LATTY","isPartOf":{"@id":"https:\/\/latty.com\/es\/#website"},"datePublished":"2019-07-18T13:17:11+00:00","dateModified":"2020-02-10T16:45:53+00:00","breadcrumb":{"@id":"https:\/\/latty.com\/es\/solicitar-presupuesto\/#breadcrumb"},"inLanguage":"es","potentialAction":[{"@type":"ReadAction","target":["https:\/\/latty.com\/es\/solicitar-presupuesto\/"]}]},{"@type":"BreadcrumbList","@id":"https:\/\/latty.com\/es\/solicitar-presupuesto\/#breadcrumb","itemListElement":[{"@type":"ListItem","position":1,"name":"BIENVENIDA","item":"https:\/\/latty.com\/es\/"},{"@type":"ListItem","position":2,"name":"Solicitar presupuesto"}]},{"@type":"WebSite","@id":"https:\/\/latty.com\/es\/#website","url":"https:\/\/latty.com\/es\/","name":"GROUPE LATTY","description":"Industrial Sealing Solutions","potentialAction":[{"@type":"SearchAction","target":{"@type":"EntryPoint","urlTemplate":"https:\/\/latty.com\/es\/?s={search_term_string}"},"query-input":"required name=search_term_string"}],"inLanguage":"es"}]}},"_links":{"self":[{"href":"https:\/\/latty.com\/es\/wp-json\/wp\/v2\/pages\/10226"}],"collection":[{"href":"https:\/\/latty.com\/es\/wp-json\/wp\/v2\/pages"}],"about":[{"href":"https:\/\/latty.com\/es\/wp-json\/wp\/v2\/types\/page"}],"author":[{"embeddable":true,"href":"https:\/\/latty.com\/es\/wp-json\/wp\/v2\/users\/1"}],"replies":[{"embeddable":true,"href":"https:\/\/latty.com\/es\/wp-json\/wp\/v2\/comments?post=10226"}],"version-history":[{"count":1,"href":"https:\/\/latty.com\/es\/wp-json\/wp\/v2\/pages\/10226\/revisions"}],"predecessor-version":[{"id":10238,"href":"https:\/\/latty.com\/es\/wp-json\/wp\/v2\/pages\/10226\/revisions\/10238"}],"wp:attachment":[{"href":"https:\/\/latty.com\/es\/wp-json\/wp\/v2\/media?parent=10226"}],"curies":[{"name":"wp","href":"https:\/\/api.w.org\/{rel}","templated":true}]}}