{"id":30892,"date":"2024-02-12T10:09:07","date_gmt":"2024-02-12T09:09:08","guid":{"rendered":"https:\/\/latty.com\/?post_type=product&#038;p=30892"},"modified":"2024-02-12T19:10:41","modified_gmt":"2024-02-12T18:10:41","slug":"lattymix-ru-6812-d-copie","status":"publish","type":"product","link":"https:\/\/latty.com\/de\/produkte\/lattymix-ru-6812-d-copie\/","title":{"rendered":"LATTYlub POT &#8211; Hilfssystem"},"content":{"rendered":"<p>Mit den Hilfssystemen von LATTYlub Pot k\u00f6nnen Sie die Temperatur Ihrer Dichtungssysteme, insbesondere Ihrer Gleitringdichtungen, regulieren und kontrollieren, um die Lebensdauer Ihrer Anlagen zu erh\u00f6hen. So optimieren Sie die Wartungszeiten zwischen zwei Eingriffen und gew\u00e4hrleisten nicht nur den Schutz Ihres Personals und Ihrer Ger\u00e4te, sondern auch den Schutz der Umwelt durch starke Wassereinsparungen.<br \/>\nEs gibt verschiedene Varianten von LATTYlub POT :<br \/>\n&#8211; Thermosiphon allein, ohne Instrumentierung f\u00fcr delta H\u00f6he lubtopf\/garnitur 0.8m<br \/>\n&#8211; Schmiersatz mit m\u00f6glicher Kombination ohne Motorpumpe: Thermosiphon, Kontaktthermometer, Kontaktmanometer und Niveauregler&#8230;<br \/>\n&#8211; Schmiereinheit (GDL) Schmiersatz mit Motorpumpe. Es besteht die M\u00f6glichkeit, weitere Komponenten hinzuzuf\u00fcgen. Die gesamte Einheit wird auf einer gebrauchsfertigen Edelstahlplatine installiert.<\/p>\n<p>Entdecken Sie unser komplettes Angebot an AUXILIALSYSTEMEN f\u00fcr Gleitringdichtungen.<\/p>\n","protected":false},"excerpt":{"rendered":"<p>Schmiermittelbeh\u00e4lter MIT oder OHNE Spirale.<\/p>\n","protected":false},"featured_media":30861,"comment_status":"closed","ping_status":"closed","template":"","meta":{"content-type":""},"product_cat":[993,1111,1131,1021],"product_tag":[],"yoast_head":"<!-- This site is optimized with the Yoast SEO plugin v22.1 - https:\/\/yoast.com\/wordpress\/plugins\/seo\/ -->\n<title>LATTYlub POT - Hilfssystem - LATTY<\/title>\n<meta name=\"description\" content=\"Mit den Hilfssystemen von LATTYlub Pot k\u00f6nnen Sie die Temperatur Ihrer Dichtungssysteme regulieren und kontrollieren, um die Lebensdauer Ihrer Ausr\u00fcstung zu erh\u00f6hen. So optimieren Sie die Wartungszeiten zwischen zwei Eingriffen und gew\u00e4hrleisten nicht nur den Schutz Ihres Personals und Ihrer Materialien, sondern auch den Schutz der Umwelt durch starke Wassereinsparungen.\" \/>\n<meta name=\"robots\" content=\"index, follow, max-snippet:-1, max-image-preview:large, max-video-preview:-1\" \/>\n<link rel=\"canonical\" href=\"https:\/\/latty.com\/de\/produkte\/lattymix-ru-6812-d-copie\/\" \/>\n<meta property=\"og:locale\" content=\"de_DE\" \/>\n<meta property=\"og:type\" content=\"article\" \/>\n<meta property=\"og:title\" content=\"LATTYlub POT - Hilfssystem - LATTY\" \/>\n<meta property=\"og:description\" content=\"Mit den Hilfssystemen von LATTYlub Pot k\u00f6nnen Sie die Temperatur Ihrer Dichtungssysteme regulieren und kontrollieren, um die Lebensdauer Ihrer Ausr\u00fcstung zu erh\u00f6hen. So optimieren Sie die Wartungszeiten zwischen zwei Eingriffen und gew\u00e4hrleisten nicht nur den Schutz Ihres Personals und Ihrer Materialien, sondern auch den Schutz der Umwelt durch starke Wassereinsparungen.\" \/>\n<meta property=\"og:url\" content=\"https:\/\/latty.com\/de\/produkte\/lattymix-ru-6812-d-copie\/\" \/>\n<meta property=\"og:site_name\" content=\"GROUPE LATTY\" \/>\n<meta property=\"article:modified_time\" content=\"2024-02-12T18:10:41+00:00\" \/>\n<meta property=\"og:image\" content=\"https:\/\/latty.com\/wp-content\/uploads\/2024\/02\/LATTYlub-Pot.png\" \/>\n\t<meta property=\"og:image:width\" content=\"345\" \/>\n\t<meta property=\"og:image:height\" content=\"526\" \/>\n\t<meta property=\"og:image:type\" content=\"image\/png\" \/>\n<meta name=\"twitter:card\" content=\"summary_large_image\" \/>\n<meta name=\"twitter:label1\" content=\"Gesch\u00e4tzte Lesezeit\" \/>\n\t<meta name=\"twitter:data1\" content=\"1\u00a0Minute\" \/>\n<script type=\"application\/ld+json\" class=\"yoast-schema-graph\">{\"@context\":\"https:\/\/schema.org\",\"@graph\":[{\"@type\":\"WebPage\",\"@id\":\"https:\/\/latty.com\/de\/produkte\/lattymix-ru-6812-d-copie\/\",\"url\":\"https:\/\/latty.com\/de\/produkte\/lattymix-ru-6812-d-copie\/\",\"name\":\"LATTYlub POT - Hilfssystem - LATTY\",\"isPartOf\":{\"@id\":\"https:\/\/latty.com\/de\/#website\"},\"datePublished\":\"2024-02-12T09:09:08+00:00\",\"dateModified\":\"2024-02-12T18:10:41+00:00\",\"description\":\"Mit den Hilfssystemen von LATTYlub Pot k\u00f6nnen Sie die Temperatur Ihrer Dichtungssysteme regulieren und kontrollieren, um die Lebensdauer Ihrer Ausr\u00fcstung zu erh\u00f6hen. So optimieren Sie die Wartungszeiten zwischen zwei Eingriffen und gew\u00e4hrleisten nicht nur den Schutz Ihres Personals und Ihrer Materialien, sondern auch den Schutz der Umwelt durch starke Wassereinsparungen.\",\"breadcrumb\":{\"@id\":\"https:\/\/latty.com\/de\/produkte\/lattymix-ru-6812-d-copie\/#breadcrumb\"},\"inLanguage\":\"de\",\"potentialAction\":[{\"@type\":\"ReadAction\",\"target\":[\"https:\/\/latty.com\/de\/produkte\/lattymix-ru-6812-d-copie\/\"]}]},{\"@type\":\"BreadcrumbList\",\"@id\":\"https:\/\/latty.com\/de\/produkte\/lattymix-ru-6812-d-copie\/#breadcrumb\",\"itemListElement\":[{\"@type\":\"ListItem\",\"position\":1,\"name\":\"WILLKOMMEN\",\"item\":\"https:\/\/latty.com\/de\/\"},{\"@type\":\"ListItem\",\"position\":2,\"name\":\"Shop\",\"item\":\"https:\/\/latty.com\/de\/shop\/\"},{\"@type\":\"ListItem\",\"position\":3,\"name\":\"Drehende maschinen\",\"item\":\"https:\/\/latty.com\/de\/categorie-produit\/drehende-maschinen\/\"},{\"@type\":\"ListItem\",\"position\":4,\"name\":\"LATTYlub POT &#8211; Hilfssystem\"}]},{\"@type\":\"WebSite\",\"@id\":\"https:\/\/latty.com\/de\/#website\",\"url\":\"https:\/\/latty.com\/de\/\",\"name\":\"GROUPE LATTY\",\"description\":\"Industrial Sealing Solutions\",\"potentialAction\":[{\"@type\":\"SearchAction\",\"target\":{\"@type\":\"EntryPoint\",\"urlTemplate\":\"https:\/\/latty.com\/de\/?s={search_term_string}\"},\"query-input\":\"required name=search_term_string\"}],\"inLanguage\":\"de\"}]}<\/script>\n<!-- \/ Yoast SEO plugin. -->","yoast_head_json":{"title":"LATTYlub POT - Hilfssystem - LATTY","description":"Mit den Hilfssystemen von LATTYlub Pot k\u00f6nnen Sie die Temperatur Ihrer Dichtungssysteme regulieren und kontrollieren, um die Lebensdauer Ihrer Ausr\u00fcstung zu erh\u00f6hen. So optimieren Sie die Wartungszeiten zwischen zwei Eingriffen und gew\u00e4hrleisten nicht nur den Schutz Ihres Personals und Ihrer Materialien, sondern auch den Schutz der Umwelt durch starke Wassereinsparungen.","robots":{"index":"index","follow":"follow","max-snippet":"max-snippet:-1","max-image-preview":"max-image-preview:large","max-video-preview":"max-video-preview:-1"},"canonical":"https:\/\/latty.com\/de\/produkte\/lattymix-ru-6812-d-copie\/","og_locale":"de_DE","og_type":"article","og_title":"LATTYlub POT - Hilfssystem - LATTY","og_description":"Mit den Hilfssystemen von LATTYlub Pot k\u00f6nnen Sie die Temperatur Ihrer Dichtungssysteme regulieren und kontrollieren, um die Lebensdauer Ihrer Ausr\u00fcstung zu erh\u00f6hen. So optimieren Sie die Wartungszeiten zwischen zwei Eingriffen und gew\u00e4hrleisten nicht nur den Schutz Ihres Personals und Ihrer Materialien, sondern auch den Schutz der Umwelt durch starke Wassereinsparungen.","og_url":"https:\/\/latty.com\/de\/produkte\/lattymix-ru-6812-d-copie\/","og_site_name":"GROUPE LATTY","article_modified_time":"2024-02-12T18:10:41+00:00","og_image":[{"width":345,"height":526,"url":"https:\/\/latty.com\/wp-content\/uploads\/2024\/02\/LATTYlub-Pot.png","type":"image\/png"}],"twitter_card":"summary_large_image","twitter_misc":{"Gesch\u00e4tzte Lesezeit":"1\u00a0Minute"},"schema":{"@context":"https:\/\/schema.org","@graph":[{"@type":"WebPage","@id":"https:\/\/latty.com\/de\/produkte\/lattymix-ru-6812-d-copie\/","url":"https:\/\/latty.com\/de\/produkte\/lattymix-ru-6812-d-copie\/","name":"LATTYlub POT - Hilfssystem - LATTY","isPartOf":{"@id":"https:\/\/latty.com\/de\/#website"},"datePublished":"2024-02-12T09:09:08+00:00","dateModified":"2024-02-12T18:10:41+00:00","description":"Mit den Hilfssystemen von LATTYlub Pot k\u00f6nnen Sie die Temperatur Ihrer Dichtungssysteme regulieren und kontrollieren, um die Lebensdauer Ihrer Ausr\u00fcstung zu erh\u00f6hen. So optimieren Sie die Wartungszeiten zwischen zwei Eingriffen und gew\u00e4hrleisten nicht nur den Schutz Ihres Personals und Ihrer Materialien, sondern auch den Schutz der Umwelt durch starke Wassereinsparungen.","breadcrumb":{"@id":"https:\/\/latty.com\/de\/produkte\/lattymix-ru-6812-d-copie\/#breadcrumb"},"inLanguage":"de","potentialAction":[{"@type":"ReadAction","target":["https:\/\/latty.com\/de\/produkte\/lattymix-ru-6812-d-copie\/"]}]},{"@type":"BreadcrumbList","@id":"https:\/\/latty.com\/de\/produkte\/lattymix-ru-6812-d-copie\/#breadcrumb","itemListElement":[{"@type":"ListItem","position":1,"name":"WILLKOMMEN","item":"https:\/\/latty.com\/de\/"},{"@type":"ListItem","position":2,"name":"Shop","item":"https:\/\/latty.com\/de\/shop\/"},{"@type":"ListItem","position":3,"name":"Drehende maschinen","item":"https:\/\/latty.com\/de\/categorie-produit\/drehende-maschinen\/"},{"@type":"ListItem","position":4,"name":"LATTYlub POT &#8211; Hilfssystem"}]},{"@type":"WebSite","@id":"https:\/\/latty.com\/de\/#website","url":"https:\/\/latty.com\/de\/","name":"GROUPE LATTY","description":"Industrial Sealing Solutions","potentialAction":[{"@type":"SearchAction","target":{"@type":"EntryPoint","urlTemplate":"https:\/\/latty.com\/de\/?s={search_term_string}"},"query-input":"required name=search_term_string"}],"inLanguage":"de"}]}},"_links":{"self":[{"href":"https:\/\/latty.com\/de\/wp-json\/wp\/v2\/product\/30892"}],"collection":[{"href":"https:\/\/latty.com\/de\/wp-json\/wp\/v2\/product"}],"about":[{"href":"https:\/\/latty.com\/de\/wp-json\/wp\/v2\/types\/product"}],"replies":[{"embeddable":true,"href":"https:\/\/latty.com\/de\/wp-json\/wp\/v2\/comments?post=30892"}],"wp:featuredmedia":[{"embeddable":true,"href":"https:\/\/latty.com\/de\/wp-json\/wp\/v2\/media\/30861"}],"wp:attachment":[{"href":"https:\/\/latty.com\/de\/wp-json\/wp\/v2\/media?parent=30892"}],"wp:term":[{"taxonomy":"product_cat","embeddable":true,"href":"https:\/\/latty.com\/de\/wp-json\/wp\/v2\/product_cat?post=30892"},{"taxonomy":"product_tag","embeddable":true,"href":"https:\/\/latty.com\/de\/wp-json\/wp\/v2\/product_tag?post=30892"}],"curies":[{"name":"wp","href":"https:\/\/api.w.org\/{rel}","templated":true}]}}