{"id":28059,"date":"2022-07-12T16:13:59","date_gmt":"2022-07-12T14:13:59","guid":{"rendered":"https:\/\/latty.com\/\/produit\/lattymix-ru-6812-d\/"},"modified":"2026-04-15T17:38:40","modified_gmt":"2026-04-15T15:38:40","slug":"lattymix-ru-6812-d","status":"publish","type":"product","link":"https:\/\/latty.com\/de\/produkte\/lattymix-ru-6812-d\/","title":{"rendered":"LATTYmix RU 6812 D"},"content":{"rendered":"<p>Bo\u00eetier d&#8217;agitation lubrifi\u00e9 normalis\u00e9, int\u00e9grant un roulement graiss\u00e9 \u00e0 vie ainsi que des garnitures m\u00e9caniques standards et destin\u00e9 \u00e0 des applications haut de cuve.<br \/>\nStandardgeh\u00e4use im Werk voreingestellt und getestet. Drehrichtungsunabh\u00e4ngig, Gleitringdichtungen Typ U68, Auf Lebensdauer geschmierten Lager, Ohne zu drehende Montagelehren, Nimmt temperaturbedingte Wellenausdehnungen &#8211; mit einer Axialbewegung von +\/- 2mm &#8211; ohne Auswirkung auf den Betrieb auf, Bei Druckumkehr im Tank verbleibt die produktseitige Gleitringdichtung dank der Aufrechterhaltung des Station\u00e4rteiles betriebsf\u00e4hig, Nimmt dank der geschrumpften Station\u00e4rteile gro\u00dfe<br \/>\nLosbrechmomente auf, Dank deren gepressten Mitnehmerring keine Markierung auf der Welle, Unabh\u00e4ngigkeit der beiden Gleitringdichtungen, welche die Sicherheit der Doppelmontage gew\u00e4hrleistet. Das Geh\u00e4use wird von Quellen f\u00fcr Kontaminationen durch einen V-Ring gesch\u00fctzt.<\/p>\n","protected":false},"excerpt":{"rendered":"<p>ABDICHTUNG DES TANKOBERTEILS AUS NICHTROSTENDEM STAHL NACH DIN 28136<\/p>\n","protected":false},"featured_media":10045,"comment_status":"open","ping_status":"closed","template":"","meta":{"content-type":""},"product_cat":[993,1111,1131],"product_tag":[],"yoast_head":"<!-- This site is optimized with the Yoast SEO plugin v22.1 - https:\/\/yoast.com\/wordpress\/plugins\/seo\/ -->\n<title>LATTYmix RU 6812 D - LATTY<\/title>\n<meta name=\"description\" content=\"Bo\u00eetier d&#039;agitation lubrifi\u00e9 DIN 28136, int\u00e9grant un roulement graiss\u00e9 \u00e0 vie ainsi que des garnitures m\u00e9caniques standards, destin\u00e9 \u00e0 des applications haut de cuve.\" \/>\n<meta name=\"robots\" content=\"index, follow, max-snippet:-1, max-image-preview:large, max-video-preview:-1\" \/>\n<link rel=\"canonical\" href=\"https:\/\/latty.com\/de\/produkte\/lattymix-ru-6812-d\/\" \/>\n<meta property=\"og:locale\" content=\"de_DE\" \/>\n<meta property=\"og:type\" content=\"article\" \/>\n<meta property=\"og:title\" content=\"LATTYmix RU 6812 D - LATTY\" \/>\n<meta property=\"og:description\" content=\"Bo\u00eetier d&#039;agitation lubrifi\u00e9 DIN 28136, int\u00e9grant un roulement graiss\u00e9 \u00e0 vie ainsi que des garnitures m\u00e9caniques standards, destin\u00e9 \u00e0 des applications haut de cuve.\" \/>\n<meta property=\"og:url\" content=\"https:\/\/latty.com\/de\/produkte\/lattymix-ru-6812-d\/\" \/>\n<meta property=\"og:site_name\" content=\"GROUPE LATTY\" \/>\n<meta property=\"article:modified_time\" content=\"2026-04-15T15:38:40+00:00\" \/>\n<meta property=\"og:image\" content=\"https:\/\/latty.com\/wp-content\/uploads\/2020\/01\/1740LATTYmix.jpg\" \/>\n\t<meta property=\"og:image:width\" content=\"1080\" \/>\n\t<meta property=\"og:image:height\" content=\"720\" \/>\n\t<meta property=\"og:image:type\" content=\"image\/jpeg\" \/>\n<meta name=\"twitter:card\" content=\"summary_large_image\" \/>\n<meta name=\"twitter:label1\" content=\"Gesch\u00e4tzte Lesezeit\" \/>\n\t<meta name=\"twitter:data1\" content=\"1\u00a0Minute\" \/>\n<script type=\"application\/ld+json\" class=\"yoast-schema-graph\">{\"@context\":\"https:\/\/schema.org\",\"@graph\":[{\"@type\":\"WebPage\",\"@id\":\"https:\/\/latty.com\/de\/produkte\/lattymix-ru-6812-d\/\",\"url\":\"https:\/\/latty.com\/de\/produkte\/lattymix-ru-6812-d\/\",\"name\":\"LATTYmix RU 6812 D - LATTY\",\"isPartOf\":{\"@id\":\"https:\/\/latty.com\/de\/#website\"},\"datePublished\":\"2022-07-12T14:13:59+00:00\",\"dateModified\":\"2026-04-15T15:38:40+00:00\",\"description\":\"Bo\u00eetier d'agitation lubrifi\u00e9 DIN 28136, int\u00e9grant un roulement graiss\u00e9 \u00e0 vie ainsi que des garnitures m\u00e9caniques standards, destin\u00e9 \u00e0 des applications haut de cuve.\",\"breadcrumb\":{\"@id\":\"https:\/\/latty.com\/de\/produkte\/lattymix-ru-6812-d\/#breadcrumb\"},\"inLanguage\":\"de\",\"potentialAction\":[{\"@type\":\"ReadAction\",\"target\":[\"https:\/\/latty.com\/de\/produkte\/lattymix-ru-6812-d\/\"]}]},{\"@type\":\"BreadcrumbList\",\"@id\":\"https:\/\/latty.com\/de\/produkte\/lattymix-ru-6812-d\/#breadcrumb\",\"itemListElement\":[{\"@type\":\"ListItem\",\"position\":1,\"name\":\"WILLKOMMEN\",\"item\":\"https:\/\/latty.com\/de\/\"},{\"@type\":\"ListItem\",\"position\":2,\"name\":\"Shop\",\"item\":\"https:\/\/latty.com\/de\/shop\/\"},{\"@type\":\"ListItem\",\"position\":3,\"name\":\"Drehende maschinen\",\"item\":\"https:\/\/latty.com\/de\/categorie-produit\/drehende-maschinen\/\"},{\"@type\":\"ListItem\",\"position\":4,\"name\":\"LATTYmix RU 6812 D\"}]},{\"@type\":\"WebSite\",\"@id\":\"https:\/\/latty.com\/de\/#website\",\"url\":\"https:\/\/latty.com\/de\/\",\"name\":\"GROUPE LATTY\",\"description\":\"Industrial Sealing Solutions\",\"potentialAction\":[{\"@type\":\"SearchAction\",\"target\":{\"@type\":\"EntryPoint\",\"urlTemplate\":\"https:\/\/latty.com\/de\/?s={search_term_string}\"},\"query-input\":\"required name=search_term_string\"}],\"inLanguage\":\"de\"}]}<\/script>\n<!-- \/ Yoast SEO plugin. -->","yoast_head_json":{"title":"LATTYmix RU 6812 D - LATTY","description":"Bo\u00eetier d'agitation lubrifi\u00e9 DIN 28136, int\u00e9grant un roulement graiss\u00e9 \u00e0 vie ainsi que des garnitures m\u00e9caniques standards, destin\u00e9 \u00e0 des applications haut de cuve.","robots":{"index":"index","follow":"follow","max-snippet":"max-snippet:-1","max-image-preview":"max-image-preview:large","max-video-preview":"max-video-preview:-1"},"canonical":"https:\/\/latty.com\/de\/produkte\/lattymix-ru-6812-d\/","og_locale":"de_DE","og_type":"article","og_title":"LATTYmix RU 6812 D - LATTY","og_description":"Bo\u00eetier d'agitation lubrifi\u00e9 DIN 28136, int\u00e9grant un roulement graiss\u00e9 \u00e0 vie ainsi que des garnitures m\u00e9caniques standards, destin\u00e9 \u00e0 des applications haut de cuve.","og_url":"https:\/\/latty.com\/de\/produkte\/lattymix-ru-6812-d\/","og_site_name":"GROUPE LATTY","article_modified_time":"2026-04-15T15:38:40+00:00","og_image":[{"width":1080,"height":720,"url":"https:\/\/latty.com\/wp-content\/uploads\/2020\/01\/1740LATTYmix.jpg","type":"image\/jpeg"}],"twitter_card":"summary_large_image","twitter_misc":{"Gesch\u00e4tzte Lesezeit":"1\u00a0Minute"},"schema":{"@context":"https:\/\/schema.org","@graph":[{"@type":"WebPage","@id":"https:\/\/latty.com\/de\/produkte\/lattymix-ru-6812-d\/","url":"https:\/\/latty.com\/de\/produkte\/lattymix-ru-6812-d\/","name":"LATTYmix RU 6812 D - LATTY","isPartOf":{"@id":"https:\/\/latty.com\/de\/#website"},"datePublished":"2022-07-12T14:13:59+00:00","dateModified":"2026-04-15T15:38:40+00:00","description":"Bo\u00eetier d'agitation lubrifi\u00e9 DIN 28136, int\u00e9grant un roulement graiss\u00e9 \u00e0 vie ainsi que des garnitures m\u00e9caniques standards, destin\u00e9 \u00e0 des applications haut de cuve.","breadcrumb":{"@id":"https:\/\/latty.com\/de\/produkte\/lattymix-ru-6812-d\/#breadcrumb"},"inLanguage":"de","potentialAction":[{"@type":"ReadAction","target":["https:\/\/latty.com\/de\/produkte\/lattymix-ru-6812-d\/"]}]},{"@type":"BreadcrumbList","@id":"https:\/\/latty.com\/de\/produkte\/lattymix-ru-6812-d\/#breadcrumb","itemListElement":[{"@type":"ListItem","position":1,"name":"WILLKOMMEN","item":"https:\/\/latty.com\/de\/"},{"@type":"ListItem","position":2,"name":"Shop","item":"https:\/\/latty.com\/de\/shop\/"},{"@type":"ListItem","position":3,"name":"Drehende maschinen","item":"https:\/\/latty.com\/de\/categorie-produit\/drehende-maschinen\/"},{"@type":"ListItem","position":4,"name":"LATTYmix RU 6812 D"}]},{"@type":"WebSite","@id":"https:\/\/latty.com\/de\/#website","url":"https:\/\/latty.com\/de\/","name":"GROUPE LATTY","description":"Industrial Sealing Solutions","potentialAction":[{"@type":"SearchAction","target":{"@type":"EntryPoint","urlTemplate":"https:\/\/latty.com\/de\/?s={search_term_string}"},"query-input":"required name=search_term_string"}],"inLanguage":"de"}]}},"_links":{"self":[{"href":"https:\/\/latty.com\/de\/wp-json\/wp\/v2\/product\/28059"}],"collection":[{"href":"https:\/\/latty.com\/de\/wp-json\/wp\/v2\/product"}],"about":[{"href":"https:\/\/latty.com\/de\/wp-json\/wp\/v2\/types\/product"}],"replies":[{"embeddable":true,"href":"https:\/\/latty.com\/de\/wp-json\/wp\/v2\/comments?post=28059"}],"wp:featuredmedia":[{"embeddable":true,"href":"https:\/\/latty.com\/de\/wp-json\/wp\/v2\/media\/10045"}],"wp:attachment":[{"href":"https:\/\/latty.com\/de\/wp-json\/wp\/v2\/media?parent=28059"}],"wp:term":[{"taxonomy":"product_cat","embeddable":true,"href":"https:\/\/latty.com\/de\/wp-json\/wp\/v2\/product_cat?post=28059"},{"taxonomy":"product_tag","embeddable":true,"href":"https:\/\/latty.com\/de\/wp-json\/wp\/v2\/product_tag?post=28059"}],"curies":[{"name":"wp","href":"https:\/\/api.w.org\/{rel}","templated":true}]}}