{"id":26980,"date":"2022-03-14T16:15:34","date_gmt":"2022-03-14T15:15:34","guid":{"rendered":"https:\/\/latty.com\/\/produit\/lattyflon-5706\/"},"modified":"2022-07-18T12:03:37","modified_gmt":"2022-07-18T10:03:37","slug":"lattyflon-5706","status":"publish","type":"product","link":"https:\/\/latty.com\/de\/produkte\/lattyflon-5706\/","title":{"rendered":"LATTYflon 5706"},"content":{"rendered":"<p>Dichte Packung aus wei\u00dfen Meta-Aramid-Garnen, die vor dem Flechtvorgang mit Polytetrafluorethylen (PTFE) und PTFE Seidengarnen durchimpr\u00e4gniert wurden.<br \/>\nDas Ganze wird w\u00e4hrend des Flechtens durch und durch mit einer PTFE-Dispersion impr\u00e4gniert. Die Meta-Aramid-Garne sorgen f\u00fcr eine au\u00dfergew\u00f6hnliche mechanische Festigkeit. Die PTFE-F\u00e4den reduzieren die Reibung zwischen Packungsringen und H\u00fclse. Best\u00e4ndigkeit gegen Hydrolyse und Abrieb. F\u00fcr eine l\u00e4ngere Lebensdauer der Packung- und H\u00fclse- Kombination empfehlen wir eine Oberfl\u00e4chenbehandlung der H\u00fclse. Silikonfreie Packung.<\/p>\n","protected":false},"excerpt":{"rendered":"<p>Aramid \/PTFE-Packung, die in den Stopfbuchsen von Kolbenpumpen in der Lebensmittelindustrie verwendet wird.<\/p>\n","protected":false},"featured_media":26959,"comment_status":"open","ping_status":"closed","template":"","meta":{"content-type":""},"product_cat":[993,1150],"product_tag":[],"yoast_head":"<!-- This site is optimized with the Yoast SEO plugin v22.1 - https:\/\/yoast.com\/wordpress\/plugins\/seo\/ -->\n<title>LATTYflon 5706 - LATTY<\/title>\n<meta name=\"description\" content=\"Aramid \/PTFE-Packung, die in den Stopfbuchsen von Kolbenpumpenin der Lebensmittelindustrie verwendet wird.\" \/>\n<meta name=\"robots\" content=\"index, follow, max-snippet:-1, max-image-preview:large, max-video-preview:-1\" \/>\n<link rel=\"canonical\" href=\"https:\/\/latty.com\/de\/produkte\/lattyflon-5706\/\" \/>\n<meta property=\"og:locale\" content=\"de_DE\" \/>\n<meta property=\"og:type\" content=\"article\" \/>\n<meta property=\"og:title\" content=\"LATTYflon 5706 - LATTY\" \/>\n<meta property=\"og:description\" content=\"Aramid \/PTFE-Packung, die in den Stopfbuchsen von Kolbenpumpenin der Lebensmittelindustrie verwendet wird.\" \/>\n<meta property=\"og:url\" content=\"https:\/\/latty.com\/de\/produkte\/lattyflon-5706\/\" \/>\n<meta property=\"og:site_name\" content=\"GROUPE LATTY\" \/>\n<meta property=\"article:modified_time\" content=\"2022-07-18T10:03:37+00:00\" \/>\n<meta property=\"og:image\" content=\"https:\/\/latty.com\/wp-content\/uploads\/2022\/03\/GROUPE-LATTY-LATTYflon-5706.jpg\" \/>\n\t<meta property=\"og:image:width\" content=\"1348\" \/>\n\t<meta property=\"og:image:height\" content=\"899\" \/>\n\t<meta property=\"og:image:type\" content=\"image\/jpeg\" \/>\n<meta name=\"twitter:card\" content=\"summary_large_image\" \/>\n<script type=\"application\/ld+json\" class=\"yoast-schema-graph\">{\"@context\":\"https:\/\/schema.org\",\"@graph\":[{\"@type\":\"WebPage\",\"@id\":\"https:\/\/latty.com\/de\/produkte\/lattyflon-5706\/\",\"url\":\"https:\/\/latty.com\/de\/produkte\/lattyflon-5706\/\",\"name\":\"LATTYflon 5706 - LATTY\",\"isPartOf\":{\"@id\":\"https:\/\/latty.com\/de\/#website\"},\"datePublished\":\"2022-03-14T15:15:34+00:00\",\"dateModified\":\"2022-07-18T10:03:37+00:00\",\"description\":\"Aramid \/PTFE-Packung, die in den Stopfbuchsen von Kolbenpumpenin der Lebensmittelindustrie verwendet wird.\",\"breadcrumb\":{\"@id\":\"https:\/\/latty.com\/de\/produkte\/lattyflon-5706\/#breadcrumb\"},\"inLanguage\":\"de\",\"potentialAction\":[{\"@type\":\"ReadAction\",\"target\":[\"https:\/\/latty.com\/de\/produkte\/lattyflon-5706\/\"]}]},{\"@type\":\"BreadcrumbList\",\"@id\":\"https:\/\/latty.com\/de\/produkte\/lattyflon-5706\/#breadcrumb\",\"itemListElement\":[{\"@type\":\"ListItem\",\"position\":1,\"name\":\"WILLKOMMEN\",\"item\":\"https:\/\/latty.com\/de\/\"},{\"@type\":\"ListItem\",\"position\":2,\"name\":\"Shop\",\"item\":\"https:\/\/latty.com\/de\/shop\/\"},{\"@type\":\"ListItem\",\"position\":3,\"name\":\"Drehende maschinen\",\"item\":\"https:\/\/latty.com\/de\/categorie-produit\/drehende-maschinen\/\"},{\"@type\":\"ListItem\",\"position\":4,\"name\":\"Packungen\",\"item\":\"https:\/\/latty.com\/de\/categorie-produit\/drehende-maschinen\/packungen-drehende-maschinen\/\"},{\"@type\":\"ListItem\",\"position\":5,\"name\":\"LATTYflon 5706\"}]},{\"@type\":\"WebSite\",\"@id\":\"https:\/\/latty.com\/de\/#website\",\"url\":\"https:\/\/latty.com\/de\/\",\"name\":\"GROUPE LATTY\",\"description\":\"Industrial Sealing Solutions\",\"potentialAction\":[{\"@type\":\"SearchAction\",\"target\":{\"@type\":\"EntryPoint\",\"urlTemplate\":\"https:\/\/latty.com\/de\/?s={search_term_string}\"},\"query-input\":\"required name=search_term_string\"}],\"inLanguage\":\"de\"}]}<\/script>\n<!-- \/ Yoast SEO plugin. -->","yoast_head_json":{"title":"LATTYflon 5706 - LATTY","description":"Aramid \/PTFE-Packung, die in den Stopfbuchsen von Kolbenpumpenin der Lebensmittelindustrie verwendet wird.","robots":{"index":"index","follow":"follow","max-snippet":"max-snippet:-1","max-image-preview":"max-image-preview:large","max-video-preview":"max-video-preview:-1"},"canonical":"https:\/\/latty.com\/de\/produkte\/lattyflon-5706\/","og_locale":"de_DE","og_type":"article","og_title":"LATTYflon 5706 - LATTY","og_description":"Aramid \/PTFE-Packung, die in den Stopfbuchsen von Kolbenpumpenin der Lebensmittelindustrie verwendet wird.","og_url":"https:\/\/latty.com\/de\/produkte\/lattyflon-5706\/","og_site_name":"GROUPE LATTY","article_modified_time":"2022-07-18T10:03:37+00:00","og_image":[{"width":1348,"height":899,"url":"https:\/\/latty.com\/wp-content\/uploads\/2022\/03\/GROUPE-LATTY-LATTYflon-5706.jpg","type":"image\/jpeg"}],"twitter_card":"summary_large_image","schema":{"@context":"https:\/\/schema.org","@graph":[{"@type":"WebPage","@id":"https:\/\/latty.com\/de\/produkte\/lattyflon-5706\/","url":"https:\/\/latty.com\/de\/produkte\/lattyflon-5706\/","name":"LATTYflon 5706 - LATTY","isPartOf":{"@id":"https:\/\/latty.com\/de\/#website"},"datePublished":"2022-03-14T15:15:34+00:00","dateModified":"2022-07-18T10:03:37+00:00","description":"Aramid \/PTFE-Packung, die in den Stopfbuchsen von Kolbenpumpenin der Lebensmittelindustrie verwendet wird.","breadcrumb":{"@id":"https:\/\/latty.com\/de\/produkte\/lattyflon-5706\/#breadcrumb"},"inLanguage":"de","potentialAction":[{"@type":"ReadAction","target":["https:\/\/latty.com\/de\/produkte\/lattyflon-5706\/"]}]},{"@type":"BreadcrumbList","@id":"https:\/\/latty.com\/de\/produkte\/lattyflon-5706\/#breadcrumb","itemListElement":[{"@type":"ListItem","position":1,"name":"WILLKOMMEN","item":"https:\/\/latty.com\/de\/"},{"@type":"ListItem","position":2,"name":"Shop","item":"https:\/\/latty.com\/de\/shop\/"},{"@type":"ListItem","position":3,"name":"Drehende maschinen","item":"https:\/\/latty.com\/de\/categorie-produit\/drehende-maschinen\/"},{"@type":"ListItem","position":4,"name":"Packungen","item":"https:\/\/latty.com\/de\/categorie-produit\/drehende-maschinen\/packungen-drehende-maschinen\/"},{"@type":"ListItem","position":5,"name":"LATTYflon 5706"}]},{"@type":"WebSite","@id":"https:\/\/latty.com\/de\/#website","url":"https:\/\/latty.com\/de\/","name":"GROUPE LATTY","description":"Industrial Sealing Solutions","potentialAction":[{"@type":"SearchAction","target":{"@type":"EntryPoint","urlTemplate":"https:\/\/latty.com\/de\/?s={search_term_string}"},"query-input":"required name=search_term_string"}],"inLanguage":"de"}]}},"_links":{"self":[{"href":"https:\/\/latty.com\/de\/wp-json\/wp\/v2\/product\/26980"}],"collection":[{"href":"https:\/\/latty.com\/de\/wp-json\/wp\/v2\/product"}],"about":[{"href":"https:\/\/latty.com\/de\/wp-json\/wp\/v2\/types\/product"}],"replies":[{"embeddable":true,"href":"https:\/\/latty.com\/de\/wp-json\/wp\/v2\/comments?post=26980"}],"wp:featuredmedia":[{"embeddable":true,"href":"https:\/\/latty.com\/de\/wp-json\/wp\/v2\/media\/26959"}],"wp:attachment":[{"href":"https:\/\/latty.com\/de\/wp-json\/wp\/v2\/media?parent=26980"}],"wp:term":[{"taxonomy":"product_cat","embeddable":true,"href":"https:\/\/latty.com\/de\/wp-json\/wp\/v2\/product_cat?post=26980"},{"taxonomy":"product_tag","embeddable":true,"href":"https:\/\/latty.com\/de\/wp-json\/wp\/v2\/product_tag?post=26980"}],"curies":[{"name":"wp","href":"https:\/\/api.w.org\/{rel}","templated":true}]}}