{"id":18728,"date":"2020-04-21T18:40:30","date_gmt":"2020-04-21T16:40:30","guid":{"rendered":"https:\/\/latty.com\/\/produit\/lattyflon-3265-fr\/"},"modified":"2022-07-18T14:51:46","modified_gmt":"2022-07-18T12:51:46","slug":"lattyflon-3265-fr","status":"publish","type":"product","link":"https:\/\/latty.com\/de\/produkte\/lattyflon-3265-fr\/","title":{"rendered":"LATTYflon 3265 FR"},"content":{"rendered":"<p>Packung, bestehend aus einem geflochtenen Kern aus PTFE-impr\u00e4gnierten Kohlenstoffgarnen und einer H\u00fclse aus gekreuzten, impr\u00e4gnierten und geschmierten PTFE-Garnen. Seine elastische Verbundstruktur gew\u00e4hrleistet eine effiziente Abdichtung bei geringem Anzugsdrehmoment und erm\u00f6glicht so einen geringeren Bet\u00e4tigungsaufwand und eine minimale Hysterese bei gleichzeitig stark verbesserter Fl\u00fcssigkeitsregulierung, wodurch es sich besonders f\u00fcr Regelventile eignet. LATTYflon 3265 FR kann als Dichtungsring in Verbindung mit LATTYgraf 8945 BS als Anti-Extrusionsring verwendet werden und erf\u00fcllt die Anforderungen der ISO 15848-1, Class BH.<\/p>\n","protected":false},"excerpt":{"rendered":"<p>Packungsringe vorgeformt, Reduzierung der reibung um mehr als 30%<\/p>\n","protected":false},"featured_media":3879,"comment_status":"closed","ping_status":"closed","template":"","meta":{"content-type":""},"product_cat":[1020,1225],"product_tag":[],"yoast_head":"<!-- This site is optimized with the Yoast SEO plugin v22.1 - https:\/\/yoast.com\/wordpress\/plugins\/seo\/ -->\n<title>Valve packing PMUC - LATTYflon 3265 FR - GROUPE LATTY<\/title>\n<meta name=\"robots\" content=\"index, follow, max-snippet:-1, max-image-preview:large, max-video-preview:-1\" \/>\n<link rel=\"canonical\" href=\"https:\/\/latty.com\/de\/produkte\/lattyflon-3265-fr\/\" \/>\n<meta property=\"og:locale\" content=\"de_DE\" \/>\n<meta property=\"og:type\" content=\"article\" \/>\n<meta property=\"og:title\" content=\"Valve packing PMUC - LATTYflon 3265 FR - GROUPE LATTY\" \/>\n<meta property=\"og:description\" content=\"Packungsringe vorgeformt, Reduzierung der reibung um mehr als 30%\" \/>\n<meta property=\"og:url\" content=\"https:\/\/latty.com\/de\/produkte\/lattyflon-3265-fr\/\" \/>\n<meta property=\"og:site_name\" content=\"GROUPE LATTY\" \/>\n<meta property=\"article:modified_time\" content=\"2022-07-18T12:51:46+00:00\" \/>\n<meta property=\"og:image\" content=\"https:\/\/latty.com\/wp-content\/uploads\/2019\/07\/3010LATTYflon3265FR.jpg\" \/>\n\t<meta property=\"og:image:width\" content=\"1080\" \/>\n\t<meta property=\"og:image:height\" content=\"720\" \/>\n\t<meta property=\"og:image:type\" content=\"image\/jpeg\" \/>\n<meta name=\"twitter:card\" content=\"summary_large_image\" \/>\n<script type=\"application\/ld+json\" class=\"yoast-schema-graph\">{\"@context\":\"https:\/\/schema.org\",\"@graph\":[{\"@type\":\"WebPage\",\"@id\":\"https:\/\/latty.com\/de\/produkte\/lattyflon-3265-fr\/\",\"url\":\"https:\/\/latty.com\/de\/produkte\/lattyflon-3265-fr\/\",\"name\":\"Valve packing PMUC - LATTYflon 3265 FR - GROUPE LATTY\",\"isPartOf\":{\"@id\":\"https:\/\/latty.com\/de\/#website\"},\"datePublished\":\"2020-04-21T16:40:30+00:00\",\"dateModified\":\"2022-07-18T12:51:46+00:00\",\"breadcrumb\":{\"@id\":\"https:\/\/latty.com\/de\/produkte\/lattyflon-3265-fr\/#breadcrumb\"},\"inLanguage\":\"de\",\"potentialAction\":[{\"@type\":\"ReadAction\",\"target\":[\"https:\/\/latty.com\/de\/produkte\/lattyflon-3265-fr\/\"]}]},{\"@type\":\"BreadcrumbList\",\"@id\":\"https:\/\/latty.com\/de\/produkte\/lattyflon-3265-fr\/#breadcrumb\",\"itemListElement\":[{\"@type\":\"ListItem\",\"position\":1,\"name\":\"WILLKOMMEN\",\"item\":\"https:\/\/latty.com\/de\/\"},{\"@type\":\"ListItem\",\"position\":2,\"name\":\"Shop\",\"item\":\"https:\/\/latty.com\/de\/shop\/\"},{\"@type\":\"ListItem\",\"position\":3,\"name\":\"Armaturen\",\"item\":\"https:\/\/latty.com\/de\/categorie-produit\/armaturen\/\"},{\"@type\":\"ListItem\",\"position\":4,\"name\":\"LATTYflon 3265 FR\"}]},{\"@type\":\"WebSite\",\"@id\":\"https:\/\/latty.com\/de\/#website\",\"url\":\"https:\/\/latty.com\/de\/\",\"name\":\"GROUPE LATTY\",\"description\":\"Industrial Sealing Solutions\",\"potentialAction\":[{\"@type\":\"SearchAction\",\"target\":{\"@type\":\"EntryPoint\",\"urlTemplate\":\"https:\/\/latty.com\/de\/?s={search_term_string}\"},\"query-input\":\"required name=search_term_string\"}],\"inLanguage\":\"de\"}]}<\/script>\n<!-- \/ Yoast SEO plugin. -->","yoast_head_json":{"title":"Valve packing PMUC - LATTYflon 3265 FR - GROUPE LATTY","robots":{"index":"index","follow":"follow","max-snippet":"max-snippet:-1","max-image-preview":"max-image-preview:large","max-video-preview":"max-video-preview:-1"},"canonical":"https:\/\/latty.com\/de\/produkte\/lattyflon-3265-fr\/","og_locale":"de_DE","og_type":"article","og_title":"Valve packing PMUC - LATTYflon 3265 FR - GROUPE LATTY","og_description":"Packungsringe vorgeformt, Reduzierung der reibung um mehr als 30%","og_url":"https:\/\/latty.com\/de\/produkte\/lattyflon-3265-fr\/","og_site_name":"GROUPE LATTY","article_modified_time":"2022-07-18T12:51:46+00:00","og_image":[{"width":1080,"height":720,"url":"https:\/\/latty.com\/wp-content\/uploads\/2019\/07\/3010LATTYflon3265FR.jpg","type":"image\/jpeg"}],"twitter_card":"summary_large_image","schema":{"@context":"https:\/\/schema.org","@graph":[{"@type":"WebPage","@id":"https:\/\/latty.com\/de\/produkte\/lattyflon-3265-fr\/","url":"https:\/\/latty.com\/de\/produkte\/lattyflon-3265-fr\/","name":"Valve packing PMUC - LATTYflon 3265 FR - GROUPE LATTY","isPartOf":{"@id":"https:\/\/latty.com\/de\/#website"},"datePublished":"2020-04-21T16:40:30+00:00","dateModified":"2022-07-18T12:51:46+00:00","breadcrumb":{"@id":"https:\/\/latty.com\/de\/produkte\/lattyflon-3265-fr\/#breadcrumb"},"inLanguage":"de","potentialAction":[{"@type":"ReadAction","target":["https:\/\/latty.com\/de\/produkte\/lattyflon-3265-fr\/"]}]},{"@type":"BreadcrumbList","@id":"https:\/\/latty.com\/de\/produkte\/lattyflon-3265-fr\/#breadcrumb","itemListElement":[{"@type":"ListItem","position":1,"name":"WILLKOMMEN","item":"https:\/\/latty.com\/de\/"},{"@type":"ListItem","position":2,"name":"Shop","item":"https:\/\/latty.com\/de\/shop\/"},{"@type":"ListItem","position":3,"name":"Armaturen","item":"https:\/\/latty.com\/de\/categorie-produit\/armaturen\/"},{"@type":"ListItem","position":4,"name":"LATTYflon 3265 FR"}]},{"@type":"WebSite","@id":"https:\/\/latty.com\/de\/#website","url":"https:\/\/latty.com\/de\/","name":"GROUPE LATTY","description":"Industrial Sealing Solutions","potentialAction":[{"@type":"SearchAction","target":{"@type":"EntryPoint","urlTemplate":"https:\/\/latty.com\/de\/?s={search_term_string}"},"query-input":"required name=search_term_string"}],"inLanguage":"de"}]}},"_links":{"self":[{"href":"https:\/\/latty.com\/de\/wp-json\/wp\/v2\/product\/18728"}],"collection":[{"href":"https:\/\/latty.com\/de\/wp-json\/wp\/v2\/product"}],"about":[{"href":"https:\/\/latty.com\/de\/wp-json\/wp\/v2\/types\/product"}],"replies":[{"embeddable":true,"href":"https:\/\/latty.com\/de\/wp-json\/wp\/v2\/comments?post=18728"}],"wp:featuredmedia":[{"embeddable":true,"href":"https:\/\/latty.com\/de\/wp-json\/wp\/v2\/media\/3879"}],"wp:attachment":[{"href":"https:\/\/latty.com\/de\/wp-json\/wp\/v2\/media?parent=18728"}],"wp:term":[{"taxonomy":"product_cat","embeddable":true,"href":"https:\/\/latty.com\/de\/wp-json\/wp\/v2\/product_cat?post=18728"},{"taxonomy":"product_tag","embeddable":true,"href":"https:\/\/latty.com\/de\/wp-json\/wp\/v2\/product_tag?post=18728"}],"curies":[{"name":"wp","href":"https:\/\/api.w.org\/{rel}","templated":true}]}}