{"id":16843,"date":"2020-02-11T20:13:38","date_gmt":"2020-02-17T13:32:41","guid":{"rendered":"http:\/\/lattydev.s187705.cjcom04.atester.fr\/produit\/hand-schneidegerat\/"},"modified":"2020-02-17T14:32:41","modified_gmt":"2020-02-17T13:32:41","slug":"hand-schneidegerat","status":"publish","type":"product","link":"https:\/\/latty.com\/de\/produkte\/hand-schneidegerat\/","title":{"rendered":"HAND SCHNEIDEGERAT"},"content":{"rendered":"<p>2 verschiedene Ausf\u00fchrungen sind erh\u00e4ltlich: Typ LI 12 M (mit Motorantrieb)  oder Typ LI 12 (manuell). Mit diesen Ger\u00e4ten lassen sich alle herk\u00f6mmlichen Dichtungswerkstoffe wie z.B. Leder, Filz, vulkanisierte Fasern, PTFE bis ca. 8 mm Dicke genau schneiden. Der Lochwerkzeugsatz erlaubt die einfache und schnelle Herstellung von Flachdichtungen von 80 bis 1250 mm Durchmesser.   Dieses Ger\u00e4t ist mit einer Sicherheitsvorrichtung versehen, welche beim Netzanschluss gegen ungewollte Anlaufvorg\u00e4nge sch\u00fctzt. Zum richtigen Schneiden wird zuerst die Tafel angeschnitten und schrittweise nach unten weiter geschnitten(f\u00fcr gr\u00f6\u00dfere St\u00e4rken wird empfohlen, den Schnitt bis zur H\u00e4lfte der Dicke zu f\u00fchren und dann die Tafel zu drehen).<\/p>\n","protected":false},"excerpt":{"rendered":"<p>Hand schneidegerat<\/p>\n","protected":false},"featured_media":4263,"comment_status":"closed","ping_status":"closed","template":"","meta":{"content-type":""},"product_cat":[1021],"product_tag":[],"yoast_head":"<!-- This site is optimized with the Yoast SEO plugin v22.1 - https:\/\/yoast.com\/wordpress\/plugins\/seo\/ -->\n<title>HAND SCHNEIDEGERAT - LATTY<\/title>\n<meta name=\"robots\" content=\"index, follow, max-snippet:-1, max-image-preview:large, max-video-preview:-1\" \/>\n<link rel=\"canonical\" href=\"https:\/\/latty.com\/de\/produkte\/hand-schneidegerat\/\" \/>\n<meta property=\"og:locale\" content=\"de_DE\" \/>\n<meta property=\"og:type\" content=\"article\" \/>\n<meta property=\"og:title\" content=\"HAND SCHNEIDEGERAT - LATTY\" \/>\n<meta property=\"og:description\" content=\"Hand schneidegerat\" \/>\n<meta property=\"og:url\" content=\"https:\/\/latty.com\/de\/produkte\/hand-schneidegerat\/\" \/>\n<meta property=\"og:site_name\" content=\"GROUPE LATTY\" \/>\n<meta property=\"og:image\" content=\"https:\/\/latty.com\/wp-content\/uploads\/2019\/07\/4020Machinemanuelle.jpg\" \/>\n\t<meta property=\"og:image:width\" content=\"1080\" \/>\n\t<meta property=\"og:image:height\" content=\"720\" \/>\n\t<meta property=\"og:image:type\" content=\"image\/jpeg\" \/>\n<meta name=\"twitter:card\" content=\"summary_large_image\" \/>\n<meta name=\"twitter:label1\" content=\"Gesch\u00e4tzte Lesezeit\" \/>\n\t<meta name=\"twitter:data1\" content=\"1\u00a0Minute\" \/>\n<script type=\"application\/ld+json\" class=\"yoast-schema-graph\">{\"@context\":\"https:\/\/schema.org\",\"@graph\":[{\"@type\":\"WebPage\",\"@id\":\"https:\/\/latty.com\/de\/produkte\/hand-schneidegerat\/\",\"url\":\"https:\/\/latty.com\/de\/produkte\/hand-schneidegerat\/\",\"name\":\"HAND SCHNEIDEGERAT - LATTY\",\"isPartOf\":{\"@id\":\"https:\/\/latty.com\/de\/#website\"},\"datePublished\":\"2020-02-17T13:32:41+00:00\",\"dateModified\":\"2020-02-17T13:32:41+00:00\",\"breadcrumb\":{\"@id\":\"https:\/\/latty.com\/de\/produkte\/hand-schneidegerat\/#breadcrumb\"},\"inLanguage\":\"de\",\"potentialAction\":[{\"@type\":\"ReadAction\",\"target\":[\"https:\/\/latty.com\/de\/produkte\/hand-schneidegerat\/\"]}]},{\"@type\":\"BreadcrumbList\",\"@id\":\"https:\/\/latty.com\/de\/produkte\/hand-schneidegerat\/#breadcrumb\",\"itemListElement\":[{\"@type\":\"ListItem\",\"position\":1,\"name\":\"WILLKOMMEN\",\"item\":\"https:\/\/latty.com\/de\/\"},{\"@type\":\"ListItem\",\"position\":2,\"name\":\"Shop\",\"item\":\"https:\/\/latty.com\/de\/shop\/\"},{\"@type\":\"ListItem\",\"position\":3,\"name\":\"Werkzeuge und zubeh\u00f6r\",\"item\":\"https:\/\/latty.com\/de\/categorie-produit\/werkzeuge-und-zubehor\/\"},{\"@type\":\"ListItem\",\"position\":4,\"name\":\"HAND SCHNEIDEGERAT\"}]},{\"@type\":\"WebSite\",\"@id\":\"https:\/\/latty.com\/de\/#website\",\"url\":\"https:\/\/latty.com\/de\/\",\"name\":\"GROUPE LATTY\",\"description\":\"Industrial Sealing Solutions\",\"potentialAction\":[{\"@type\":\"SearchAction\",\"target\":{\"@type\":\"EntryPoint\",\"urlTemplate\":\"https:\/\/latty.com\/de\/?s={search_term_string}\"},\"query-input\":\"required name=search_term_string\"}],\"inLanguage\":\"de\"}]}<\/script>\n<!-- \/ Yoast SEO plugin. -->","yoast_head_json":{"title":"HAND SCHNEIDEGERAT - LATTY","robots":{"index":"index","follow":"follow","max-snippet":"max-snippet:-1","max-image-preview":"max-image-preview:large","max-video-preview":"max-video-preview:-1"},"canonical":"https:\/\/latty.com\/de\/produkte\/hand-schneidegerat\/","og_locale":"de_DE","og_type":"article","og_title":"HAND SCHNEIDEGERAT - LATTY","og_description":"Hand schneidegerat","og_url":"https:\/\/latty.com\/de\/produkte\/hand-schneidegerat\/","og_site_name":"GROUPE LATTY","og_image":[{"width":1080,"height":720,"url":"https:\/\/latty.com\/wp-content\/uploads\/2019\/07\/4020Machinemanuelle.jpg","type":"image\/jpeg"}],"twitter_card":"summary_large_image","twitter_misc":{"Gesch\u00e4tzte Lesezeit":"1\u00a0Minute"},"schema":{"@context":"https:\/\/schema.org","@graph":[{"@type":"WebPage","@id":"https:\/\/latty.com\/de\/produkte\/hand-schneidegerat\/","url":"https:\/\/latty.com\/de\/produkte\/hand-schneidegerat\/","name":"HAND SCHNEIDEGERAT - LATTY","isPartOf":{"@id":"https:\/\/latty.com\/de\/#website"},"datePublished":"2020-02-17T13:32:41+00:00","dateModified":"2020-02-17T13:32:41+00:00","breadcrumb":{"@id":"https:\/\/latty.com\/de\/produkte\/hand-schneidegerat\/#breadcrumb"},"inLanguage":"de","potentialAction":[{"@type":"ReadAction","target":["https:\/\/latty.com\/de\/produkte\/hand-schneidegerat\/"]}]},{"@type":"BreadcrumbList","@id":"https:\/\/latty.com\/de\/produkte\/hand-schneidegerat\/#breadcrumb","itemListElement":[{"@type":"ListItem","position":1,"name":"WILLKOMMEN","item":"https:\/\/latty.com\/de\/"},{"@type":"ListItem","position":2,"name":"Shop","item":"https:\/\/latty.com\/de\/shop\/"},{"@type":"ListItem","position":3,"name":"Werkzeuge und zubeh\u00f6r","item":"https:\/\/latty.com\/de\/categorie-produit\/werkzeuge-und-zubehor\/"},{"@type":"ListItem","position":4,"name":"HAND SCHNEIDEGERAT"}]},{"@type":"WebSite","@id":"https:\/\/latty.com\/de\/#website","url":"https:\/\/latty.com\/de\/","name":"GROUPE LATTY","description":"Industrial Sealing Solutions","potentialAction":[{"@type":"SearchAction","target":{"@type":"EntryPoint","urlTemplate":"https:\/\/latty.com\/de\/?s={search_term_string}"},"query-input":"required name=search_term_string"}],"inLanguage":"de"}]}},"_links":{"self":[{"href":"https:\/\/latty.com\/de\/wp-json\/wp\/v2\/product\/16843"}],"collection":[{"href":"https:\/\/latty.com\/de\/wp-json\/wp\/v2\/product"}],"about":[{"href":"https:\/\/latty.com\/de\/wp-json\/wp\/v2\/types\/product"}],"replies":[{"embeddable":true,"href":"https:\/\/latty.com\/de\/wp-json\/wp\/v2\/comments?post=16843"}],"wp:featuredmedia":[{"embeddable":true,"href":"https:\/\/latty.com\/de\/wp-json\/wp\/v2\/media\/4263"}],"wp:attachment":[{"href":"https:\/\/latty.com\/de\/wp-json\/wp\/v2\/media?parent=16843"}],"wp:term":[{"taxonomy":"product_cat","embeddable":true,"href":"https:\/\/latty.com\/de\/wp-json\/wp\/v2\/product_cat?post=16843"},{"taxonomy":"product_tag","embeddable":true,"href":"https:\/\/latty.com\/de\/wp-json\/wp\/v2\/product_tag?post=16843"}],"curies":[{"name":"wp","href":"https:\/\/api.w.org\/{rel}","templated":true}]}}