{"id":16838,"date":"2020-02-11T20:13:30","date_gmt":"2020-02-17T13:32:23","guid":{"rendered":"http:\/\/lattydev.s187705.cjcom04.atester.fr\/produit\/lattyseal-u-6812\/"},"modified":"2026-04-15T16:58:26","modified_gmt":"2026-04-15T14:58:26","slug":"lattyseal-u-6812","status":"publish","type":"product","link":"https:\/\/latty.com\/de\/produkte\/lattyseal-u-6812\/","title":{"rendered":"LATTYseal U 6812"},"content":{"rendered":"<p>F\u00fcr den gro\u00dfen Markt der Proze\u00dfpumpen wurde die LATTYseal U 6812 entwickelt. Diese Dichtung bietet einen sofortigen Austausch der Gleitfl\u00e4chen und somit einen vielseitigen Einsatz dieser Dichtung, was zu einer bedeutenden Kostenreduzierung beitr\u00e4gt. Die Gleitfl\u00e4chen und Gegenringe sind in den verschiedensten Werkstoffen lieferbar.   Diese Dichtung bietet einen sofortigen Austausch der Gleitfl\u00e4chen, was eine Mehrfachverwendung erlaubt.<\/p>\n","protected":false},"excerpt":{"rendered":"<p>Komplette einzeldichtungen belastet<\/p>\n","protected":false},"featured_media":4079,"comment_status":"closed","ping_status":"closed","template":"","meta":{"content-type":""},"product_cat":[993,1118,1112,1111],"product_tag":[],"yoast_head":"<!-- This site is optimized with the Yoast SEO plugin v22.1 - https:\/\/yoast.com\/wordpress\/plugins\/seo\/ -->\n<title>LATTYseal U 6812 - LATTY<\/title>\n<meta name=\"robots\" content=\"index, follow, max-snippet:-1, max-image-preview:large, max-video-preview:-1\" \/>\n<link rel=\"canonical\" href=\"https:\/\/latty.com\/de\/produkte\/lattyseal-u-6812\/\" \/>\n<meta property=\"og:locale\" content=\"de_DE\" \/>\n<meta property=\"og:type\" content=\"article\" \/>\n<meta property=\"og:title\" content=\"LATTYseal U 6812 - LATTY\" \/>\n<meta property=\"og:description\" content=\"Komplette einzeldichtungen belastet\" \/>\n<meta property=\"og:url\" content=\"https:\/\/latty.com\/de\/produkte\/lattyseal-u-6812\/\" \/>\n<meta property=\"og:site_name\" content=\"GROUPE LATTY\" \/>\n<meta property=\"article:modified_time\" content=\"2026-04-15T14:58:26+00:00\" \/>\n<meta property=\"og:image\" content=\"https:\/\/latty.com\/wp-content\/uploads\/2019\/07\/1180LATTYsealU6812-2.jpg\" \/>\n\t<meta property=\"og:image:width\" content=\"1080\" \/>\n\t<meta property=\"og:image:height\" content=\"720\" \/>\n\t<meta property=\"og:image:type\" content=\"image\/jpeg\" \/>\n<meta name=\"twitter:card\" content=\"summary_large_image\" \/>\n<meta name=\"twitter:label1\" content=\"Gesch\u00e4tzte Lesezeit\" \/>\n\t<meta name=\"twitter:data1\" content=\"1\u00a0Minute\" \/>\n<script type=\"application\/ld+json\" class=\"yoast-schema-graph\">{\"@context\":\"https:\/\/schema.org\",\"@graph\":[{\"@type\":\"WebPage\",\"@id\":\"https:\/\/latty.com\/de\/produkte\/lattyseal-u-6812\/\",\"url\":\"https:\/\/latty.com\/de\/produkte\/lattyseal-u-6812\/\",\"name\":\"LATTYseal U 6812 - LATTY\",\"isPartOf\":{\"@id\":\"https:\/\/latty.com\/de\/#website\"},\"datePublished\":\"2020-02-17T13:32:23+00:00\",\"dateModified\":\"2026-04-15T14:58:26+00:00\",\"breadcrumb\":{\"@id\":\"https:\/\/latty.com\/de\/produkte\/lattyseal-u-6812\/#breadcrumb\"},\"inLanguage\":\"de\",\"potentialAction\":[{\"@type\":\"ReadAction\",\"target\":[\"https:\/\/latty.com\/de\/produkte\/lattyseal-u-6812\/\"]}]},{\"@type\":\"BreadcrumbList\",\"@id\":\"https:\/\/latty.com\/de\/produkte\/lattyseal-u-6812\/#breadcrumb\",\"itemListElement\":[{\"@type\":\"ListItem\",\"position\":1,\"name\":\"WILLKOMMEN\",\"item\":\"https:\/\/latty.com\/de\/\"},{\"@type\":\"ListItem\",\"position\":2,\"name\":\"Shop\",\"item\":\"https:\/\/latty.com\/de\/shop\/\"},{\"@type\":\"ListItem\",\"position\":3,\"name\":\"Drehende maschinen\",\"item\":\"https:\/\/latty.com\/de\/categorie-produit\/drehende-maschinen\/\"},{\"@type\":\"ListItem\",\"position\":4,\"name\":\"Gleitringdichtungen\",\"item\":\"https:\/\/latty.com\/de\/categorie-produit\/drehende-maschinen\/gleitringdichtungen-drehende-maschinen\/\"},{\"@type\":\"ListItem\",\"position\":5,\"name\":\"Einzeldichtung\",\"item\":\"https:\/\/latty.com\/de\/categorie-produit\/drehende-maschinen\/gleitringdichtungen-drehende-maschinen\/einzeldichtung-gleitringdichtungen-drehende-maschinen\/\"},{\"@type\":\"ListItem\",\"position\":6,\"name\":\"Einfach belastet\",\"item\":\"https:\/\/latty.com\/de\/categorie-produit\/drehende-maschinen\/gleitringdichtungen-drehende-maschinen\/einzeldichtung-gleitringdichtungen-drehende-maschinen\/einfach-belastet-einzeldichtung-gleitringdichtungen-drehende-maschinen\/\"},{\"@type\":\"ListItem\",\"position\":7,\"name\":\"LATTYseal U 6812\"}]},{\"@type\":\"WebSite\",\"@id\":\"https:\/\/latty.com\/de\/#website\",\"url\":\"https:\/\/latty.com\/de\/\",\"name\":\"GROUPE LATTY\",\"description\":\"Industrial Sealing Solutions\",\"potentialAction\":[{\"@type\":\"SearchAction\",\"target\":{\"@type\":\"EntryPoint\",\"urlTemplate\":\"https:\/\/latty.com\/de\/?s={search_term_string}\"},\"query-input\":\"required name=search_term_string\"}],\"inLanguage\":\"de\"}]}<\/script>\n<!-- \/ Yoast SEO plugin. -->","yoast_head_json":{"title":"LATTYseal U 6812 - LATTY","robots":{"index":"index","follow":"follow","max-snippet":"max-snippet:-1","max-image-preview":"max-image-preview:large","max-video-preview":"max-video-preview:-1"},"canonical":"https:\/\/latty.com\/de\/produkte\/lattyseal-u-6812\/","og_locale":"de_DE","og_type":"article","og_title":"LATTYseal U 6812 - LATTY","og_description":"Komplette einzeldichtungen belastet","og_url":"https:\/\/latty.com\/de\/produkte\/lattyseal-u-6812\/","og_site_name":"GROUPE LATTY","article_modified_time":"2026-04-15T14:58:26+00:00","og_image":[{"width":1080,"height":720,"url":"https:\/\/latty.com\/wp-content\/uploads\/2019\/07\/1180LATTYsealU6812-2.jpg","type":"image\/jpeg"}],"twitter_card":"summary_large_image","twitter_misc":{"Gesch\u00e4tzte Lesezeit":"1\u00a0Minute"},"schema":{"@context":"https:\/\/schema.org","@graph":[{"@type":"WebPage","@id":"https:\/\/latty.com\/de\/produkte\/lattyseal-u-6812\/","url":"https:\/\/latty.com\/de\/produkte\/lattyseal-u-6812\/","name":"LATTYseal U 6812 - LATTY","isPartOf":{"@id":"https:\/\/latty.com\/de\/#website"},"datePublished":"2020-02-17T13:32:23+00:00","dateModified":"2026-04-15T14:58:26+00:00","breadcrumb":{"@id":"https:\/\/latty.com\/de\/produkte\/lattyseal-u-6812\/#breadcrumb"},"inLanguage":"de","potentialAction":[{"@type":"ReadAction","target":["https:\/\/latty.com\/de\/produkte\/lattyseal-u-6812\/"]}]},{"@type":"BreadcrumbList","@id":"https:\/\/latty.com\/de\/produkte\/lattyseal-u-6812\/#breadcrumb","itemListElement":[{"@type":"ListItem","position":1,"name":"WILLKOMMEN","item":"https:\/\/latty.com\/de\/"},{"@type":"ListItem","position":2,"name":"Shop","item":"https:\/\/latty.com\/de\/shop\/"},{"@type":"ListItem","position":3,"name":"Drehende maschinen","item":"https:\/\/latty.com\/de\/categorie-produit\/drehende-maschinen\/"},{"@type":"ListItem","position":4,"name":"Gleitringdichtungen","item":"https:\/\/latty.com\/de\/categorie-produit\/drehende-maschinen\/gleitringdichtungen-drehende-maschinen\/"},{"@type":"ListItem","position":5,"name":"Einzeldichtung","item":"https:\/\/latty.com\/de\/categorie-produit\/drehende-maschinen\/gleitringdichtungen-drehende-maschinen\/einzeldichtung-gleitringdichtungen-drehende-maschinen\/"},{"@type":"ListItem","position":6,"name":"Einfach belastet","item":"https:\/\/latty.com\/de\/categorie-produit\/drehende-maschinen\/gleitringdichtungen-drehende-maschinen\/einzeldichtung-gleitringdichtungen-drehende-maschinen\/einfach-belastet-einzeldichtung-gleitringdichtungen-drehende-maschinen\/"},{"@type":"ListItem","position":7,"name":"LATTYseal U 6812"}]},{"@type":"WebSite","@id":"https:\/\/latty.com\/de\/#website","url":"https:\/\/latty.com\/de\/","name":"GROUPE LATTY","description":"Industrial Sealing Solutions","potentialAction":[{"@type":"SearchAction","target":{"@type":"EntryPoint","urlTemplate":"https:\/\/latty.com\/de\/?s={search_term_string}"},"query-input":"required name=search_term_string"}],"inLanguage":"de"}]}},"_links":{"self":[{"href":"https:\/\/latty.com\/de\/wp-json\/wp\/v2\/product\/16838"}],"collection":[{"href":"https:\/\/latty.com\/de\/wp-json\/wp\/v2\/product"}],"about":[{"href":"https:\/\/latty.com\/de\/wp-json\/wp\/v2\/types\/product"}],"replies":[{"embeddable":true,"href":"https:\/\/latty.com\/de\/wp-json\/wp\/v2\/comments?post=16838"}],"wp:featuredmedia":[{"embeddable":true,"href":"https:\/\/latty.com\/de\/wp-json\/wp\/v2\/media\/4079"}],"wp:attachment":[{"href":"https:\/\/latty.com\/de\/wp-json\/wp\/v2\/media?parent=16838"}],"wp:term":[{"taxonomy":"product_cat","embeddable":true,"href":"https:\/\/latty.com\/de\/wp-json\/wp\/v2\/product_cat?post=16838"},{"taxonomy":"product_tag","embeddable":true,"href":"https:\/\/latty.com\/de\/wp-json\/wp\/v2\/product_tag?post=16838"}],"curies":[{"name":"wp","href":"https:\/\/api.w.org\/{rel}","templated":true}]}}