{"id":16827,"date":"2020-02-11T20:13:30","date_gmt":"2020-02-17T13:32:23","guid":{"rendered":"http:\/\/lattydev.s187705.cjcom04.atester.fr\/produit\/lattyseal-b-17110-b\/"},"modified":"2026-04-15T17:00:21","modified_gmt":"2026-04-15T15:00:21","slug":"lattyseal-b-17110-b","status":"publish","type":"product","link":"https:\/\/latty.com\/de\/produkte\/lattyseal-b-17110-b\/","title":{"rendered":"LATTYseal B 17110 B"},"content":{"rendered":"<p>LATTY\u00aeseal B 17110, eine rotierende Metallfaltenbalg-Gleitringdichtung ohne O-Ring, verhindert somit die Blockierung und Besch\u00e4digung der Welle. Mit der Zentrifugalkraft und nat\u00fcrlichen \u201eAtmung\u201c hat der Metallfaltenbalg eine selbstreinigende Wirkung. F\u00fcr hohe Geschwindigkeiten geeignet. Selbstreinigende Gleitringdichtung. Hohe Umdrehungsgeschwindigkeiten m\u00f6glich. Erh\u00e4ltlich in imperialer Version.<\/p>\n","protected":false},"excerpt":{"rendered":"<p>Komplette einzeldichtungen entlastete<\/p>\n","protected":false},"featured_media":3655,"comment_status":"closed","ping_status":"closed","template":"","meta":{"content-type":""},"product_cat":[993,1113,1112,1111],"product_tag":[],"yoast_head":"<!-- This site is optimized with the Yoast SEO plugin v22.1 - https:\/\/yoast.com\/wordpress\/plugins\/seo\/ -->\n<title>LATTYseal B 17110 B - LATTY<\/title>\n<meta name=\"robots\" content=\"index, follow, max-snippet:-1, max-image-preview:large, max-video-preview:-1\" \/>\n<link rel=\"canonical\" href=\"https:\/\/latty.com\/de\/produkte\/lattyseal-b-17110-b\/\" \/>\n<meta property=\"og:locale\" content=\"de_DE\" \/>\n<meta property=\"og:type\" content=\"article\" \/>\n<meta property=\"og:title\" content=\"LATTYseal B 17110 B - LATTY\" \/>\n<meta property=\"og:description\" content=\"Komplette einzeldichtungen entlastete\" \/>\n<meta property=\"og:url\" content=\"https:\/\/latty.com\/de\/produkte\/lattyseal-b-17110-b\/\" \/>\n<meta property=\"og:site_name\" content=\"GROUPE LATTY\" \/>\n<meta property=\"article:modified_time\" content=\"2026-04-15T15:00:21+00:00\" \/>\n<meta property=\"og:image\" content=\"https:\/\/latty.com\/wp-content\/uploads\/2019\/07\/1220LATTYsealB17110B-1.jpg\" \/>\n\t<meta property=\"og:image:width\" content=\"1080\" \/>\n\t<meta property=\"og:image:height\" content=\"720\" \/>\n\t<meta property=\"og:image:type\" content=\"image\/jpeg\" \/>\n<meta name=\"twitter:card\" content=\"summary_large_image\" \/>\n<meta name=\"twitter:label1\" content=\"Gesch\u00e4tzte Lesezeit\" \/>\n\t<meta name=\"twitter:data1\" content=\"1\u00a0Minute\" \/>\n<script type=\"application\/ld+json\" class=\"yoast-schema-graph\">{\"@context\":\"https:\/\/schema.org\",\"@graph\":[{\"@type\":\"WebPage\",\"@id\":\"https:\/\/latty.com\/de\/produkte\/lattyseal-b-17110-b\/\",\"url\":\"https:\/\/latty.com\/de\/produkte\/lattyseal-b-17110-b\/\",\"name\":\"LATTYseal B 17110 B - LATTY\",\"isPartOf\":{\"@id\":\"https:\/\/latty.com\/de\/#website\"},\"datePublished\":\"2020-02-17T13:32:23+00:00\",\"dateModified\":\"2026-04-15T15:00:21+00:00\",\"breadcrumb\":{\"@id\":\"https:\/\/latty.com\/de\/produkte\/lattyseal-b-17110-b\/#breadcrumb\"},\"inLanguage\":\"de\",\"potentialAction\":[{\"@type\":\"ReadAction\",\"target\":[\"https:\/\/latty.com\/de\/produkte\/lattyseal-b-17110-b\/\"]}]},{\"@type\":\"BreadcrumbList\",\"@id\":\"https:\/\/latty.com\/de\/produkte\/lattyseal-b-17110-b\/#breadcrumb\",\"itemListElement\":[{\"@type\":\"ListItem\",\"position\":1,\"name\":\"WILLKOMMEN\",\"item\":\"https:\/\/latty.com\/de\/\"},{\"@type\":\"ListItem\",\"position\":2,\"name\":\"Shop\",\"item\":\"https:\/\/latty.com\/de\/shop\/\"},{\"@type\":\"ListItem\",\"position\":3,\"name\":\"Drehende maschinen\",\"item\":\"https:\/\/latty.com\/de\/categorie-produit\/drehende-maschinen\/\"},{\"@type\":\"ListItem\",\"position\":4,\"name\":\"Gleitringdichtungen\",\"item\":\"https:\/\/latty.com\/de\/categorie-produit\/drehende-maschinen\/gleitringdichtungen-drehende-maschinen\/\"},{\"@type\":\"ListItem\",\"position\":5,\"name\":\"Einzeldichtung\",\"item\":\"https:\/\/latty.com\/de\/categorie-produit\/drehende-maschinen\/gleitringdichtungen-drehende-maschinen\/einzeldichtung-gleitringdichtungen-drehende-maschinen\/\"},{\"@type\":\"ListItem\",\"position\":6,\"name\":\"Einfach entlastet\",\"item\":\"https:\/\/latty.com\/de\/categorie-produit\/drehende-maschinen\/gleitringdichtungen-drehende-maschinen\/einzeldichtung-gleitringdichtungen-drehende-maschinen\/einfach-entlastet-einzeldichtung-gleitringdichtungen-drehende-maschinen\/\"},{\"@type\":\"ListItem\",\"position\":7,\"name\":\"LATTYseal B 17110 B\"}]},{\"@type\":\"WebSite\",\"@id\":\"https:\/\/latty.com\/de\/#website\",\"url\":\"https:\/\/latty.com\/de\/\",\"name\":\"GROUPE LATTY\",\"description\":\"Industrial Sealing Solutions\",\"potentialAction\":[{\"@type\":\"SearchAction\",\"target\":{\"@type\":\"EntryPoint\",\"urlTemplate\":\"https:\/\/latty.com\/de\/?s={search_term_string}\"},\"query-input\":\"required name=search_term_string\"}],\"inLanguage\":\"de\"}]}<\/script>\n<!-- \/ Yoast SEO plugin. -->","yoast_head_json":{"title":"LATTYseal B 17110 B - LATTY","robots":{"index":"index","follow":"follow","max-snippet":"max-snippet:-1","max-image-preview":"max-image-preview:large","max-video-preview":"max-video-preview:-1"},"canonical":"https:\/\/latty.com\/de\/produkte\/lattyseal-b-17110-b\/","og_locale":"de_DE","og_type":"article","og_title":"LATTYseal B 17110 B - LATTY","og_description":"Komplette einzeldichtungen entlastete","og_url":"https:\/\/latty.com\/de\/produkte\/lattyseal-b-17110-b\/","og_site_name":"GROUPE LATTY","article_modified_time":"2026-04-15T15:00:21+00:00","og_image":[{"width":1080,"height":720,"url":"https:\/\/latty.com\/wp-content\/uploads\/2019\/07\/1220LATTYsealB17110B-1.jpg","type":"image\/jpeg"}],"twitter_card":"summary_large_image","twitter_misc":{"Gesch\u00e4tzte Lesezeit":"1\u00a0Minute"},"schema":{"@context":"https:\/\/schema.org","@graph":[{"@type":"WebPage","@id":"https:\/\/latty.com\/de\/produkte\/lattyseal-b-17110-b\/","url":"https:\/\/latty.com\/de\/produkte\/lattyseal-b-17110-b\/","name":"LATTYseal B 17110 B - LATTY","isPartOf":{"@id":"https:\/\/latty.com\/de\/#website"},"datePublished":"2020-02-17T13:32:23+00:00","dateModified":"2026-04-15T15:00:21+00:00","breadcrumb":{"@id":"https:\/\/latty.com\/de\/produkte\/lattyseal-b-17110-b\/#breadcrumb"},"inLanguage":"de","potentialAction":[{"@type":"ReadAction","target":["https:\/\/latty.com\/de\/produkte\/lattyseal-b-17110-b\/"]}]},{"@type":"BreadcrumbList","@id":"https:\/\/latty.com\/de\/produkte\/lattyseal-b-17110-b\/#breadcrumb","itemListElement":[{"@type":"ListItem","position":1,"name":"WILLKOMMEN","item":"https:\/\/latty.com\/de\/"},{"@type":"ListItem","position":2,"name":"Shop","item":"https:\/\/latty.com\/de\/shop\/"},{"@type":"ListItem","position":3,"name":"Drehende maschinen","item":"https:\/\/latty.com\/de\/categorie-produit\/drehende-maschinen\/"},{"@type":"ListItem","position":4,"name":"Gleitringdichtungen","item":"https:\/\/latty.com\/de\/categorie-produit\/drehende-maschinen\/gleitringdichtungen-drehende-maschinen\/"},{"@type":"ListItem","position":5,"name":"Einzeldichtung","item":"https:\/\/latty.com\/de\/categorie-produit\/drehende-maschinen\/gleitringdichtungen-drehende-maschinen\/einzeldichtung-gleitringdichtungen-drehende-maschinen\/"},{"@type":"ListItem","position":6,"name":"Einfach entlastet","item":"https:\/\/latty.com\/de\/categorie-produit\/drehende-maschinen\/gleitringdichtungen-drehende-maschinen\/einzeldichtung-gleitringdichtungen-drehende-maschinen\/einfach-entlastet-einzeldichtung-gleitringdichtungen-drehende-maschinen\/"},{"@type":"ListItem","position":7,"name":"LATTYseal B 17110 B"}]},{"@type":"WebSite","@id":"https:\/\/latty.com\/de\/#website","url":"https:\/\/latty.com\/de\/","name":"GROUPE LATTY","description":"Industrial Sealing Solutions","potentialAction":[{"@type":"SearchAction","target":{"@type":"EntryPoint","urlTemplate":"https:\/\/latty.com\/de\/?s={search_term_string}"},"query-input":"required name=search_term_string"}],"inLanguage":"de"}]}},"_links":{"self":[{"href":"https:\/\/latty.com\/de\/wp-json\/wp\/v2\/product\/16827"}],"collection":[{"href":"https:\/\/latty.com\/de\/wp-json\/wp\/v2\/product"}],"about":[{"href":"https:\/\/latty.com\/de\/wp-json\/wp\/v2\/types\/product"}],"replies":[{"embeddable":true,"href":"https:\/\/latty.com\/de\/wp-json\/wp\/v2\/comments?post=16827"}],"wp:featuredmedia":[{"embeddable":true,"href":"https:\/\/latty.com\/de\/wp-json\/wp\/v2\/media\/3655"}],"wp:attachment":[{"href":"https:\/\/latty.com\/de\/wp-json\/wp\/v2\/media?parent=16827"}],"wp:term":[{"taxonomy":"product_cat","embeddable":true,"href":"https:\/\/latty.com\/de\/wp-json\/wp\/v2\/product_cat?post=16827"},{"taxonomy":"product_tag","embeddable":true,"href":"https:\/\/latty.com\/de\/wp-json\/wp\/v2\/product_tag?post=16827"}],"curies":[{"name":"wp","href":"https:\/\/api.w.org\/{rel}","templated":true}]}}