{"id":16812,"date":"2020-02-11T20:13:21","date_gmt":"2020-02-17T13:32:00","guid":{"rendered":"http:\/\/lattydev.s187705.cjcom04.atester.fr\/produit\/lattygraf-efi\/"},"modified":"2024-10-24T11:21:23","modified_gmt":"2024-10-24T09:21:23","slug":"lattygraf-efi","status":"publish","type":"product","link":"https:\/\/latty.com\/de\/produkte\/lattygraf-efi\/","title":{"rendered":"LATTYgraf EFI"},"content":{"rendered":"<p>Dichtung bestehend aus hochreinen gewalzten Graphitexpandattafeln (>98%), die auf einer 50\u00b5-dicken nichtrostenden Stahlfolie ISO 1.4401 geklebt werden. Wegen der mittelm\u00e4\u00dfigen Steifigkeit von LATTYgraf EFI lassen sich Dichtungen an Ort und Stelle einfach schneiden und schnell installieren, auch unter unzug\u00e4nglichen Bedingungen, wenn eine bestimmte Geschmeidigkeit erfordert wird. Einschr\u00e4nkung: f\u00fcr hohe Druck- und Temperaturbedingungen werden die Dichtungen LATTYgraf EFA und f\u00fcr chlorhaltige Medien die Dichtungen  LATTYgraf EFN empfohlen.  Graphitdichtung f\u00fcr Anwendungen bei hohen Temperaturen.<\/p>\n","protected":false},"excerpt":{"rendered":"<p>Graphitexpandat und nichtrostender Stahl<\/p>\n","protected":false},"featured_media":4115,"comment_status":"closed","ping_status":"closed","template":"","meta":{"content-type":""},"product_cat":[1186,991],"product_tag":[],"yoast_head":"<!-- This site is optimized with the Yoast SEO plugin v22.1 - https:\/\/yoast.com\/wordpress\/plugins\/seo\/ -->\n<title>LATTYgraf EFI - LATTY<\/title>\n<meta name=\"robots\" content=\"index, follow, max-snippet:-1, max-image-preview:large, max-video-preview:-1\" \/>\n<link rel=\"canonical\" href=\"https:\/\/latty.com\/de\/produkte\/lattygraf-efi\/\" \/>\n<meta property=\"og:locale\" content=\"de_DE\" \/>\n<meta property=\"og:type\" content=\"article\" \/>\n<meta property=\"og:title\" content=\"LATTYgraf EFI - LATTY\" \/>\n<meta property=\"og:description\" content=\"Graphitexpandat und nichtrostender Stahl\" \/>\n<meta property=\"og:url\" content=\"https:\/\/latty.com\/de\/produkte\/lattygraf-efi\/\" \/>\n<meta property=\"og:site_name\" content=\"GROUPE LATTY\" \/>\n<meta property=\"article:modified_time\" content=\"2024-10-24T09:21:23+00:00\" \/>\n<meta property=\"og:image\" content=\"https:\/\/latty.com\/wp-content\/uploads\/2019\/07\/2510LATTYgrafEFI.jpg\" \/>\n\t<meta property=\"og:image:width\" content=\"1080\" \/>\n\t<meta property=\"og:image:height\" content=\"720\" \/>\n\t<meta property=\"og:image:type\" content=\"image\/jpeg\" \/>\n<meta name=\"twitter:card\" content=\"summary_large_image\" \/>\n<meta name=\"twitter:label1\" content=\"Gesch\u00e4tzte Lesezeit\" \/>\n\t<meta name=\"twitter:data1\" content=\"1\u00a0Minute\" \/>\n<script type=\"application\/ld+json\" class=\"yoast-schema-graph\">{\"@context\":\"https:\/\/schema.org\",\"@graph\":[{\"@type\":\"WebPage\",\"@id\":\"https:\/\/latty.com\/de\/produkte\/lattygraf-efi\/\",\"url\":\"https:\/\/latty.com\/de\/produkte\/lattygraf-efi\/\",\"name\":\"LATTYgraf EFI - LATTY\",\"isPartOf\":{\"@id\":\"https:\/\/latty.com\/de\/#website\"},\"datePublished\":\"2020-02-17T13:32:00+00:00\",\"dateModified\":\"2024-10-24T09:21:23+00:00\",\"breadcrumb\":{\"@id\":\"https:\/\/latty.com\/de\/produkte\/lattygraf-efi\/#breadcrumb\"},\"inLanguage\":\"de\",\"potentialAction\":[{\"@type\":\"ReadAction\",\"target\":[\"https:\/\/latty.com\/de\/produkte\/lattygraf-efi\/\"]}]},{\"@type\":\"BreadcrumbList\",\"@id\":\"https:\/\/latty.com\/de\/produkte\/lattygraf-efi\/#breadcrumb\",\"itemListElement\":[{\"@type\":\"ListItem\",\"position\":1,\"name\":\"WILLKOMMEN\",\"item\":\"https:\/\/latty.com\/de\/\"},{\"@type\":\"ListItem\",\"position\":2,\"name\":\"Shop\",\"item\":\"https:\/\/latty.com\/de\/shop\/\"},{\"@type\":\"ListItem\",\"position\":3,\"name\":\"Statische Dichtungen\",\"item\":\"https:\/\/latty.com\/de\/categorie-produit\/statische-dichtungen\/\"},{\"@type\":\"ListItem\",\"position\":4,\"name\":\"Statische Dichtungen\",\"item\":\"https:\/\/latty.com\/de\/categorie-produit\/statische-dichtungen\/statische-dichtungen-statische-dichtungen\/\"},{\"@type\":\"ListItem\",\"position\":5,\"name\":\"LATTYgraf EFI\"}]},{\"@type\":\"WebSite\",\"@id\":\"https:\/\/latty.com\/de\/#website\",\"url\":\"https:\/\/latty.com\/de\/\",\"name\":\"GROUPE LATTY\",\"description\":\"Industrial Sealing Solutions\",\"potentialAction\":[{\"@type\":\"SearchAction\",\"target\":{\"@type\":\"EntryPoint\",\"urlTemplate\":\"https:\/\/latty.com\/de\/?s={search_term_string}\"},\"query-input\":\"required name=search_term_string\"}],\"inLanguage\":\"de\"}]}<\/script>\n<!-- \/ Yoast SEO plugin. -->","yoast_head_json":{"title":"LATTYgraf EFI - LATTY","robots":{"index":"index","follow":"follow","max-snippet":"max-snippet:-1","max-image-preview":"max-image-preview:large","max-video-preview":"max-video-preview:-1"},"canonical":"https:\/\/latty.com\/de\/produkte\/lattygraf-efi\/","og_locale":"de_DE","og_type":"article","og_title":"LATTYgraf EFI - LATTY","og_description":"Graphitexpandat und nichtrostender Stahl","og_url":"https:\/\/latty.com\/de\/produkte\/lattygraf-efi\/","og_site_name":"GROUPE LATTY","article_modified_time":"2024-10-24T09:21:23+00:00","og_image":[{"width":1080,"height":720,"url":"https:\/\/latty.com\/wp-content\/uploads\/2019\/07\/2510LATTYgrafEFI.jpg","type":"image\/jpeg"}],"twitter_card":"summary_large_image","twitter_misc":{"Gesch\u00e4tzte Lesezeit":"1\u00a0Minute"},"schema":{"@context":"https:\/\/schema.org","@graph":[{"@type":"WebPage","@id":"https:\/\/latty.com\/de\/produkte\/lattygraf-efi\/","url":"https:\/\/latty.com\/de\/produkte\/lattygraf-efi\/","name":"LATTYgraf EFI - LATTY","isPartOf":{"@id":"https:\/\/latty.com\/de\/#website"},"datePublished":"2020-02-17T13:32:00+00:00","dateModified":"2024-10-24T09:21:23+00:00","breadcrumb":{"@id":"https:\/\/latty.com\/de\/produkte\/lattygraf-efi\/#breadcrumb"},"inLanguage":"de","potentialAction":[{"@type":"ReadAction","target":["https:\/\/latty.com\/de\/produkte\/lattygraf-efi\/"]}]},{"@type":"BreadcrumbList","@id":"https:\/\/latty.com\/de\/produkte\/lattygraf-efi\/#breadcrumb","itemListElement":[{"@type":"ListItem","position":1,"name":"WILLKOMMEN","item":"https:\/\/latty.com\/de\/"},{"@type":"ListItem","position":2,"name":"Shop","item":"https:\/\/latty.com\/de\/shop\/"},{"@type":"ListItem","position":3,"name":"Statische Dichtungen","item":"https:\/\/latty.com\/de\/categorie-produit\/statische-dichtungen\/"},{"@type":"ListItem","position":4,"name":"Statische Dichtungen","item":"https:\/\/latty.com\/de\/categorie-produit\/statische-dichtungen\/statische-dichtungen-statische-dichtungen\/"},{"@type":"ListItem","position":5,"name":"LATTYgraf EFI"}]},{"@type":"WebSite","@id":"https:\/\/latty.com\/de\/#website","url":"https:\/\/latty.com\/de\/","name":"GROUPE LATTY","description":"Industrial Sealing Solutions","potentialAction":[{"@type":"SearchAction","target":{"@type":"EntryPoint","urlTemplate":"https:\/\/latty.com\/de\/?s={search_term_string}"},"query-input":"required name=search_term_string"}],"inLanguage":"de"}]}},"_links":{"self":[{"href":"https:\/\/latty.com\/de\/wp-json\/wp\/v2\/product\/16812"}],"collection":[{"href":"https:\/\/latty.com\/de\/wp-json\/wp\/v2\/product"}],"about":[{"href":"https:\/\/latty.com\/de\/wp-json\/wp\/v2\/types\/product"}],"replies":[{"embeddable":true,"href":"https:\/\/latty.com\/de\/wp-json\/wp\/v2\/comments?post=16812"}],"wp:featuredmedia":[{"embeddable":true,"href":"https:\/\/latty.com\/de\/wp-json\/wp\/v2\/media\/4115"}],"wp:attachment":[{"href":"https:\/\/latty.com\/de\/wp-json\/wp\/v2\/media?parent=16812"}],"wp:term":[{"taxonomy":"product_cat","embeddable":true,"href":"https:\/\/latty.com\/de\/wp-json\/wp\/v2\/product_cat?post=16812"},{"taxonomy":"product_tag","embeddable":true,"href":"https:\/\/latty.com\/de\/wp-json\/wp\/v2\/product_tag?post=16812"}],"curies":[{"name":"wp","href":"https:\/\/api.w.org\/{rel}","templated":true}]}}