{"id":16805,"date":"2020-02-11T20:13:21","date_gmt":"2020-02-17T13:32:00","guid":{"rendered":"http:\/\/lattydev.s187705.cjcom04.atester.fr\/produit\/lattygraf-e1\/"},"modified":"2021-08-18T16:33:19","modified_gmt":"2021-08-18T14:33:19","slug":"lattygraf-e1","status":"publish","type":"product","link":"https:\/\/latty.com\/de\/produkte\/lattygraf-e1\/","title":{"rendered":"LATTYgraf E1"},"content":{"rendered":"<p>Hochreines Graphitexpandat ohne Bindemittel. Temperaturbest\u00e4ndigkeit bis 3000\u00b0C (in inerter Atmosph\u00e4re). Gepresste Dichtungsringe aus 99,85%-reinem Graphitexpandat ohne Bindemittel oder Additive. Diese Ringe enthalten ein Korrosionschutzmittel bestehend aus fein verteiltem Zinkpulver, das die Ventilspindel und den Einbauraum f\u00fcr die Packungen vor Korrosion sch\u00fctzt. Sehr niedriger Reibungsgrad, sehr hohe Selbstschmierf\u00e4higkeit, gute chemische Inertanz und hohe W\u00e4rmeleitf\u00e4higkeit.   Hochreines Graphitexpandat mit Korrosionsschutzmittel.<\/p>\n","protected":false},"excerpt":{"rendered":"<p>Extrem reines Graphitexpandat<\/p>\n","protected":false},"featured_media":4243,"comment_status":"closed","ping_status":"closed","template":"","meta":{"content-type":""},"product_cat":[991,1186],"product_tag":[],"yoast_head":"<!-- This site is optimized with the Yoast SEO plugin v22.1 - https:\/\/yoast.com\/wordpress\/plugins\/seo\/ -->\n<title>LATTYgraf E1 - LATTY<\/title>\n<meta name=\"description\" content=\"Druckgegossene Ringe und hochreines expandiertes Graphitband f\u00fcr Industriearmaturen.\" \/>\n<meta name=\"robots\" content=\"index, follow, max-snippet:-1, max-image-preview:large, max-video-preview:-1\" \/>\n<link rel=\"canonical\" href=\"https:\/\/latty.com\/de\/produkte\/lattygraf-e1\/\" \/>\n<meta property=\"og:locale\" content=\"de_DE\" \/>\n<meta property=\"og:type\" content=\"article\" \/>\n<meta property=\"og:title\" content=\"LATTYgraf E1 - LATTY\" \/>\n<meta property=\"og:description\" content=\"Druckgegossene Ringe und hochreines expandiertes Graphitband f\u00fcr Industriearmaturen.\" \/>\n<meta property=\"og:url\" content=\"https:\/\/latty.com\/de\/produkte\/lattygraf-e1\/\" \/>\n<meta property=\"og:site_name\" content=\"GROUPE LATTY\" \/>\n<meta property=\"article:modified_time\" content=\"2021-08-18T14:33:19+00:00\" \/>\n<meta property=\"og:image\" content=\"https:\/\/latty.com\/wp-content\/uploads\/2019\/07\/2480LATTYGRAFE1.jpg\" \/>\n\t<meta property=\"og:image:width\" content=\"1080\" \/>\n\t<meta property=\"og:image:height\" content=\"720\" \/>\n\t<meta property=\"og:image:type\" content=\"image\/jpeg\" \/>\n<meta name=\"twitter:card\" content=\"summary_large_image\" \/>\n<script type=\"application\/ld+json\" class=\"yoast-schema-graph\">{\"@context\":\"https:\/\/schema.org\",\"@graph\":[{\"@type\":\"WebPage\",\"@id\":\"https:\/\/latty.com\/de\/produkte\/lattygraf-e1\/\",\"url\":\"https:\/\/latty.com\/de\/produkte\/lattygraf-e1\/\",\"name\":\"LATTYgraf E1 - LATTY\",\"isPartOf\":{\"@id\":\"https:\/\/latty.com\/de\/#website\"},\"datePublished\":\"2020-02-17T13:32:00+00:00\",\"dateModified\":\"2021-08-18T14:33:19+00:00\",\"description\":\"Druckgegossene Ringe und hochreines expandiertes Graphitband f\u00fcr Industriearmaturen.\",\"breadcrumb\":{\"@id\":\"https:\/\/latty.com\/de\/produkte\/lattygraf-e1\/#breadcrumb\"},\"inLanguage\":\"de\",\"potentialAction\":[{\"@type\":\"ReadAction\",\"target\":[\"https:\/\/latty.com\/de\/produkte\/lattygraf-e1\/\"]}]},{\"@type\":\"BreadcrumbList\",\"@id\":\"https:\/\/latty.com\/de\/produkte\/lattygraf-e1\/#breadcrumb\",\"itemListElement\":[{\"@type\":\"ListItem\",\"position\":1,\"name\":\"WILLKOMMEN\",\"item\":\"https:\/\/latty.com\/de\/\"},{\"@type\":\"ListItem\",\"position\":2,\"name\":\"Shop\",\"item\":\"https:\/\/latty.com\/de\/shop\/\"},{\"@type\":\"ListItem\",\"position\":3,\"name\":\"Statische Dichtungen\",\"item\":\"https:\/\/latty.com\/de\/categorie-produit\/statische-dichtungen\/\"},{\"@type\":\"ListItem\",\"position\":4,\"name\":\"LATTYgraf E1\"}]},{\"@type\":\"WebSite\",\"@id\":\"https:\/\/latty.com\/de\/#website\",\"url\":\"https:\/\/latty.com\/de\/\",\"name\":\"GROUPE LATTY\",\"description\":\"Industrial Sealing Solutions\",\"potentialAction\":[{\"@type\":\"SearchAction\",\"target\":{\"@type\":\"EntryPoint\",\"urlTemplate\":\"https:\/\/latty.com\/de\/?s={search_term_string}\"},\"query-input\":\"required name=search_term_string\"}],\"inLanguage\":\"de\"}]}<\/script>\n<!-- \/ Yoast SEO plugin. -->","yoast_head_json":{"title":"LATTYgraf E1 - LATTY","description":"Druckgegossene Ringe und hochreines expandiertes Graphitband f\u00fcr Industriearmaturen.","robots":{"index":"index","follow":"follow","max-snippet":"max-snippet:-1","max-image-preview":"max-image-preview:large","max-video-preview":"max-video-preview:-1"},"canonical":"https:\/\/latty.com\/de\/produkte\/lattygraf-e1\/","og_locale":"de_DE","og_type":"article","og_title":"LATTYgraf E1 - LATTY","og_description":"Druckgegossene Ringe und hochreines expandiertes Graphitband f\u00fcr Industriearmaturen.","og_url":"https:\/\/latty.com\/de\/produkte\/lattygraf-e1\/","og_site_name":"GROUPE LATTY","article_modified_time":"2021-08-18T14:33:19+00:00","og_image":[{"width":1080,"height":720,"url":"https:\/\/latty.com\/wp-content\/uploads\/2019\/07\/2480LATTYGRAFE1.jpg","type":"image\/jpeg"}],"twitter_card":"summary_large_image","schema":{"@context":"https:\/\/schema.org","@graph":[{"@type":"WebPage","@id":"https:\/\/latty.com\/de\/produkte\/lattygraf-e1\/","url":"https:\/\/latty.com\/de\/produkte\/lattygraf-e1\/","name":"LATTYgraf E1 - LATTY","isPartOf":{"@id":"https:\/\/latty.com\/de\/#website"},"datePublished":"2020-02-17T13:32:00+00:00","dateModified":"2021-08-18T14:33:19+00:00","description":"Druckgegossene Ringe und hochreines expandiertes Graphitband f\u00fcr Industriearmaturen.","breadcrumb":{"@id":"https:\/\/latty.com\/de\/produkte\/lattygraf-e1\/#breadcrumb"},"inLanguage":"de","potentialAction":[{"@type":"ReadAction","target":["https:\/\/latty.com\/de\/produkte\/lattygraf-e1\/"]}]},{"@type":"BreadcrumbList","@id":"https:\/\/latty.com\/de\/produkte\/lattygraf-e1\/#breadcrumb","itemListElement":[{"@type":"ListItem","position":1,"name":"WILLKOMMEN","item":"https:\/\/latty.com\/de\/"},{"@type":"ListItem","position":2,"name":"Shop","item":"https:\/\/latty.com\/de\/shop\/"},{"@type":"ListItem","position":3,"name":"Statische Dichtungen","item":"https:\/\/latty.com\/de\/categorie-produit\/statische-dichtungen\/"},{"@type":"ListItem","position":4,"name":"LATTYgraf E1"}]},{"@type":"WebSite","@id":"https:\/\/latty.com\/de\/#website","url":"https:\/\/latty.com\/de\/","name":"GROUPE LATTY","description":"Industrial Sealing Solutions","potentialAction":[{"@type":"SearchAction","target":{"@type":"EntryPoint","urlTemplate":"https:\/\/latty.com\/de\/?s={search_term_string}"},"query-input":"required name=search_term_string"}],"inLanguage":"de"}]}},"_links":{"self":[{"href":"https:\/\/latty.com\/de\/wp-json\/wp\/v2\/product\/16805"}],"collection":[{"href":"https:\/\/latty.com\/de\/wp-json\/wp\/v2\/product"}],"about":[{"href":"https:\/\/latty.com\/de\/wp-json\/wp\/v2\/types\/product"}],"replies":[{"embeddable":true,"href":"https:\/\/latty.com\/de\/wp-json\/wp\/v2\/comments?post=16805"}],"wp:featuredmedia":[{"embeddable":true,"href":"https:\/\/latty.com\/de\/wp-json\/wp\/v2\/media\/4243"}],"wp:attachment":[{"href":"https:\/\/latty.com\/de\/wp-json\/wp\/v2\/media?parent=16805"}],"wp:term":[{"taxonomy":"product_cat","embeddable":true,"href":"https:\/\/latty.com\/de\/wp-json\/wp\/v2\/product_cat?post=16805"},{"taxonomy":"product_tag","embeddable":true,"href":"https:\/\/latty.com\/de\/wp-json\/wp\/v2\/product_tag?post=16805"}],"curies":[{"name":"wp","href":"https:\/\/api.w.org\/{rel}","templated":true}]}}