{"id":16803,"date":"2020-02-11T20:13:21","date_gmt":"2020-02-17T13:32:00","guid":{"rendered":"http:\/\/lattydev.s187705.cjcom04.atester.fr\/produit\/lattygraf-ba\/"},"modified":"2022-07-18T15:21:08","modified_gmt":"2022-07-18T13:21:08","slug":"lattygraf-ba","status":"publish","type":"product","link":"https:\/\/latty.com\/de\/produkte\/lattygraf-ba\/","title":{"rendered":"LATTYgraf BA"},"content":{"rendered":"<p>Ringe, gepresst, aus verschiedenen Graphitexpandatg\u00fcten, mit oder ohne Stahl-Anti-Extrusionsschalen. Einfache Demontage (nicht haftend). Die Abdichtung wird von den Autoklavringen LATTYgraf BA auch bei unregelm\u00e4\u00dfigen Oberfl\u00e4chen gew\u00e4hrleistet. Geeignet f\u00fcr Niederdruckbedingungen. Das Ventilgeh\u00e4use wird nicht besch\u00e4digt. Verschiedene Profile. Lieferbare Durchmesser von 60 mm (PN 250 bar) bis 1000 mm (PN 160 bar).   Einfache Demontage, nicht haftend, auch bei unregelm\u00e4\u00dfigen Oberfl\u00e4chen anwendbar, geeignet f\u00fcr Niederdruckbedingungen. Das Ventilgeh\u00e4use wird nicht besch\u00e4digt.<\/p>\n","protected":false},"excerpt":{"rendered":"<p>AUTOKLAVEN-RINGE AUS EXPANDIERTEM GRAPHIT<\/p>\n","protected":false},"featured_media":4163,"comment_status":"closed","ping_status":"closed","template":"","meta":{"content-type":""},"product_cat":[991,1186],"product_tag":[],"yoast_head":"<!-- This site is optimized with the Yoast SEO plugin v22.1 - https:\/\/yoast.com\/wordpress\/plugins\/seo\/ -->\n<title>LATTYgraf BA - LATTY<\/title>\n<meta name=\"robots\" content=\"index, follow, max-snippet:-1, max-image-preview:large, max-video-preview:-1\" \/>\n<link rel=\"canonical\" href=\"https:\/\/latty.com\/de\/produkte\/lattygraf-ba\/\" \/>\n<meta property=\"og:locale\" content=\"de_DE\" \/>\n<meta property=\"og:type\" content=\"article\" \/>\n<meta property=\"og:title\" content=\"LATTYgraf BA - LATTY\" \/>\n<meta property=\"og:description\" content=\"AUTOKLAVEN-RINGE AUS EXPANDIERTEM GRAPHIT\" \/>\n<meta property=\"og:url\" content=\"https:\/\/latty.com\/de\/produkte\/lattygraf-ba\/\" \/>\n<meta property=\"og:site_name\" content=\"GROUPE LATTY\" \/>\n<meta property=\"article:modified_time\" content=\"2022-07-18T13:21:08+00:00\" \/>\n<meta property=\"og:image\" content=\"https:\/\/latty.com\/wp-content\/uploads\/2019\/07\/2620LATTYgrafBA.jpg\" \/>\n\t<meta property=\"og:image:width\" content=\"1080\" \/>\n\t<meta property=\"og:image:height\" content=\"720\" \/>\n\t<meta property=\"og:image:type\" content=\"image\/jpeg\" \/>\n<meta name=\"twitter:card\" content=\"summary_large_image\" \/>\n<script type=\"application\/ld+json\" class=\"yoast-schema-graph\">{\"@context\":\"https:\/\/schema.org\",\"@graph\":[{\"@type\":\"WebPage\",\"@id\":\"https:\/\/latty.com\/de\/produkte\/lattygraf-ba\/\",\"url\":\"https:\/\/latty.com\/de\/produkte\/lattygraf-ba\/\",\"name\":\"LATTYgraf BA - LATTY\",\"isPartOf\":{\"@id\":\"https:\/\/latty.com\/de\/#website\"},\"datePublished\":\"2020-02-17T13:32:00+00:00\",\"dateModified\":\"2022-07-18T13:21:08+00:00\",\"breadcrumb\":{\"@id\":\"https:\/\/latty.com\/de\/produkte\/lattygraf-ba\/#breadcrumb\"},\"inLanguage\":\"de\",\"potentialAction\":[{\"@type\":\"ReadAction\",\"target\":[\"https:\/\/latty.com\/de\/produkte\/lattygraf-ba\/\"]}]},{\"@type\":\"BreadcrumbList\",\"@id\":\"https:\/\/latty.com\/de\/produkte\/lattygraf-ba\/#breadcrumb\",\"itemListElement\":[{\"@type\":\"ListItem\",\"position\":1,\"name\":\"WILLKOMMEN\",\"item\":\"https:\/\/latty.com\/de\/\"},{\"@type\":\"ListItem\",\"position\":2,\"name\":\"Shop\",\"item\":\"https:\/\/latty.com\/de\/shop\/\"},{\"@type\":\"ListItem\",\"position\":3,\"name\":\"Statische Dichtungen\",\"item\":\"https:\/\/latty.com\/de\/categorie-produit\/statische-dichtungen\/\"},{\"@type\":\"ListItem\",\"position\":4,\"name\":\"Statische Dichtungen\",\"item\":\"https:\/\/latty.com\/de\/categorie-produit\/statische-dichtungen\/statische-dichtungen-statische-dichtungen\/\"},{\"@type\":\"ListItem\",\"position\":5,\"name\":\"LATTYgraf BA\"}]},{\"@type\":\"WebSite\",\"@id\":\"https:\/\/latty.com\/de\/#website\",\"url\":\"https:\/\/latty.com\/de\/\",\"name\":\"GROUPE LATTY\",\"description\":\"Industrial Sealing Solutions\",\"potentialAction\":[{\"@type\":\"SearchAction\",\"target\":{\"@type\":\"EntryPoint\",\"urlTemplate\":\"https:\/\/latty.com\/de\/?s={search_term_string}\"},\"query-input\":\"required name=search_term_string\"}],\"inLanguage\":\"de\"}]}<\/script>\n<!-- \/ Yoast SEO plugin. -->","yoast_head_json":{"title":"LATTYgraf BA - LATTY","robots":{"index":"index","follow":"follow","max-snippet":"max-snippet:-1","max-image-preview":"max-image-preview:large","max-video-preview":"max-video-preview:-1"},"canonical":"https:\/\/latty.com\/de\/produkte\/lattygraf-ba\/","og_locale":"de_DE","og_type":"article","og_title":"LATTYgraf BA - LATTY","og_description":"AUTOKLAVEN-RINGE AUS EXPANDIERTEM GRAPHIT","og_url":"https:\/\/latty.com\/de\/produkte\/lattygraf-ba\/","og_site_name":"GROUPE LATTY","article_modified_time":"2022-07-18T13:21:08+00:00","og_image":[{"width":1080,"height":720,"url":"https:\/\/latty.com\/wp-content\/uploads\/2019\/07\/2620LATTYgrafBA.jpg","type":"image\/jpeg"}],"twitter_card":"summary_large_image","schema":{"@context":"https:\/\/schema.org","@graph":[{"@type":"WebPage","@id":"https:\/\/latty.com\/de\/produkte\/lattygraf-ba\/","url":"https:\/\/latty.com\/de\/produkte\/lattygraf-ba\/","name":"LATTYgraf BA - LATTY","isPartOf":{"@id":"https:\/\/latty.com\/de\/#website"},"datePublished":"2020-02-17T13:32:00+00:00","dateModified":"2022-07-18T13:21:08+00:00","breadcrumb":{"@id":"https:\/\/latty.com\/de\/produkte\/lattygraf-ba\/#breadcrumb"},"inLanguage":"de","potentialAction":[{"@type":"ReadAction","target":["https:\/\/latty.com\/de\/produkte\/lattygraf-ba\/"]}]},{"@type":"BreadcrumbList","@id":"https:\/\/latty.com\/de\/produkte\/lattygraf-ba\/#breadcrumb","itemListElement":[{"@type":"ListItem","position":1,"name":"WILLKOMMEN","item":"https:\/\/latty.com\/de\/"},{"@type":"ListItem","position":2,"name":"Shop","item":"https:\/\/latty.com\/de\/shop\/"},{"@type":"ListItem","position":3,"name":"Statische Dichtungen","item":"https:\/\/latty.com\/de\/categorie-produit\/statische-dichtungen\/"},{"@type":"ListItem","position":4,"name":"Statische Dichtungen","item":"https:\/\/latty.com\/de\/categorie-produit\/statische-dichtungen\/statische-dichtungen-statische-dichtungen\/"},{"@type":"ListItem","position":5,"name":"LATTYgraf BA"}]},{"@type":"WebSite","@id":"https:\/\/latty.com\/de\/#website","url":"https:\/\/latty.com\/de\/","name":"GROUPE LATTY","description":"Industrial Sealing Solutions","potentialAction":[{"@type":"SearchAction","target":{"@type":"EntryPoint","urlTemplate":"https:\/\/latty.com\/de\/?s={search_term_string}"},"query-input":"required name=search_term_string"}],"inLanguage":"de"}]}},"_links":{"self":[{"href":"https:\/\/latty.com\/de\/wp-json\/wp\/v2\/product\/16803"}],"collection":[{"href":"https:\/\/latty.com\/de\/wp-json\/wp\/v2\/product"}],"about":[{"href":"https:\/\/latty.com\/de\/wp-json\/wp\/v2\/types\/product"}],"replies":[{"embeddable":true,"href":"https:\/\/latty.com\/de\/wp-json\/wp\/v2\/comments?post=16803"}],"wp:featuredmedia":[{"embeddable":true,"href":"https:\/\/latty.com\/de\/wp-json\/wp\/v2\/media\/4163"}],"wp:attachment":[{"href":"https:\/\/latty.com\/de\/wp-json\/wp\/v2\/media?parent=16803"}],"wp:term":[{"taxonomy":"product_cat","embeddable":true,"href":"https:\/\/latty.com\/de\/wp-json\/wp\/v2\/product_cat?post=16803"},{"taxonomy":"product_tag","embeddable":true,"href":"https:\/\/latty.com\/de\/wp-json\/wp\/v2\/product_tag?post=16803"}],"curies":[{"name":"wp","href":"https:\/\/api.w.org\/{rel}","templated":true}]}}