{"id":16795,"date":"2020-02-11T20:13:13","date_gmt":"2020-02-17T13:31:36","guid":{"rendered":"http:\/\/lattydev.s187705.cjcom04.atester.fr\/produit\/lattygold-925\/"},"modified":"2020-02-17T14:31:48","modified_gmt":"2020-02-17T13:31:48","slug":"lattygold-925","status":"publish","type":"product","link":"https:\/\/latty.com\/de\/produkte\/lattygold-925\/","title":{"rendered":"LATTYgold 925"},"content":{"rendered":"<p>Dichtungsmaterial aus ausgew\u00e4hlten Kunststoff- und Mineralfasern, die mit einer auf Acrylnitrilelastomer basierenden Mischung zusammengebunden werden. Dieses Dichtungsmaterial wird mit einer Drahtgeflechteinlage verst\u00e4rkt. Eine spezielle Graphitbehandlung wird auf den beiden Seiten der Tafeln angewandt, was die Demontagearbeiten blitzschnell  macht und die Korrosionsrisiken beim Flansch  vermindert. Einschr\u00e4nkung: f\u00fcrHochtemperaturdampf-Anwendungen werden die Dichtungen LATTYcarb 965 und f\u00fcr sehr korrosiven Medien die Dichtungen LATTYgold 5 ACID empfohlen  Allzweckdichtung bestehend aus Aramid, mit Antihaftbehandlung, f\u00fcr alle Industrien.<\/p>\n","protected":false},"excerpt":{"rendered":"<p>Leistungsf\u00e4hig &#8211; Zuverl\u00e4ssig &#8211; Mehrzweck<\/p>\n","protected":false},"featured_media":4311,"comment_status":"closed","ping_status":"open","template":"","meta":{"content-type":""},"product_cat":[991,1186],"product_tag":[],"yoast_head":"<!-- This site is optimized with the Yoast SEO plugin v22.1 - https:\/\/yoast.com\/wordpress\/plugins\/seo\/ -->\n<title>LATTYgold 925 - LATTY<\/title>\n<meta name=\"robots\" content=\"index, follow, max-snippet:-1, max-image-preview:large, max-video-preview:-1\" \/>\n<link rel=\"canonical\" href=\"https:\/\/latty.com\/de\/produkte\/lattygold-925\/\" \/>\n<meta property=\"og:locale\" content=\"de_DE\" \/>\n<meta property=\"og:type\" content=\"article\" \/>\n<meta property=\"og:title\" content=\"LATTYgold 925 - LATTY\" \/>\n<meta property=\"og:description\" content=\"Leistungsf\u00e4hig - Zuverl\u00e4ssig - Mehrzweck\" \/>\n<meta property=\"og:url\" content=\"https:\/\/latty.com\/de\/produkte\/lattygold-925\/\" \/>\n<meta property=\"og:site_name\" content=\"GROUPE LATTY\" \/>\n<meta property=\"article:modified_time\" content=\"2020-02-17T13:31:48+00:00\" \/>\n<meta property=\"og:image\" content=\"https:\/\/latty.com\/wp-content\/uploads\/2019\/07\/2330LATTYgold925.jpg\" \/>\n\t<meta property=\"og:image:width\" content=\"1080\" \/>\n\t<meta property=\"og:image:height\" content=\"720\" \/>\n\t<meta property=\"og:image:type\" content=\"image\/jpeg\" \/>\n<meta name=\"twitter:card\" content=\"summary_large_image\" \/>\n<script type=\"application\/ld+json\" class=\"yoast-schema-graph\">{\"@context\":\"https:\/\/schema.org\",\"@graph\":[{\"@type\":\"WebPage\",\"@id\":\"https:\/\/latty.com\/de\/produkte\/lattygold-925\/\",\"url\":\"https:\/\/latty.com\/de\/produkte\/lattygold-925\/\",\"name\":\"LATTYgold 925 - LATTY\",\"isPartOf\":{\"@id\":\"https:\/\/latty.com\/de\/#website\"},\"datePublished\":\"2020-02-17T13:31:36+00:00\",\"dateModified\":\"2020-02-17T13:31:48+00:00\",\"breadcrumb\":{\"@id\":\"https:\/\/latty.com\/de\/produkte\/lattygold-925\/#breadcrumb\"},\"inLanguage\":\"de\",\"potentialAction\":[{\"@type\":\"ReadAction\",\"target\":[\"https:\/\/latty.com\/de\/produkte\/lattygold-925\/\"]}]},{\"@type\":\"BreadcrumbList\",\"@id\":\"https:\/\/latty.com\/de\/produkte\/lattygold-925\/#breadcrumb\",\"itemListElement\":[{\"@type\":\"ListItem\",\"position\":1,\"name\":\"WILLKOMMEN\",\"item\":\"https:\/\/latty.com\/de\/\"},{\"@type\":\"ListItem\",\"position\":2,\"name\":\"Shop\",\"item\":\"https:\/\/latty.com\/de\/shop\/\"},{\"@type\":\"ListItem\",\"position\":3,\"name\":\"LATTYgold 925\"}]},{\"@type\":\"WebSite\",\"@id\":\"https:\/\/latty.com\/de\/#website\",\"url\":\"https:\/\/latty.com\/de\/\",\"name\":\"GROUPE LATTY\",\"description\":\"Industrial Sealing Solutions\",\"potentialAction\":[{\"@type\":\"SearchAction\",\"target\":{\"@type\":\"EntryPoint\",\"urlTemplate\":\"https:\/\/latty.com\/de\/?s={search_term_string}\"},\"query-input\":\"required name=search_term_string\"}],\"inLanguage\":\"de\"}]}<\/script>\n<!-- \/ Yoast SEO plugin. -->","yoast_head_json":{"title":"LATTYgold 925 - LATTY","robots":{"index":"index","follow":"follow","max-snippet":"max-snippet:-1","max-image-preview":"max-image-preview:large","max-video-preview":"max-video-preview:-1"},"canonical":"https:\/\/latty.com\/de\/produkte\/lattygold-925\/","og_locale":"de_DE","og_type":"article","og_title":"LATTYgold 925 - LATTY","og_description":"Leistungsf\u00e4hig - Zuverl\u00e4ssig - Mehrzweck","og_url":"https:\/\/latty.com\/de\/produkte\/lattygold-925\/","og_site_name":"GROUPE LATTY","article_modified_time":"2020-02-17T13:31:48+00:00","og_image":[{"width":1080,"height":720,"url":"https:\/\/latty.com\/wp-content\/uploads\/2019\/07\/2330LATTYgold925.jpg","type":"image\/jpeg"}],"twitter_card":"summary_large_image","schema":{"@context":"https:\/\/schema.org","@graph":[{"@type":"WebPage","@id":"https:\/\/latty.com\/de\/produkte\/lattygold-925\/","url":"https:\/\/latty.com\/de\/produkte\/lattygold-925\/","name":"LATTYgold 925 - LATTY","isPartOf":{"@id":"https:\/\/latty.com\/de\/#website"},"datePublished":"2020-02-17T13:31:36+00:00","dateModified":"2020-02-17T13:31:48+00:00","breadcrumb":{"@id":"https:\/\/latty.com\/de\/produkte\/lattygold-925\/#breadcrumb"},"inLanguage":"de","potentialAction":[{"@type":"ReadAction","target":["https:\/\/latty.com\/de\/produkte\/lattygold-925\/"]}]},{"@type":"BreadcrumbList","@id":"https:\/\/latty.com\/de\/produkte\/lattygold-925\/#breadcrumb","itemListElement":[{"@type":"ListItem","position":1,"name":"WILLKOMMEN","item":"https:\/\/latty.com\/de\/"},{"@type":"ListItem","position":2,"name":"Shop","item":"https:\/\/latty.com\/de\/shop\/"},{"@type":"ListItem","position":3,"name":"LATTYgold 925"}]},{"@type":"WebSite","@id":"https:\/\/latty.com\/de\/#website","url":"https:\/\/latty.com\/de\/","name":"GROUPE LATTY","description":"Industrial Sealing Solutions","potentialAction":[{"@type":"SearchAction","target":{"@type":"EntryPoint","urlTemplate":"https:\/\/latty.com\/de\/?s={search_term_string}"},"query-input":"required name=search_term_string"}],"inLanguage":"de"}]}},"_links":{"self":[{"href":"https:\/\/latty.com\/de\/wp-json\/wp\/v2\/product\/16795"}],"collection":[{"href":"https:\/\/latty.com\/de\/wp-json\/wp\/v2\/product"}],"about":[{"href":"https:\/\/latty.com\/de\/wp-json\/wp\/v2\/types\/product"}],"replies":[{"embeddable":true,"href":"https:\/\/latty.com\/de\/wp-json\/wp\/v2\/comments?post=16795"}],"wp:featuredmedia":[{"embeddable":true,"href":"https:\/\/latty.com\/de\/wp-json\/wp\/v2\/media\/4311"}],"wp:attachment":[{"href":"https:\/\/latty.com\/de\/wp-json\/wp\/v2\/media?parent=16795"}],"wp:term":[{"taxonomy":"product_cat","embeddable":true,"href":"https:\/\/latty.com\/de\/wp-json\/wp\/v2\/product_cat?post=16795"},{"taxonomy":"product_tag","embeddable":true,"href":"https:\/\/latty.com\/de\/wp-json\/wp\/v2\/product_tag?post=16795"}],"curies":[{"name":"wp","href":"https:\/\/api.w.org\/{rel}","templated":true}]}}