{"id":16779,"date":"2020-02-11T20:13:05","date_gmt":"2020-02-17T13:31:18","guid":{"rendered":"http:\/\/lattydev.s187705.cjcom04.atester.fr\/produit\/lattyflon-5790\/"},"modified":"2022-07-18T12:00:06","modified_gmt":"2022-07-18T10:00:06","slug":"lattyflon-5790","status":"publish","type":"product","link":"https:\/\/latty.com\/de\/produkte\/lattyflon-5790\/","title":{"rendered":"LATTYflon 5790"},"content":{"rendered":"<p>LATTY\u00aeflon 5790 ist eine Packung mit ausgezeichneter Verschlei\u00dffestigkeit bei rotierenden Anwendungen. F\u00fcr die LATTY\u00aeflon 5790 sind neue k\u00fcnstlichen Garne und Fasern eingesetzt worden, welche einen sehr hohen mechanischen Widerstand und weniger Abrasivit\u00e4t als \u00fcblich eingesetzte Garne aufweisen. Die Garne werden vor dem Flechtverfahren mit einem silikonfreien Schmiermittel in unserem patentierten FILCOAT-Verfahren impr\u00e4gniert. Mit seinen ausgezeichneten Gleiteigenschaften erh\u00f6ht dieses spezielle Schmiermittel die Abriebfestigkeit. Der niedrige Reibungskoeffizient reduziert den Energieaufwand.  Gepresste Ringe auf Anfrage erh\u00e4ltlich. Wei\u00dfe Packung speziell f\u00fcr Lebensmittelanwendungen, mechanische Festigkeit.<\/p>\n","protected":false},"excerpt":{"rendered":"<p>Lebensmittelechte Packung CE 1935\/2004<\/p>\n","protected":false},"featured_media":3627,"comment_status":"closed","ping_status":"closed","template":"","meta":{"content-type":""},"product_cat":[993,1150],"product_tag":[],"yoast_head":"<!-- This site is optimized with the Yoast SEO plugin v22.1 - https:\/\/yoast.com\/wordpress\/plugins\/seo\/ -->\n<title>LATTYflon 5790 - LATTY<\/title>\n<meta name=\"robots\" content=\"index, follow, max-snippet:-1, max-image-preview:large, max-video-preview:-1\" \/>\n<link rel=\"canonical\" href=\"https:\/\/latty.com\/de\/produkte\/lattyflon-5790\/\" \/>\n<meta property=\"og:locale\" content=\"de_DE\" \/>\n<meta property=\"og:type\" content=\"article\" \/>\n<meta property=\"og:title\" content=\"LATTYflon 5790 - LATTY\" \/>\n<meta property=\"og:description\" content=\"Lebensmittelechte Packung CE 1935\/2004\" \/>\n<meta property=\"og:url\" content=\"https:\/\/latty.com\/de\/produkte\/lattyflon-5790\/\" \/>\n<meta property=\"og:site_name\" content=\"GROUPE LATTY\" \/>\n<meta property=\"article:modified_time\" content=\"2022-07-18T10:00:06+00:00\" \/>\n<meta property=\"og:image\" content=\"https:\/\/latty.com\/wp-content\/uploads\/2019\/07\/2110LATTYflon5790.jpg\" \/>\n\t<meta property=\"og:image:width\" content=\"1080\" \/>\n\t<meta property=\"og:image:height\" content=\"720\" \/>\n\t<meta property=\"og:image:type\" content=\"image\/jpeg\" \/>\n<meta name=\"twitter:card\" content=\"summary_large_image\" \/>\n<script type=\"application\/ld+json\" class=\"yoast-schema-graph\">{\"@context\":\"https:\/\/schema.org\",\"@graph\":[{\"@type\":\"WebPage\",\"@id\":\"https:\/\/latty.com\/de\/produkte\/lattyflon-5790\/\",\"url\":\"https:\/\/latty.com\/de\/produkte\/lattyflon-5790\/\",\"name\":\"LATTYflon 5790 - LATTY\",\"isPartOf\":{\"@id\":\"https:\/\/latty.com\/de\/#website\"},\"datePublished\":\"2020-02-17T13:31:18+00:00\",\"dateModified\":\"2022-07-18T10:00:06+00:00\",\"breadcrumb\":{\"@id\":\"https:\/\/latty.com\/de\/produkte\/lattyflon-5790\/#breadcrumb\"},\"inLanguage\":\"de\",\"potentialAction\":[{\"@type\":\"ReadAction\",\"target\":[\"https:\/\/latty.com\/de\/produkte\/lattyflon-5790\/\"]}]},{\"@type\":\"BreadcrumbList\",\"@id\":\"https:\/\/latty.com\/de\/produkte\/lattyflon-5790\/#breadcrumb\",\"itemListElement\":[{\"@type\":\"ListItem\",\"position\":1,\"name\":\"WILLKOMMEN\",\"item\":\"https:\/\/latty.com\/de\/\"},{\"@type\":\"ListItem\",\"position\":2,\"name\":\"Shop\",\"item\":\"https:\/\/latty.com\/de\/shop\/\"},{\"@type\":\"ListItem\",\"position\":3,\"name\":\"Drehende maschinen\",\"item\":\"https:\/\/latty.com\/de\/categorie-produit\/drehende-maschinen\/\"},{\"@type\":\"ListItem\",\"position\":4,\"name\":\"Packungen\",\"item\":\"https:\/\/latty.com\/de\/categorie-produit\/drehende-maschinen\/packungen-drehende-maschinen\/\"},{\"@type\":\"ListItem\",\"position\":5,\"name\":\"LATTYflon 5790\"}]},{\"@type\":\"WebSite\",\"@id\":\"https:\/\/latty.com\/de\/#website\",\"url\":\"https:\/\/latty.com\/de\/\",\"name\":\"GROUPE LATTY\",\"description\":\"Industrial Sealing Solutions\",\"potentialAction\":[{\"@type\":\"SearchAction\",\"target\":{\"@type\":\"EntryPoint\",\"urlTemplate\":\"https:\/\/latty.com\/de\/?s={search_term_string}\"},\"query-input\":\"required name=search_term_string\"}],\"inLanguage\":\"de\"}]}<\/script>\n<!-- \/ Yoast SEO plugin. -->","yoast_head_json":{"title":"LATTYflon 5790 - LATTY","robots":{"index":"index","follow":"follow","max-snippet":"max-snippet:-1","max-image-preview":"max-image-preview:large","max-video-preview":"max-video-preview:-1"},"canonical":"https:\/\/latty.com\/de\/produkte\/lattyflon-5790\/","og_locale":"de_DE","og_type":"article","og_title":"LATTYflon 5790 - LATTY","og_description":"Lebensmittelechte Packung CE 1935\/2004","og_url":"https:\/\/latty.com\/de\/produkte\/lattyflon-5790\/","og_site_name":"GROUPE LATTY","article_modified_time":"2022-07-18T10:00:06+00:00","og_image":[{"width":1080,"height":720,"url":"https:\/\/latty.com\/wp-content\/uploads\/2019\/07\/2110LATTYflon5790.jpg","type":"image\/jpeg"}],"twitter_card":"summary_large_image","schema":{"@context":"https:\/\/schema.org","@graph":[{"@type":"WebPage","@id":"https:\/\/latty.com\/de\/produkte\/lattyflon-5790\/","url":"https:\/\/latty.com\/de\/produkte\/lattyflon-5790\/","name":"LATTYflon 5790 - LATTY","isPartOf":{"@id":"https:\/\/latty.com\/de\/#website"},"datePublished":"2020-02-17T13:31:18+00:00","dateModified":"2022-07-18T10:00:06+00:00","breadcrumb":{"@id":"https:\/\/latty.com\/de\/produkte\/lattyflon-5790\/#breadcrumb"},"inLanguage":"de","potentialAction":[{"@type":"ReadAction","target":["https:\/\/latty.com\/de\/produkte\/lattyflon-5790\/"]}]},{"@type":"BreadcrumbList","@id":"https:\/\/latty.com\/de\/produkte\/lattyflon-5790\/#breadcrumb","itemListElement":[{"@type":"ListItem","position":1,"name":"WILLKOMMEN","item":"https:\/\/latty.com\/de\/"},{"@type":"ListItem","position":2,"name":"Shop","item":"https:\/\/latty.com\/de\/shop\/"},{"@type":"ListItem","position":3,"name":"Drehende maschinen","item":"https:\/\/latty.com\/de\/categorie-produit\/drehende-maschinen\/"},{"@type":"ListItem","position":4,"name":"Packungen","item":"https:\/\/latty.com\/de\/categorie-produit\/drehende-maschinen\/packungen-drehende-maschinen\/"},{"@type":"ListItem","position":5,"name":"LATTYflon 5790"}]},{"@type":"WebSite","@id":"https:\/\/latty.com\/de\/#website","url":"https:\/\/latty.com\/de\/","name":"GROUPE LATTY","description":"Industrial Sealing Solutions","potentialAction":[{"@type":"SearchAction","target":{"@type":"EntryPoint","urlTemplate":"https:\/\/latty.com\/de\/?s={search_term_string}"},"query-input":"required name=search_term_string"}],"inLanguage":"de"}]}},"_links":{"self":[{"href":"https:\/\/latty.com\/de\/wp-json\/wp\/v2\/product\/16779"}],"collection":[{"href":"https:\/\/latty.com\/de\/wp-json\/wp\/v2\/product"}],"about":[{"href":"https:\/\/latty.com\/de\/wp-json\/wp\/v2\/types\/product"}],"replies":[{"embeddable":true,"href":"https:\/\/latty.com\/de\/wp-json\/wp\/v2\/comments?post=16779"}],"wp:featuredmedia":[{"embeddable":true,"href":"https:\/\/latty.com\/de\/wp-json\/wp\/v2\/media\/3627"}],"wp:attachment":[{"href":"https:\/\/latty.com\/de\/wp-json\/wp\/v2\/media?parent=16779"}],"wp:term":[{"taxonomy":"product_cat","embeddable":true,"href":"https:\/\/latty.com\/de\/wp-json\/wp\/v2\/product_cat?post=16779"},{"taxonomy":"product_tag","embeddable":true,"href":"https:\/\/latty.com\/de\/wp-json\/wp\/v2\/product_tag?post=16779"}],"curies":[{"name":"wp","href":"https:\/\/api.w.org\/{rel}","templated":true}]}}