{"id":16773,"date":"2020-02-11T20:13:05","date_gmt":"2020-02-17T13:31:18","guid":{"rendered":"http:\/\/lattydev.s187705.cjcom04.atester.fr\/produit\/lattyflon-4488\/"},"modified":"2022-07-18T11:56:18","modified_gmt":"2022-07-18T09:56:18","slug":"lattyflon-4488","status":"publish","type":"product","link":"https:\/\/latty.com\/de\/produkte\/lattyflon-4488\/","title":{"rendered":"LATTYflon 4488"},"content":{"rendered":"<p>Packung bestehend aus einem exklusiv von LATTY hergestellten Garn aus eng gemischten Kohlenstoff- und Aramidfasern, die einzeln nach unserem exklusiven &#8220;Filcoat-Verfahren&#8221; mit PTFE impr\u00e4gniert werden. Beim Flechtvorgang werden sie zus\u00e4tzlich mit einer PTFE-Mischung und einem neutralen, lebensmittelechten Schmiermittel zus\u00e4tzlich impr\u00e4gniert.  Die mechanischen Eigenschaften von Aramid als auch die W\u00e4rmeleitf\u00e4higkeit von Kohlenstoff, verleihen LATTYflon 4488 bisher unerreichten Sicherheitsspielraum.  Gepresste Ringe auf Anfrage erh\u00e4ltlich. Packung bestehend aus Aramid und Kohlenstoff, die f\u00fcr Anwendungen bei drehenden Maschinen und wechselnden Pumpen eine hohe W\u00e4rmeleitf\u00e4higkeit bietet.<\/p>\n","protected":false},"excerpt":{"rendered":"<p>Sicherheit durch Aramid und Kohlenstoff. Lange Lebensdauer und Zuverl\u00e4ssigkeit.<\/p>\n","protected":false},"featured_media":3619,"comment_status":"closed","ping_status":"closed","template":"","meta":{"content-type":""},"product_cat":[993,1150],"product_tag":[],"yoast_head":"<!-- This site is optimized with the Yoast SEO plugin v22.1 - https:\/\/yoast.com\/wordpress\/plugins\/seo\/ -->\n<title>LATTYflon 4488 - LATTY<\/title>\n<meta name=\"robots\" content=\"index, follow, max-snippet:-1, max-image-preview:large, max-video-preview:-1\" \/>\n<link rel=\"canonical\" href=\"https:\/\/latty.com\/de\/produkte\/lattyflon-4488\/\" \/>\n<meta property=\"og:locale\" content=\"de_DE\" \/>\n<meta property=\"og:type\" content=\"article\" \/>\n<meta property=\"og:title\" content=\"LATTYflon 4488 - LATTY\" \/>\n<meta property=\"og:description\" content=\"Sicherheit durch Aramid und Kohlenstoff. Lange Lebensdauer und Zuverl\u00e4ssigkeit.\" \/>\n<meta property=\"og:url\" content=\"https:\/\/latty.com\/de\/produkte\/lattyflon-4488\/\" \/>\n<meta property=\"og:site_name\" content=\"GROUPE LATTY\" \/>\n<meta property=\"article:modified_time\" content=\"2022-07-18T09:56:18+00:00\" \/>\n<meta property=\"og:image\" content=\"https:\/\/latty.com\/wp-content\/uploads\/2019\/07\/2050LATTYflon4488.jpg\" \/>\n\t<meta property=\"og:image:width\" content=\"1080\" \/>\n\t<meta property=\"og:image:height\" content=\"720\" \/>\n\t<meta property=\"og:image:type\" content=\"image\/jpeg\" \/>\n<meta name=\"twitter:card\" content=\"summary_large_image\" \/>\n<script type=\"application\/ld+json\" class=\"yoast-schema-graph\">{\"@context\":\"https:\/\/schema.org\",\"@graph\":[{\"@type\":\"WebPage\",\"@id\":\"https:\/\/latty.com\/de\/produkte\/lattyflon-4488\/\",\"url\":\"https:\/\/latty.com\/de\/produkte\/lattyflon-4488\/\",\"name\":\"LATTYflon 4488 - LATTY\",\"isPartOf\":{\"@id\":\"https:\/\/latty.com\/de\/#website\"},\"datePublished\":\"2020-02-17T13:31:18+00:00\",\"dateModified\":\"2022-07-18T09:56:18+00:00\",\"breadcrumb\":{\"@id\":\"https:\/\/latty.com\/de\/produkte\/lattyflon-4488\/#breadcrumb\"},\"inLanguage\":\"de\",\"potentialAction\":[{\"@type\":\"ReadAction\",\"target\":[\"https:\/\/latty.com\/de\/produkte\/lattyflon-4488\/\"]}]},{\"@type\":\"BreadcrumbList\",\"@id\":\"https:\/\/latty.com\/de\/produkte\/lattyflon-4488\/#breadcrumb\",\"itemListElement\":[{\"@type\":\"ListItem\",\"position\":1,\"name\":\"WILLKOMMEN\",\"item\":\"https:\/\/latty.com\/de\/\"},{\"@type\":\"ListItem\",\"position\":2,\"name\":\"Shop\",\"item\":\"https:\/\/latty.com\/de\/shop\/\"},{\"@type\":\"ListItem\",\"position\":3,\"name\":\"Drehende maschinen\",\"item\":\"https:\/\/latty.com\/de\/categorie-produit\/drehende-maschinen\/\"},{\"@type\":\"ListItem\",\"position\":4,\"name\":\"Packungen\",\"item\":\"https:\/\/latty.com\/de\/categorie-produit\/drehende-maschinen\/packungen-drehende-maschinen\/\"},{\"@type\":\"ListItem\",\"position\":5,\"name\":\"LATTYflon 4488\"}]},{\"@type\":\"WebSite\",\"@id\":\"https:\/\/latty.com\/de\/#website\",\"url\":\"https:\/\/latty.com\/de\/\",\"name\":\"GROUPE LATTY\",\"description\":\"Industrial Sealing Solutions\",\"potentialAction\":[{\"@type\":\"SearchAction\",\"target\":{\"@type\":\"EntryPoint\",\"urlTemplate\":\"https:\/\/latty.com\/de\/?s={search_term_string}\"},\"query-input\":\"required name=search_term_string\"}],\"inLanguage\":\"de\"}]}<\/script>\n<!-- \/ Yoast SEO plugin. -->","yoast_head_json":{"title":"LATTYflon 4488 - LATTY","robots":{"index":"index","follow":"follow","max-snippet":"max-snippet:-1","max-image-preview":"max-image-preview:large","max-video-preview":"max-video-preview:-1"},"canonical":"https:\/\/latty.com\/de\/produkte\/lattyflon-4488\/","og_locale":"de_DE","og_type":"article","og_title":"LATTYflon 4488 - LATTY","og_description":"Sicherheit durch Aramid und Kohlenstoff. Lange Lebensdauer und Zuverl\u00e4ssigkeit.","og_url":"https:\/\/latty.com\/de\/produkte\/lattyflon-4488\/","og_site_name":"GROUPE LATTY","article_modified_time":"2022-07-18T09:56:18+00:00","og_image":[{"width":1080,"height":720,"url":"https:\/\/latty.com\/wp-content\/uploads\/2019\/07\/2050LATTYflon4488.jpg","type":"image\/jpeg"}],"twitter_card":"summary_large_image","schema":{"@context":"https:\/\/schema.org","@graph":[{"@type":"WebPage","@id":"https:\/\/latty.com\/de\/produkte\/lattyflon-4488\/","url":"https:\/\/latty.com\/de\/produkte\/lattyflon-4488\/","name":"LATTYflon 4488 - LATTY","isPartOf":{"@id":"https:\/\/latty.com\/de\/#website"},"datePublished":"2020-02-17T13:31:18+00:00","dateModified":"2022-07-18T09:56:18+00:00","breadcrumb":{"@id":"https:\/\/latty.com\/de\/produkte\/lattyflon-4488\/#breadcrumb"},"inLanguage":"de","potentialAction":[{"@type":"ReadAction","target":["https:\/\/latty.com\/de\/produkte\/lattyflon-4488\/"]}]},{"@type":"BreadcrumbList","@id":"https:\/\/latty.com\/de\/produkte\/lattyflon-4488\/#breadcrumb","itemListElement":[{"@type":"ListItem","position":1,"name":"WILLKOMMEN","item":"https:\/\/latty.com\/de\/"},{"@type":"ListItem","position":2,"name":"Shop","item":"https:\/\/latty.com\/de\/shop\/"},{"@type":"ListItem","position":3,"name":"Drehende maschinen","item":"https:\/\/latty.com\/de\/categorie-produit\/drehende-maschinen\/"},{"@type":"ListItem","position":4,"name":"Packungen","item":"https:\/\/latty.com\/de\/categorie-produit\/drehende-maschinen\/packungen-drehende-maschinen\/"},{"@type":"ListItem","position":5,"name":"LATTYflon 4488"}]},{"@type":"WebSite","@id":"https:\/\/latty.com\/de\/#website","url":"https:\/\/latty.com\/de\/","name":"GROUPE LATTY","description":"Industrial Sealing Solutions","potentialAction":[{"@type":"SearchAction","target":{"@type":"EntryPoint","urlTemplate":"https:\/\/latty.com\/de\/?s={search_term_string}"},"query-input":"required name=search_term_string"}],"inLanguage":"de"}]}},"_links":{"self":[{"href":"https:\/\/latty.com\/de\/wp-json\/wp\/v2\/product\/16773"}],"collection":[{"href":"https:\/\/latty.com\/de\/wp-json\/wp\/v2\/product"}],"about":[{"href":"https:\/\/latty.com\/de\/wp-json\/wp\/v2\/types\/product"}],"replies":[{"embeddable":true,"href":"https:\/\/latty.com\/de\/wp-json\/wp\/v2\/comments?post=16773"}],"wp:featuredmedia":[{"embeddable":true,"href":"https:\/\/latty.com\/de\/wp-json\/wp\/v2\/media\/3619"}],"wp:attachment":[{"href":"https:\/\/latty.com\/de\/wp-json\/wp\/v2\/media?parent=16773"}],"wp:term":[{"taxonomy":"product_cat","embeddable":true,"href":"https:\/\/latty.com\/de\/wp-json\/wp\/v2\/product_cat?post=16773"},{"taxonomy":"product_tag","embeddable":true,"href":"https:\/\/latty.com\/de\/wp-json\/wp\/v2\/product_tag?post=16773"}],"curies":[{"name":"wp","href":"https:\/\/api.w.org\/{rel}","templated":true}]}}