{"id":16771,"date":"2020-02-11T20:13:05","date_gmt":"2020-02-17T13:31:18","guid":{"rendered":"http:\/\/lattydev.s187705.cjcom04.atester.fr\/produit\/lattyflon-3265-lm\/"},"modified":"2022-07-18T14:54:26","modified_gmt":"2022-07-18T12:54:26","slug":"lattyflon-3265-lm","status":"publish","type":"product","link":"https:\/\/latty.com\/de\/produkte\/lattyflon-3265-lm\/","title":{"rendered":"LATTYflon 3265 LM"},"content":{"rendered":"<p>Packung bestehend aus einem geflochtenen Kern aus PTFE-impr\u00e4gnierten Kohlegarnen und einer Ummantelung aus geflochtenen, impr\u00e4gnierten und geschmierten PTFE-Garnen. Ihre elastische Verbundstruktur gew\u00e4hrleistet eine abdichtende Wirkung bei niedrigen Anzugsdrehmomenten, wobei reduzierter Bedienungsaufwand und besonders niedrige Hysterese ben\u00f6tigt werden, was zur beachtlich verbesserten Fl\u00fcssigkeitsregulierung f\u00fchrt. LATTYflon 3265LM enth\u00e4lt ein in einem exklusiven Verfahren entwickeltes Korrosionsschutzmittel, um der Ventilspindel, dem Stopfbuchsengeh\u00e4use und der Stopfbuchse unbegrenzten Schutz zu bieten. Gepresste Ringe auf Anfrage erh\u00e4ltlich. Sehr geringe Reibung, ideal f\u00fcr Regelventile.<\/p>\n","protected":false},"excerpt":{"rendered":"<p>Die Packung, die eher rutscht als reibt,<\/p>\n","protected":false},"featured_media":4071,"comment_status":"closed","ping_status":"closed","template":"","meta":{"content-type":""},"product_cat":[1020,1225],"product_tag":[],"yoast_head":"<!-- This site is optimized with the Yoast SEO plugin v22.1 - https:\/\/yoast.com\/wordpress\/plugins\/seo\/ -->\n<title>LATTYflon 3265 LM - LATTY<\/title>\n<meta name=\"robots\" content=\"index, follow, max-snippet:-1, max-image-preview:large, max-video-preview:-1\" \/>\n<link rel=\"canonical\" href=\"https:\/\/latty.com\/de\/produkte\/lattyflon-3265-lm\/\" \/>\n<meta property=\"og:locale\" content=\"de_DE\" \/>\n<meta property=\"og:type\" content=\"article\" \/>\n<meta property=\"og:title\" content=\"LATTYflon 3265 LM - LATTY\" \/>\n<meta property=\"og:description\" content=\"Die Packung, die eher rutscht als reibt,\" \/>\n<meta property=\"og:url\" content=\"https:\/\/latty.com\/de\/produkte\/lattyflon-3265-lm\/\" \/>\n<meta property=\"og:site_name\" content=\"GROUPE LATTY\" \/>\n<meta property=\"article:modified_time\" content=\"2022-07-18T12:54:26+00:00\" \/>\n<meta property=\"og:image\" content=\"https:\/\/latty.com\/wp-content\/uploads\/2019\/07\/3080LATTYflon3265LM.jpg\" \/>\n\t<meta property=\"og:image:width\" content=\"1080\" \/>\n\t<meta property=\"og:image:height\" content=\"720\" \/>\n\t<meta property=\"og:image:type\" content=\"image\/jpeg\" \/>\n<meta name=\"twitter:card\" content=\"summary_large_image\" \/>\n<script type=\"application\/ld+json\" class=\"yoast-schema-graph\">{\"@context\":\"https:\/\/schema.org\",\"@graph\":[{\"@type\":\"WebPage\",\"@id\":\"https:\/\/latty.com\/de\/produkte\/lattyflon-3265-lm\/\",\"url\":\"https:\/\/latty.com\/de\/produkte\/lattyflon-3265-lm\/\",\"name\":\"LATTYflon 3265 LM - LATTY\",\"isPartOf\":{\"@id\":\"https:\/\/latty.com\/de\/#website\"},\"datePublished\":\"2020-02-17T13:31:18+00:00\",\"dateModified\":\"2022-07-18T12:54:26+00:00\",\"breadcrumb\":{\"@id\":\"https:\/\/latty.com\/de\/produkte\/lattyflon-3265-lm\/#breadcrumb\"},\"inLanguage\":\"de\",\"potentialAction\":[{\"@type\":\"ReadAction\",\"target\":[\"https:\/\/latty.com\/de\/produkte\/lattyflon-3265-lm\/\"]}]},{\"@type\":\"BreadcrumbList\",\"@id\":\"https:\/\/latty.com\/de\/produkte\/lattyflon-3265-lm\/#breadcrumb\",\"itemListElement\":[{\"@type\":\"ListItem\",\"position\":1,\"name\":\"WILLKOMMEN\",\"item\":\"https:\/\/latty.com\/de\/\"},{\"@type\":\"ListItem\",\"position\":2,\"name\":\"Shop\",\"item\":\"https:\/\/latty.com\/de\/shop\/\"},{\"@type\":\"ListItem\",\"position\":3,\"name\":\"Armaturen\",\"item\":\"https:\/\/latty.com\/de\/categorie-produit\/armaturen\/\"},{\"@type\":\"ListItem\",\"position\":4,\"name\":\"Packings or Rings\",\"item\":\"https:\/\/latty.com\/de\/categorie-produit\/armaturen\/packings-or-rings-armaturen\/\"},{\"@type\":\"ListItem\",\"position\":5,\"name\":\"LATTYflon 3265 LM\"}]},{\"@type\":\"WebSite\",\"@id\":\"https:\/\/latty.com\/de\/#website\",\"url\":\"https:\/\/latty.com\/de\/\",\"name\":\"GROUPE LATTY\",\"description\":\"Industrial Sealing Solutions\",\"potentialAction\":[{\"@type\":\"SearchAction\",\"target\":{\"@type\":\"EntryPoint\",\"urlTemplate\":\"https:\/\/latty.com\/de\/?s={search_term_string}\"},\"query-input\":\"required name=search_term_string\"}],\"inLanguage\":\"de\"}]}<\/script>\n<!-- \/ Yoast SEO plugin. -->","yoast_head_json":{"title":"LATTYflon 3265 LM - LATTY","robots":{"index":"index","follow":"follow","max-snippet":"max-snippet:-1","max-image-preview":"max-image-preview:large","max-video-preview":"max-video-preview:-1"},"canonical":"https:\/\/latty.com\/de\/produkte\/lattyflon-3265-lm\/","og_locale":"de_DE","og_type":"article","og_title":"LATTYflon 3265 LM - LATTY","og_description":"Die Packung, die eher rutscht als reibt,","og_url":"https:\/\/latty.com\/de\/produkte\/lattyflon-3265-lm\/","og_site_name":"GROUPE LATTY","article_modified_time":"2022-07-18T12:54:26+00:00","og_image":[{"width":1080,"height":720,"url":"https:\/\/latty.com\/wp-content\/uploads\/2019\/07\/3080LATTYflon3265LM.jpg","type":"image\/jpeg"}],"twitter_card":"summary_large_image","schema":{"@context":"https:\/\/schema.org","@graph":[{"@type":"WebPage","@id":"https:\/\/latty.com\/de\/produkte\/lattyflon-3265-lm\/","url":"https:\/\/latty.com\/de\/produkte\/lattyflon-3265-lm\/","name":"LATTYflon 3265 LM - LATTY","isPartOf":{"@id":"https:\/\/latty.com\/de\/#website"},"datePublished":"2020-02-17T13:31:18+00:00","dateModified":"2022-07-18T12:54:26+00:00","breadcrumb":{"@id":"https:\/\/latty.com\/de\/produkte\/lattyflon-3265-lm\/#breadcrumb"},"inLanguage":"de","potentialAction":[{"@type":"ReadAction","target":["https:\/\/latty.com\/de\/produkte\/lattyflon-3265-lm\/"]}]},{"@type":"BreadcrumbList","@id":"https:\/\/latty.com\/de\/produkte\/lattyflon-3265-lm\/#breadcrumb","itemListElement":[{"@type":"ListItem","position":1,"name":"WILLKOMMEN","item":"https:\/\/latty.com\/de\/"},{"@type":"ListItem","position":2,"name":"Shop","item":"https:\/\/latty.com\/de\/shop\/"},{"@type":"ListItem","position":3,"name":"Armaturen","item":"https:\/\/latty.com\/de\/categorie-produit\/armaturen\/"},{"@type":"ListItem","position":4,"name":"Packings or Rings","item":"https:\/\/latty.com\/de\/categorie-produit\/armaturen\/packings-or-rings-armaturen\/"},{"@type":"ListItem","position":5,"name":"LATTYflon 3265 LM"}]},{"@type":"WebSite","@id":"https:\/\/latty.com\/de\/#website","url":"https:\/\/latty.com\/de\/","name":"GROUPE LATTY","description":"Industrial Sealing Solutions","potentialAction":[{"@type":"SearchAction","target":{"@type":"EntryPoint","urlTemplate":"https:\/\/latty.com\/de\/?s={search_term_string}"},"query-input":"required name=search_term_string"}],"inLanguage":"de"}]}},"_links":{"self":[{"href":"https:\/\/latty.com\/de\/wp-json\/wp\/v2\/product\/16771"}],"collection":[{"href":"https:\/\/latty.com\/de\/wp-json\/wp\/v2\/product"}],"about":[{"href":"https:\/\/latty.com\/de\/wp-json\/wp\/v2\/types\/product"}],"replies":[{"embeddable":true,"href":"https:\/\/latty.com\/de\/wp-json\/wp\/v2\/comments?post=16771"}],"wp:featuredmedia":[{"embeddable":true,"href":"https:\/\/latty.com\/de\/wp-json\/wp\/v2\/media\/4071"}],"wp:attachment":[{"href":"https:\/\/latty.com\/de\/wp-json\/wp\/v2\/media?parent=16771"}],"wp:term":[{"taxonomy":"product_cat","embeddable":true,"href":"https:\/\/latty.com\/de\/wp-json\/wp\/v2\/product_cat?post=16771"},{"taxonomy":"product_tag","embeddable":true,"href":"https:\/\/latty.com\/de\/wp-json\/wp\/v2\/product_tag?post=16771"}],"curies":[{"name":"wp","href":"https:\/\/api.w.org\/{rel}","templated":true}]}}