{"id":16764,"date":"2020-02-11T20:13:05","date_gmt":"2020-02-17T13:31:18","guid":{"rendered":"http:\/\/lattydev.s187705.cjcom04.atester.fr\/produit\/lattyflon-3206-al\/"},"modified":"2025-10-16T13:39:01","modified_gmt":"2025-10-16T11:39:01","slug":"lattyflon-3206-al","status":"publish","type":"product","link":"https:\/\/latty.com\/de\/produkte\/lattyflon-3206-al\/","title":{"rendered":"LATTYflon 3206 AL"},"content":{"rendered":"<p>Packung bestehend aus 100% reinen PTFE-Seidengarnen, welche nach unserem exklusiven &#8220;Filcoat-Verfahren&#8221; mit PTFE impr\u00e4gniert und beim Flechtvorgang mit einer Mischung von PTFE und einem lebensmittelechten Silikonschmiermittel zus\u00e4tzlich impr\u00e4gniert werden.  Gepresste Ringe auf Anfrage erh\u00e4ltlich. Lebensmittelechtheit bei dynamischen Anwendungen, mit der chemischen PTFE-Inertanz.<\/p>\n","protected":false},"excerpt":{"rendered":"<p>Die chemische Tr\u00e4gheit des PTFE.<\/p>\n","protected":false},"featured_media":4283,"comment_status":"closed","ping_status":"closed","template":"","meta":{"content-type":""},"product_cat":[993,1150],"product_tag":[],"yoast_head":"<!-- This site is optimized with the Yoast SEO plugin v22.1 - https:\/\/yoast.com\/wordpress\/plugins\/seo\/ -->\n<title>LATTYflon 3206 AL - LATTY<\/title>\n<meta name=\"robots\" content=\"index, follow, max-snippet:-1, max-image-preview:large, max-video-preview:-1\" \/>\n<link rel=\"canonical\" href=\"https:\/\/latty.com\/de\/produkte\/lattyflon-3206-al\/\" \/>\n<meta property=\"og:locale\" content=\"de_DE\" \/>\n<meta property=\"og:type\" content=\"article\" \/>\n<meta property=\"og:title\" content=\"LATTYflon 3206 AL - LATTY\" \/>\n<meta property=\"og:description\" content=\"Die chemische Tr\u00e4gheit des PTFE.\" \/>\n<meta property=\"og:url\" content=\"https:\/\/latty.com\/de\/produkte\/lattyflon-3206-al\/\" \/>\n<meta property=\"og:site_name\" content=\"GROUPE LATTY\" \/>\n<meta property=\"article:modified_time\" content=\"2025-10-16T11:39:01+00:00\" \/>\n<meta property=\"og:image\" content=\"https:\/\/latty.com\/wp-content\/uploads\/2019\/07\/2160LATTYflon3206AL.jpg\" \/>\n\t<meta property=\"og:image:width\" content=\"1080\" \/>\n\t<meta property=\"og:image:height\" content=\"720\" \/>\n\t<meta property=\"og:image:type\" content=\"image\/jpeg\" \/>\n<meta name=\"twitter:card\" content=\"summary_large_image\" \/>\n<meta name=\"twitter:label1\" content=\"Gesch\u00e4tzte Lesezeit\" \/>\n\t<meta name=\"twitter:data1\" content=\"1\u00a0Minute\" \/>\n<script type=\"application\/ld+json\" class=\"yoast-schema-graph\">{\"@context\":\"https:\/\/schema.org\",\"@graph\":[{\"@type\":\"WebPage\",\"@id\":\"https:\/\/latty.com\/de\/produkte\/lattyflon-3206-al\/\",\"url\":\"https:\/\/latty.com\/de\/produkte\/lattyflon-3206-al\/\",\"name\":\"LATTYflon 3206 AL - LATTY\",\"isPartOf\":{\"@id\":\"https:\/\/latty.com\/de\/#website\"},\"datePublished\":\"2020-02-17T13:31:18+00:00\",\"dateModified\":\"2025-10-16T11:39:01+00:00\",\"breadcrumb\":{\"@id\":\"https:\/\/latty.com\/de\/produkte\/lattyflon-3206-al\/#breadcrumb\"},\"inLanguage\":\"de\",\"potentialAction\":[{\"@type\":\"ReadAction\",\"target\":[\"https:\/\/latty.com\/de\/produkte\/lattyflon-3206-al\/\"]}]},{\"@type\":\"BreadcrumbList\",\"@id\":\"https:\/\/latty.com\/de\/produkte\/lattyflon-3206-al\/#breadcrumb\",\"itemListElement\":[{\"@type\":\"ListItem\",\"position\":1,\"name\":\"WILLKOMMEN\",\"item\":\"https:\/\/latty.com\/de\/\"},{\"@type\":\"ListItem\",\"position\":2,\"name\":\"Shop\",\"item\":\"https:\/\/latty.com\/de\/shop\/\"},{\"@type\":\"ListItem\",\"position\":3,\"name\":\"Drehende maschinen\",\"item\":\"https:\/\/latty.com\/de\/categorie-produit\/drehende-maschinen\/\"},{\"@type\":\"ListItem\",\"position\":4,\"name\":\"Packungen\",\"item\":\"https:\/\/latty.com\/de\/categorie-produit\/drehende-maschinen\/packungen-drehende-maschinen\/\"},{\"@type\":\"ListItem\",\"position\":5,\"name\":\"LATTYflon 3206 AL\"}]},{\"@type\":\"WebSite\",\"@id\":\"https:\/\/latty.com\/de\/#website\",\"url\":\"https:\/\/latty.com\/de\/\",\"name\":\"GROUPE LATTY\",\"description\":\"Industrial Sealing Solutions\",\"potentialAction\":[{\"@type\":\"SearchAction\",\"target\":{\"@type\":\"EntryPoint\",\"urlTemplate\":\"https:\/\/latty.com\/de\/?s={search_term_string}\"},\"query-input\":\"required name=search_term_string\"}],\"inLanguage\":\"de\"}]}<\/script>\n<!-- \/ Yoast SEO plugin. -->","yoast_head_json":{"title":"LATTYflon 3206 AL - LATTY","robots":{"index":"index","follow":"follow","max-snippet":"max-snippet:-1","max-image-preview":"max-image-preview:large","max-video-preview":"max-video-preview:-1"},"canonical":"https:\/\/latty.com\/de\/produkte\/lattyflon-3206-al\/","og_locale":"de_DE","og_type":"article","og_title":"LATTYflon 3206 AL - LATTY","og_description":"Die chemische Tr\u00e4gheit des PTFE.","og_url":"https:\/\/latty.com\/de\/produkte\/lattyflon-3206-al\/","og_site_name":"GROUPE LATTY","article_modified_time":"2025-10-16T11:39:01+00:00","og_image":[{"width":1080,"height":720,"url":"https:\/\/latty.com\/wp-content\/uploads\/2019\/07\/2160LATTYflon3206AL.jpg","type":"image\/jpeg"}],"twitter_card":"summary_large_image","twitter_misc":{"Gesch\u00e4tzte Lesezeit":"1\u00a0Minute"},"schema":{"@context":"https:\/\/schema.org","@graph":[{"@type":"WebPage","@id":"https:\/\/latty.com\/de\/produkte\/lattyflon-3206-al\/","url":"https:\/\/latty.com\/de\/produkte\/lattyflon-3206-al\/","name":"LATTYflon 3206 AL - LATTY","isPartOf":{"@id":"https:\/\/latty.com\/de\/#website"},"datePublished":"2020-02-17T13:31:18+00:00","dateModified":"2025-10-16T11:39:01+00:00","breadcrumb":{"@id":"https:\/\/latty.com\/de\/produkte\/lattyflon-3206-al\/#breadcrumb"},"inLanguage":"de","potentialAction":[{"@type":"ReadAction","target":["https:\/\/latty.com\/de\/produkte\/lattyflon-3206-al\/"]}]},{"@type":"BreadcrumbList","@id":"https:\/\/latty.com\/de\/produkte\/lattyflon-3206-al\/#breadcrumb","itemListElement":[{"@type":"ListItem","position":1,"name":"WILLKOMMEN","item":"https:\/\/latty.com\/de\/"},{"@type":"ListItem","position":2,"name":"Shop","item":"https:\/\/latty.com\/de\/shop\/"},{"@type":"ListItem","position":3,"name":"Drehende maschinen","item":"https:\/\/latty.com\/de\/categorie-produit\/drehende-maschinen\/"},{"@type":"ListItem","position":4,"name":"Packungen","item":"https:\/\/latty.com\/de\/categorie-produit\/drehende-maschinen\/packungen-drehende-maschinen\/"},{"@type":"ListItem","position":5,"name":"LATTYflon 3206 AL"}]},{"@type":"WebSite","@id":"https:\/\/latty.com\/de\/#website","url":"https:\/\/latty.com\/de\/","name":"GROUPE LATTY","description":"Industrial Sealing Solutions","potentialAction":[{"@type":"SearchAction","target":{"@type":"EntryPoint","urlTemplate":"https:\/\/latty.com\/de\/?s={search_term_string}"},"query-input":"required name=search_term_string"}],"inLanguage":"de"}]}},"_links":{"self":[{"href":"https:\/\/latty.com\/de\/wp-json\/wp\/v2\/product\/16764"}],"collection":[{"href":"https:\/\/latty.com\/de\/wp-json\/wp\/v2\/product"}],"about":[{"href":"https:\/\/latty.com\/de\/wp-json\/wp\/v2\/types\/product"}],"replies":[{"embeddable":true,"href":"https:\/\/latty.com\/de\/wp-json\/wp\/v2\/comments?post=16764"}],"wp:featuredmedia":[{"embeddable":true,"href":"https:\/\/latty.com\/de\/wp-json\/wp\/v2\/media\/4283"}],"wp:attachment":[{"href":"https:\/\/latty.com\/de\/wp-json\/wp\/v2\/media?parent=16764"}],"wp:term":[{"taxonomy":"product_cat","embeddable":true,"href":"https:\/\/latty.com\/de\/wp-json\/wp\/v2\/product_cat?post=16764"},{"taxonomy":"product_tag","embeddable":true,"href":"https:\/\/latty.com\/de\/wp-json\/wp\/v2\/product_tag?post=16764"}],"curies":[{"name":"wp","href":"https:\/\/api.w.org\/{rel}","templated":true}]}}