{"id":16753,"date":"2020-02-11T20:12:56","date_gmt":"2020-02-17T13:30:57","guid":{"rendered":"http:\/\/lattydev.s187705.cjcom04.atester.fr\/produit\/lattycarb-96-g2f\/"},"modified":"2020-07-01T12:00:31","modified_gmt":"2020-07-01T10:00:31","slug":"lattycarb-96-g2f","status":"publish","type":"product","link":"https:\/\/latty.com\/de\/produkte\/lattycarb-96-g2f\/","title":{"rendered":"LATTYcarb 96 G2F"},"content":{"rendered":"<p>Die auf LATTYcarb 96 angewandte Antihaftbehandlung wird durch LATTYcarb 96 G2F ersetzt, deren spezieller Graphit\u00fcberzug auf beiden Seiten  eine \u00e4u\u00dferst schnelle Demontage erlaubt und die Korrosionsrisiken beim Flansch  vermindert. Einschr\u00e4nkung: bei sehr korrosiven Medien werden die Dichtungen LATTYgold 5 ACID empfohlen.  Allzweckdichtung bestehend aus Aramid\/Kohlenstoff, f\u00fcr alle Industrien, mit Antihaftbehandlung.<\/p>\n","protected":false},"excerpt":{"rendered":"<p>Eine geschmeidige Platte aus Kohlenstoff, die man leicht schneiden kann.<\/p>\n","protected":false},"featured_media":4231,"comment_status":"closed","ping_status":"closed","template":"","meta":{"content-type":""},"product_cat":[991,1186],"product_tag":[],"yoast_head":"<!-- This site is optimized with the Yoast SEO plugin v22.1 - https:\/\/yoast.com\/wordpress\/plugins\/seo\/ -->\n<title>LATTYcarb 96 G2F - LATTY<\/title>\n<meta name=\"robots\" content=\"index, follow, max-snippet:-1, max-image-preview:large, max-video-preview:-1\" \/>\n<link rel=\"canonical\" href=\"https:\/\/latty.com\/de\/produkte\/lattycarb-96-g2f\/\" \/>\n<meta property=\"og:locale\" content=\"de_DE\" \/>\n<meta property=\"og:type\" content=\"article\" \/>\n<meta property=\"og:title\" content=\"LATTYcarb 96 G2F - LATTY\" \/>\n<meta property=\"og:description\" content=\"Eine geschmeidige Platte aus Kohlenstoff, die man leicht schneiden kann.\" \/>\n<meta property=\"og:url\" content=\"https:\/\/latty.com\/de\/produkte\/lattycarb-96-g2f\/\" \/>\n<meta property=\"og:site_name\" content=\"GROUPE LATTY\" \/>\n<meta property=\"article:modified_time\" content=\"2020-07-01T10:00:31+00:00\" \/>\n<meta property=\"og:image\" content=\"https:\/\/latty.com\/wp-content\/uploads\/2019\/07\/2320LATTYcarb96G2F.jpg\" \/>\n\t<meta property=\"og:image:width\" content=\"1080\" \/>\n\t<meta property=\"og:image:height\" content=\"720\" \/>\n\t<meta property=\"og:image:type\" content=\"image\/jpeg\" \/>\n<meta name=\"twitter:card\" content=\"summary_large_image\" \/>\n<script type=\"application\/ld+json\" class=\"yoast-schema-graph\">{\"@context\":\"https:\/\/schema.org\",\"@graph\":[{\"@type\":\"WebPage\",\"@id\":\"https:\/\/latty.com\/de\/produkte\/lattycarb-96-g2f\/\",\"url\":\"https:\/\/latty.com\/de\/produkte\/lattycarb-96-g2f\/\",\"name\":\"LATTYcarb 96 G2F - LATTY\",\"isPartOf\":{\"@id\":\"https:\/\/latty.com\/de\/#website\"},\"datePublished\":\"2020-02-17T13:30:57+00:00\",\"dateModified\":\"2020-07-01T10:00:31+00:00\",\"breadcrumb\":{\"@id\":\"https:\/\/latty.com\/de\/produkte\/lattycarb-96-g2f\/#breadcrumb\"},\"inLanguage\":\"de\",\"potentialAction\":[{\"@type\":\"ReadAction\",\"target\":[\"https:\/\/latty.com\/de\/produkte\/lattycarb-96-g2f\/\"]}]},{\"@type\":\"BreadcrumbList\",\"@id\":\"https:\/\/latty.com\/de\/produkte\/lattycarb-96-g2f\/#breadcrumb\",\"itemListElement\":[{\"@type\":\"ListItem\",\"position\":1,\"name\":\"WILLKOMMEN\",\"item\":\"https:\/\/latty.com\/de\/\"},{\"@type\":\"ListItem\",\"position\":2,\"name\":\"Shop\",\"item\":\"https:\/\/latty.com\/de\/shop\/\"},{\"@type\":\"ListItem\",\"position\":3,\"name\":\"Statische Dichtungen\",\"item\":\"https:\/\/latty.com\/de\/categorie-produit\/statische-dichtungen\/\"},{\"@type\":\"ListItem\",\"position\":4,\"name\":\"Statische Dichtungen\",\"item\":\"https:\/\/latty.com\/de\/categorie-produit\/statische-dichtungen\/statische-dichtungen-statische-dichtungen\/\"},{\"@type\":\"ListItem\",\"position\":5,\"name\":\"LATTYcarb 96 G2F\"}]},{\"@type\":\"WebSite\",\"@id\":\"https:\/\/latty.com\/de\/#website\",\"url\":\"https:\/\/latty.com\/de\/\",\"name\":\"GROUPE LATTY\",\"description\":\"Industrial Sealing Solutions\",\"potentialAction\":[{\"@type\":\"SearchAction\",\"target\":{\"@type\":\"EntryPoint\",\"urlTemplate\":\"https:\/\/latty.com\/de\/?s={search_term_string}\"},\"query-input\":\"required name=search_term_string\"}],\"inLanguage\":\"de\"}]}<\/script>\n<!-- \/ Yoast SEO plugin. -->","yoast_head_json":{"title":"LATTYcarb 96 G2F - LATTY","robots":{"index":"index","follow":"follow","max-snippet":"max-snippet:-1","max-image-preview":"max-image-preview:large","max-video-preview":"max-video-preview:-1"},"canonical":"https:\/\/latty.com\/de\/produkte\/lattycarb-96-g2f\/","og_locale":"de_DE","og_type":"article","og_title":"LATTYcarb 96 G2F - LATTY","og_description":"Eine geschmeidige Platte aus Kohlenstoff, die man leicht schneiden kann.","og_url":"https:\/\/latty.com\/de\/produkte\/lattycarb-96-g2f\/","og_site_name":"GROUPE LATTY","article_modified_time":"2020-07-01T10:00:31+00:00","og_image":[{"width":1080,"height":720,"url":"https:\/\/latty.com\/wp-content\/uploads\/2019\/07\/2320LATTYcarb96G2F.jpg","type":"image\/jpeg"}],"twitter_card":"summary_large_image","schema":{"@context":"https:\/\/schema.org","@graph":[{"@type":"WebPage","@id":"https:\/\/latty.com\/de\/produkte\/lattycarb-96-g2f\/","url":"https:\/\/latty.com\/de\/produkte\/lattycarb-96-g2f\/","name":"LATTYcarb 96 G2F - LATTY","isPartOf":{"@id":"https:\/\/latty.com\/de\/#website"},"datePublished":"2020-02-17T13:30:57+00:00","dateModified":"2020-07-01T10:00:31+00:00","breadcrumb":{"@id":"https:\/\/latty.com\/de\/produkte\/lattycarb-96-g2f\/#breadcrumb"},"inLanguage":"de","potentialAction":[{"@type":"ReadAction","target":["https:\/\/latty.com\/de\/produkte\/lattycarb-96-g2f\/"]}]},{"@type":"BreadcrumbList","@id":"https:\/\/latty.com\/de\/produkte\/lattycarb-96-g2f\/#breadcrumb","itemListElement":[{"@type":"ListItem","position":1,"name":"WILLKOMMEN","item":"https:\/\/latty.com\/de\/"},{"@type":"ListItem","position":2,"name":"Shop","item":"https:\/\/latty.com\/de\/shop\/"},{"@type":"ListItem","position":3,"name":"Statische Dichtungen","item":"https:\/\/latty.com\/de\/categorie-produit\/statische-dichtungen\/"},{"@type":"ListItem","position":4,"name":"Statische Dichtungen","item":"https:\/\/latty.com\/de\/categorie-produit\/statische-dichtungen\/statische-dichtungen-statische-dichtungen\/"},{"@type":"ListItem","position":5,"name":"LATTYcarb 96 G2F"}]},{"@type":"WebSite","@id":"https:\/\/latty.com\/de\/#website","url":"https:\/\/latty.com\/de\/","name":"GROUPE LATTY","description":"Industrial Sealing Solutions","potentialAction":[{"@type":"SearchAction","target":{"@type":"EntryPoint","urlTemplate":"https:\/\/latty.com\/de\/?s={search_term_string}"},"query-input":"required name=search_term_string"}],"inLanguage":"de"}]}},"_links":{"self":[{"href":"https:\/\/latty.com\/de\/wp-json\/wp\/v2\/product\/16753"}],"collection":[{"href":"https:\/\/latty.com\/de\/wp-json\/wp\/v2\/product"}],"about":[{"href":"https:\/\/latty.com\/de\/wp-json\/wp\/v2\/types\/product"}],"replies":[{"embeddable":true,"href":"https:\/\/latty.com\/de\/wp-json\/wp\/v2\/comments?post=16753"}],"wp:featuredmedia":[{"embeddable":true,"href":"https:\/\/latty.com\/de\/wp-json\/wp\/v2\/media\/4231"}],"wp:attachment":[{"href":"https:\/\/latty.com\/de\/wp-json\/wp\/v2\/media?parent=16753"}],"wp:term":[{"taxonomy":"product_cat","embeddable":true,"href":"https:\/\/latty.com\/de\/wp-json\/wp\/v2\/product_cat?post=16753"},{"taxonomy":"product_tag","embeddable":true,"href":"https:\/\/latty.com\/de\/wp-json\/wp\/v2\/product_tag?post=16753"}],"curies":[{"name":"wp","href":"https:\/\/api.w.org\/{rel}","templated":true}]}}