{"id":16750,"date":"2020-02-11T20:12:56","date_gmt":"2020-02-17T13:30:57","guid":{"rendered":"http:\/\/lattydev.s187705.cjcom04.atester.fr\/produit\/latty-lls\/"},"modified":"2024-12-10T11:01:13","modified_gmt":"2024-12-10T10:01:13","slug":"latty-lls","status":"publish","type":"product","link":"https:\/\/latty.com\/de\/produkte\/latty-lls\/","title":{"rendered":"LATTY LLS : LIVE LOADING SYSTEM"},"content":{"rendered":"<p>Dieses ma\u00dfgeschneiderte System gew\u00e4hrleistet einen kontinuierlich kontrollierten Spanndruck: Garant f\u00fcr Sicherheit und Zuverl\u00e4ssigkeit.\u00a0Die Ventilspindel-Dichtungen LATTY LLS sind so konstruiert, dass sie eine konstante Anpresskraft auf die Packungsringe aufrechterhalten, unabh\u00e4ngig von der Abnutzung der Ringe und den wechselnden Betriebsbedingungen.\u00a0Auf diese Weise gew\u00e4hrleisten die LATTY LLS eine optimale Abdichtung unter allen Bedingungen. Dank ihrer anwendungsspezifischen Konstruktion bieten diese ma\u00dfgeschneiderten Systeme zuverl\u00e4ssige Stopfbuchsen, reduzieren die Wartungskosten und verbessern die Sicherheit und Effizienz von Industrieanlagen. Die in unseren Produktionsst\u00e4tten entwickelten und gefertigten Systeme sind gebrauchsfertige L\u00f6sungen, die weder Spezialwerkzeuge noch Schulungen erfordern.<\/p>\n<p>LATTY LLS Systeme sind die ideale L\u00f6sung f\u00fcr einen sicheren, effizienten und kosteng\u00fcnstigen Industriebetrieb.<\/p>\n","protected":false},"excerpt":{"rendered":"<p>VENTILSPINDEL-DICHTUNGEN<\/p>\n","protected":false},"featured_media":32344,"comment_status":"closed","ping_status":"closed","template":"","meta":{"content-type":""},"product_cat":[1021],"product_tag":[],"yoast_head":"<!-- This site is optimized with the Yoast SEO plugin v22.1 - https:\/\/yoast.com\/wordpress\/plugins\/seo\/ -->\n<title>LATTY LLS : LIVE LOADING SYSTEM - LATTY<\/title>\n<meta name=\"robots\" content=\"index, follow, max-snippet:-1, max-image-preview:large, max-video-preview:-1\" \/>\n<link rel=\"canonical\" href=\"https:\/\/latty.com\/de\/produkte\/latty-lls\/\" \/>\n<meta property=\"og:locale\" content=\"de_DE\" \/>\n<meta property=\"og:type\" content=\"article\" \/>\n<meta property=\"og:title\" content=\"LATTY LLS : LIVE LOADING SYSTEM - LATTY\" \/>\n<meta property=\"og:description\" content=\"VENTILSPINDEL-DICHTUNGEN\" \/>\n<meta property=\"og:url\" content=\"https:\/\/latty.com\/de\/produkte\/latty-lls\/\" \/>\n<meta property=\"og:site_name\" content=\"GROUPE LATTY\" \/>\n<meta property=\"article:modified_time\" content=\"2024-12-10T10:01:13+00:00\" \/>\n<meta property=\"og:image\" content=\"https:\/\/latty.com\/wp-content\/uploads\/2020\/02\/LATTY-LLS.jpg\" \/>\n\t<meta property=\"og:image:width\" content=\"716\" \/>\n\t<meta property=\"og:image:height\" content=\"478\" \/>\n\t<meta property=\"og:image:type\" content=\"image\/jpeg\" \/>\n<meta name=\"twitter:card\" content=\"summary_large_image\" \/>\n<meta name=\"twitter:label1\" content=\"Gesch\u00e4tzte Lesezeit\" \/>\n\t<meta name=\"twitter:data1\" content=\"1\u00a0Minute\" \/>\n<script type=\"application\/ld+json\" class=\"yoast-schema-graph\">{\"@context\":\"https:\/\/schema.org\",\"@graph\":[{\"@type\":\"WebPage\",\"@id\":\"https:\/\/latty.com\/de\/produkte\/latty-lls\/\",\"url\":\"https:\/\/latty.com\/de\/produkte\/latty-lls\/\",\"name\":\"LATTY LLS : LIVE LOADING SYSTEM - LATTY\",\"isPartOf\":{\"@id\":\"https:\/\/latty.com\/de\/#website\"},\"datePublished\":\"2020-02-17T13:30:57+00:00\",\"dateModified\":\"2024-12-10T10:01:13+00:00\",\"breadcrumb\":{\"@id\":\"https:\/\/latty.com\/de\/produkte\/latty-lls\/#breadcrumb\"},\"inLanguage\":\"de\",\"potentialAction\":[{\"@type\":\"ReadAction\",\"target\":[\"https:\/\/latty.com\/de\/produkte\/latty-lls\/\"]}]},{\"@type\":\"BreadcrumbList\",\"@id\":\"https:\/\/latty.com\/de\/produkte\/latty-lls\/#breadcrumb\",\"itemListElement\":[{\"@type\":\"ListItem\",\"position\":1,\"name\":\"WILLKOMMEN\",\"item\":\"https:\/\/latty.com\/de\/\"},{\"@type\":\"ListItem\",\"position\":2,\"name\":\"Shop\",\"item\":\"https:\/\/latty.com\/de\/shop\/\"},{\"@type\":\"ListItem\",\"position\":3,\"name\":\"Werkzeuge und zubeh\u00f6r\",\"item\":\"https:\/\/latty.com\/de\/categorie-produit\/werkzeuge-und-zubehor\/\"},{\"@type\":\"ListItem\",\"position\":4,\"name\":\"LATTY LLS : LIVE LOADING SYSTEM\"}]},{\"@type\":\"WebSite\",\"@id\":\"https:\/\/latty.com\/de\/#website\",\"url\":\"https:\/\/latty.com\/de\/\",\"name\":\"GROUPE LATTY\",\"description\":\"Industrial Sealing Solutions\",\"potentialAction\":[{\"@type\":\"SearchAction\",\"target\":{\"@type\":\"EntryPoint\",\"urlTemplate\":\"https:\/\/latty.com\/de\/?s={search_term_string}\"},\"query-input\":\"required name=search_term_string\"}],\"inLanguage\":\"de\"}]}<\/script>\n<!-- \/ Yoast SEO plugin. -->","yoast_head_json":{"title":"LATTY LLS : LIVE LOADING SYSTEM - LATTY","robots":{"index":"index","follow":"follow","max-snippet":"max-snippet:-1","max-image-preview":"max-image-preview:large","max-video-preview":"max-video-preview:-1"},"canonical":"https:\/\/latty.com\/de\/produkte\/latty-lls\/","og_locale":"de_DE","og_type":"article","og_title":"LATTY LLS : LIVE LOADING SYSTEM - LATTY","og_description":"VENTILSPINDEL-DICHTUNGEN","og_url":"https:\/\/latty.com\/de\/produkte\/latty-lls\/","og_site_name":"GROUPE LATTY","article_modified_time":"2024-12-10T10:01:13+00:00","og_image":[{"width":716,"height":478,"url":"https:\/\/latty.com\/wp-content\/uploads\/2020\/02\/LATTY-LLS.jpg","type":"image\/jpeg"}],"twitter_card":"summary_large_image","twitter_misc":{"Gesch\u00e4tzte Lesezeit":"1\u00a0Minute"},"schema":{"@context":"https:\/\/schema.org","@graph":[{"@type":"WebPage","@id":"https:\/\/latty.com\/de\/produkte\/latty-lls\/","url":"https:\/\/latty.com\/de\/produkte\/latty-lls\/","name":"LATTY LLS : LIVE LOADING SYSTEM - LATTY","isPartOf":{"@id":"https:\/\/latty.com\/de\/#website"},"datePublished":"2020-02-17T13:30:57+00:00","dateModified":"2024-12-10T10:01:13+00:00","breadcrumb":{"@id":"https:\/\/latty.com\/de\/produkte\/latty-lls\/#breadcrumb"},"inLanguage":"de","potentialAction":[{"@type":"ReadAction","target":["https:\/\/latty.com\/de\/produkte\/latty-lls\/"]}]},{"@type":"BreadcrumbList","@id":"https:\/\/latty.com\/de\/produkte\/latty-lls\/#breadcrumb","itemListElement":[{"@type":"ListItem","position":1,"name":"WILLKOMMEN","item":"https:\/\/latty.com\/de\/"},{"@type":"ListItem","position":2,"name":"Shop","item":"https:\/\/latty.com\/de\/shop\/"},{"@type":"ListItem","position":3,"name":"Werkzeuge und zubeh\u00f6r","item":"https:\/\/latty.com\/de\/categorie-produit\/werkzeuge-und-zubehor\/"},{"@type":"ListItem","position":4,"name":"LATTY LLS : LIVE LOADING SYSTEM"}]},{"@type":"WebSite","@id":"https:\/\/latty.com\/de\/#website","url":"https:\/\/latty.com\/de\/","name":"GROUPE LATTY","description":"Industrial Sealing Solutions","potentialAction":[{"@type":"SearchAction","target":{"@type":"EntryPoint","urlTemplate":"https:\/\/latty.com\/de\/?s={search_term_string}"},"query-input":"required name=search_term_string"}],"inLanguage":"de"}]}},"_links":{"self":[{"href":"https:\/\/latty.com\/de\/wp-json\/wp\/v2\/product\/16750"}],"collection":[{"href":"https:\/\/latty.com\/de\/wp-json\/wp\/v2\/product"}],"about":[{"href":"https:\/\/latty.com\/de\/wp-json\/wp\/v2\/types\/product"}],"replies":[{"embeddable":true,"href":"https:\/\/latty.com\/de\/wp-json\/wp\/v2\/comments?post=16750"}],"wp:featuredmedia":[{"embeddable":true,"href":"https:\/\/latty.com\/de\/wp-json\/wp\/v2\/media\/32344"}],"wp:attachment":[{"href":"https:\/\/latty.com\/de\/wp-json\/wp\/v2\/media?parent=16750"}],"wp:term":[{"taxonomy":"product_cat","embeddable":true,"href":"https:\/\/latty.com\/de\/wp-json\/wp\/v2\/product_cat?post=16750"},{"taxonomy":"product_tag","embeddable":true,"href":"https:\/\/latty.com\/de\/wp-json\/wp\/v2\/product_tag?post=16750"}],"curies":[{"name":"wp","href":"https:\/\/api.w.org\/{rel}","templated":true}]}}