{"id":16746,"date":"2020-02-11T20:12:56","date_gmt":"2020-02-17T13:30:57","guid":{"rendered":"http:\/\/lattydev.s187705.cjcom04.atester.fr\/produit\/latty-e-48z11-ly-1700\/"},"modified":"2022-07-18T15:22:25","modified_gmt":"2022-07-18T13:22:25","slug":"latty-e-48z11-ly-1700","status":"publish","type":"product","link":"https:\/\/latty.com\/de\/produkte\/latty-e-48z11-ly-1700\/","title":{"rendered":"LATTY- E 48Z11 LY 1700"},"content":{"rendered":"<p>Die Dichtung E48Z11LY1700 entspricht der chemischen Spezifikation f\u00fcr PMUC (nach EDF-Norm in Kernkraftwerken verwendbare Produkte und Werkstoffe) mit Halogen- und Schwefelgehalt unter 200 ppm (Socor- Pr\u00fcfbericht Nr SOC17-9677 nach GDL-Verfahren D5710\/ESD\/1990\/000295\/001). Die verschiedenen EPDF-Elastomer-Dichtungsformen sind gegen Bestrahlungen. Diese Dichtungen sind f\u00fcr Nuklearanwendungen entwickelt und f\u00fcr strahlungsempfindliche Umgebungen bis 1700 KGy zertifiziert. Sie eignen sich f\u00fcr das dynamische und das statische Abdichten.   Sehr hohe Best\u00e4ndigkeit gegen Strahlungen. Zertifizierung bei einer Dosis von Gamma-Strahlen bis 1700 KGy. Hohe Best\u00e4ndigkeit gegen Witterung, Stickstoff, Hydraulikmedien vom Phosphors\u00e4ureestertyp, gegen polare L\u00f6sungsmittel (Wasser, Alkohole, Glykole, Ketone), Dampf, Reinigungsmittel.<\/p>\n","protected":false},"excerpt":{"rendered":"<p>EPDM-elastomer dichtung, zertifiziert f\u00fcr eine strahlungsempfindliche umgebung bis 1700 kgy<\/p>\n","protected":false},"featured_media":4143,"comment_status":"closed","ping_status":"closed","template":"","meta":{"content-type":""},"product_cat":[991,1186],"product_tag":[],"yoast_head":"<!-- This site is optimized with the Yoast SEO plugin v22.1 - https:\/\/yoast.com\/wordpress\/plugins\/seo\/ -->\n<title>LATTY- E 48Z11 LY 1700 - LATTY<\/title>\n<meta name=\"robots\" content=\"index, follow, max-snippet:-1, max-image-preview:large, max-video-preview:-1\" \/>\n<link rel=\"canonical\" href=\"https:\/\/latty.com\/de\/produkte\/latty-e-48z11-ly-1700\/\" \/>\n<meta property=\"og:locale\" content=\"de_DE\" \/>\n<meta property=\"og:type\" content=\"article\" \/>\n<meta property=\"og:title\" content=\"LATTY- E 48Z11 LY 1700 - LATTY\" \/>\n<meta property=\"og:description\" content=\"EPDM-elastomer dichtung, zertifiziert f\u00fcr eine strahlungsempfindliche umgebung bis 1700 kgy\" \/>\n<meta property=\"og:url\" content=\"https:\/\/latty.com\/de\/produkte\/latty-e-48z11-ly-1700\/\" \/>\n<meta property=\"og:site_name\" content=\"GROUPE LATTY\" \/>\n<meta property=\"article:modified_time\" content=\"2022-07-18T13:22:25+00:00\" \/>\n<meta property=\"og:image\" content=\"https:\/\/latty.com\/wp-content\/uploads\/2019\/07\/2290LATTYE48Z11LY1700.jpg\" \/>\n\t<meta property=\"og:image:width\" content=\"1080\" \/>\n\t<meta property=\"og:image:height\" content=\"720\" \/>\n\t<meta property=\"og:image:type\" content=\"image\/jpeg\" \/>\n<meta name=\"twitter:card\" content=\"summary_large_image\" \/>\n<meta name=\"twitter:label1\" content=\"Gesch\u00e4tzte Lesezeit\" \/>\n\t<meta name=\"twitter:data1\" content=\"1\u00a0Minute\" \/>\n<script type=\"application\/ld+json\" class=\"yoast-schema-graph\">{\"@context\":\"https:\/\/schema.org\",\"@graph\":[{\"@type\":\"WebPage\",\"@id\":\"https:\/\/latty.com\/de\/produkte\/latty-e-48z11-ly-1700\/\",\"url\":\"https:\/\/latty.com\/de\/produkte\/latty-e-48z11-ly-1700\/\",\"name\":\"LATTY- E 48Z11 LY 1700 - LATTY\",\"isPartOf\":{\"@id\":\"https:\/\/latty.com\/de\/#website\"},\"datePublished\":\"2020-02-17T13:30:57+00:00\",\"dateModified\":\"2022-07-18T13:22:25+00:00\",\"breadcrumb\":{\"@id\":\"https:\/\/latty.com\/de\/produkte\/latty-e-48z11-ly-1700\/#breadcrumb\"},\"inLanguage\":\"de\",\"potentialAction\":[{\"@type\":\"ReadAction\",\"target\":[\"https:\/\/latty.com\/de\/produkte\/latty-e-48z11-ly-1700\/\"]}]},{\"@type\":\"BreadcrumbList\",\"@id\":\"https:\/\/latty.com\/de\/produkte\/latty-e-48z11-ly-1700\/#breadcrumb\",\"itemListElement\":[{\"@type\":\"ListItem\",\"position\":1,\"name\":\"WILLKOMMEN\",\"item\":\"https:\/\/latty.com\/de\/\"},{\"@type\":\"ListItem\",\"position\":2,\"name\":\"Shop\",\"item\":\"https:\/\/latty.com\/de\/shop\/\"},{\"@type\":\"ListItem\",\"position\":3,\"name\":\"Statische Dichtungen\",\"item\":\"https:\/\/latty.com\/de\/categorie-produit\/statische-dichtungen\/\"},{\"@type\":\"ListItem\",\"position\":4,\"name\":\"Statische Dichtungen\",\"item\":\"https:\/\/latty.com\/de\/categorie-produit\/statische-dichtungen\/statische-dichtungen-statische-dichtungen\/\"},{\"@type\":\"ListItem\",\"position\":5,\"name\":\"LATTY- E 48Z11 LY 1700\"}]},{\"@type\":\"WebSite\",\"@id\":\"https:\/\/latty.com\/de\/#website\",\"url\":\"https:\/\/latty.com\/de\/\",\"name\":\"GROUPE LATTY\",\"description\":\"Industrial Sealing Solutions\",\"potentialAction\":[{\"@type\":\"SearchAction\",\"target\":{\"@type\":\"EntryPoint\",\"urlTemplate\":\"https:\/\/latty.com\/de\/?s={search_term_string}\"},\"query-input\":\"required name=search_term_string\"}],\"inLanguage\":\"de\"}]}<\/script>\n<!-- \/ Yoast SEO plugin. -->","yoast_head_json":{"title":"LATTY- E 48Z11 LY 1700 - LATTY","robots":{"index":"index","follow":"follow","max-snippet":"max-snippet:-1","max-image-preview":"max-image-preview:large","max-video-preview":"max-video-preview:-1"},"canonical":"https:\/\/latty.com\/de\/produkte\/latty-e-48z11-ly-1700\/","og_locale":"de_DE","og_type":"article","og_title":"LATTY- E 48Z11 LY 1700 - LATTY","og_description":"EPDM-elastomer dichtung, zertifiziert f\u00fcr eine strahlungsempfindliche umgebung bis 1700 kgy","og_url":"https:\/\/latty.com\/de\/produkte\/latty-e-48z11-ly-1700\/","og_site_name":"GROUPE LATTY","article_modified_time":"2022-07-18T13:22:25+00:00","og_image":[{"width":1080,"height":720,"url":"https:\/\/latty.com\/wp-content\/uploads\/2019\/07\/2290LATTYE48Z11LY1700.jpg","type":"image\/jpeg"}],"twitter_card":"summary_large_image","twitter_misc":{"Gesch\u00e4tzte Lesezeit":"1\u00a0Minute"},"schema":{"@context":"https:\/\/schema.org","@graph":[{"@type":"WebPage","@id":"https:\/\/latty.com\/de\/produkte\/latty-e-48z11-ly-1700\/","url":"https:\/\/latty.com\/de\/produkte\/latty-e-48z11-ly-1700\/","name":"LATTY- E 48Z11 LY 1700 - LATTY","isPartOf":{"@id":"https:\/\/latty.com\/de\/#website"},"datePublished":"2020-02-17T13:30:57+00:00","dateModified":"2022-07-18T13:22:25+00:00","breadcrumb":{"@id":"https:\/\/latty.com\/de\/produkte\/latty-e-48z11-ly-1700\/#breadcrumb"},"inLanguage":"de","potentialAction":[{"@type":"ReadAction","target":["https:\/\/latty.com\/de\/produkte\/latty-e-48z11-ly-1700\/"]}]},{"@type":"BreadcrumbList","@id":"https:\/\/latty.com\/de\/produkte\/latty-e-48z11-ly-1700\/#breadcrumb","itemListElement":[{"@type":"ListItem","position":1,"name":"WILLKOMMEN","item":"https:\/\/latty.com\/de\/"},{"@type":"ListItem","position":2,"name":"Shop","item":"https:\/\/latty.com\/de\/shop\/"},{"@type":"ListItem","position":3,"name":"Statische Dichtungen","item":"https:\/\/latty.com\/de\/categorie-produit\/statische-dichtungen\/"},{"@type":"ListItem","position":4,"name":"Statische Dichtungen","item":"https:\/\/latty.com\/de\/categorie-produit\/statische-dichtungen\/statische-dichtungen-statische-dichtungen\/"},{"@type":"ListItem","position":5,"name":"LATTY- E 48Z11 LY 1700"}]},{"@type":"WebSite","@id":"https:\/\/latty.com\/de\/#website","url":"https:\/\/latty.com\/de\/","name":"GROUPE LATTY","description":"Industrial Sealing Solutions","potentialAction":[{"@type":"SearchAction","target":{"@type":"EntryPoint","urlTemplate":"https:\/\/latty.com\/de\/?s={search_term_string}"},"query-input":"required name=search_term_string"}],"inLanguage":"de"}]}},"_links":{"self":[{"href":"https:\/\/latty.com\/de\/wp-json\/wp\/v2\/product\/16746"}],"collection":[{"href":"https:\/\/latty.com\/de\/wp-json\/wp\/v2\/product"}],"about":[{"href":"https:\/\/latty.com\/de\/wp-json\/wp\/v2\/types\/product"}],"replies":[{"embeddable":true,"href":"https:\/\/latty.com\/de\/wp-json\/wp\/v2\/comments?post=16746"}],"wp:featuredmedia":[{"embeddable":true,"href":"https:\/\/latty.com\/de\/wp-json\/wp\/v2\/media\/4143"}],"wp:attachment":[{"href":"https:\/\/latty.com\/de\/wp-json\/wp\/v2\/media?parent=16746"}],"wp:term":[{"taxonomy":"product_cat","embeddable":true,"href":"https:\/\/latty.com\/de\/wp-json\/wp\/v2\/product_cat?post=16746"},{"taxonomy":"product_tag","embeddable":true,"href":"https:\/\/latty.com\/de\/wp-json\/wp\/v2\/product_tag?post=16746"}],"curies":[{"name":"wp","href":"https:\/\/api.w.org\/{rel}","templated":true}]}}