{"id":16724,"date":"2020-02-11T20:12:48","date_gmt":"2020-02-17T13:30:37","guid":{"rendered":"http:\/\/lattydev.s187705.cjcom04.atester.fr\/produit\/cartseal-b-22812\/"},"modified":"2020-12-14T16:49:06","modified_gmt":"2020-12-14T15:49:06","slug":"cartseal-b-22812","status":"publish","type":"product","link":"https:\/\/latty.com\/de\/produkte\/cartseal-b-22812\/","title":{"rendered":"CARTseal B 22812"},"content":{"rendered":"<p>Die Gleitringdichtung CARTseal B22812, mit ihren Zulassungen ATEX. Einfacher Einbau bei allen Anlagearten (auch bei engen Raumbedingungen) dank zwei breiten Flanschkerben Station\u00e4re produktgesch\u00fctzte Feder (au\u00dferhalb des gepumpten Mediums gelegen) und somit kaum verstopfenempfindlich Keine Verformung der Gleitfl\u00e4chen beim Einbau Werkseitig voreingestellte Gleitringdichtung, beim Einbau keinerlei Einstellung notwendig. Keine Neuausrichtung der Montagelehren, bevor Sie die Anlage starten. Einfacher, schneller und unkomplizierter Einbau. Erh\u00e4ltlich in imperialer Version.<\/p>\n","protected":false},"excerpt":{"rendered":"<p>Station\u00e4re Gleitringdichtung, die auch bei Wellen mit leichtem Seitenversatz Hochgeschwindigkeiten annehmen<\/p>\n","protected":false},"featured_media":3999,"comment_status":"closed","ping_status":"closed","template":"","meta":{"content-type":""},"product_cat":[993,1111,1131],"product_tag":[],"yoast_head":"<!-- This site is optimized with the Yoast SEO plugin v22.1 - https:\/\/yoast.com\/wordpress\/plugins\/seo\/ -->\n<title>CARTseal B 22812 - LATTY<\/title>\n<meta name=\"robots\" content=\"index, follow, max-snippet:-1, max-image-preview:large, max-video-preview:-1\" \/>\n<link rel=\"canonical\" href=\"https:\/\/latty.com\/de\/produkte\/cartseal-b-22812\/\" \/>\n<meta property=\"og:locale\" content=\"de_DE\" \/>\n<meta property=\"og:type\" content=\"article\" \/>\n<meta property=\"og:title\" content=\"CARTseal B 22812 - LATTY\" \/>\n<meta property=\"og:description\" content=\"Station\u00e4re Gleitringdichtung, die auch bei Wellen mit leichtem Seitenversatz Hochgeschwindigkeiten annehmen\" \/>\n<meta property=\"og:url\" content=\"https:\/\/latty.com\/de\/produkte\/cartseal-b-22812\/\" \/>\n<meta property=\"og:site_name\" content=\"GROUPE LATTY\" \/>\n<meta property=\"article:modified_time\" content=\"2020-12-14T15:49:06+00:00\" \/>\n<meta property=\"og:image\" content=\"https:\/\/latty.com\/wp-content\/uploads\/2019\/07\/1290CARTsealB22812-1.jpg\" \/>\n\t<meta property=\"og:image:width\" content=\"1080\" \/>\n\t<meta property=\"og:image:height\" content=\"720\" \/>\n\t<meta property=\"og:image:type\" content=\"image\/jpeg\" \/>\n<meta name=\"twitter:card\" content=\"summary_large_image\" \/>\n<script type=\"application\/ld+json\" class=\"yoast-schema-graph\">{\"@context\":\"https:\/\/schema.org\",\"@graph\":[{\"@type\":\"WebPage\",\"@id\":\"https:\/\/latty.com\/de\/produkte\/cartseal-b-22812\/\",\"url\":\"https:\/\/latty.com\/de\/produkte\/cartseal-b-22812\/\",\"name\":\"CARTseal B 22812 - LATTY\",\"isPartOf\":{\"@id\":\"https:\/\/latty.com\/de\/#website\"},\"datePublished\":\"2020-02-17T13:30:37+00:00\",\"dateModified\":\"2020-12-14T15:49:06+00:00\",\"breadcrumb\":{\"@id\":\"https:\/\/latty.com\/de\/produkte\/cartseal-b-22812\/#breadcrumb\"},\"inLanguage\":\"de\",\"potentialAction\":[{\"@type\":\"ReadAction\",\"target\":[\"https:\/\/latty.com\/de\/produkte\/cartseal-b-22812\/\"]}]},{\"@type\":\"BreadcrumbList\",\"@id\":\"https:\/\/latty.com\/de\/produkte\/cartseal-b-22812\/#breadcrumb\",\"itemListElement\":[{\"@type\":\"ListItem\",\"position\":1,\"name\":\"WILLKOMMEN\",\"item\":\"https:\/\/latty.com\/de\/\"},{\"@type\":\"ListItem\",\"position\":2,\"name\":\"Shop\",\"item\":\"https:\/\/latty.com\/de\/shop\/\"},{\"@type\":\"ListItem\",\"position\":3,\"name\":\"Drehende maschinen\",\"item\":\"https:\/\/latty.com\/de\/categorie-produit\/drehende-maschinen\/\"},{\"@type\":\"ListItem\",\"position\":4,\"name\":\"Gleitringdichtungen\",\"item\":\"https:\/\/latty.com\/de\/categorie-produit\/drehende-maschinen\/gleitringdichtungen-drehende-maschinen\/\"},{\"@type\":\"ListItem\",\"position\":5,\"name\":\"Patronenmontage\",\"item\":\"https:\/\/latty.com\/de\/categorie-produit\/drehende-maschinen\/gleitringdichtungen-drehende-maschinen\/patronenmontage-gleitringdichtungen-drehende-maschinen\/\"},{\"@type\":\"ListItem\",\"position\":6,\"name\":\"CARTseal B 22812\"}]},{\"@type\":\"WebSite\",\"@id\":\"https:\/\/latty.com\/de\/#website\",\"url\":\"https:\/\/latty.com\/de\/\",\"name\":\"GROUPE LATTY\",\"description\":\"Industrial Sealing Solutions\",\"potentialAction\":[{\"@type\":\"SearchAction\",\"target\":{\"@type\":\"EntryPoint\",\"urlTemplate\":\"https:\/\/latty.com\/de\/?s={search_term_string}\"},\"query-input\":\"required name=search_term_string\"}],\"inLanguage\":\"de\"}]}<\/script>\n<!-- \/ Yoast SEO plugin. -->","yoast_head_json":{"title":"CARTseal B 22812 - LATTY","robots":{"index":"index","follow":"follow","max-snippet":"max-snippet:-1","max-image-preview":"max-image-preview:large","max-video-preview":"max-video-preview:-1"},"canonical":"https:\/\/latty.com\/de\/produkte\/cartseal-b-22812\/","og_locale":"de_DE","og_type":"article","og_title":"CARTseal B 22812 - LATTY","og_description":"Station\u00e4re Gleitringdichtung, die auch bei Wellen mit leichtem Seitenversatz Hochgeschwindigkeiten annehmen","og_url":"https:\/\/latty.com\/de\/produkte\/cartseal-b-22812\/","og_site_name":"GROUPE LATTY","article_modified_time":"2020-12-14T15:49:06+00:00","og_image":[{"width":1080,"height":720,"url":"https:\/\/latty.com\/wp-content\/uploads\/2019\/07\/1290CARTsealB22812-1.jpg","type":"image\/jpeg"}],"twitter_card":"summary_large_image","schema":{"@context":"https:\/\/schema.org","@graph":[{"@type":"WebPage","@id":"https:\/\/latty.com\/de\/produkte\/cartseal-b-22812\/","url":"https:\/\/latty.com\/de\/produkte\/cartseal-b-22812\/","name":"CARTseal B 22812 - LATTY","isPartOf":{"@id":"https:\/\/latty.com\/de\/#website"},"datePublished":"2020-02-17T13:30:37+00:00","dateModified":"2020-12-14T15:49:06+00:00","breadcrumb":{"@id":"https:\/\/latty.com\/de\/produkte\/cartseal-b-22812\/#breadcrumb"},"inLanguage":"de","potentialAction":[{"@type":"ReadAction","target":["https:\/\/latty.com\/de\/produkte\/cartseal-b-22812\/"]}]},{"@type":"BreadcrumbList","@id":"https:\/\/latty.com\/de\/produkte\/cartseal-b-22812\/#breadcrumb","itemListElement":[{"@type":"ListItem","position":1,"name":"WILLKOMMEN","item":"https:\/\/latty.com\/de\/"},{"@type":"ListItem","position":2,"name":"Shop","item":"https:\/\/latty.com\/de\/shop\/"},{"@type":"ListItem","position":3,"name":"Drehende maschinen","item":"https:\/\/latty.com\/de\/categorie-produit\/drehende-maschinen\/"},{"@type":"ListItem","position":4,"name":"Gleitringdichtungen","item":"https:\/\/latty.com\/de\/categorie-produit\/drehende-maschinen\/gleitringdichtungen-drehende-maschinen\/"},{"@type":"ListItem","position":5,"name":"Patronenmontage","item":"https:\/\/latty.com\/de\/categorie-produit\/drehende-maschinen\/gleitringdichtungen-drehende-maschinen\/patronenmontage-gleitringdichtungen-drehende-maschinen\/"},{"@type":"ListItem","position":6,"name":"CARTseal B 22812"}]},{"@type":"WebSite","@id":"https:\/\/latty.com\/de\/#website","url":"https:\/\/latty.com\/de\/","name":"GROUPE LATTY","description":"Industrial Sealing Solutions","potentialAction":[{"@type":"SearchAction","target":{"@type":"EntryPoint","urlTemplate":"https:\/\/latty.com\/de\/?s={search_term_string}"},"query-input":"required name=search_term_string"}],"inLanguage":"de"}]}},"_links":{"self":[{"href":"https:\/\/latty.com\/de\/wp-json\/wp\/v2\/product\/16724"}],"collection":[{"href":"https:\/\/latty.com\/de\/wp-json\/wp\/v2\/product"}],"about":[{"href":"https:\/\/latty.com\/de\/wp-json\/wp\/v2\/types\/product"}],"replies":[{"embeddable":true,"href":"https:\/\/latty.com\/de\/wp-json\/wp\/v2\/comments?post=16724"}],"wp:featuredmedia":[{"embeddable":true,"href":"https:\/\/latty.com\/de\/wp-json\/wp\/v2\/media\/3999"}],"wp:attachment":[{"href":"https:\/\/latty.com\/de\/wp-json\/wp\/v2\/media?parent=16724"}],"wp:term":[{"taxonomy":"product_cat","embeddable":true,"href":"https:\/\/latty.com\/de\/wp-json\/wp\/v2\/product_cat?post=16724"},{"taxonomy":"product_tag","embeddable":true,"href":"https:\/\/latty.com\/de\/wp-json\/wp\/v2\/product_tag?post=16724"}],"curies":[{"name":"wp","href":"https:\/\/api.w.org\/{rel}","templated":true}]}}