{"id":30453,"date":"2023-10-26T12:36:37","date_gmt":"2023-10-26T10:36:37","guid":{"rendered":"https:\/\/latty.com\/visitez-l-usine\/"},"modified":"2024-02-22T18:12:10","modified_gmt":"2024-02-22T17:12:10","slug":"besuchen-sie-die-fabrik","status":"publish","type":"page","link":"https:\/\/latty.com\/de\/besuchen-sie-die-fabrik\/","title":{"rendered":"Besuchen Sie die Fabrik"},"content":{"rendered":"","protected":false},"excerpt":{"rendered":"","protected":false},"author":108,"featured_media":0,"parent":0,"menu_order":0,"comment_status":"closed","ping_status":"closed","template":"","meta":{"content-type":"","footnotes":""},"yoast_head":"<!-- This site is optimized with the Yoast SEO plugin v22.1 - https:\/\/yoast.com\/wordpress\/plugins\/seo\/ -->\n<title>Visitez l&#039;usine - GROUPE LATTY<\/title>\n<meta name=\"description\" content=\"Faites la visite virtuelle en trois dimensions de l&#039;usine de solutions d&#039;\u00e9tanch\u00e9it\u00e9 industrielle de Latty \u00e0 Brou dans l&#039;Eure et Loir.\" \/>\n<meta name=\"robots\" content=\"index, follow, max-snippet:-1, max-image-preview:large, max-video-preview:-1\" \/>\n<link rel=\"canonical\" href=\"https:\/\/latty.com\/de\/besuchen-sie-die-fabrik\/\" \/>\n<meta property=\"og:locale\" content=\"de_DE\" \/>\n<meta property=\"og:type\" content=\"article\" \/>\n<meta property=\"og:title\" content=\"Visitez l&#039;usine - GROUPE LATTY\" \/>\n<meta property=\"og:description\" content=\"Faites la visite virtuelle en trois dimensions de l&#039;usine de solutions d&#039;\u00e9tanch\u00e9it\u00e9 industrielle de Latty \u00e0 Brou dans l&#039;Eure et Loir.\" \/>\n<meta property=\"og:url\" content=\"https:\/\/latty.com\/de\/besuchen-sie-die-fabrik\/\" \/>\n<meta property=\"og:site_name\" content=\"GROUPE LATTY\" \/>\n<meta property=\"article:modified_time\" content=\"2024-02-22T17:12:10+00:00\" \/>\n<meta name=\"twitter:card\" content=\"summary_large_image\" \/>\n<script type=\"application\/ld+json\" class=\"yoast-schema-graph\">{\"@context\":\"https:\/\/schema.org\",\"@graph\":[{\"@type\":\"WebPage\",\"@id\":\"https:\/\/latty.com\/de\/besuchen-sie-die-fabrik\/\",\"url\":\"https:\/\/latty.com\/de\/besuchen-sie-die-fabrik\/\",\"name\":\"Visitez l'usine - GROUPE LATTY\",\"isPartOf\":{\"@id\":\"https:\/\/latty.com\/de\/#website\"},\"datePublished\":\"2023-10-26T10:36:37+00:00\",\"dateModified\":\"2024-02-22T17:12:10+00:00\",\"description\":\"Faites la visite virtuelle en trois dimensions de l'usine de solutions d'\u00e9tanch\u00e9it\u00e9 industrielle de Latty \u00e0 Brou dans l'Eure et Loir.\",\"breadcrumb\":{\"@id\":\"https:\/\/latty.com\/de\/besuchen-sie-die-fabrik\/#breadcrumb\"},\"inLanguage\":\"de\",\"potentialAction\":[{\"@type\":\"ReadAction\",\"target\":[\"https:\/\/latty.com\/de\/besuchen-sie-die-fabrik\/\"]}]},{\"@type\":\"BreadcrumbList\",\"@id\":\"https:\/\/latty.com\/de\/besuchen-sie-die-fabrik\/#breadcrumb\",\"itemListElement\":[{\"@type\":\"ListItem\",\"position\":1,\"name\":\"WILLKOMMEN\",\"item\":\"https:\/\/latty.com\/de\/\"},{\"@type\":\"ListItem\",\"position\":2,\"name\":\"Besuchen Sie die Fabrik\"}]},{\"@type\":\"WebSite\",\"@id\":\"https:\/\/latty.com\/de\/#website\",\"url\":\"https:\/\/latty.com\/de\/\",\"name\":\"GROUPE LATTY\",\"description\":\"Industrial Sealing Solutions\",\"potentialAction\":[{\"@type\":\"SearchAction\",\"target\":{\"@type\":\"EntryPoint\",\"urlTemplate\":\"https:\/\/latty.com\/de\/?s={search_term_string}\"},\"query-input\":\"required name=search_term_string\"}],\"inLanguage\":\"de\"}]}<\/script>\n<!-- \/ Yoast SEO plugin. -->","yoast_head_json":{"title":"Visitez l'usine - GROUPE LATTY","description":"Faites la visite virtuelle en trois dimensions de l'usine de solutions d'\u00e9tanch\u00e9it\u00e9 industrielle de Latty \u00e0 Brou dans l'Eure et Loir.","robots":{"index":"index","follow":"follow","max-snippet":"max-snippet:-1","max-image-preview":"max-image-preview:large","max-video-preview":"max-video-preview:-1"},"canonical":"https:\/\/latty.com\/de\/besuchen-sie-die-fabrik\/","og_locale":"de_DE","og_type":"article","og_title":"Visitez l'usine - GROUPE LATTY","og_description":"Faites la visite virtuelle en trois dimensions de l'usine de solutions d'\u00e9tanch\u00e9it\u00e9 industrielle de Latty \u00e0 Brou dans l'Eure et Loir.","og_url":"https:\/\/latty.com\/de\/besuchen-sie-die-fabrik\/","og_site_name":"GROUPE LATTY","article_modified_time":"2024-02-22T17:12:10+00:00","twitter_card":"summary_large_image","schema":{"@context":"https:\/\/schema.org","@graph":[{"@type":"WebPage","@id":"https:\/\/latty.com\/de\/besuchen-sie-die-fabrik\/","url":"https:\/\/latty.com\/de\/besuchen-sie-die-fabrik\/","name":"Visitez l'usine - GROUPE LATTY","isPartOf":{"@id":"https:\/\/latty.com\/de\/#website"},"datePublished":"2023-10-26T10:36:37+00:00","dateModified":"2024-02-22T17:12:10+00:00","description":"Faites la visite virtuelle en trois dimensions de l'usine de solutions d'\u00e9tanch\u00e9it\u00e9 industrielle de Latty \u00e0 Brou dans l'Eure et Loir.","breadcrumb":{"@id":"https:\/\/latty.com\/de\/besuchen-sie-die-fabrik\/#breadcrumb"},"inLanguage":"de","potentialAction":[{"@type":"ReadAction","target":["https:\/\/latty.com\/de\/besuchen-sie-die-fabrik\/"]}]},{"@type":"BreadcrumbList","@id":"https:\/\/latty.com\/de\/besuchen-sie-die-fabrik\/#breadcrumb","itemListElement":[{"@type":"ListItem","position":1,"name":"WILLKOMMEN","item":"https:\/\/latty.com\/de\/"},{"@type":"ListItem","position":2,"name":"Besuchen Sie die Fabrik"}]},{"@type":"WebSite","@id":"https:\/\/latty.com\/de\/#website","url":"https:\/\/latty.com\/de\/","name":"GROUPE LATTY","description":"Industrial Sealing Solutions","potentialAction":[{"@type":"SearchAction","target":{"@type":"EntryPoint","urlTemplate":"https:\/\/latty.com\/de\/?s={search_term_string}"},"query-input":"required name=search_term_string"}],"inLanguage":"de"}]}},"_links":{"self":[{"href":"https:\/\/latty.com\/de\/wp-json\/wp\/v2\/pages\/30453"}],"collection":[{"href":"https:\/\/latty.com\/de\/wp-json\/wp\/v2\/pages"}],"about":[{"href":"https:\/\/latty.com\/de\/wp-json\/wp\/v2\/types\/page"}],"author":[{"embeddable":true,"href":"https:\/\/latty.com\/de\/wp-json\/wp\/v2\/users\/108"}],"replies":[{"embeddable":true,"href":"https:\/\/latty.com\/de\/wp-json\/wp\/v2\/comments?post=30453"}],"version-history":[{"count":2,"href":"https:\/\/latty.com\/de\/wp-json\/wp\/v2\/pages\/30453\/revisions"}],"predecessor-version":[{"id":30981,"href":"https:\/\/latty.com\/de\/wp-json\/wp\/v2\/pages\/30453\/revisions\/30981"}],"wp:attachment":[{"href":"https:\/\/latty.com\/de\/wp-json\/wp\/v2\/media?parent=30453"}],"curies":[{"name":"wp","href":"https:\/\/api.w.org\/{rel}","templated":true}]}}